{"id":6360,"date":"2019-11-28T10:34:35","date_gmt":"2019-11-28T09:34:35","guid":{"rendered":"https:\/\/quantum.com.pl\/?post_type=product&#038;p=6360"},"modified":"2020-08-26T00:03:02","modified_gmt":"2020-08-25T22:03:02","slug":"ts-i2c","status":"publish","type":"product","link":"https:\/\/quantum.com.pl\/pl\/product\/ts-i2c\/","title":{"rendered":"TS-I2C"},"content":{"rendered":"<p>TS-I2C zosta\u0142 zaprojektowany do bezpo\u015bredniej wsp\u00f3\u0142pracy z zasilaczami typu HESC, aby zapewni\u0107 zdalne monitorowanie temperatury.<\/p>\n<h4>Zalety:<\/h4>\n<ul>\n<li>Mo\u017ce by\u0107 montowany bezpo\u015brednio na dowolnej p\u0142askiej powierzchni<\/li>\n<li>Zakres mocy wej\u015bciowej od 6 do 40V DC<\/li>\n<li>Obs\u0142ugiwany przez oprogramowanie uk\u0142adowe HESC-UPS<\/li>\n<\/ul>\n","protected":false},"excerpt":{"rendered":"<p>Zdalny czujnik temperatury I2C<\/p>\n","protected":false},"featured_media":10990,"template":"","meta":{"_acf_changed":false,"inline_featured_image":false,"_monsterinsights_skip_tracking":false,"_monsterinsights_sitenote_active":false,"_monsterinsights_sitenote_note":"","_monsterinsights_sitenote_category":0},"product_brand":[],"product_cat":[1613,953,789],"product_tag":[],"class_list":{"0":"post-6360","1":"product","2":"type-product","3":"status-publish","4":"has-post-thumbnail","6":"product_cat-akcesoria-peryferia","7":"product_cat-produkty-wspierajace-i-akcesoria-pl","8":"product_cat-tri-m-pl","10":"first","11":"instock","12":"shipping-taxable","13":"product-type-simple"},"acf":[],"_links":{"self":[{"href":"https:\/\/quantum.com.pl\/pl\/wp-json\/wp\/v2\/product\/6360","targetHints":{"allow":["GET"]}}],"collection":[{"href":"https:\/\/quantum.com.pl\/pl\/wp-json\/wp\/v2\/product"}],"about":[{"href":"https:\/\/quantum.com.pl\/pl\/wp-json\/wp\/v2\/types\/product"}],"wp:featuredmedia":[{"embeddable":true,"href":"https:\/\/quantum.com.pl\/pl\/wp-json\/wp\/v2\/media\/10990"}],"wp:attachment":[{"href":"https:\/\/quantum.com.pl\/pl\/wp-json\/wp\/v2\/media?parent=6360"}],"wp:term":[{"taxonomy":"product_brand","embeddable":true,"href":"https:\/\/quantum.com.pl\/pl\/wp-json\/wp\/v2\/product_brand?post=6360"},{"taxonomy":"product_cat","embeddable":true,"href":"https:\/\/quantum.com.pl\/pl\/wp-json\/wp\/v2\/product_cat?post=6360"},{"taxonomy":"product_tag","embeddable":true,"href":"https:\/\/quantum.com.pl\/pl\/wp-json\/wp\/v2\/product_tag?post=6360"}],"curies":[{"name":"wp","href":"https:\/\/api.w.org\/{rel}","templated":true}]}}