{"id":6366,"date":"2019-11-28T10:47:25","date_gmt":"2019-11-28T09:47:25","guid":{"rendered":"https:\/\/quantum.com.pl\/?post_type=product&#038;p=6366"},"modified":"2020-08-26T00:03:03","modified_gmt":"2020-08-25T22:03:03","slug":"da104","status":"publish","type":"product","link":"https:\/\/quantum.com.pl\/pl\/product\/da104\/","title":{"rendered":"DA104"},"content":{"rendered":"<p>DA104 zapewnia wygodny spos\u00f3b integracji dysku twardego 2.5&#8243; IDE, M-Systems CompactFlash lub M-Systems IDE2000 Flash Disk na PC\/104 &#8222;stack&#8221;. Pod\u0142\u0105czenie nap\u0119du do hosta procesora, portu IDE, jest obs\u0142ugiwane przez standardowy kabel wst\u0105\u017ckowy 40 pin\u00f3w. Zasilanie nap\u0119d\u00f3w 5V DC jest dostarczane albo przez magistral\u0119 PC\/104, albo zacisk \u015brubowy w 2 pozycjach. Dla dodatkowej pami\u0119ci, drugi dysk twardy 2.5&#8243; lub dysk flash IDE2000 mo\u017cna zamontowa\u0107 na spodzie modu\u0142u.<\/p>\n<h4>Zalety:<\/h4>\n<ul>\n<li>Pod\u0142\u0105czenie do procesora za pomoc\u0105 standardowego kabla IDE<\/li>\n<li>5V zasilane przez PC\/104 lub zacisk \u015brubowy<\/li>\n<li>Zgodno\u015b\u0107 z PC\/104<\/li>\n<li>Zgodno\u015b\u0107 z RoHS<\/li>\n<\/ul>\n<h4>Specyfikacja:<\/h4>\n<ul>\n<li>Waga: 1.73oz\/ 49.03g (wy\u0142\u0105czaj\u0105c IDE Drive)<\/li>\n<li>Wymiary: 3.550&#8243; x 3.775&#8243; x 0.43&#8243;<\/li>\n<li>Temperatura pracy: -40C do 85C<\/li>\n<li>Przechowywanie: -55 to 85C<\/li>\n<li>Wilgotno\u015b\u0107: 95% (bez kondensacji)<\/li>\n<li>Status ROHS: zgodno\u015b\u0107 z ROHS<\/li>\n<\/ul>\n","protected":false},"excerpt":{"rendered":"<p>Adaptery dysk\u00f3w twardych i Compact Flash do PC\/104 &#8222;stack&#8221;<\/p>\n","protected":false},"featured_media":10978,"template":"","meta":{"_acf_changed":false,"inline_featured_image":false,"_monsterinsights_skip_tracking":false,"_monsterinsights_sitenote_active":false,"_monsterinsights_sitenote_note":"","_monsterinsights_sitenote_category":0},"product_brand":[],"product_cat":[1613,953,789],"product_tag":[],"class_list":{"0":"post-6366","1":"product","2":"type-product","3":"status-publish","4":"has-post-thumbnail","6":"product_cat-akcesoria-peryferia","7":"product_cat-produkty-wspierajace-i-akcesoria-pl","8":"product_cat-tri-m-pl","10":"first","11":"instock","12":"shipping-taxable","13":"product-type-simple"},"acf":[],"_links":{"self":[{"href":"https:\/\/quantum.com.pl\/pl\/wp-json\/wp\/v2\/product\/6366","targetHints":{"allow":["GET"]}}],"collection":[{"href":"https:\/\/quantum.com.pl\/pl\/wp-json\/wp\/v2\/product"}],"about":[{"href":"https:\/\/quantum.com.pl\/pl\/wp-json\/wp\/v2\/types\/product"}],"wp:featuredmedia":[{"embeddable":true,"href":"https:\/\/quantum.com.pl\/pl\/wp-json\/wp\/v2\/media\/10978"}],"wp:attachment":[{"href":"https:\/\/quantum.com.pl\/pl\/wp-json\/wp\/v2\/media?parent=6366"}],"wp:term":[{"taxonomy":"product_brand","embeddable":true,"href":"https:\/\/quantum.com.pl\/pl\/wp-json\/wp\/v2\/product_brand?post=6366"},{"taxonomy":"product_cat","embeddable":true,"href":"https:\/\/quantum.com.pl\/pl\/wp-json\/wp\/v2\/product_cat?post=6366"},{"taxonomy":"product_tag","embeddable":true,"href":"https:\/\/quantum.com.pl\/pl\/wp-json\/wp\/v2\/product_tag?post=6366"}],"curies":[{"name":"wp","href":"https:\/\/api.w.org\/{rel}","templated":true}]}}