{"id":6374,"date":"2019-11-28T10:58:51","date_gmt":"2019-11-28T09:58:51","guid":{"rendered":"https:\/\/quantum.com.pl\/?post_type=product&#038;p=6374"},"modified":"2020-08-26T00:03:02","modified_gmt":"2020-08-25T22:03:02","slug":"vsx-2812s","status":"publish","type":"product","link":"https:\/\/quantum.com.pl\/pl\/product\/vsx-2812s\/","title":{"rendered":"VSX-2812S"},"content":{"rendered":"<p>Modu\u0142 VSX-2812 PC\/104-Plus VGA\/LCD: Volari Z9s Chipset, wbudowana pami\u0119\u0107 32 MB VGA, obs\u0142uga VGA, Flat Panel Display, zgodno\u015b\u0107 ze standardem PC\/104+<\/p>\n<h4>Zalety:<\/h4>\n<ul>\n<li>Chipset Volari Z9s,<\/li>\n<li>Wbudowana pami\u0119\u0107 32 MB VGA<\/li>\n<li>Zgodno\u015b\u0107 ze standardem PC\/104+<\/li>\n<li>Obs\u0142uga VGA<\/li>\n<li>Flat Panel Display<\/li>\n<\/ul>\n","protected":false},"excerpt":{"rendered":"<p>Modu\u0142 PC\/104+ VGA\/LCD\/DVI<\/p>\n","protected":false},"featured_media":10992,"template":"","meta":{"_acf_changed":false,"inline_featured_image":false,"_monsterinsights_skip_tracking":false,"_monsterinsights_sitenote_active":false,"_monsterinsights_sitenote_note":"","_monsterinsights_sitenote_category":0},"product_brand":[],"product_cat":[1613,953,789],"product_tag":[],"class_list":{"0":"post-6374","1":"product","2":"type-product","3":"status-publish","4":"has-post-thumbnail","6":"product_cat-akcesoria-peryferia","7":"product_cat-produkty-wspierajace-i-akcesoria-pl","8":"product_cat-tri-m-pl","10":"first","11":"instock","12":"shipping-taxable","13":"product-type-simple"},"acf":[],"_links":{"self":[{"href":"https:\/\/quantum.com.pl\/pl\/wp-json\/wp\/v2\/product\/6374","targetHints":{"allow":["GET"]}}],"collection":[{"href":"https:\/\/quantum.com.pl\/pl\/wp-json\/wp\/v2\/product"}],"about":[{"href":"https:\/\/quantum.com.pl\/pl\/wp-json\/wp\/v2\/types\/product"}],"wp:featuredmedia":[{"embeddable":true,"href":"https:\/\/quantum.com.pl\/pl\/wp-json\/wp\/v2\/media\/10992"}],"wp:attachment":[{"href":"https:\/\/quantum.com.pl\/pl\/wp-json\/wp\/v2\/media?parent=6374"}],"wp:term":[{"taxonomy":"product_brand","embeddable":true,"href":"https:\/\/quantum.com.pl\/pl\/wp-json\/wp\/v2\/product_brand?post=6374"},{"taxonomy":"product_cat","embeddable":true,"href":"https:\/\/quantum.com.pl\/pl\/wp-json\/wp\/v2\/product_cat?post=6374"},{"taxonomy":"product_tag","embeddable":true,"href":"https:\/\/quantum.com.pl\/pl\/wp-json\/wp\/v2\/product_tag?post=6374"}],"curies":[{"name":"wp","href":"https:\/\/api.w.org\/{rel}","templated":true}]}}