{"id":6385,"date":"2019-11-28T11:13:08","date_gmt":"2019-11-28T10:13:08","guid":{"rendered":"https:\/\/quantum.com.pl\/?post_type=product&#038;p=6385"},"modified":"2020-08-26T00:03:03","modified_gmt":"2020-08-25T22:03:03","slug":"isa104x1","status":"publish","type":"product","link":"https:\/\/quantum.com.pl\/pl\/product\/isa104x1\/","title":{"rendered":"ISA104X1"},"content":{"rendered":"<p>Ta pasywna karta rozszerze\u0144 pozwala programistom zamontowa\u0107 8 lub 16-bitow\u0105 kart\u0119 PC\/104 w standardowym systemie komputerowym z magistral\u0105 ISA, unikaj\u0105c konieczno\u015bci stosowania dedykowanego PC\/104 &#8222;stack&#8221; do prac programistycznych.<\/p>\n<p>Adapter ten jest wyposa\u017cony w z\u0142\u0105cze typu &#8222;stack-through&#8221;, dzi\u0119ki czemu kart\u0119 testow\u0105 mo\u017cna zainstalowa\u0107 po obu stronach, umo\u017cliwiaj\u0105c sondowanie z przodu lub z ty\u0142u. Dodatkowa lokalizacja PC\/104 umo\u017cliwia dodanie dodatkowych modu\u0142\u00f3w rozwi\u0105zywania problem\u00f3w.<\/p>\n<h4>Standardowe u\u017cycie:<\/h4>\n<p>Umie\u015b\u0107 kart\u0119 testow\u0105 PC\/104 na z\u0142\u0105czach PC\/104 adaptera i w\u0142\u00f3\u017c adapter do gniazda ISA systemu. Nie jest wymagana dodatkowa konfiguracja.<\/p>\n<h4>Cechy szczeg\u00f3lne:<\/h4>\n<ul>\n<li>Pe\u0142na lokalizacja monta\u017cu na PC\/104<\/li>\n<li>Z\u0142\u0105cze PC\/104 &#8222;stack-through&#8221;<\/li>\n<li>Dodatkowa lokalizacja PC\/104 umo\u017cliwia dodanie modu\u0142\u00f3w rozwi\u0105zywania problem\u00f3w<\/li>\n<li>Druga lokalizacja dostarcza 8-bitowe z\u0142\u0105cze PC\/104 dla kart o rozmiarach do 1.55&#8243; x 3.55&#8243;<\/li>\n<\/ul>\n","protected":false},"excerpt":{"rendered":"<p>Rozszerzenie magistrali ISA dla PC\/104 &#8222;stack&#8221;<\/p>\n","protected":false},"featured_media":10982,"template":"","meta":{"_acf_changed":false,"inline_featured_image":false,"_monsterinsights_skip_tracking":false,"_monsterinsights_sitenote_active":false,"_monsterinsights_sitenote_note":"","_monsterinsights_sitenote_category":0},"product_brand":[],"product_cat":[1613,953,789],"product_tag":[],"class_list":{"0":"post-6385","1":"product","2":"type-product","3":"status-publish","4":"has-post-thumbnail","6":"product_cat-akcesoria-peryferia","7":"product_cat-produkty-wspierajace-i-akcesoria-pl","8":"product_cat-tri-m-pl","10":"first","11":"instock","12":"shipping-taxable","13":"product-type-simple"},"acf":[],"_links":{"self":[{"href":"https:\/\/quantum.com.pl\/pl\/wp-json\/wp\/v2\/product\/6385","targetHints":{"allow":["GET"]}}],"collection":[{"href":"https:\/\/quantum.com.pl\/pl\/wp-json\/wp\/v2\/product"}],"about":[{"href":"https:\/\/quantum.com.pl\/pl\/wp-json\/wp\/v2\/types\/product"}],"wp:featuredmedia":[{"embeddable":true,"href":"https:\/\/quantum.com.pl\/pl\/wp-json\/wp\/v2\/media\/10982"}],"wp:attachment":[{"href":"https:\/\/quantum.com.pl\/pl\/wp-json\/wp\/v2\/media?parent=6385"}],"wp:term":[{"taxonomy":"product_brand","embeddable":true,"href":"https:\/\/quantum.com.pl\/pl\/wp-json\/wp\/v2\/product_brand?post=6385"},{"taxonomy":"product_cat","embeddable":true,"href":"https:\/\/quantum.com.pl\/pl\/wp-json\/wp\/v2\/product_cat?post=6385"},{"taxonomy":"product_tag","embeddable":true,"href":"https:\/\/quantum.com.pl\/pl\/wp-json\/wp\/v2\/product_tag?post=6385"}],"curies":[{"name":"wp","href":"https:\/\/api.w.org\/{rel}","templated":true}]}}