{"id":6393,"date":"2019-11-28T11:30:01","date_gmt":"2019-11-28T10:30:01","guid":{"rendered":"https:\/\/quantum.com.pl\/?post_type=product&#038;p=6393"},"modified":"2020-08-26T00:03:02","modified_gmt":"2020-08-25T22:03:02","slug":"postcode104","status":"publish","type":"product","link":"https:\/\/quantum.com.pl\/pl\/product\/postcode104\/","title":{"rendered":"Postcode104"},"content":{"rendered":"<p>POSTCODE104\/ISA to p\u0142ytka kodowa \u201ePOST\u201d (&#8222;Power On Self Test&#8221;), kt\u00f3ra jest doskona\u0142ym narz\u0119dziem do debugowania opartym na mikroprocesorze. Kody POST, wyposa\u017cone zar\u00f3wno w z\u0142\u0105cza PC\/104 Bus, jak i ISA, mo\u017cna prze\u0142\u0105cza\u0107, aby szybko wykry\u0107 ewentualne b\u0142\u0119dy.<\/p>\n<p>Pod\u0142\u0105czenie modu\u0142u do PC\/104 lub ISA BUS komputera jednop\u0142ytkowego zapewnia \u201ePower On Self Test\u201d podczas uruchamiania systemu. Kody POST s\u0105 przechwytywane z portu 80h\/84h i zapisywane w pami\u0119ci EEPROM. POSTCODE104\/ISA ma dwie\u015bcie pi\u0119\u0107dziesi\u0105t kod\u00f3w POST przechowywanych w buforze FIFO, kt\u00f3re mo\u017cna wy\u015bwietla\u0107 za pomoc\u0105 wbudowanego wy\u015bwietlacza LED. Przyciski PREV i NEXT na module pozwalaj\u0105 u\u017cytkownikowi przegl\u0105da\u0107 list\u0119 kod\u00f3w POST, aby szybko identyfikowa\u0107 b\u0142\u0119dy. Wyj\u015bcie szeregowe umo\u017cliwia drukowanie z historii kodu ze znacznikiem czasu. Dodatkowo: funkcje resetowania, dopasowywania i tryby przechowywania.<\/p>\n<p>POSTCODE104\/ISA to samodzielne narz\u0119dzie o wymiarach 3.75\u201d x 1.75\u201d, pobieraj\u0105ce energi\u0119 z magistrali komputerowej.<\/p>\n<h4>Cechy szczeg\u00f3lne:<\/h4>\n<ul>\n<li>Karta wy\u015bwietlacza LED<\/li>\n<li>Wyj\u015bcie szeregowe do drukowania historii kodu ze znacznikiem czasu<\/li>\n<li>Przechowywanie 250 kod\u00f3w POST w buforze FIFO<\/li>\n<\/ul>\n","protected":false},"excerpt":{"rendered":"<p>Narz\u0119dzie do debugowania z headerem PC\/104 i wy\u015bwietlaczem LED<\/p>\n","protected":false},"featured_media":10984,"template":"","meta":{"_acf_changed":false,"inline_featured_image":false,"_monsterinsights_skip_tracking":false,"_monsterinsights_sitenote_active":false,"_monsterinsights_sitenote_note":"","_monsterinsights_sitenote_category":0},"product_brand":[],"product_cat":[1613,953,789],"product_tag":[],"class_list":{"0":"post-6393","1":"product","2":"type-product","3":"status-publish","4":"has-post-thumbnail","6":"product_cat-akcesoria-peryferia","7":"product_cat-produkty-wspierajace-i-akcesoria-pl","8":"product_cat-tri-m-pl","10":"first","11":"instock","12":"shipping-taxable","13":"product-type-simple"},"acf":[],"_links":{"self":[{"href":"https:\/\/quantum.com.pl\/pl\/wp-json\/wp\/v2\/product\/6393","targetHints":{"allow":["GET"]}}],"collection":[{"href":"https:\/\/quantum.com.pl\/pl\/wp-json\/wp\/v2\/product"}],"about":[{"href":"https:\/\/quantum.com.pl\/pl\/wp-json\/wp\/v2\/types\/product"}],"wp:featuredmedia":[{"embeddable":true,"href":"https:\/\/quantum.com.pl\/pl\/wp-json\/wp\/v2\/media\/10984"}],"wp:attachment":[{"href":"https:\/\/quantum.com.pl\/pl\/wp-json\/wp\/v2\/media?parent=6393"}],"wp:term":[{"taxonomy":"product_brand","embeddable":true,"href":"https:\/\/quantum.com.pl\/pl\/wp-json\/wp\/v2\/product_brand?post=6393"},{"taxonomy":"product_cat","embeddable":true,"href":"https:\/\/quantum.com.pl\/pl\/wp-json\/wp\/v2\/product_cat?post=6393"},{"taxonomy":"product_tag","embeddable":true,"href":"https:\/\/quantum.com.pl\/pl\/wp-json\/wp\/v2\/product_tag?post=6393"}],"curies":[{"name":"wp","href":"https:\/\/api.w.org\/{rel}","templated":true}]}}