{"id":6403,"date":"2019-12-09T11:49:05","date_gmt":"2019-12-09T10:49:05","guid":{"rendered":"https:\/\/quantum.com.pl\/?post_type=product&#038;p=6403"},"modified":"2020-08-25T23:23:13","modified_gmt":"2020-08-25T21:23:13","slug":"psmrc-c300arm","status":"publish","type":"product","link":"https:\/\/quantum.com.pl\/pl\/product\/psmrc-c300arm\/","title":{"rendered":"PSMRC-C300ARM"},"content":{"rendered":"<h4>P\u0142yta no\u015bna formatu Mini-ITX do modu\u0142u SMARC<\/h4>\n<p><strong>Dane techniczne:<\/strong><\/p>\n<ul>\n<li>Format Mini-ITX przeznaczony do aplikacji wbudowanych<\/li>\n<li>Wiele interfejs\u00f3w wy\u015bwietlania<\/li>\n<li>Zarezerwowany interfejs MIPI (DSI, CSI) dla kamery<\/li>\n<\/ul>\n<p>P\u0142ytka no\u015bna PSMRC-C300ARM zosta\u0142a zaprojektowana ze z\u0142\u0105czem MXM SMARC 314 na kraw\u0119dzi karty, odpowiednim do wst\u0119pnych test\u00f3w oceny PSMRCM640F i PSMRC-M310T.<\/p>\n\n<table id=\"tablepress-264\" class=\"tablepress tablepress-id-264\">\n<thead>\n<tr class=\"row-1\">\n\t<th class=\"column-1\">CPU<\/th><th class=\"column-2\">6th &amp; 7th Gen Intel\u00ae CoreTM i7, i5, and i3 processors in LGA1151 package<br \/>\n<\/th>\n<\/tr>\n<\/thead>\n<tbody class=\"row-striping row-hover\">\n<tr class=\"row-2\">\n\t<td class=\"column-1\">Format<\/td><td class=\"column-2\">Mini-ITX<br \/>\n<\/td>\n<\/tr>\n<tr class=\"row-3\">\n\t<td class=\"column-1\">Chipset<\/td><td class=\"column-2\">Intel\u00ae C236\/Q170\/H110<br \/>\n<\/td>\n<\/tr>\n<tr class=\"row-4\">\n\t<td class=\"column-1\">DRAM<\/td><td class=\"column-2\">Dual-channel DDR4 2133\/1866 MHz memory (C236: ECC; Q170\/H110: non-ECC)<br \/>\n2x 288-pin DIMM sockets, up to 32 GB<\/td>\n<\/tr>\n<tr class=\"row-5\">\n\t<td class=\"column-1\">Graphic Controller<\/td><td class=\"column-2\">Integrated Intel\u00ae Generation 9 Graphics<br \/>\nSupports DirectX 11\/12, OpenGL 4.3\/4.4, ES 2.0, OpenCL 2.x<\/td>\n<\/tr>\n<tr class=\"row-6\">\n\t<td class=\"column-1\">Display Interface<\/td><td class=\"column-2\">1x DisplayPort on rear I\/O, resolution up to 4096 x 2304 @ 60Hz<br \/>\n1x HDMI on rear I\/O, resolution up to 4096 x 2160 @ 24Hz<br \/>\n1x VGA on rear I\/O, resolution up to 1920 x 1200 @ 60Hz<\/td>\n<\/tr>\n<tr class=\"row-7\">\n\t<td class=\"column-1\">USB<\/td><td class=\"column-2\">4x USB 3.0 on rear I\/O<br \/>\n2x USB 2.0 on pin header (2.00 mm pitch)<\/td>\n<\/tr>\n<tr class=\"row-8\">\n\t<td class=\"column-1\">Audio<\/td><td class=\"column-2\">Realtek\u00ae ALC892 High Definition Audio<br \/>\n3x audio jack on rear I\/O (Line-in\/ Line-out\/ Mic-in)<\/td>\n<\/tr>\n<tr class=\"row-9\">\n\t<td class=\"column-1\">Network<\/td><td class=\"column-2\">2x Gigabit Ethernet (Intel\u00ae I219-LM and Intel\u00ae I211-AT)<br \/>\n2x RJ45 connectors on rear I\/O<\/td>\n<\/tr>\n<tr class=\"row-10\">\n\t<td class=\"column-1\">Storage<\/td><td class=\"column-2\">C236\/Q170: 6x SATAIII ports<br \/>\nH110: 4x SATAIII ports<\/td>\n<\/tr>\n<tr class=\"row-11\">\n\t<td class=\"column-1\">Expansion<\/td><td class=\"column-2\">1x PCIe x16 (Gen3)<br \/>\n1x M.2 socket (Type E; support 1630, 2230 module type)<br \/>\n1x full-size Mini PCIe\/mSATA socket (selectable by jumper setting)<\/td>\n<\/tr>\n<tr class=\"row-12\">\n\t<td class=\"column-1\">Firmware<\/td><td class=\"column-2\">AMI UEFI BIOS (SPI ROM)<br \/>\n<\/td>\n<\/tr>\n<tr class=\"row-13\">\n\t<td class=\"column-1\">Serial Interface<\/td><td class=\"column-2\">\t1x RS-232\/422\/485 on rear I\/O (selectable by BIOS, 2.00 mm pitch)<br \/>\n1x RS-232 on rear I\/O<br \/>\n4x RS-232 on pin header<\/td>\n<\/tr>\n<tr class=\"row-14\">\n\t<td class=\"column-1\">Miscellaneous<\/td><td class=\"column-2\">Programmable 1 to 255 minutes\/seconds interval<br \/>\nHardware Monitoring CPU &amp; system temperature<br \/>\nOnboard voltages (CPU Vcore, 12V, 5V, 3.3V, RAM)<\/td>\n<\/tr>\n<tr class=\"row-15\">\n\t<td class=\"column-1\">Operating Temperature<\/td><td class=\"column-2\">0\u00b0C to 60\u00b0C<br \/>\n<\/td>\n<\/tr>\n<tr class=\"row-16\">\n\t<td class=\"column-1\">Storage Temperature<\/td><td class=\"column-2\">-20\u00b0C to 80\u00b0C<br \/>\n<\/td>\n<\/tr>\n<tr class=\"row-17\">\n\t<td class=\"column-1\">Power Requirement<\/td><td class=\"column-2\">ATX<\/td>\n<\/tr>\n<tr class=\"row-18\">\n\t<td class=\"column-1\">Dimensions<\/td><td class=\"column-2\">170.0 x 170.0 x 35.1 mm (6.7\" x 6.7\" x 1.4\")<br \/>\n<\/td>\n<\/tr>\n<tr class=\"row-19\">\n\t<td class=\"column-1\">MTBF<\/td><td class=\"column-2\">Over 120,000 hours at 40\u00b0C<br \/>\n<\/td>\n<\/tr>\n<\/tbody>\n<\/table>\n<!-- #tablepress-264 from cache -->\n<p>&nbsp;<\/p>\n","protected":false},"excerpt":{"rendered":"<p>P\u0142ytka no\u015bna PSMRC-C300ARM zosta\u0142a zaprojektowana ze z\u0142\u0105czem MXM SMARC 314 na kraw\u0119dzi karty, odpowiednim do wst\u0119pnych test\u00f3w oceny PSMRCM640F i PSMRC-M310T.<\/p>\n","protected":false},"featured_media":11264,"template":"","meta":{"_acf_changed":false,"inline_featured_image":false,"_monsterinsights_skip_tracking":false,"_monsterinsights_sitenote_active":false,"_monsterinsights_sitenote_note":"","_monsterinsights_sitenote_category":0},"product_brand":[],"product_cat":[973,1584,972,977],"product_tag":[],"class_list":{"0":"post-6403","1":"product","2":"type-product","3":"status-publish","4":"has-post-thumbnail","6":"product_cat-komputer-typu-com","7":"product_cat-komputery-jednoplytkowe-sbc-2","8":"product_cat-portwell-pl","9":"product_cat-smarc-pl","11":"first","12":"instock","13":"shipping-taxable","14":"product-type-simple"},"acf":[],"_links":{"self":[{"href":"https:\/\/quantum.com.pl\/pl\/wp-json\/wp\/v2\/product\/6403","targetHints":{"allow":["GET"]}}],"collection":[{"href":"https:\/\/quantum.com.pl\/pl\/wp-json\/wp\/v2\/product"}],"about":[{"href":"https:\/\/quantum.com.pl\/pl\/wp-json\/wp\/v2\/types\/product"}],"wp:featuredmedia":[{"embeddable":true,"href":"https:\/\/quantum.com.pl\/pl\/wp-json\/wp\/v2\/media\/11264"}],"wp:attachment":[{"href":"https:\/\/quantum.com.pl\/pl\/wp-json\/wp\/v2\/media?parent=6403"}],"wp:term":[{"taxonomy":"product_brand","embeddable":true,"href":"https:\/\/quantum.com.pl\/pl\/wp-json\/wp\/v2\/product_brand?post=6403"},{"taxonomy":"product_cat","embeddable":true,"href":"https:\/\/quantum.com.pl\/pl\/wp-json\/wp\/v2\/product_cat?post=6403"},{"taxonomy":"product_tag","embeddable":true,"href":"https:\/\/quantum.com.pl\/pl\/wp-json\/wp\/v2\/product_tag?post=6403"}],"curies":[{"name":"wp","href":"https:\/\/api.w.org\/{rel}","templated":true}]}}