{"id":6413,"date":"2019-12-09T12:16:39","date_gmt":"2019-12-09T11:16:39","guid":{"rendered":"https:\/\/quantum.com.pl\/?post_type=product&#038;p=6413"},"modified":"2020-05-20T21:19:19","modified_gmt":"2020-05-20T19:19:19","slug":"wade-8211-q370","status":"publish","type":"product","link":"https:\/\/quantum.com.pl\/pl\/product\/wade-8211-q370\/","title":{"rendered":"WADE-8211-Q370"},"content":{"rendered":"<h4>Mini-ITX oparta na chipsecie Intel Q370<\/h4>\n<p>&nbsp;<\/p>\n<p>WADE-8211-Q370 jest oparta na chipsecie Intel\u00ae Q370 i procesorach desktopowych, w tym Intel\u00ae 8. generacji Core&#x2122; i3\/i5\/i7 SKU. P\u0142yta g\u0142\u00f3wna mini-ITX Q370 obs\u0142uguje DDR4, PCIe 3.0 i SATAIII. Funkcje te pomagaj\u0105 budowa\u0107 systemy o wysokiej wydajno\u015bci i d\u0142ugim okresie u\u017cytkowania.<\/p>\n<p>Dzi\u0119ki wykorzystaniu najnowszych zaawansowanych technologii Intel\u00ae, bezpiecze\u0144stwu i niezawodno\u015bci, p\u0142yty g\u0142\u00f3wne mini-ITX Q370 zapewniaj\u0105 Twojej organizacji przewag\u0119, kt\u00f3rej potrzebujesz, aby sprosta\u0107 obecnym wymaganiom r\u00f3\u017cnorodnych aplikacji.<\/p>\n<h4>Cechy szczeg\u00f3lne:<\/h4>\n<p>Obs\u0142uguje procesory Intel\u00ae Core&#x2122; 8. generacji<br \/>\nObs\u0142uguje dwa modu\u0142y So-DIMM, obs\u0142uguje pami\u0119\u0107 DDR4 Non-ECC SDRAM do 64GB<br \/>\nObs\u0142uguje podw\u00f3jny Ethernet, pi\u0119\u0107 port\u00f3w COM, osiem port\u00f3w USB, cztery porty SATA III i audio<br \/>\nObs\u0142uguje jedno z\u0142\u0105cze PCIe x16 (Gen. 3), jedno gniazdo M.2 typu E (2230) dla sieci bezprzewodowej, jedno z\u0142\u0105cze M.2 typu M (2242\/2260\/2280) dla dysku SSD i jedno gniazdo mini-PCIe<\/p>\n<h4>Specyfikacja:<\/h4>\n\n<table id=\"tablepress-266\" class=\"tablepress tablepress-id-266\">\n<thead>\n<tr class=\"row-1\">\n\t<th class=\"column-1\">CPU<\/th><th class=\"column-2\">Intel\u00ae Core\u2122 i7-4770S Processor (4 x 3.10 GHz \/ 3.90 GHz, 8 MB SmartCache, 65 W)<br \/>\nIntel\u00ae Celeron\u00ae Processor G1820TE (2 x 2.20 GHz, 2 MB SmartCache, 35 W)<br \/>\nIntel\u00ae Core\u2122 i3-4360 Processor (2 x 3.70 GHz, 4 MB SmartCache, 54 W)<br \/>\nIntel\u00ae Core\u2122 i3-4350T Processor (2 x 3.10 GHz, 4 MB SmartCache, 35 W)<br \/>\nIntel\u00ae Core\u2122 i3-4340TE Processor (2 x 2.60 GHz, 4 MB SmartCache, 35 W)<br \/>\nIntel\u00ae Core\u2122 i3-4330TE Processor (2 x 2.40 GHz, 4 MB SmartCache, 35 W)<br \/>\nIntel\u00ae Core\u2122 i3-4330 Processor (2 x 3.50 GHz, 4 MB SmartCache, 54 W)<br \/>\nIntel\u00ae Core\u2122 i5-4590T Processor (4 x 2.00 GHz \/ 3.00 GHz, 6 MB SmartCache, 35 W)<br \/>\nIntel\u00ae Core\u2122 i5-4590S Processor (4 x 3.00 GHz \/ 3.70 GHz, 6 MB SmartCache, 65 W)<br \/>\nIntel\u00ae Core\u2122 i5-4570TE Processor (2 x 2.70 GHz \/ 3.30 GHz, 4 MB SmartCache, 35 W)<br \/>\nIntel\u00ae Core\u2122 i5-4570S Processor (4 x 2.90 GHz \/ 3.60 GHz, 6 MB SmartCache, 65 W)<br \/>\nIntel\u00ae Core\u2122 i7-4790S Processor (4 x 3.20 GHz \/ 4.00 GHz, 8 MB SmartCache, 65 W)<br \/>\nIntel\u00ae Core\u2122 i7-4770TE Processor (4 x 2.30 GHz \/ 3.30 GHz, 8 MB SmartCache, 45 W)<br \/>\nIntel\u00ae Celeron\u00ae Processor G1820 (2 x 2.70 GHz, 2 MB SmartCache, 53 W)<\/th>\n<\/tr>\n<\/thead>\n<tbody class=\"row-striping row-hover\">\n<tr class=\"row-2\">\n\t<td class=\"column-1\">Display Interface<\/td><td class=\"column-2\">DVI (1920 x 1200), HDMI (4096 x 2304), VGA (1920x1200)<br \/>\n<\/td>\n<\/tr>\n<tr class=\"row-3\">\n\t<td class=\"column-1\">Storage<\/td><td class=\"column-2\">2x SATA II (3.0Gb\/s), 2x SATA III (6.0Gb\/s), 1x (CFEX)<br \/>\n<\/td>\n<\/tr>\n<tr class=\"row-4\">\n\t<td class=\"column-1\">Network<\/td><td class=\"column-2\">2x GbE Realtek RTL8111D<br \/>\n<\/td>\n<\/tr>\n<tr class=\"row-5\">\n\t<td class=\"column-1\">Bus Interface<\/td><td class=\"column-2\">1x PCI-Express x16 slot, 2x PCIe x1 on golden finger, LPC support, SMBus<br \/>\n<\/td>\n<\/tr>\n<tr class=\"row-6\">\n\t<td class=\"column-1\">Serial Interface<\/td><td class=\"column-2\">3x RS232, 1x RS232\/422\/485<br \/>\n<\/td>\n<\/tr>\n<tr class=\"row-7\">\n\t<td class=\"column-1\">USB<\/td><td class=\"column-2\">2x USB 3.0, 8x USB 2.0<br \/>\n<\/td>\n<\/tr>\n<tr class=\"row-8\">\n\t<td class=\"column-1\">Audio<\/td><td class=\"column-2\">Intel\u00ae HD Audio, Realtek ALC892<br \/>\n<\/td>\n<\/tr>\n<tr class=\"row-9\">\n\t<td class=\"column-1\">Security<\/td><td class=\"column-2\">TPM Module<br \/>\n<\/td>\n<\/tr>\n<tr class=\"row-10\">\n\t<td class=\"column-1\">Miscellaneous<\/td><td class=\"column-2\">2x PS\/2 via pin header, GPIO 8bit,Watchdog Timer,HW monitoring temperature &amp; voltage<br \/>\n<\/td>\n<\/tr>\n<tr class=\"row-11\">\n\t<td class=\"column-1\">Firmware<\/td><td class=\"column-2\">AMI UEFI BIOS (SPI ROM)<br \/>\n<\/td>\n<\/tr>\n<tr class=\"row-12\">\n\t<td class=\"column-1\">Power Requirement<\/td><td class=\"column-2\">ACPI 3.0 \/ APM 1.2<br \/>\n<\/td>\n<\/tr>\n<tr class=\"row-13\">\n\t<td class=\"column-1\">Power from W<\/td><td class=\"column-2\">ATX 24-pin power input<br \/>\n<\/td>\n<\/tr>\n<tr class=\"row-14\">\n\t<td class=\"column-1\">Operating Temperature<\/td><td class=\"column-2\">0\u00b0C - 60\u00b0C<br \/>\n<\/td>\n<\/tr>\n<tr class=\"row-15\">\n\t<td class=\"column-1\">Storage Temperature<\/td><td class=\"column-2\">-20\u00b0C~80\u00b0C<br \/>\n<\/td>\n<\/tr>\n<tr class=\"row-16\">\n\t<td class=\"column-1\">Dimensions<\/td><td class=\"column-2\">170x170 mm<br \/>\n<\/td>\n<\/tr>\n<tr class=\"row-17\">\n\t<td class=\"column-1\">Technology<\/td><td class=\"column-2\">x86<\/td>\n<\/tr>\n<tr class=\"row-18\">\n\t<td class=\"column-1\">Format<\/td><td class=\"column-2\">Mini-ITX<br \/>\n<\/td>\n<\/tr>\n<tr class=\"row-19\">\n\t<td class=\"column-1\">Chipset<\/td><td class=\"column-2\">Intel\u00ae H81<br \/>\n<\/td>\n<\/tr>\n<tr class=\"row-20\">\n\t<td class=\"column-1\">DRAM<\/td><td class=\"column-2\">Up to 16 GB DDR3 SDRAM non ECC<br \/>\n<\/td>\n<\/tr>\n<\/tbody>\n<\/table>\n<!-- #tablepress-266 from cache -->\n","protected":false},"excerpt":{"rendered":"<p>Przemys\u0142owa p\u0142yta g\u0142\u00f3wna mini-ITX oparta na Intel Q370 jest kompatybilna z wiod\u0105cymi procesorami Intel\u00ae Core&#x2122; 8. generacji i obs\u0142uguje DDR4 SO-DIMM do 32 GB i wi\u0119cej.<\/p>\n","protected":false},"featured_media":11476,"template":"","meta":{"_acf_changed":false,"inline_featured_image":false,"_monsterinsights_skip_tracking":false,"_monsterinsights_sitenote_active":false,"_monsterinsights_sitenote_note":"","_monsterinsights_sitenote_category":0},"product_brand":[],"product_cat":[972,982,981],"product_tag":[],"class_list":{"0":"post-6413","1":"product","2":"type-product","3":"status-publish","4":"has-post-thumbnail","6":"product_cat-portwell-pl","7":"product_cat-plyty-mini-itx-pl","8":"product_cat-plyty-typu-embedded-pl","10":"first","11":"instock","12":"shipping-taxable","13":"product-type-simple"},"acf":[],"_links":{"self":[{"href":"https:\/\/quantum.com.pl\/pl\/wp-json\/wp\/v2\/product\/6413","targetHints":{"allow":["GET"]}}],"collection":[{"href":"https:\/\/quantum.com.pl\/pl\/wp-json\/wp\/v2\/product"}],"about":[{"href":"https:\/\/quantum.com.pl\/pl\/wp-json\/wp\/v2\/types\/product"}],"wp:featuredmedia":[{"embeddable":true,"href":"https:\/\/quantum.com.pl\/pl\/wp-json\/wp\/v2\/media\/11476"}],"wp:attachment":[{"href":"https:\/\/quantum.com.pl\/pl\/wp-json\/wp\/v2\/media?parent=6413"}],"wp:term":[{"taxonomy":"product_brand","embeddable":true,"href":"https:\/\/quantum.com.pl\/pl\/wp-json\/wp\/v2\/product_brand?post=6413"},{"taxonomy":"product_cat","embeddable":true,"href":"https:\/\/quantum.com.pl\/pl\/wp-json\/wp\/v2\/product_cat?post=6413"},{"taxonomy":"product_tag","embeddable":true,"href":"https:\/\/quantum.com.pl\/pl\/wp-json\/wp\/v2\/product_tag?post=6413"}],"curies":[{"name":"wp","href":"https:\/\/api.w.org\/{rel}","templated":true}]}}