{"id":6416,"date":"2019-12-09T12:44:29","date_gmt":"2019-12-09T11:44:29","guid":{"rendered":"https:\/\/quantum.com.pl\/?post_type=product&#038;p=6416"},"modified":"2020-08-25T23:23:13","modified_gmt":"2020-08-25T21:23:13","slug":"psmc-c301","status":"publish","type":"product","link":"https:\/\/quantum.com.pl\/pl\/product\/psmc-c301\/","title":{"rendered":"PSMC-C301"},"content":{"rendered":"<h4>P\u0142yta no\u015bna zgodna ze SMARC 2.0, z kilkoma wy\u015bwietlaczami i 2 portami GbE<\/h4>\n<p><strong>Dane techniczne:<\/strong><\/p>\n<ul>\n<li>P\u0142ytka ewaluacyjna \/ referencyjna dla modu\u0142\u00f3w SMARC 2.0<\/li>\n<li>Zawiera wszystkie sygna\u0142y SMARC przystosowane do standardowych z\u0142\u0105czy interfejsu<\/li>\n<li>Wiele interfejs\u00f3w wy\u015bwietlania<\/li>\n<li>Interfejs MIPI (DSI, CSI) przystosowany do kamery<\/li>\n<\/ul>\n<p>P\u0142yta no\u015bna PSMC-C301 firmy Portwell jest wyposa\u017cona w z\u0142\u0105cze MXM karty SMARC 314, odpowiednie do wst\u0119pnej oceny test\u00f3w modu\u0142\u00f3w SMARC 2.0, takich jak PSMC-M1011. P\u0142yta no\u015bna PSMC-C301 zapewnia producentom i programistom platform\u0119 umo\u017cliwiaj\u0105c\u0105 szybkie rozpocz\u0119cie opracowywania system\u00f3w i aplikacji opartych na specyfikacji SMARC.<\/p>\n","protected":false},"excerpt":{"rendered":"<p>P\u0142yta no\u015bna PSMC-C301 firmy Portwell jest wyposa\u017cona w z\u0142\u0105cze MXM karty SMARC 314, odpowiednie do wst\u0119pnej oceny test\u00f3w modu\u0142\u00f3w SMARC 2.0, takich jak PSMC-M1011.<\/p>\n","protected":false},"featured_media":11258,"template":"","meta":{"_acf_changed":false,"inline_featured_image":false,"_monsterinsights_skip_tracking":false,"_monsterinsights_sitenote_active":false,"_monsterinsights_sitenote_note":"","_monsterinsights_sitenote_category":0},"product_brand":[],"product_cat":[973,1584,972,977],"product_tag":[],"class_list":{"0":"post-6416","1":"product","2":"type-product","3":"status-publish","4":"has-post-thumbnail","6":"product_cat-komputer-typu-com","7":"product_cat-komputery-jednoplytkowe-sbc-2","8":"product_cat-portwell-pl","9":"product_cat-smarc-pl","11":"first","12":"instock","13":"shipping-taxable","14":"product-type-simple"},"acf":[],"_links":{"self":[{"href":"https:\/\/quantum.com.pl\/pl\/wp-json\/wp\/v2\/product\/6416","targetHints":{"allow":["GET"]}}],"collection":[{"href":"https:\/\/quantum.com.pl\/pl\/wp-json\/wp\/v2\/product"}],"about":[{"href":"https:\/\/quantum.com.pl\/pl\/wp-json\/wp\/v2\/types\/product"}],"wp:featuredmedia":[{"embeddable":true,"href":"https:\/\/quantum.com.pl\/pl\/wp-json\/wp\/v2\/media\/11258"}],"wp:attachment":[{"href":"https:\/\/quantum.com.pl\/pl\/wp-json\/wp\/v2\/media?parent=6416"}],"wp:term":[{"taxonomy":"product_brand","embeddable":true,"href":"https:\/\/quantum.com.pl\/pl\/wp-json\/wp\/v2\/product_brand?post=6416"},{"taxonomy":"product_cat","embeddable":true,"href":"https:\/\/quantum.com.pl\/pl\/wp-json\/wp\/v2\/product_cat?post=6416"},{"taxonomy":"product_tag","embeddable":true,"href":"https:\/\/quantum.com.pl\/pl\/wp-json\/wp\/v2\/product_tag?post=6416"}],"curies":[{"name":"wp","href":"https:\/\/api.w.org\/{rel}","templated":true}]}}