{"id":6428,"date":"2019-12-09T12:41:41","date_gmt":"2019-12-09T11:41:41","guid":{"rendered":"https:\/\/quantum.com.pl\/?post_type=product&#038;p=6428"},"modified":"2020-05-20T21:19:41","modified_gmt":"2020-05-20T19:19:41","slug":"wade-8210-h110","status":"publish","type":"product","link":"https:\/\/quantum.com.pl\/pl\/product\/wade-8210-h110\/","title":{"rendered":"WADE-8210-H110"},"content":{"rendered":"<h4>P\u0142yta Mini-ITX oparta na Intel Core 7. i 6. generacji<\/h4>\n<p>&nbsp;<\/p>\n<p>WADE-8210-H110 jest oparta na procesorach Intel\u00ae Core&#x2122; si\u00f3dmej i sz\u00f3stej generacji (wcze\u015bniej Kaby Lake i Skylake) oraz chipsecie Intel\u00ae H110. P\u0142yta Mini-ITX Portwell WADE-8210-H110 obs\u0142uguje DDR4 SDRAM, PCIe x16 (Gen. 3) i SATA III. Jest idealnym elementem sk\u0142adowym zapewniaj\u0105cym wysok\u0105 wydajno\u015b\u0107 i niezawodno\u015b\u0107 rozwi\u0105za\u0144 systemowych.<\/p>\n<h4>Cechy szczeg\u00f3lne:<\/h4>\n<ul>\n<li>Seria procesor\u00f3w Intel\u00ae Core&#x2122; 7. i 6. generacji (wcze\u015bniej Kaby Lake i Skylake)<\/li>\n<li>Chipset Intel\u00ae H110<\/li>\n<li>Cztery USB 3.0, cztery USB 2.0, podw\u00f3jny Gigabit Ethernet, sze\u015b\u0107 port\u00f3w COM<\/li>\n<li>Dwa porty SATA III<\/li>\n<li>Jeden PCIe x16 (Gen. 3), jeden Mini PCIe (obs\u0142uguj\u0105cy mSATA)<\/li>\n<li>Potr\u00f3jny wy\u015bwietlacz: LVDS\/HDMI\/VGA<\/li>\n<\/ul>\n<h4>Specyfikacja:<\/h4>\n\n<table id=\"tablepress-267\" class=\"tablepress tablepress-id-267\">\n<thead>\n<tr class=\"row-1\">\n\t<th class=\"column-1\">CPU<\/th><th class=\"column-2\">Intel\u00ae Core\u2122 i7-4770S Processor (4 x 3.10 GHz \/ 3.90 GHz, 8 MB SmartCache, 65 W)<br \/>\nIntel\u00ae Celeron\u00ae Processor G1820TE (2 x 2.20 GHz, 2 MB SmartCache, 35 W)<br \/>\nIntel\u00ae Core\u2122 i3-4360 Processor (2 x 3.70 GHz, 4 MB SmartCache, 54 W)<br \/>\nIntel\u00ae Core\u2122 i3-4350T Processor (2 x 3.10 GHz, 4 MB SmartCache, 35 W)<br \/>\nIntel\u00ae Core\u2122 i3-4340TE Processor (2 x 2.60 GHz, 4 MB SmartCache, 35 W)<br \/>\nIntel\u00ae Core\u2122 i3-4330TE Processor (2 x 2.40 GHz, 4 MB SmartCache, 35 W)<br \/>\nIntel\u00ae Core\u2122 i3-4330 Processor (2 x 3.50 GHz, 4 MB SmartCache, 54 W)<br \/>\nIntel\u00ae Core\u2122 i5-4590T Processor (4 x 2.00 GHz \/ 3.00 GHz, 6 MB SmartCache, 35 W)<br \/>\nIntel\u00ae Core\u2122 i5-4590S Processor (4 x 3.00 GHz \/ 3.70 GHz, 6 MB SmartCache, 65 W)<br \/>\nIntel\u00ae Core\u2122 i5-4570TE Processor (2 x 2.70 GHz \/ 3.30 GHz, 4 MB SmartCache, 35 W)<br \/>\nIntel\u00ae Core\u2122 i5-4570S Processor (4 x 2.90 GHz \/ 3.60 GHz, 6 MB SmartCache, 65 W)<br \/>\nIntel\u00ae Core\u2122 i7-4790S Processor (4 x 3.20 GHz \/ 4.00 GHz, 8 MB SmartCache, 65 W)<br \/>\nIntel\u00ae Core\u2122 i7-4770TE Processor (4 x 2.30 GHz \/ 3.30 GHz, 8 MB SmartCache, 45 W)<br \/>\nIntel\u00ae Celeron\u00ae Processor G1820 (2 x 2.70 GHz, 2 MB SmartCache, 53 W)<\/th>\n<\/tr>\n<\/thead>\n<tbody class=\"row-striping row-hover\">\n<tr class=\"row-2\">\n\t<td class=\"column-1\">Format<\/td><td class=\"column-2\">Mini-ITX<br \/>\n<\/td>\n<\/tr>\n<tr class=\"row-3\">\n\t<td class=\"column-1\">Chipset<\/td><td class=\"column-2\">Intel\u00ae Q87<br \/>\n<\/td>\n<\/tr>\n<tr class=\"row-4\">\n\t<td class=\"column-1\">DRAM<\/td><td class=\"column-2\">Up to 16 GB DDR3 SDRAM non ECC<br \/>\n<\/td>\n<\/tr>\n<tr class=\"row-5\">\n\t<td class=\"column-1\">Graphic Controller<\/td><td class=\"column-2\">Intel\u00ae HD Graphics 4600 (CPU)<br \/>\n<\/td>\n<\/tr>\n<tr class=\"row-6\">\n\t<td class=\"column-1\">Display Interface<\/td><td class=\"column-2\">HDMI (4096 x 2304), DP (3200 x 2000), VGA (1920x1200)<br \/>\n<\/td>\n<\/tr>\n<tr class=\"row-7\">\n\t<td class=\"column-1\">Storage<\/td><td class=\"column-2\">4x SATA III (6.0Gb\/s), -<br \/>\n<\/td>\n<\/tr>\n<tr class=\"row-8\">\n\t<td class=\"column-1\">Network<\/td><td class=\"column-2\">1x GbE Intel\u00ae WGI217LM, 1x GbE Intel\u00ae WGI210AT<br \/>\n<\/td>\n<\/tr>\n<tr class=\"row-9\">\n\t<td class=\"column-1\">Expansion<\/td><td class=\"column-2\">Full-Size mini PCIe (w\/PCle, mSATA)<br \/>\n<\/td>\n<\/tr>\n<tr class=\"row-10\">\n\t<td class=\"column-1\">Bus Interface<\/td><td class=\"column-2\">1x PCI-Express x16 slot, 2x PCIe x1 on golden finger, LPC support, SMBus<br \/>\n<\/td>\n<\/tr>\n<tr class=\"row-11\">\n\t<td class=\"column-1\">Serial Interface<\/td><td class=\"column-2\">4x RS232, 2x RS232\/422\/485<br \/>\n<\/td>\n<\/tr>\n<tr class=\"row-12\">\n\t<td class=\"column-1\">USB<\/td><td class=\"column-2\">4x USB 3.0, 6x USB 2.0<br \/>\n<\/td>\n<\/tr>\n<tr class=\"row-13\">\n\t<td class=\"column-1\">Audio<\/td><td class=\"column-2\">Intel\u00ae HD Audio, Realtek ALC886-GR<br \/>\n<\/td>\n<\/tr>\n<tr class=\"row-14\">\n\t<td class=\"column-1\">Security<\/td><td class=\"column-2\">TPM Module<br \/>\n<\/td>\n<\/tr>\n<tr class=\"row-15\">\n\t<td class=\"column-1\">Miscellaneous<\/td><td class=\"column-2\">2x PS\/2 via pin header, GPIO 8bit,Watchdog Timer,HW monitoring temperature &amp; voltage<br \/>\n<\/td>\n<\/tr>\n<tr class=\"row-16\">\n\t<td class=\"column-1\">Firmware<\/td><td class=\"column-2\">Phoenix BIOS (SPI ROM)<br \/>\n<\/td>\n<\/tr>\n<tr class=\"row-17\">\n\t<td class=\"column-1\">Power Requirement<\/td><td class=\"column-2\">ACPI 3.0 \/ APM 1.2<br \/>\n<\/td>\n<\/tr>\n<tr class=\"row-18\">\n\t<td class=\"column-1\">Power from W<\/td><td class=\"column-2\">ATX 24-pin power input<br \/>\n<\/td>\n<\/tr>\n<tr class=\"row-19\">\n\t<td class=\"column-1\">Operating Temperature<\/td><td class=\"column-2\">0\u00b0C - 60\u00b0C<br \/>\n<\/td>\n<\/tr>\n<tr class=\"row-20\">\n\t<td class=\"column-1\">Storage Temperature<\/td><td class=\"column-2\">-20\u00b0C~80\u00b0C<br \/>\n<\/td>\n<\/tr>\n<tr class=\"row-21\">\n\t<td class=\"column-1\">Dimensions<\/td><td class=\"column-2\">170x170 mm<br \/>\n<\/td>\n<\/tr>\n<\/tbody>\n<\/table>\n<!-- #tablepress-267 from cache -->\n","protected":false},"excerpt":{"rendered":"<p>P\u0142yta Mini-ITX, oparta na serii procesor\u00f3w Intel\u00ae Core&#x2122; 7. i 6. generacji (wcze\u015bniej Kaby Lake i Skylake) oraz chipsetach Intel\u00ae H110, z DDR4 SDRAM, potr\u00f3jnym wy\u015bwietlaczem, dwoma portami LAN GbE i sze\u015bcioma portami COM.<\/p>\n","protected":false},"featured_media":11478,"template":"","meta":{"_acf_changed":false,"inline_featured_image":false,"_monsterinsights_skip_tracking":false,"_monsterinsights_sitenote_active":false,"_monsterinsights_sitenote_note":"","_monsterinsights_sitenote_category":0},"product_brand":[],"product_cat":[972,982,981],"product_tag":[],"class_list":{"0":"post-6428","1":"product","2":"type-product","3":"status-publish","4":"has-post-thumbnail","6":"product_cat-portwell-pl","7":"product_cat-plyty-mini-itx-pl","8":"product_cat-plyty-typu-embedded-pl","10":"first","11":"instock","12":"shipping-taxable","13":"product-type-simple"},"acf":[],"_links":{"self":[{"href":"https:\/\/quantum.com.pl\/pl\/wp-json\/wp\/v2\/product\/6428","targetHints":{"allow":["GET"]}}],"collection":[{"href":"https:\/\/quantum.com.pl\/pl\/wp-json\/wp\/v2\/product"}],"about":[{"href":"https:\/\/quantum.com.pl\/pl\/wp-json\/wp\/v2\/types\/product"}],"wp:featuredmedia":[{"embeddable":true,"href":"https:\/\/quantum.com.pl\/pl\/wp-json\/wp\/v2\/media\/11478"}],"wp:attachment":[{"href":"https:\/\/quantum.com.pl\/pl\/wp-json\/wp\/v2\/media?parent=6428"}],"wp:term":[{"taxonomy":"product_brand","embeddable":true,"href":"https:\/\/quantum.com.pl\/pl\/wp-json\/wp\/v2\/product_brand?post=6428"},{"taxonomy":"product_cat","embeddable":true,"href":"https:\/\/quantum.com.pl\/pl\/wp-json\/wp\/v2\/product_cat?post=6428"},{"taxonomy":"product_tag","embeddable":true,"href":"https:\/\/quantum.com.pl\/pl\/wp-json\/wp\/v2\/product_tag?post=6428"}],"curies":[{"name":"wp","href":"https:\/\/api.w.org\/{rel}","templated":true}]}}