{"id":6448,"date":"2019-12-09T13:03:17","date_gmt":"2019-12-09T12:03:17","guid":{"rendered":"https:\/\/quantum.com.pl\/?post_type=product&#038;p=6448"},"modified":"2020-05-20T21:15:44","modified_gmt":"2020-05-20T19:15:44","slug":"wade-8017-kbl","status":"publish","type":"product","link":"https:\/\/quantum.com.pl\/pl\/product\/wade-8017-kbl\/","title":{"rendered":"WADE-8017-KBL"},"content":{"rendered":"<h4>Karta Mini-ITX typu &#8222;embedded&#8221; oparta na 7. generacji Intel Core<\/h4>\n<p>&nbsp;<\/p>\n<p>WADE-8017-KBL jest oparta na procesorach Intel\u00ae Core&#x2122; si\u00f3dmej generacji (wcze\u015bniej Kaby Lake) i chipsecie Intel\u00ae C236, Q170 lub H110. P\u0142yta Portwell WADE-8017-KBL Mini-ITX obs\u0142uguje DDR4 SDRAM, PCIe x16 (Gen. 3) i SATA III. Jest idealnym elementem sk\u0142adowym dla wysokiej wydajno\u015bci i niezawodnych rozwi\u0105za\u0144 systemowych.<\/p>\n<p>Ponadto, rodzina produkt\u00f3w Intel\u00ae Core&#x2122; si\u00f3dmej generacji i procesory Intel\u00ae Xeon\u00ae E3-1275 v6 (wcze\u015bniej Kaby Lake) s\u0105 produkowane w oparciu o zoptymalizowan\u0105 technologi\u0119 14nm firmy Intel. W po\u0142\u0105czeniu z chipsetem Intel\u00ae serii 100 lub Intel\u00ae C236, procesory te oferuj\u0105 jeszcze wi\u0119ksz\u0105 wydajno\u015b\u0107 procesora i grafiki w por\u00f3wnaniu do poprzedniej generacji. W szczeg\u00f3lno\u015bci procesory z serii S zapewniaj\u0105 wi\u0119ksz\u0105 elastyczno\u015b\u0107, umo\u017cliwiaj\u0105c tym samym dopasowanie wydajno\u015bci, funkcji i ceny do aplikacji IoT. Procesory te oferuj\u0105 opcje mocy cieplnej (TDP) 65W i 35W, aby dopasowa\u0107 je do konkretnych konfiguracji projektu z wymaganiami dotycz\u0105cymi wydajno\u015bci i niskiego poboru mocy. Procesory idealnie nadaj\u0105 si\u0119 do transakcyjnych terminali detalicznych, przemys\u0142owych komputer\u00f3w stacjonarnych i og\u00f3lnych warunk\u00f3w u\u017cytkowania. (\u0179r\u00f3d\u0142o: Intel\u00ae)<\/p>\n<h4>Cechy szczeg\u00f3lne:<\/h4>\n<ul>\n<li>Rodzina procesor\u00f3w Intel\u00ae Core&#x2122; 7. generacji (wcze\u015bniej Kaby Lake). W przypadku rodziny procesor\u00f3w<\/li>\n<li>Intel\u00ae Core&#x2122; 6. generacji (wcze\u015bniej Skylake) sprawd\u017a WADE-8017<\/li>\n<li>Chipset Intel\u00ae C236 \/ Q170 \/ H110<\/li>\n<li>Obs\u0142uguje do 32 GB pami\u0119ci DDR4 ECC \/ Non-ECC DIMM na dw\u00f3ch gniazdach<\/li>\n<li>Tylne I\/O, USB 2.0\/3.0, podw\u00f3jny Gigabit Ethernet, porty COM i porty SATA III<\/li>\n<li>Jedno PCIe x16 (Gen. 3), jedno gniazdo M.2 typu E, jedno Mini PCIe<\/li>\n<li>Dual Gigabit Ethernet<\/li>\n<li>Potr\u00f3jne wy\u015bwietlanie: VGA \/ HDMI \/ DisplayPort<\/li>\n<\/ul>\n<h4>Specyfikacja:<\/h4>\n\n<table id=\"tablepress-268\" class=\"tablepress tablepress-id-268\">\n<thead>\n<tr class=\"row-1\">\n\t<th class=\"column-1\"><strong>Specyfikacje<\/strong><\/th><td class=\"column-2\"><\/td>\n<\/tr>\n<\/thead>\n<tbody class=\"row-striping row-hover\">\n<tr class=\"row-2\">\n\t<td class=\"column-1\">CPU<\/td><td class=\"column-2\">Intel Atom\u00ae x5-E3930 Processor (2 x 1.30 GHz, 2 MB L2, 6.5 W)<br \/>\nIntel Atom\u00ae x5-E3940 Processor (4 x 1.60 GHz, 2 MB L2, 9.5 W)<br \/>\nIntel Atom\u00ae x7-E3950 Processor (4 x 1.60 GHz, 2 MB L2, 12 W)<br \/>\nIntel\u00ae Celeron\u00ae Processor N3350 (2 x 1.10 GHz, 2 MB L2, 6 W)<br \/>\nIntel\u00ae Pentium\u00ae Processor N4200 (4 x 1.10 GHz, 2 MB L2, 6 W)<\/td>\n<\/tr>\n<tr class=\"row-3\">\n\t<td class=\"column-1\">Format <\/td><td class=\"column-2\">SMARC<\/td>\n<\/tr>\n<tr class=\"row-4\">\n\t<td class=\"column-1\">Typ<\/td><td class=\"column-2\">SMARC 2.0<br \/>\n<\/td>\n<\/tr>\n<tr class=\"row-5\">\n\t<td class=\"column-1\">Chipset<\/td><td class=\"column-2\">SoC (System-On-Chip)<br \/>\n<\/td>\n<\/tr>\n<tr class=\"row-6\">\n\t<td class=\"column-1\">DRAM<\/td><td class=\"column-2\">Do 4 GB LPDDR4 - 2133\/2400<br \/>\n<\/td>\n<\/tr>\n<tr class=\"row-7\">\n\t<td class=\"column-1\">Interfejs wy\u015bwietlacza<br \/>\n<\/td><td class=\"column-2\">LVDS, HDMI, DP++<br \/>\n<\/td>\n<\/tr>\n<tr class=\"row-8\">\n\t<td class=\"column-1\">Przechowywanie<\/td><td class=\"column-2\">eMMC 5.0 flash do 64 GB na p\u0142ycie<br \/>\n<\/td>\n<\/tr>\n<tr class=\"row-9\">\n\t<td class=\"column-1\">Sie\u0107<\/td><td class=\"column-2\">1x 10\/100\/1000 GbE (Intel\u00ae i210)<br \/>\n<\/td>\n<\/tr>\n<tr class=\"row-10\">\n\t<td class=\"column-1\">Interfejs magistrali<br \/>\n<\/td><td class=\"column-2\">1x SDIO 1x SPI 4x I\u00b2C, 1x I\u00b2S, 1x HDA, 1x SMBus (share w\/I\u00b2C), 2x UART, 2x HSUART, 1x WDT, 12x GPIO<br \/>\n<\/td>\n<\/tr>\n<tr class=\"row-11\">\n\t<td class=\"column-1\">Interfejs szeregowy<\/td><td class=\"column-2\">2x SATA 3.0 (6 Gbit\/s), 4x PCIe x1 Gen 2<br \/>\n<\/td>\n<\/tr>\n<tr class=\"row-12\">\n\t<td class=\"column-1\">USB<\/td><td class=\"column-2\">6x USB2.0 (w\/1x OTG), up to 2x USB 3.0 (w\/1x OTG)<br \/>\n<\/td>\n<\/tr>\n<tr class=\"row-13\">\n\t<td class=\"column-1\">R\u00f3\u017cne<br \/>\n<\/td><td class=\"column-2\">Zgodny z ACPI 5.0 l Inteligentne zarz\u0105dzanie bateri\u0105 na no\u015bniku<br \/>\n<\/td>\n<\/tr>\n<tr class=\"row-14\">\n\t<td class=\"column-1\">Wsparcie systemu operacyjnego<br \/>\n<\/td><td class=\"column-2\">Windows 10 IOT Enterprise, Windows 10 IOT Core<br \/>\n<\/td>\n<\/tr>\n<tr class=\"row-15\">\n\t<td class=\"column-1\">Wymaganie mocy<br \/>\n<\/td><td class=\"column-2\">5V DC \u00b15%<br \/>\n<\/td>\n<\/tr>\n<tr class=\"row-16\">\n\t<td class=\"column-1\">Temperatura operacyjna<\/td><td class=\"column-2\">0\u00b0C do +60\u00b0C<br \/>\n<\/td>\n<\/tr>\n<tr class=\"row-17\">\n\t<td class=\"column-1\">Rozszerzony zakres temperatury<\/td><td class=\"column-2\">Od -40\u00b0C do +85\u00b0C<br \/>\n<\/td>\n<\/tr>\n<tr class=\"row-18\">\n\t<td class=\"column-1\">Wymiary<\/td><td class=\"column-2\">82x50 mm<br \/>\n<\/td>\n<\/tr>\n<\/tbody>\n<\/table>\n<!-- #tablepress-268 from cache -->\n<p>&nbsp;<\/p>\n","protected":false},"excerpt":{"rendered":"<p>P\u0142yta Mini-ITX, oparta na rodzinie procesor\u00f3w Intel\u00ae Core&#x2122; 7. generacji (wcze\u015bniej Kaby Lake), z DDR4 SDRAM, potr\u00f3jnym wy\u015bwietlaniem, dwoma portami LAN GbE i sze\u015bcioma portami COM.<\/p>\n","protected":false},"featured_media":11460,"template":"","meta":{"_acf_changed":false,"inline_featured_image":false,"_monsterinsights_skip_tracking":false,"_monsterinsights_sitenote_active":false,"_monsterinsights_sitenote_note":"","_monsterinsights_sitenote_category":0},"product_brand":[],"product_cat":[972,982,981],"product_tag":[],"class_list":{"0":"post-6448","1":"product","2":"type-product","3":"status-publish","4":"has-post-thumbnail","6":"product_cat-portwell-pl","7":"product_cat-plyty-mini-itx-pl","8":"product_cat-plyty-typu-embedded-pl","10":"first","11":"instock","12":"shipping-taxable","13":"product-type-simple"},"acf":[],"_links":{"self":[{"href":"https:\/\/quantum.com.pl\/pl\/wp-json\/wp\/v2\/product\/6448","targetHints":{"allow":["GET"]}}],"collection":[{"href":"https:\/\/quantum.com.pl\/pl\/wp-json\/wp\/v2\/product"}],"about":[{"href":"https:\/\/quantum.com.pl\/pl\/wp-json\/wp\/v2\/types\/product"}],"wp:featuredmedia":[{"embeddable":true,"href":"https:\/\/quantum.com.pl\/pl\/wp-json\/wp\/v2\/media\/11460"}],"wp:attachment":[{"href":"https:\/\/quantum.com.pl\/pl\/wp-json\/wp\/v2\/media?parent=6448"}],"wp:term":[{"taxonomy":"product_brand","embeddable":true,"href":"https:\/\/quantum.com.pl\/pl\/wp-json\/wp\/v2\/product_brand?post=6448"},{"taxonomy":"product_cat","embeddable":true,"href":"https:\/\/quantum.com.pl\/pl\/wp-json\/wp\/v2\/product_cat?post=6448"},{"taxonomy":"product_tag","embeddable":true,"href":"https:\/\/quantum.com.pl\/pl\/wp-json\/wp\/v2\/product_tag?post=6448"}],"curies":[{"name":"wp","href":"https:\/\/api.w.org\/{rel}","templated":true}]}}