{"id":6449,"date":"2019-12-09T13:04:35","date_gmt":"2019-12-09T12:04:35","guid":{"rendered":"https:\/\/quantum.com.pl\/?post_type=product&#038;p=6449"},"modified":"2020-08-25T23:23:13","modified_gmt":"2020-08-25T21:23:13","slug":"psmrc-m310t","status":"publish","type":"product","link":"https:\/\/quantum.com.pl\/pl\/product\/psmrc-m310t\/","title":{"rendered":"PSMRC-M310T"},"content":{"rendered":"<h4>Wbudowany modu\u0142 jednordzeniowy TI AM3354 ARM Cortex-A8 SMARC<\/h4>\n<p><strong>Dane techniczne<\/strong><\/p>\n<ul>\n<li>Procesor TI&#x2122; AM3354 ARM\u00ae Cortex\u00ae A8<\/li>\n<li>Bardzo niski pob\u00f3r mocy: &lt;2 W<\/li>\n<li>Wsparcie d\u0142ugotrwa\u0142o\u015bci &#8211; ponad 10 lat<\/li>\n<li>Wy\u017cszy stosunek C \/ P<\/li>\n<li>Obs\u0142uga SMARC 1.0<\/li>\n<li>Wbudowane akceleratory graficzne H \/ W, obs\u0142ugiwane Open GL ES1.1 i 2.0, Open VG i OpenMax<\/li>\n<li>System Portwell ARM ECO &#8211; w celu oszcz\u0119dno\u015bci czasu<\/li>\n<\/ul>\n<p>PSMRC-M310T jest zaprojektowany jako seria modu\u0142\u00f3w procesor\u00f3w o formacie SMARC. Opiera si\u0119 na wbudowanym jednordzeniowym procesorze TI&#x2122; AM3354, procesorze ARM\u00ae Cortex\u00ae A8. Najlepszy ekonomiczny model wej\u015bcia zast\u0119puj\u0105cy oryginalne rynki ARM9 i ARM11. SMARC (Smart Mobility ARChitecture), niewielka obudowa o ni\u017cszej mocy, obni\u017ceniu koszt\u00f3w i wysokiej wydajno\u015bci, jest u\u017cywana jako elementy sk\u0142adowe przeno\u015bnych i stacjonarnych system\u00f3w wbudowanych. Pin-out SMARC jest zoptymalizowany pod k\u0105tem funkcji wsp\u00f3lnych dla procesor\u00f3w ARM, a nie powszechnych w \u015bwiecie komputer\u00f3w x86. Podej\u015bcie modu\u0142owe zapewnia skalowalno\u015b\u0107, szybki czas wprowadzenia na rynek i mo\u017cliwo\u015b\u0107 aktualizacji przy jednoczesnym zachowaniu wydajno\u015bci koszt\u00f3w, niskiej mocy i niewielkich rozmiar\u00f3w fizycznych.<\/p>\n","protected":false},"excerpt":{"rendered":"<p>PSMRC-M310T jest zaprojektowany jako seria modu\u0142\u00f3w procesor\u00f3w o formacie SMARC. Opiera si\u0119 na wbudowanym jednordzeniowym procesorze TI&#x2122; AM3354, procesorze ARM\u00ae Cortex\u00ae A8.<\/p>\n","protected":false},"featured_media":11266,"template":"","meta":{"_acf_changed":false,"inline_featured_image":false,"_monsterinsights_skip_tracking":false,"_monsterinsights_sitenote_active":false,"_monsterinsights_sitenote_note":"","_monsterinsights_sitenote_category":0},"product_brand":[],"product_cat":[973,1584,972,977],"product_tag":[],"class_list":{"0":"post-6449","1":"product","2":"type-product","3":"status-publish","4":"has-post-thumbnail","6":"product_cat-komputer-typu-com","7":"product_cat-komputery-jednoplytkowe-sbc-2","8":"product_cat-portwell-pl","9":"product_cat-smarc-pl","11":"first","12":"instock","13":"shipping-taxable","14":"product-type-simple"},"acf":[],"_links":{"self":[{"href":"https:\/\/quantum.com.pl\/pl\/wp-json\/wp\/v2\/product\/6449","targetHints":{"allow":["GET"]}}],"collection":[{"href":"https:\/\/quantum.com.pl\/pl\/wp-json\/wp\/v2\/product"}],"about":[{"href":"https:\/\/quantum.com.pl\/pl\/wp-json\/wp\/v2\/types\/product"}],"wp:featuredmedia":[{"embeddable":true,"href":"https:\/\/quantum.com.pl\/pl\/wp-json\/wp\/v2\/media\/11266"}],"wp:attachment":[{"href":"https:\/\/quantum.com.pl\/pl\/wp-json\/wp\/v2\/media?parent=6449"}],"wp:term":[{"taxonomy":"product_brand","embeddable":true,"href":"https:\/\/quantum.com.pl\/pl\/wp-json\/wp\/v2\/product_brand?post=6449"},{"taxonomy":"product_cat","embeddable":true,"href":"https:\/\/quantum.com.pl\/pl\/wp-json\/wp\/v2\/product_cat?post=6449"},{"taxonomy":"product_tag","embeddable":true,"href":"https:\/\/quantum.com.pl\/pl\/wp-json\/wp\/v2\/product_tag?post=6449"}],"curies":[{"name":"wp","href":"https:\/\/api.w.org\/{rel}","templated":true}]}}