{"id":6479,"date":"2019-12-09T13:38:58","date_gmt":"2019-12-09T12:38:58","guid":{"rendered":"https:\/\/quantum.com.pl\/?post_type=product&#038;p=6479"},"modified":"2020-11-20T09:41:17","modified_gmt":"2020-11-20T08:41:17","slug":"wade-8016","status":"publish","type":"product","link":"https:\/\/quantum.com.pl\/pl\/product\/wade-8016\/","title":{"rendered":"WADE-8016"},"content":{"rendered":"<h4>P\u0142yta Mini-ITX oparta na Intel H81 PCH Core i5\/i7 LGA-1150, CFEX, SATA III, USB 3.0, HDMI\/VGA, PCIe Gen. 3<\/h4>\n<p>&nbsp;<\/p>\n<p>WADE-8016 jest oparta na procesorze Intel\u00ae H81 PCH i 4. generacji Core&#x2122; i5\/i7. WADE-8016 zapewnia wysok\u0105 wydajno\u015b\u0107 i elastyczno\u015b\u0107 dla funkcjonalnej rozbudowy, takiej jak gry, kiosk, DS, medycyna, automatyka przemys\u0142owa i aplikacje steruj\u0105ce.<\/p>\n<h4>Cechy szczeg\u00f3lne:<\/h4>\n<ul>\n<li>Procesor Intel\u00ae 4. generacji Core&#x2122; i5\/i7 4. Dual\/Quad w LGA 1150<\/li>\n<li>Intel\u00ae H81 PCH<\/li>\n<li>Dwa gniazda 1333\/1600 DDR3 Long-DIMM do 16GB<\/li>\n<li>Jedno gniazdo PCIe x16 Gen. 3<\/li>\n<li>Dwa porty SATA III i dwa porty SATA II (prze\u0142\u0105cznik 1xSATA II CFEX)<\/li>\n<li>Jeden CFEX<\/li>\n<li>Cztery porty COM (2 szt. z ty\u0142u I\/O, 2 szt. na p\u0142ycie g\u0142\u00f3wnej)<\/li>\n<li>Dziesi\u0119\u0107 port\u00f3w USB (dwa USB 3.0)<\/li>\n<\/ul>\n<h4>Specyfikacja:<\/h4>\n\n<table id=\"tablepress-270\" class=\"tablepress tablepress-id-270\">\n<thead>\n<tr class=\"row-1\">\n\t<th class=\"column-1\"><strong>Specyfikacje<\/strong><\/th><td class=\"column-2\"><\/td>\n<\/tr>\n<\/thead>\n<tbody class=\"row-striping row-hover\">\n<tr class=\"row-2\">\n\t<td class=\"column-1\">Chipset<\/td><td class=\"column-2\">SoC (System-On-Chip)<br \/>\n<\/td>\n<\/tr>\n<tr class=\"row-3\">\n\t<td class=\"column-1\">DRAM<\/td><td class=\"column-2\">DDR3L przy 1066 MT \/ s 512 MB do 2 GB<br \/>\n<\/td>\n<\/tr>\n<tr class=\"row-4\">\n\t<td class=\"column-1\">Kontroler graficzny<br \/>\n<\/td><td class=\"column-2\">zintegrowany<\/td>\n<\/tr>\n<tr class=\"row-5\">\n\t<td class=\"column-1\">Przechowywanie<\/td><td class=\"column-2\">eMMC 5.0 flash do 64 GB oraz gniazdo mSD - na p\u0142ycie<br \/>\n<\/td>\n<\/tr>\n<tr class=\"row-6\">\n\t<td class=\"column-1\">Sie\u0107<\/td><td class=\"column-2\">2x 10\/100\/1000 GbE<br \/>\n<\/td>\n<\/tr>\n<tr class=\"row-7\">\n\t<td class=\"column-1\">Interfejs szeregowy<\/td><td class=\"column-2\">1x SATA 2.0 (3 Gb\/s); 1x PCIe x1 Gen2 (Opt. with 1 GbE usage)<br \/>\n<\/td>\n<\/tr>\n<tr class=\"row-8\">\n\t<td class=\"column-1\">USB<\/td><td class=\"column-2\">5x USB2.0 HOST, 1x USB2.0 OTG<br \/>\n<\/td>\n<\/tr>\n<tr class=\"row-9\">\n\t<td class=\"column-1\">Dotyk<\/td><td class=\"column-2\">Interfejs wideo 18\/24-bit LVDS, 24-bitowy Parallel LCD, HDMI, MIPI-DSI<br \/>\n<\/td>\n<\/tr>\n<tr class=\"row-10\">\n\t<td class=\"column-1\">R\u00f3\u017cne<\/td><td class=\"column-2\">Interfejsy 2x MIPI-CSI (2 linie i 4 linie), 1x SDIO, 2x SPI, 3x I\u00b2C, 2x I\u00b2S, 2x CANBus, 4x UART, 12x GPIO<br \/>\n<\/td>\n<\/tr>\n<tr class=\"row-11\">\n\t<td class=\"column-1\">Oprogramowanie uk\u0142adowe<br \/>\n<\/td><td class=\"column-2\">Kernel 3.14.28_Uboot 2014.04<br \/>\n<\/td>\n<\/tr>\n<tr class=\"row-12\">\n\t<td class=\"column-1\">Wsparcie systemu operacyjnego<br \/>\n<\/td><td class=\"column-2\">Linux, Yocto 1.7<br \/>\n<\/td>\n<\/tr>\n<tr class=\"row-13\">\n\t<td class=\"column-1\">Wymaganie mocy<br \/>\n<\/td><td class=\"column-2\">5V DC \u00b15%<br \/>\n<\/td>\n<\/tr>\n<tr class=\"row-14\">\n\t<td class=\"column-1\">Temperatura operacyjna<\/td><td class=\"column-2\">0\u00b0C do +60\u00b0C<br \/>\n<\/td>\n<\/tr>\n<tr class=\"row-15\">\n\t<td class=\"column-1\">Rozszerzony zakres temperatury<\/td><td class=\"column-2\">Od -40\u00b0C do +85\u00b0C<br \/>\n<\/td>\n<\/tr>\n<tr class=\"row-16\">\n\t<td class=\"column-1\">Wymiary<\/td><td class=\"column-2\">82x50 mm<br \/>\n<\/td>\n<\/tr>\n<tr class=\"row-17\">\n\t<td class=\"column-1\">Technologia<\/td><td class=\"column-2\">ARM<\/td>\n<\/tr>\n<tr class=\"row-18\">\n\t<td class=\"column-1\">Format<\/td><td class=\"column-2\">SMARC<br \/>\n<\/td>\n<\/tr>\n<tr class=\"row-19\">\n\t<td class=\"column-1\">Typ<\/td><td class=\"column-2\">SMARC 2.0<br \/>\n<\/td>\n<\/tr>\n<\/tbody>\n<\/table>\n\n","protected":false},"excerpt":{"rendered":"<p>P\u0142yta Mini-ITX, oparta na Intel\u00ae H81 PCH Core i5\/i7 LGA-1150, z obs\u0142ug\u0105 VGA\/DVI\/HDMI, dwoma portami GbE LAN, SATA III i USB 3.0.<\/p>\n","protected":false},"featured_media":11454,"template":"","meta":{"_acf_changed":false,"inline_featured_image":false,"_monsterinsights_skip_tracking":false,"_monsterinsights_sitenote_active":false,"_monsterinsights_sitenote_note":"","_monsterinsights_sitenote_category":0},"product_brand":[],"product_cat":[972,982,981],"product_tag":[],"class_list":{"0":"post-6479","1":"product","2":"type-product","3":"status-publish","4":"has-post-thumbnail","6":"product_cat-portwell-pl","7":"product_cat-plyty-mini-itx-pl","8":"product_cat-plyty-typu-embedded-pl","10":"first","11":"instock","12":"shipping-taxable","13":"product-type-simple"},"acf":[],"_links":{"self":[{"href":"https:\/\/quantum.com.pl\/pl\/wp-json\/wp\/v2\/product\/6479","targetHints":{"allow":["GET"]}}],"collection":[{"href":"https:\/\/quantum.com.pl\/pl\/wp-json\/wp\/v2\/product"}],"about":[{"href":"https:\/\/quantum.com.pl\/pl\/wp-json\/wp\/v2\/types\/product"}],"wp:featuredmedia":[{"embeddable":true,"href":"https:\/\/quantum.com.pl\/pl\/wp-json\/wp\/v2\/media\/11454"}],"wp:attachment":[{"href":"https:\/\/quantum.com.pl\/pl\/wp-json\/wp\/v2\/media?parent=6479"}],"wp:term":[{"taxonomy":"product_brand","embeddable":true,"href":"https:\/\/quantum.com.pl\/pl\/wp-json\/wp\/v2\/product_brand?post=6479"},{"taxonomy":"product_cat","embeddable":true,"href":"https:\/\/quantum.com.pl\/pl\/wp-json\/wp\/v2\/product_cat?post=6479"},{"taxonomy":"product_tag","embeddable":true,"href":"https:\/\/quantum.com.pl\/pl\/wp-json\/wp\/v2\/product_tag?post=6479"}],"curies":[{"name":"wp","href":"https:\/\/api.w.org\/{rel}","templated":true}]}}