{"id":6491,"date":"2019-12-09T14:11:05","date_gmt":"2019-12-09T13:11:05","guid":{"rendered":"https:\/\/quantum.com.pl\/?post_type=product&#038;p=6491"},"modified":"2020-11-20T09:40:58","modified_gmt":"2020-11-20T08:40:58","slug":"wade-8015","status":"publish","type":"product","link":"https:\/\/quantum.com.pl\/pl\/product\/wade-8015\/","title":{"rendered":"WADE-8015"},"content":{"rendered":"<h4>Karta Mini-ITX Intel Q87 PCH LGA-1150, i5\/i7 Dual\/Quad Core CPU HDMI Display Port<\/h4>\n<p>&nbsp;<\/p>\n<p>P\u0142yta Mini-ITX oparta na Intel Q87 PCH z obs\u0142ug\u0105 procesora Intel\u00ae Next Gen. Dual Core\/Quad Core w pakiecie LGA 1150, z\u00a0VGA\/DP\/HDMI, dwoma GbE LAN i SATA.<\/p>\n<h4>Cechy szczeg\u00f3lne:<\/h4>\n<ul>\n<li>Procesor Intel\u00ae Core&#x2122; i5\/i7 (wcze\u015bniej Haswell) w pakiecie LGA-1150<\/li>\n<li>Chipset Intel\u00ae Q87<\/li>\n<li>Dwa 240-pinowe gniazda DIMM obs\u0142uguj\u0105 dwukana\u0142ow\u0105 pami\u0119\u0107 DDR3 1333\/1600 SDRAM o pojemno\u015bci do 16GB<\/li>\n<li>Jedno gniazdo PCIe x16 (obs\u0142ugiwana Gen. 3)<\/li>\n<li>Jedno gniazdo Mini-PCIe (obs\u0142uguje mSATA)<\/li>\n<li>Jeden PCIe x1 Gold Finger (2*PCIe x1 sygna\u0142)<\/li>\n<li>Audio Jack (obs\u0142uguje wej\u015bcie liniowe \/ wyj\u015bcie liniowe \/ wej\u015bcie mikrofonowe)<\/li>\n<li>Sze\u015b\u0107 port\u00f3w COM (2 szt. z ty\u0142u I\/O, 4 szt. na p\u0142ycie g\u0142\u00f3wnej)<\/li>\n<li>Cztery porty SATA III (obs\u0142uga RAID 0, 1, 5, 10)<\/li>\n<li>Obs\u0142uga funkcji Triple Display (DP\/VGA\/HDMI)<\/li>\n<li>Zintegrowany najnowszy modu\u0142 Trusted Platform Module (TPM) Intel\u00ae Active Management Technology (AMT) 2.0<\/li>\n<\/ul>\n<h4>Specyfikacja:<\/h4>\n\n<table id=\"tablepress-271\" class=\"tablepress tablepress-id-271\">\n<thead>\n<tr class=\"row-1\">\n\t<th class=\"column-1\"><strong>Specification<\/strong><\/th><td class=\"column-2\"><\/td>\n<\/tr>\n<\/thead>\n<tbody class=\"row-striping row-hover\">\n<tr class=\"row-2\">\n\t<td class=\"column-1\">Chipset<\/td><td class=\"column-2\">SoC (System-On-Chip)<br \/>\n<\/td>\n<\/tr>\n<tr class=\"row-3\">\n\t<td class=\"column-1\">DRAM<\/td><td class=\"column-2\">DDR3L at 1066 MT\/s 512MB to 2GB<br \/>\n<br \/>\n<\/td>\n<\/tr>\n<tr class=\"row-4\">\n\t<td class=\"column-1\">Graphic Controller\t<br \/>\n<\/td><td class=\"column-2\">integrated<\/td>\n<\/tr>\n<tr class=\"row-5\">\n\t<td class=\"column-1\">Storage<\/td><td class=\"column-2\">onboard eMMC 5.0 flash up to 64 GB, onboard mSD socket<br \/>\n<br \/>\n<\/td>\n<\/tr>\n<tr class=\"row-6\">\n\t<td class=\"column-1\">Network<\/td><td class=\"column-2\">2x 10\/100\/1000 GbE<br \/>\n<\/td>\n<\/tr>\n<tr class=\"row-7\">\n\t<td class=\"column-1\">Serial Interface<\/td><td class=\"column-2\">1x SATA 2.0 (3 Gb\/s); 1x PCIe x1 Gen2 (Opt. with 1 GbE usage)<br \/>\n<\/td>\n<\/tr>\n<tr class=\"row-8\">\n\t<td class=\"column-1\">USB<\/td><td class=\"column-2\">5x USB2.0 HOST, 1x USB2.0 OTG<br \/>\n<\/td>\n<\/tr>\n<tr class=\"row-9\">\n\t<td class=\"column-1\">Touch<\/td><td class=\"column-2\">Video interface 18\/24-bit LVDS, 24-bit Parallel LCD, HDMI, MIPI-DSI<br \/>\n<br \/>\n<\/td>\n<\/tr>\n<tr class=\"row-10\">\n\t<td class=\"column-1\">Miscellaneous<\/td><td class=\"column-2\">Interfaces 2x MIPI-CSI (2 lanes and 4 lanes), 1x SDIO, 2x SPI, 3x I\u00b2C, 2x I\u00b2S, 2x CANBus, 4x UART, 12x GPIO<br \/>\n<br \/>\n<\/td>\n<\/tr>\n<tr class=\"row-11\">\n\t<td class=\"column-1\">Firmware\t<br \/>\n<\/td><td class=\"column-2\">Kernel 3.14.28_Uboot 2014.04<br \/>\n<\/td>\n<\/tr>\n<tr class=\"row-12\">\n\t<td class=\"column-1\">OS Support\t<br \/>\n<\/td><td class=\"column-2\">Linux, Yocto 1.7<br \/>\n<\/td>\n<\/tr>\n<tr class=\"row-13\">\n\t<td class=\"column-1\">Power Requirement\t<br \/>\n<\/td><td class=\"column-2\">5V DC \u00b15%<br \/>\n<\/td>\n<\/tr>\n<tr class=\"row-14\">\n\t<td class=\"column-1\">Operating Temperature<\/td><td class=\"column-2\">0\u00b0C to +60\u00b0C<br \/>\n<\/td>\n<\/tr>\n<tr class=\"row-15\">\n\t<td class=\"column-1\">Extended Temperature<\/td><td class=\"column-2\">-40\u00b0C to +85\u00b0C<br \/>\n<\/td>\n<\/tr>\n<tr class=\"row-16\">\n\t<td class=\"column-1\">Dimensions<\/td><td class=\"column-2\">82x50 mm<br \/>\n<\/td>\n<\/tr>\n<tr class=\"row-17\">\n\t<td class=\"column-1\">Technology<\/td><td class=\"column-2\">ARM<\/td>\n<\/tr>\n<tr class=\"row-18\">\n\t<td class=\"column-1\">Format<\/td><td class=\"column-2\">SMARC<br \/>\n<\/td>\n<\/tr>\n<tr class=\"row-19\">\n\t<td class=\"column-1\">Type<\/td><td class=\"column-2\">SMARC 2.0<br \/>\n<\/td>\n<\/tr>\n<\/tbody>\n<\/table>\n\n","protected":false},"excerpt":{"rendered":"<p>P\u0142yta Mini-ITX oparta na Intel Q87 PCH z obs\u0142ug\u0105 procesora Intel\u00ae Next Gen. Dual Core\/Quad Core w pakiecie LGA 1150, z\u00a0VGA\/DP\/HDMI, dwoma GbE LAN i SATA.<\/p>\n","protected":false},"featured_media":11452,"template":"","meta":{"_acf_changed":false,"inline_featured_image":false,"_monsterinsights_skip_tracking":false,"_monsterinsights_sitenote_active":false,"_monsterinsights_sitenote_note":"","_monsterinsights_sitenote_category":0},"product_brand":[],"product_cat":[972,982,981],"product_tag":[],"class_list":{"0":"post-6491","1":"product","2":"type-product","3":"status-publish","4":"has-post-thumbnail","6":"product_cat-portwell-pl","7":"product_cat-plyty-mini-itx-pl","8":"product_cat-plyty-typu-embedded-pl","10":"first","11":"instock","12":"shipping-taxable","13":"product-type-simple"},"acf":[],"_links":{"self":[{"href":"https:\/\/quantum.com.pl\/pl\/wp-json\/wp\/v2\/product\/6491","targetHints":{"allow":["GET"]}}],"collection":[{"href":"https:\/\/quantum.com.pl\/pl\/wp-json\/wp\/v2\/product"}],"about":[{"href":"https:\/\/quantum.com.pl\/pl\/wp-json\/wp\/v2\/types\/product"}],"wp:featuredmedia":[{"embeddable":true,"href":"https:\/\/quantum.com.pl\/pl\/wp-json\/wp\/v2\/media\/11452"}],"wp:attachment":[{"href":"https:\/\/quantum.com.pl\/pl\/wp-json\/wp\/v2\/media?parent=6491"}],"wp:term":[{"taxonomy":"product_brand","embeddable":true,"href":"https:\/\/quantum.com.pl\/pl\/wp-json\/wp\/v2\/product_brand?post=6491"},{"taxonomy":"product_cat","embeddable":true,"href":"https:\/\/quantum.com.pl\/pl\/wp-json\/wp\/v2\/product_cat?post=6491"},{"taxonomy":"product_tag","embeddable":true,"href":"https:\/\/quantum.com.pl\/pl\/wp-json\/wp\/v2\/product_tag?post=6491"}],"curies":[{"name":"wp","href":"https:\/\/api.w.org\/{rel}","templated":true}]}}