{"id":6493,"date":"2019-12-09T14:16:36","date_gmt":"2019-12-09T13:16:36","guid":{"rendered":"https:\/\/quantum.com.pl\/?post_type=product&#038;p=6493"},"modified":"2020-08-25T23:23:14","modified_gmt":"2020-08-25T21:23:14","slug":"psmrc-m640f","status":"publish","type":"product","link":"https:\/\/quantum.com.pl\/pl\/product\/psmrc-m640f\/","title":{"rendered":"PSMRC-M640F"},"content":{"rendered":"<h4>Wbudowany modu\u0142 Freescale i.MX6 Cortex-A9 ARM<\/h4>\n<p><strong>Dane techniczne<\/strong><\/p>\n<ul>\n<li>Rodzina Freescale&#x2122; i.MX6, ARM&#x2122; Cortex-A9<\/li>\n<li>Bardzo niski pob\u00f3r mocy: 2 W (pojedynczy rdze\u0144) ~ 6 W (czterordzeniowy)<\/li>\n<li>Wsparcie d\u0142ugotrwa\u0142o\u015bci &#8211; ponad 10 lat<\/li>\n<li>Wbudowane akceleratory graficzne H \/ W, obs\u0142ugiwane Open GL ES2.0, Open VG1.1<\/li>\n<li>Obs\u0142uga 4 niezale\u017cnych wy\u015bwietlaczy, wieloformatowe kodowanie i dekodowanie<\/li>\n<\/ul>\n<p>Modu\u0142 PSMRC-M640F oparty na rodzinie Freescale&#x2122; i.MX6, ARM&#x2122; Cortex-A9, procesor Solo \/ Dual \/ Quad Core z wbudowanym 1 GB DDR3 (do 2 GB), 1-liniowy interfejs PCIe, VGA, HDMI, pojedynczy LVDS 1- ch lub dual LVDS (18\/24-bit) 2-ch i CAN Bus.<\/p>\n<p>Portwell PSMRC-M640F (6Q, 6D, 6S) jest zaprojektowany jako modu\u0142 procesora z form\u0105 SMARC (Smart Mobility ARChitecture). Opiera si\u0119 na wbudowanym procesorze Freescale i.MX6, procesorze ARM&#x2122; Cortex&#x2122; A9, jedno-, dwu- i czterordzeniowym. W po\u0142\u0105czeniu z zewn\u0119trznym standardowym urz\u0105dzeniem IO zaleca si\u0119 p\u0142yt\u0119 no\u015bn\u0105 PSMRC-300ARM w nast\u0119puj\u0105cym celu rozszerzenia: 4x UART, 1x magistrala CAN, interfejsy 1x VGA, 2 * LVDS, 1 * HDMI, 2 * SATA, 1 * LAN, 1 * SDIO.<\/p>\n","protected":false},"excerpt":{"rendered":"<p>Modu\u0142 PSMRC-M640F oparty na rodzinie Freescale&#x2122; i.MX6, ARM&#x2122; Cortex-A9, procesor Solo \/ Dual \/ Quad Core z wbudowanym 1 GB DDR3 (do 2 GB), 1-liniowy interfejs PCIe, VGA, HDMI, pojedynczy LVDS 1- ch lub dual LVDS (18\/24-bit) 2-ch i CAN Bus.<\/p>\n","protected":false},"featured_media":11268,"template":"","meta":{"_acf_changed":false,"inline_featured_image":false,"_monsterinsights_skip_tracking":false,"_monsterinsights_sitenote_active":false,"_monsterinsights_sitenote_note":"","_monsterinsights_sitenote_category":0},"product_brand":[],"product_cat":[973,1584,972,977],"product_tag":[],"class_list":{"0":"post-6493","1":"product","2":"type-product","3":"status-publish","4":"has-post-thumbnail","6":"product_cat-komputer-typu-com","7":"product_cat-komputery-jednoplytkowe-sbc-2","8":"product_cat-portwell-pl","9":"product_cat-smarc-pl","11":"first","12":"instock","13":"shipping-taxable","14":"product-type-simple"},"acf":[],"_links":{"self":[{"href":"https:\/\/quantum.com.pl\/pl\/wp-json\/wp\/v2\/product\/6493","targetHints":{"allow":["GET"]}}],"collection":[{"href":"https:\/\/quantum.com.pl\/pl\/wp-json\/wp\/v2\/product"}],"about":[{"href":"https:\/\/quantum.com.pl\/pl\/wp-json\/wp\/v2\/types\/product"}],"wp:featuredmedia":[{"embeddable":true,"href":"https:\/\/quantum.com.pl\/pl\/wp-json\/wp\/v2\/media\/11268"}],"wp:attachment":[{"href":"https:\/\/quantum.com.pl\/pl\/wp-json\/wp\/v2\/media?parent=6493"}],"wp:term":[{"taxonomy":"product_brand","embeddable":true,"href":"https:\/\/quantum.com.pl\/pl\/wp-json\/wp\/v2\/product_brand?post=6493"},{"taxonomy":"product_cat","embeddable":true,"href":"https:\/\/quantum.com.pl\/pl\/wp-json\/wp\/v2\/product_cat?post=6493"},{"taxonomy":"product_tag","embeddable":true,"href":"https:\/\/quantum.com.pl\/pl\/wp-json\/wp\/v2\/product_tag?post=6493"}],"curies":[{"name":"wp","href":"https:\/\/api.w.org\/{rel}","templated":true}]}}