{"id":6509,"date":"2019-12-09T14:25:39","date_gmt":"2019-12-09T13:25:39","guid":{"rendered":"https:\/\/quantum.com.pl\/?post_type=product&#038;p=6509"},"modified":"2020-05-20T21:22:25","modified_gmt":"2020-05-20T19:22:25","slug":"wade-8013","status":"publish","type":"product","link":"https:\/\/quantum.com.pl\/pl\/product\/wade-8013\/","title":{"rendered":"WADE-8013"},"content":{"rendered":"<h4>P\u0142yta Mini-ITX oparta na Intel Q77 PCH Dual Core\/Quad Core LGA 1155 CPU<\/h4>\n<p>&nbsp;<\/p>\n<p>P\u0142yta Mini-ITX oparta na chipsecie Q77 PCH z obs\u0142ug\u0105 procesora Intel\u00ae Next Gen. Dual Core\/Quad Core w pakiecie LGA 1155, z VGA\/DVI\/HDMI, dwoma GbE LAN, SATA i AMT 8.0.<\/p>\n<h4>Cechy szczeg\u00f3lne:<\/h4>\n<ul>\n<li>Dwu-\/czterordzeniowy procesor Intel\u00ae Next Gen w gnie\u017adzie LGA-1155<\/li>\n<li>Chipset Intel\u00ae Q77 PCH<\/li>\n<li>Dwa 240-pinowe gniazda DIMM obs\u0142uguj\u0105 dwukana\u0142ow\u0105 pami\u0119\u0107 DDR3 1333\/1600 SDRAM o pojemno\u015bci do 16GB<\/li>\n<li>Dual Display VGA\/DVI\/HDMI<\/li>\n<li>Jedno gniazdo rozszerze\u0144 PCI Express x16<\/li>\n<li>Cztery porty SATA (2x SATA 3Gb, 2x SATA 6Gb)<\/li>\n<li>Sze\u015b\u0107 port\u00f3w COM<\/li>\n<li>Jedno gniazdo Mini-PCIe, obs\u0142uguj\u0105ce interfejs mSATA<\/li>\n<li>(Intel\u00ae AMT 8.0)<\/li>\n<\/ul>\n","protected":false},"excerpt":{"rendered":"<p>P\u0142yta Mini-ITX oparta na chipsecie Q77 PCH z obs\u0142ug\u0105 procesora Intel\u00ae Next Gen. Dual Core\/Quad Core w pakiecie LGA 1155, z VGA\/DVI\/HDMI, dwoma GbE LAN, SATA i AMT 8.0.<\/p>\n","protected":false},"featured_media":11490,"template":"","meta":{"_acf_changed":false,"inline_featured_image":false,"_monsterinsights_skip_tracking":false,"_monsterinsights_sitenote_active":false,"_monsterinsights_sitenote_note":"","_monsterinsights_sitenote_category":0},"product_brand":[],"product_cat":[972,982,981],"product_tag":[],"class_list":{"0":"post-6509","1":"product","2":"type-product","3":"status-publish","4":"has-post-thumbnail","6":"product_cat-portwell-pl","7":"product_cat-plyty-mini-itx-pl","8":"product_cat-plyty-typu-embedded-pl","10":"first","11":"instock","12":"shipping-taxable","13":"product-type-simple"},"acf":[],"_links":{"self":[{"href":"https:\/\/quantum.com.pl\/pl\/wp-json\/wp\/v2\/product\/6509","targetHints":{"allow":["GET"]}}],"collection":[{"href":"https:\/\/quantum.com.pl\/pl\/wp-json\/wp\/v2\/product"}],"about":[{"href":"https:\/\/quantum.com.pl\/pl\/wp-json\/wp\/v2\/types\/product"}],"wp:featuredmedia":[{"embeddable":true,"href":"https:\/\/quantum.com.pl\/pl\/wp-json\/wp\/v2\/media\/11490"}],"wp:attachment":[{"href":"https:\/\/quantum.com.pl\/pl\/wp-json\/wp\/v2\/media?parent=6509"}],"wp:term":[{"taxonomy":"product_brand","embeddable":true,"href":"https:\/\/quantum.com.pl\/pl\/wp-json\/wp\/v2\/product_brand?post=6509"},{"taxonomy":"product_cat","embeddable":true,"href":"https:\/\/quantum.com.pl\/pl\/wp-json\/wp\/v2\/product_cat?post=6509"},{"taxonomy":"product_tag","embeddable":true,"href":"https:\/\/quantum.com.pl\/pl\/wp-json\/wp\/v2\/product_tag?post=6509"}],"curies":[{"name":"wp","href":"https:\/\/api.w.org\/{rel}","templated":true}]}}