{"id":6511,"date":"2019-12-09T14:45:41","date_gmt":"2019-12-09T13:45:41","guid":{"rendered":"https:\/\/quantum.com.pl\/?post_type=product&#038;p=6511"},"modified":"2020-08-25T23:23:13","modified_gmt":"2020-08-25T21:23:13","slug":"psmc-m1011","status":"publish","type":"product","link":"https:\/\/quantum.com.pl\/pl\/product\/psmc-m1011\/","title":{"rendered":"PSMC-M1011"},"content":{"rendered":"<h4>Modu\u0142 SMARC 2.0 oparty na procesorze Intel Atom E3900 obs\u0142uguj\u0105cy rozszerzon\u0105 temperatur\u0119 pracy<\/h4>\n<p><strong>Dane techniczne<\/strong><\/p>\n<ul>\n<li>Procesor Intel\u00ae Atom\u00ae z serii E3900, procesor Intel\u00ae Pentium\u00ae N4200, procesor Intel\u00ae Celeron\u00ae N3350<\/li>\n<li>Wbudowana pami\u0119\u0107 LPDDR4 SDRAM do 8 GB<\/li>\n<li>Obs\u0142uga potr\u00f3jnego wy\u015bwietlania za po\u015brednictwem 24-bitowego LVDS, HDMI i podw\u00f3jnego trybu DisplayPort (DP ++)<\/li>\n<li>Obs\u0142uga 4x PCIe x1 lub 1x PCIe x4 Gen2, 2x USB 3.0 i 6x USB 2.0<\/li>\n<li>Obs\u0142uga podw\u00f3jnego Gigabit Ethernet<\/li>\n<li>Obs\u0142uga 1x SATA III, pok\u0142adowy eMMC 5.0 do 64 GB, pok\u0142adowy TPM (opcjonalnie)<\/li>\n<li>Obs\u0142uguje rozszerzon\u0105 temperatur\u0119 pracy, od -40\u00b0C do 85\u00b0C<\/li>\n<\/ul>\n<p>Modu\u0142 PSMC-M1011 SMARC 2.0 zosta\u0142 zaprojektowany z procesorem Intel\u00ae Atom\u00ae z serii E3900, procesorem Intel\u00ae Pentium\u00ae N4200 i procesorem Intel\u00ae Celeron\u00ae N3350 (o nazwie kodowej Apollo Lake), charakteryzuj\u0105cy si\u0119 wysok\u0105 wydajno\u015bci\u0105 graficzn\u0105 i du\u017c\u0105 przepustowo\u015bci\u0105 pami\u0119ci. PSMC-M1011 obs\u0142uguje r\u00f3wnie\u017c rozszerzony zakres temperatur operacyjnych od -40\u00b0C do 85\u00b0C. Zbudowany z wykwalifikowanych komponent\u00f3w przemys\u0142owych, modu\u0142 SMMCC PSMC-M1011 2.0 jest idealnym elementem konstrukcyjnym do zastosowa\u0144 w automatyce, bezpiecze\u0144stwie, transporcie i r\u00f3\u017cnych trudnych warunkach.<\/p>\n\n<table id=\"tablepress-272\" class=\"tablepress tablepress-id-272\">\n<thead>\n<tr class=\"row-1\">\n\t<th class=\"column-1\"><strong>Specyfikacje<\/strong><\/th><td class=\"column-2\"><\/td>\n<\/tr>\n<\/thead>\n<tbody class=\"row-striping row-hover\">\n<tr class=\"row-2\">\n\t<td class=\"column-1\">Format<\/td><td class=\"column-2\">ETX<\/td>\n<\/tr>\n<tr class=\"row-3\">\n\t<td class=\"column-1\">Typ<\/td><td class=\"column-2\">Carrier<br \/>\n<\/td>\n<\/tr>\n<tr class=\"row-4\">\n\t<td class=\"column-1\">Przechowywanie <\/td><td class=\"column-2\">2x CompactFlash\u2122 Typ II sockets , 2x 40pin connector, 1x 34pin connector<br \/>\n<\/td>\n<\/tr>\n<tr class=\"row-5\">\n\t<td class=\"column-1\">Sie\u0107<\/td><td class=\"column-2\">1x RJ-45 connector<br \/>\n<\/td>\n<\/tr>\n<tr class=\"row-6\">\n\t<td class=\"column-1\">Interfejs magistrali<\/td><td class=\"column-2\">4x PCI\u2122 slot, 1x ISA slot<br \/>\n<\/td>\n<\/tr>\n<tr class=\"row-7\">\n\t<td class=\"column-1\">USB<\/td><td class=\"column-2\">4x porty USB 2.0<br \/>\n<\/td>\n<\/tr>\n<tr class=\"row-8\">\n\t<td class=\"column-1\">Audio<\/td><td class=\"column-2\">Line-in, Line-out, Mic-in<br \/>\n<\/td>\n<\/tr>\n<tr class=\"row-9\">\n\t<td class=\"column-1\">R\u00f3\u017cne<\/td><td class=\"column-2\">2x PS\/2, LPT<br \/>\n<\/td>\n<\/tr>\n<tr class=\"row-10\">\n\t<td class=\"column-1\">Oprogramowanie uk\u0142adowe<br \/>\n<\/td><td class=\"column-2\">zale\u017cy od modu\u0142u<br \/>\n<\/td>\n<\/tr>\n<tr class=\"row-11\">\n\t<td class=\"column-1\">Wsparcie systemu operacyjnego<br \/>\n<\/td><td class=\"column-2\">zale\u017cy od modu\u0142u<br \/>\n<\/td>\n<\/tr>\n<tr class=\"row-12\">\n\t<td class=\"column-1\">Wymaganie mocy<br \/>\n<\/td><td class=\"column-2\">Z\u0142\u0105cze zasilania 20-PIN ATX<br \/>\n<\/td>\n<\/tr>\n<tr class=\"row-13\">\n\t<td class=\"column-1\">Temperatura operacyjna<\/td><td class=\"column-2\">0\u00b0C do +60\u00b0C<br \/>\n<\/td>\n<\/tr>\n<tr class=\"row-14\">\n\t<td class=\"column-1\">Wymiary<\/td><td class=\"column-2\">244x244 mm<br \/>\n<\/td>\n<\/tr>\n<\/tbody>\n<\/table>\n<!-- #tablepress-272 from cache -->\n","protected":false},"excerpt":{"rendered":"<p>Modu\u0142 PSMC-M1011 SMARC 2.0 zosta\u0142 zaprojektowany z procesorem Intel\u00ae Atom\u00ae z serii E3900, procesorem Intel\u00ae Pentium\u00ae N4200 i procesorem Intel\u00ae Celeron\u00ae N3350 (o nazwie kodowej Apollo Lake), charakteryzuj\u0105cy si\u0119 wysok\u0105 wydajno\u015bci\u0105 graficzn\u0105 i du\u017c\u0105 przepustowo\u015bci\u0105 pami\u0119ci.<\/p>\n","protected":false},"featured_media":11260,"template":"","meta":{"_acf_changed":false,"inline_featured_image":false,"_monsterinsights_skip_tracking":false,"_monsterinsights_sitenote_active":false,"_monsterinsights_sitenote_note":"","_monsterinsights_sitenote_category":0},"product_brand":[],"product_cat":[973,1584,972,977],"product_tag":[],"class_list":{"0":"post-6511","1":"product","2":"type-product","3":"status-publish","4":"has-post-thumbnail","6":"product_cat-komputer-typu-com","7":"product_cat-komputery-jednoplytkowe-sbc-2","8":"product_cat-portwell-pl","9":"product_cat-smarc-pl","11":"first","12":"instock","13":"shipping-taxable","14":"product-type-simple"},"acf":[],"_links":{"self":[{"href":"https:\/\/quantum.com.pl\/pl\/wp-json\/wp\/v2\/product\/6511","targetHints":{"allow":["GET"]}}],"collection":[{"href":"https:\/\/quantum.com.pl\/pl\/wp-json\/wp\/v2\/product"}],"about":[{"href":"https:\/\/quantum.com.pl\/pl\/wp-json\/wp\/v2\/types\/product"}],"wp:featuredmedia":[{"embeddable":true,"href":"https:\/\/quantum.com.pl\/pl\/wp-json\/wp\/v2\/media\/11260"}],"wp:attachment":[{"href":"https:\/\/quantum.com.pl\/pl\/wp-json\/wp\/v2\/media?parent=6511"}],"wp:term":[{"taxonomy":"product_brand","embeddable":true,"href":"https:\/\/quantum.com.pl\/pl\/wp-json\/wp\/v2\/product_brand?post=6511"},{"taxonomy":"product_cat","embeddable":true,"href":"https:\/\/quantum.com.pl\/pl\/wp-json\/wp\/v2\/product_cat?post=6511"},{"taxonomy":"product_tag","embeddable":true,"href":"https:\/\/quantum.com.pl\/pl\/wp-json\/wp\/v2\/product_tag?post=6511"}],"curies":[{"name":"wp","href":"https:\/\/api.w.org\/{rel}","templated":true}]}}