{"id":6532,"date":"2019-12-09T15:14:39","date_gmt":"2019-12-09T14:14:39","guid":{"rendered":"https:\/\/quantum.com.pl\/?post_type=product&#038;p=6532"},"modified":"2020-08-25T23:23:13","modified_gmt":"2020-08-25T21:23:13","slug":"psmc-m640f2","status":"publish","type":"product","link":"https:\/\/quantum.com.pl\/pl\/product\/psmc-m640f2\/","title":{"rendered":"PSMC-M640F2"},"content":{"rendered":"<h4>Modu\u0142 SMARC 2.0 oparty na procesorach aplikacyjnych NXP i.MX 6<\/h4>\n<p><strong>Dane techniczne<\/strong><\/p>\n<ul>\n<li>NXP\u00ae i.MX 6Solo \/ 6DualLite (pojedynczy \/ podw\u00f3jny Cortex\u00ae-A9 do 1,0 GHz) lub i.MX 6Dual \/ 6Quad \u200b\u200b(podw\u00f3jny \/ poczw\u00f3rny Cortex\u00ae-A9 do 1,2 GHz)<\/li>\n<li>Wbudowana pami\u0119\u0107 DDR3L DRAM od 512 MB do 2 GB<\/li>\n<li>Obs\u0142uga potr\u00f3jnego wy\u015bwietlacza (HDMI, LVDS, MIPI-DSI)<\/li>\n<li>Dwa porty LAN, do 5x USB 2.0 (w tym 1x OTG)<\/li>\n<li>Do 64 GB eMMC, 1x gniazdo karty SD, 1x SD \/ MMC. 1x SATA 3Gb \/ s<\/li>\n<li>Obs\u0142uguje szeroki zakres napi\u0119cia wej\u015bciowego (3 ~ 5,25 VDC)<\/li>\n<\/ul>\n<p>PSMC-M640F2 firmy Portwell zosta\u0142 zaprojektowany z procesorami aplikacji NXP\u00ae i.MX 6, kt\u00f3re \u0142\u0105cz\u0105 skalowalne platformy z szerokimi poziomami integracji i energooszcz\u0119dnymi mo\u017cliwo\u015bciami przetwarzania, szczeg\u00f3lnie przydatnymi w aplikacjach multimedialnych na arenie automatyki dla rozwi\u0105za\u0144 przemys\u0142owych, motoryzacyjnych i konsumenckich. Wraz z rozszerzonym wsparciem zakresu napi\u0119cia wej\u015bciowego (3 ~ 5,25 VDC), obs\u0142ug\u0105 ma\u0142ej mocy DDR3, drug\u0105 funkcj\u0105 GbE LAN i interfejsem z\u0142\u0105cza karty microSD, docelowe aplikacje modu\u0142u PSMC-M640F2 SMARC 2.0 obejmuj\u0105 jednostki HMI do maszyn oraz pojazdy, tablety przemys\u0142owe, system nagrywania z nadzoru, system surround, system multi-view i wysokiej klasy sprz\u0119t AGD, a tak\u017ce aplikacje multimedialne \/ rozrywkowe w lotnictwie i transporcie.<\/p>\n\n<table id=\"tablepress-274\" class=\"tablepress tablepress-id-274\">\n<thead>\n<tr class=\"row-1\">\n\t<th class=\"column-1\">CPU<\/th><th class=\"column-2\">Intel\u00ae Core\u2122 i7-4700EQ Processor (4 x 2.40 GHz \/ 3.40 GHz, 6 MB SmartCache, 47 W)<br \/>\nIntel\u00ae Core\u2122 i5-4402E Processor (2 x 1.60 GHz, 3 MB SmartCache, 25 W)<br \/>\nIntel\u00ae Core\u2122 i3-4112E Processor (2 x 1.80 GHz, 3 MB SmartCache, 25 W)<br \/>\nIntel\u00ae Celeron\u00ae Processor 2000E (2 x 2.20 GHz, 2 MB SmartCache, 37 W)<\/th>\n<\/tr>\n<\/thead>\n<tbody class=\"row-striping row-hover\">\n<tr class=\"row-2\">\n\t<td class=\"column-1\">Technology<\/td><td class=\"column-2\">x86<br \/>\n<\/td>\n<\/tr>\n<tr class=\"row-3\">\n\t<td class=\"column-1\">Format<\/td><td class=\"column-2\">Mini-ITX<br \/>\n<\/td>\n<\/tr>\n<tr class=\"row-4\">\n\t<td class=\"column-1\">Chipset<\/td><td class=\"column-2\">Intel\u00ae QM87 (2.7 W)<br \/>\n<\/td>\n<\/tr>\n<tr class=\"row-5\">\n\t<td class=\"column-1\">DRAM<\/td><td class=\"column-2\">Up to 16 GB DDR3L SO-DIMM non ECC<br \/>\n<\/td>\n<\/tr>\n<tr class=\"row-6\">\n\t<td class=\"column-1\">Graphic Controller<\/td><td class=\"column-2\">Intel\u00ae HD Graphics 4600 (CPU)<br \/>\n<\/td>\n<\/tr>\n<tr class=\"row-7\">\n\t<td class=\"column-1\">Display Interface<\/td><td class=\"column-2\">DVI-I (1920x1200),HDMI (4096 x 2304), DP (2500x1600), VGA via DVI-I (1920 x 1200), 24bit LVDS (1600 x 1200)<br \/>\n<\/td>\n<\/tr>\n<tr class=\"row-8\">\n\t<td class=\"column-1\">Storage<\/td><td class=\"column-2\">4x SATA III (6.0Gb\/s), 1x (CFEX)<br \/>\n<\/td>\n<\/tr>\n<tr class=\"row-9\">\n\t<td class=\"column-1\">Network<\/td><td class=\"column-2\">1x GbE Intel\u00ae WGI217LM, 1x GbE Intel\u00ae WGI210AT<br \/>\n<\/td>\n<\/tr>\n<tr class=\"row-10\">\n\t<td class=\"column-1\">Expansion<\/td><td class=\"column-2\">1x Full-Size mini PCIe (USB, PCIe), 1x Half-Size mini PCIe (PCIe, mSATA), 1x PCIe x1 golden finger (Gen2)<br \/>\n<\/td>\n<\/tr>\n<tr class=\"row-11\">\n\t<td class=\"column-1\">Bus Interface<\/td><td class=\"column-2\">1x PCI-Express x16 slot, 1x PCIe x1 Golden Finger, LPC support<br \/>\n<\/td>\n<\/tr>\n<tr class=\"row-12\">\n\t<td class=\"column-1\">Serial Interface<\/td><td class=\"column-2\">5x RS232, 1x RS232\/422\/485<br \/>\n<\/td>\n<\/tr>\n<tr class=\"row-13\">\n\t<td class=\"column-1\">USB<\/td><td class=\"column-2\">4x USB 3.0, 6x USB 2.0<br \/>\n<\/td>\n<\/tr>\n<tr class=\"row-14\">\n\t<td class=\"column-1\">Audio<\/td><td class=\"column-2\">Intel\u00ae HD Audio, Realtek ALC886<br \/>\n<\/td>\n<\/tr>\n<tr class=\"row-15\">\n\t<td class=\"column-1\">Security<\/td><td class=\"column-2\">TPM Module<br \/>\n<\/td>\n<\/tr>\n<tr class=\"row-16\">\n\t<td class=\"column-1\">Miscellaneous<\/td><td class=\"column-2\">2x PS\/2 via pin header, GPIO 8bit,Watchdog Timer,HW monitoring temperature &amp; voltage<br \/>\n<\/td>\n<\/tr>\n<tr class=\"row-17\">\n\t<td class=\"column-1\">Firmware<\/td><td class=\"column-2\">Phoenix BIOS (SPI ROM)<br \/>\n<\/td>\n<\/tr>\n<tr class=\"row-18\">\n\t<td class=\"column-1\">Power Requirement<\/td><td class=\"column-2\">ACPI 3.0 \/ APM 1.2<br \/>\n<\/td>\n<\/tr>\n<tr class=\"row-19\">\n\t<td class=\"column-1\">Power from W<\/td><td class=\"column-2\">12V to 24V DC<br \/>\n<\/td>\n<\/tr>\n<tr class=\"row-20\">\n\t<td class=\"column-1\">Operating Temperature<\/td><td class=\"column-2\">0\u00b0C - 60\u00b0C<br \/>\n<\/td>\n<\/tr>\n<tr class=\"row-21\">\n\t<td class=\"column-1\">Dimensions<\/td><td class=\"column-2\">170x170 mm<br \/>\n<\/td>\n<\/tr>\n<tr class=\"row-22\">\n\t<td class=\"column-1\">MTBF<\/td><td class=\"column-2\">Over 120,000hrs at 40\u00b0C<br \/>\n<\/td>\n<\/tr>\n<\/tbody>\n<\/table>\n<!-- #tablepress-274 from cache -->\n","protected":false},"excerpt":{"rendered":"<p>PSMC-M640F2 firmy Portwell zosta\u0142 zaprojektowany z procesorami aplikacji NXP\u00ae i.MX 6, kt\u00f3re \u0142\u0105cz\u0105 skalowalne platformy z szerokimi poziomami integracji i energooszcz\u0119dnymi mo\u017cliwo\u015bciami przetwarzania, szczeg\u00f3lnie przydatnymi w aplikacjach multimedialnych na arenie automatyki dla rozwi\u0105za\u0144 przemys\u0142owych, motoryzacyjnych i konsumenckich.<\/p>\n","protected":false},"featured_media":11262,"template":"","meta":{"_acf_changed":false,"inline_featured_image":false,"_monsterinsights_skip_tracking":false,"_monsterinsights_sitenote_active":false,"_monsterinsights_sitenote_note":"","_monsterinsights_sitenote_category":0},"product_brand":[],"product_cat":[973,1584,972,977],"product_tag":[],"class_list":{"0":"post-6532","1":"product","2":"type-product","3":"status-publish","4":"has-post-thumbnail","6":"product_cat-komputer-typu-com","7":"product_cat-komputery-jednoplytkowe-sbc-2","8":"product_cat-portwell-pl","9":"product_cat-smarc-pl","11":"first","12":"instock","13":"shipping-taxable","14":"product-type-simple"},"acf":[],"_links":{"self":[{"href":"https:\/\/quantum.com.pl\/pl\/wp-json\/wp\/v2\/product\/6532","targetHints":{"allow":["GET"]}}],"collection":[{"href":"https:\/\/quantum.com.pl\/pl\/wp-json\/wp\/v2\/product"}],"about":[{"href":"https:\/\/quantum.com.pl\/pl\/wp-json\/wp\/v2\/types\/product"}],"wp:featuredmedia":[{"embeddable":true,"href":"https:\/\/quantum.com.pl\/pl\/wp-json\/wp\/v2\/media\/11262"}],"wp:attachment":[{"href":"https:\/\/quantum.com.pl\/pl\/wp-json\/wp\/v2\/media?parent=6532"}],"wp:term":[{"taxonomy":"product_brand","embeddable":true,"href":"https:\/\/quantum.com.pl\/pl\/wp-json\/wp\/v2\/product_brand?post=6532"},{"taxonomy":"product_cat","embeddable":true,"href":"https:\/\/quantum.com.pl\/pl\/wp-json\/wp\/v2\/product_cat?post=6532"},{"taxonomy":"product_tag","embeddable":true,"href":"https:\/\/quantum.com.pl\/pl\/wp-json\/wp\/v2\/product_tag?post=6532"}],"curies":[{"name":"wp","href":"https:\/\/api.w.org\/{rel}","templated":true}]}}