{"id":6552,"date":"2019-12-09T15:31:00","date_gmt":"2019-12-09T14:31:00","guid":{"rendered":"https:\/\/quantum.com.pl\/?post_type=product&#038;p=6552"},"modified":"2020-11-20T09:38:24","modified_gmt":"2020-11-20T08:38:24","slug":"wade-8011","status":"publish","type":"product","link":"https:\/\/quantum.com.pl\/pl\/product\/wade-8011\/","title":{"rendered":"WADE-8011"},"content":{"rendered":"<h4>Mini-ITX, chipset Intel C206, Xeon E3-1255 z HDMI\/DVI\/VGA SATA RAID<\/h4>\n<p>&nbsp;<\/p>\n<p>P\u0142yta Mini-ITX Intel\u00ae, oparta na chipsecie Intel C206, z obs\u0142ug\u0105 procesora Intel\u00ae Xeon&#x2122; E3-1225 LGA-1155, z VGA\/DVI\/HDMI, dwoma GbE LAN, SATA RAID i AMT 7.0.<\/p>\n<h4>Cechy szczeg\u00f3lne:<\/h4>\n<ul>\n<li>Procesor Intel\u00ae Xeon&#x2122; E3-1225 w gnie\u017adzie LGA-1155<\/li>\n<li>Chipset Intel\u00ae C206 PCH<\/li>\n<li>Dwa 240-pinowe gniazda DIMM dwukana\u0142owo obs\u0142uguj\u0105 pami\u0119\u0107 DDR3 SDRAM o pojemno\u015bci do 16GB<\/li>\n<li>Dual Display VGA\/DVI\/HDMI<\/li>\n<li>Technologia Intel\u00ae Active Managment Technology (Intel\u00ae AMT 7.0)<\/li>\n<\/ul>\n","protected":false},"excerpt":{"rendered":"<p>P\u0142yta Mini-ITX Intel\u00ae, oparta na chipsecie Intel C206, z obs\u0142ug\u0105 procesora Intel\u00ae Xeon&#x2122; E3-1225 LGA-1155, z VGA\/DVI\/HDMI, dwoma GbE LAN, SATA RAID i AMT 7.0.<\/p>\n","protected":false},"featured_media":11486,"template":"","meta":{"_acf_changed":false,"inline_featured_image":false,"_monsterinsights_skip_tracking":false,"_monsterinsights_sitenote_active":false,"_monsterinsights_sitenote_note":"","_monsterinsights_sitenote_category":0},"product_brand":[],"product_cat":[972,982,981],"product_tag":[],"class_list":{"0":"post-6552","1":"product","2":"type-product","3":"status-publish","4":"has-post-thumbnail","6":"product_cat-portwell-pl","7":"product_cat-plyty-mini-itx-pl","8":"product_cat-plyty-typu-embedded-pl","10":"first","11":"instock","12":"shipping-taxable","13":"product-type-simple"},"acf":[],"_links":{"self":[{"href":"https:\/\/quantum.com.pl\/pl\/wp-json\/wp\/v2\/product\/6552","targetHints":{"allow":["GET"]}}],"collection":[{"href":"https:\/\/quantum.com.pl\/pl\/wp-json\/wp\/v2\/product"}],"about":[{"href":"https:\/\/quantum.com.pl\/pl\/wp-json\/wp\/v2\/types\/product"}],"wp:featuredmedia":[{"embeddable":true,"href":"https:\/\/quantum.com.pl\/pl\/wp-json\/wp\/v2\/media\/11486"}],"wp:attachment":[{"href":"https:\/\/quantum.com.pl\/pl\/wp-json\/wp\/v2\/media?parent=6552"}],"wp:term":[{"taxonomy":"product_brand","embeddable":true,"href":"https:\/\/quantum.com.pl\/pl\/wp-json\/wp\/v2\/product_brand?post=6552"},{"taxonomy":"product_cat","embeddable":true,"href":"https:\/\/quantum.com.pl\/pl\/wp-json\/wp\/v2\/product_cat?post=6552"},{"taxonomy":"product_tag","embeddable":true,"href":"https:\/\/quantum.com.pl\/pl\/wp-json\/wp\/v2\/product_tag?post=6552"}],"curies":[{"name":"wp","href":"https:\/\/api.w.org\/{rel}","templated":true}]}}