{"id":6569,"date":"2019-12-09T15:53:47","date_gmt":"2019-12-09T14:53:47","guid":{"rendered":"https:\/\/quantum.com.pl\/?post_type=product&#038;p=6569"},"modified":"2020-05-20T21:16:12","modified_gmt":"2020-05-20T19:16:12","slug":"wade-8022","status":"publish","type":"product","link":"https:\/\/quantum.com.pl\/pl\/product\/wade-8022\/","title":{"rendered":"WADE-8022"},"content":{"rendered":"<h4>P\u0142yta g\u0142\u00f3wna Mini-ITX Intel Core i3\/i5\/i7 Mobile QM87<\/h4>\n<p>&nbsp;<\/p>\n<p>WADE-8022 jest oparta na chipsecie Intel\u00ae Mobile QM87, kt\u00f3ry dobrze wsp\u00f3\u0142pracuje z mobilnymi technologiami procesor\u00f3w Intel\u00ae 4. generacji Celeron, Core&#x2122; i3\/i5\/i7 (BGA), zdolnymi do dwukana\u0142owej obs\u0142ugi pami\u0119ci DDR3. Dzi\u0119ki tym funkcjom, WADE-8022 jest idealnym rozwi\u0105zaniem dla aplikacji POS, loterii, medycyny, gier, zastosowa\u0144 High Resolution Digital Signage, monitorowania bezpiecze\u0144stwa i aplikacji kioskowych.<\/p>\n<h4>Cechy szczeg\u00f3lne:<\/h4>\n<ul>\n<li>Procesor Mobile (BGA) Intel\u00ae 4. generacji Celeron\u00ae, Core&#x2122; i3\/i5\/i7<\/li>\n<li>Chipset Intel\u00ae QM87<\/li>\n<li>Dwa modu\u0142y DIMM dwukana\u0142owo obs\u0142uguj\u0105 modu\u0142 DDR3 SO-DIMM o pojemno\u015bci do 16GB<\/li>\n<li>Jedno gniazdo rozszerze\u0144 PCI-Express x16<\/li>\n<li>Jedno gniazdo Mini-PCIe<\/li>\n<li>Pi\u0119\u0107 port\u00f3w RS232 i jeden port RS232\/422\/485<\/li>\n<li>Cztery porty SATA (6Gb)<\/li>\n<li>Obs\u0142uga RAID 0, 1, 5, 10<\/li>\n<li>Multiple Display DVI-I\/DP\/HDMI\/LVDS (24 bity)<\/li>\n<\/ul>\n<h4>Specyfikacja:<\/h4>\n\n<table id=\"tablepress-278\" class=\"tablepress tablepress-id-278\">\n<thead>\n<tr class=\"row-1\">\n\t<th class=\"column-1\"><strong>Specification<\/strong><\/th><td class=\"column-2\"><\/td>\n<\/tr>\n<\/thead>\n<tbody class=\"row-striping row-hover\">\n<tr class=\"row-2\">\n\t<td class=\"column-1\">Technology<\/td><td class=\"column-2\">x86<br \/>\n<\/td>\n<\/tr>\n<tr class=\"row-3\">\n\t<td class=\"column-1\">Audio<\/td><td class=\"column-2\">Tempo Semiconductor 92HD73C HD Audio<br \/>\n<\/td>\n<\/tr>\n<tr class=\"row-4\">\n\t<td class=\"column-1\">Miscellaneous<\/td><td class=\"column-2\">2x PS\/2, LPT,Watchdog Timer,HW monitoring CPU, voltage, fan and temperature<br \/>\n<br \/>\n<\/td>\n<\/tr>\n<tr class=\"row-5\">\n\t<td class=\"column-1\">Firmware<\/td><td class=\"column-2\">System Management BIOS (SMBIOS)<br \/>\n<br \/>\n<\/td>\n<\/tr>\n<tr class=\"row-6\">\n\t<td class=\"column-1\">Power Requirement\t<br \/>\n<\/td><td class=\"column-2\">+5V DC \u00b15%<br \/>\n<\/td>\n<\/tr>\n<tr class=\"row-7\">\n\t<td class=\"column-1\">Power from W<\/td><td class=\"column-2\">< 5 W<br \/>\n<\/td>\n<\/tr>\n<tr class=\"row-8\">\n\t<td class=\"column-1\">Power to W<\/td><td class=\"column-2\">5 W<br \/>\n<\/td>\n<\/tr>\n<tr class=\"row-9\">\n\t<td class=\"column-1\">Operating Temperature<\/td><td class=\"column-2\">-40\u00b0C to +85\u00b0C<br \/>\n<\/td>\n<\/tr>\n<tr class=\"row-10\">\n\t<td class=\"column-1\">Extended Temperature<\/td><td class=\"column-2\">-40\u00b0C to +85\u00b0C<br \/>\n<\/td>\n<\/tr>\n<tr class=\"row-11\">\n\t<td class=\"column-1\">USB<\/td><td class=\"column-2\">4x USB 2.0<br \/>\n<\/td>\n<\/tr>\n<tr class=\"row-12\">\n\t<td class=\"column-1\">Serial Interface<\/td><td class=\"column-2\">2x<br \/>\n<\/td>\n<\/tr>\n<tr class=\"row-13\">\n\t<td class=\"column-1\">Bus Interface<\/td><td class=\"column-2\">1x, SMBus, I2C, ISA Bus<br \/>\n<\/td>\n<\/tr>\n<tr class=\"row-14\">\n\t<td class=\"column-1\">Format<\/td><td class=\"column-2\">ETX<\/td>\n<\/tr>\n<tr class=\"row-15\">\n\t<td class=\"column-1\">Chipset<\/td><td class=\"column-2\">SoC (System-On-Chip)<br \/>\n<\/td>\n<\/tr>\n<tr class=\"row-16\">\n\t<td class=\"column-1\">DRAM<\/td><td class=\"column-2\">Up to 2GB DDR3 memory on board<br \/>\n<br \/>\n<\/td>\n<\/tr>\n<tr class=\"row-17\">\n\t<td class=\"column-1\">Graphic Controller<\/td><td class=\"column-2\">GPU integrated in CPU<br \/>\n<br \/>\n<\/td>\n<\/tr>\n<tr class=\"row-18\">\n\t<td class=\"column-1\">Display Interface\t<br \/>\n<\/td><td class=\"column-2\">VGA (1920x1440), 24bit LVDS(DS90C187) 1920x1200<br \/>\n<\/td>\n<\/tr>\n<tr class=\"row-19\">\n\t<td class=\"column-1\">Storage<\/td><td class=\"column-2\">1x (Primary), 1x SATA II 1x on board SATA SSD (Optional)<br \/>\n<br \/>\n<\/td>\n<\/tr>\n<tr class=\"row-20\">\n\t<td class=\"column-1\">Network<\/td><td class=\"column-2\">1x 10\/100 Ethernet (Realtek RTL8119I)<br \/>\n<\/td>\n<\/tr>\n<tr class=\"row-21\">\n\t<td class=\"column-1\">Dimensions<\/td><td class=\"column-2\">114x95 mm<br \/>\n<\/td>\n<\/tr>\n<\/tbody>\n<\/table>\n<!-- #tablepress-278 from cache -->\n","protected":false},"excerpt":{"rendered":"<p>P\u0142yta Intel\u00ae Mini-ITX oparta na chipsecie QM87 PCH z obs\u0142ug\u0105 Intel<sup>\u00ae<\/sup> Mobile 4. generacji Celeron, procesor i3\/i5\/i7 (BGA) z LVDS (24 bity)\/DVI-I\/DP\/HDMI, dwa LAN GbE i SATA.<\/p>\n","protected":false},"featured_media":11462,"template":"","meta":{"_acf_changed":false,"inline_featured_image":false,"_monsterinsights_skip_tracking":false,"_monsterinsights_sitenote_active":false,"_monsterinsights_sitenote_note":"","_monsterinsights_sitenote_category":0},"product_brand":[],"product_cat":[972,982,981],"product_tag":[],"class_list":{"0":"post-6569","1":"product","2":"type-product","3":"status-publish","4":"has-post-thumbnail","6":"product_cat-portwell-pl","7":"product_cat-plyty-mini-itx-pl","8":"product_cat-plyty-typu-embedded-pl","10":"first","11":"instock","12":"shipping-taxable","13":"product-type-simple"},"acf":[],"_links":{"self":[{"href":"https:\/\/quantum.com.pl\/pl\/wp-json\/wp\/v2\/product\/6569","targetHints":{"allow":["GET"]}}],"collection":[{"href":"https:\/\/quantum.com.pl\/pl\/wp-json\/wp\/v2\/product"}],"about":[{"href":"https:\/\/quantum.com.pl\/pl\/wp-json\/wp\/v2\/types\/product"}],"wp:featuredmedia":[{"embeddable":true,"href":"https:\/\/quantum.com.pl\/pl\/wp-json\/wp\/v2\/media\/11462"}],"wp:attachment":[{"href":"https:\/\/quantum.com.pl\/pl\/wp-json\/wp\/v2\/media?parent=6569"}],"wp:term":[{"taxonomy":"product_brand","embeddable":true,"href":"https:\/\/quantum.com.pl\/pl\/wp-json\/wp\/v2\/product_brand?post=6569"},{"taxonomy":"product_cat","embeddable":true,"href":"https:\/\/quantum.com.pl\/pl\/wp-json\/wp\/v2\/product_cat?post=6569"},{"taxonomy":"product_tag","embeddable":true,"href":"https:\/\/quantum.com.pl\/pl\/wp-json\/wp\/v2\/product_tag?post=6569"}],"curies":[{"name":"wp","href":"https:\/\/api.w.org\/{rel}","templated":true}]}}