{"id":6583,"date":"2019-12-09T16:08:39","date_gmt":"2019-12-09T15:08:39","guid":{"rendered":"https:\/\/quantum.com.pl\/?post_type=product&#038;p=6583"},"modified":"2020-11-20T09:42:54","modified_gmt":"2020-11-20T08:42:54","slug":"wade-8020","status":"publish","type":"product","link":"https:\/\/quantum.com.pl\/pl\/product\/wade-8020\/","title":{"rendered":"WADE-8020"},"content":{"rendered":"<h4>P\u0142yta Mini-ITX, Intel i3\/i5\/i7 Mobile CPU, chipset QM57, podw\u00f3jny Gigabit Ethernet, DDR3 SO-DIMM<\/h4>\n<p>&nbsp;<\/p>\n<p>WADE-8020 oparta jest na chipsecie Intel\u00ae Mobile QM57 i wykorzystuje technologie procesor\u00f3w mobilnych Intel\u00ae Core&#x2122; i3\/i5\/i7, kt\u00f3re mog\u0105 dwukana\u0142owo obs\u0142ugiwa\u0107 pami\u0119\u0107 DDR3. Oferuje dwa porty Gigabit Ethernet, jedno gniazdo rozszerze\u0144 PCI-Express x1, jedno gniazdo PCI i jedno gniazdo Mini PCI. WADE-8020 jest idealn\u0105 platform\u0105 do zastosowa\u0144 POS, loterii, medycyny, gier, zastosowa\u0144 High Resolution Digital Signage, monitorowania bezpiecze\u0144stwa i aplikacji kioskowych.<\/p>\n<h4>Cechy szczeg\u00f3lne:<\/h4>\n<ul>\n<li>Procesor Mobile Intel\u00ae Core&#x2122; i3\/i5\/i7<\/li>\n<li>Chipset Intel\u00ae QM57<\/li>\n<li>Dwa SO-DIMM dwukana\u0142owo obs\u0142uguj\u0105 pami\u0119\u0107 DDR3 SDRAM o pojemno\u015bci do 8GB<\/li>\n<li>Dual Display VGA\/DVI\/HDMI\/LVDS<\/li>\n<li>Technologia Intel\u00ae Active Managment Technology (Intel\u00ae AMT) 6.0<\/li>\n<\/ul>\n","protected":false},"excerpt":{"rendered":"<p>P\u0142yta Mini-ITX Intel\u00ae oparta na chipsecie QM57 z obs\u0142ug\u0105 procesora Intel\u00ae Core&#x2122; i3\/i5\/i7 Mobile, z wy\u015bwietlaniem VGA\/DVI\/HDMI\/LVDS, dwoma GbE LAN, SATA RAID oraz iAMT 6.0<\/p>\n<p>&nbsp;<\/p>\n","protected":false},"featured_media":11458,"template":"","meta":{"_acf_changed":false,"inline_featured_image":false,"_monsterinsights_skip_tracking":false,"_monsterinsights_sitenote_active":false,"_monsterinsights_sitenote_note":"","_monsterinsights_sitenote_category":0},"product_brand":[],"product_cat":[972,982,981],"product_tag":[],"class_list":{"0":"post-6583","1":"product","2":"type-product","3":"status-publish","4":"has-post-thumbnail","6":"product_cat-portwell-pl","7":"product_cat-plyty-mini-itx-pl","8":"product_cat-plyty-typu-embedded-pl","10":"first","11":"instock","12":"shipping-taxable","13":"product-type-simple"},"acf":[],"_links":{"self":[{"href":"https:\/\/quantum.com.pl\/pl\/wp-json\/wp\/v2\/product\/6583","targetHints":{"allow":["GET"]}}],"collection":[{"href":"https:\/\/quantum.com.pl\/pl\/wp-json\/wp\/v2\/product"}],"about":[{"href":"https:\/\/quantum.com.pl\/pl\/wp-json\/wp\/v2\/types\/product"}],"wp:featuredmedia":[{"embeddable":true,"href":"https:\/\/quantum.com.pl\/pl\/wp-json\/wp\/v2\/media\/11458"}],"wp:attachment":[{"href":"https:\/\/quantum.com.pl\/pl\/wp-json\/wp\/v2\/media?parent=6583"}],"wp:term":[{"taxonomy":"product_brand","embeddable":true,"href":"https:\/\/quantum.com.pl\/pl\/wp-json\/wp\/v2\/product_brand?post=6583"},{"taxonomy":"product_cat","embeddable":true,"href":"https:\/\/quantum.com.pl\/pl\/wp-json\/wp\/v2\/product_cat?post=6583"},{"taxonomy":"product_tag","embeddable":true,"href":"https:\/\/quantum.com.pl\/pl\/wp-json\/wp\/v2\/product_tag?post=6583"}],"curies":[{"name":"wp","href":"https:\/\/api.w.org\/{rel}","templated":true}]}}