{"id":6593,"date":"2019-12-09T16:26:15","date_gmt":"2019-12-09T15:26:15","guid":{"rendered":"https:\/\/quantum.com.pl\/?post_type=product&#038;p=6593"},"modified":"2020-05-20T21:18:36","modified_gmt":"2020-05-20T19:18:36","slug":"wade-8079","status":"publish","type":"product","link":"https:\/\/quantum.com.pl\/pl\/product\/wade-8079\/","title":{"rendered":"WADE-8079"},"content":{"rendered":"<h4>P\u0142yta Mini-ITX, Intel Bay Trail Celeron J1900 i Atom E3800 Quad Core CPU<\/h4>\n<p>&nbsp;<\/p>\n<p>WADE-8079 jest oparta na rodzinie procesor\u00f3w Intel\u00ae Bay Trail Celeron\u00ae J1900 i Atom&#x2122; E3800 ze zintegrowanymi pami\u0119ci\u0105 i kontrolerem PCI Express do dwukana\u0142owej obs\u0142ugi pami\u0119ci DDR3L i linii PCI Express 2.0.<\/p>\n<p>Portwell, korzystaj\u0105c z odpowiedniej technologii, dostarcza seri\u0119 produkt\u00f3w, kt\u00f3re spe\u0142niaj\u0105 wiele wymaga\u0144 przemys\u0142owych pod wzgl\u0119dem op\u0142acalno\u015bci, niezawodnej wydajno\u015bci oraz wysokiego poziomu integralno\u015bci danych i czasu sprawno\u015bci.<\/p>\n<h4>Cechy szczeg\u00f3lne:<\/h4>\n<ul>\n<li>Rodzina procesor\u00f3w Intel\u00ae Bay Trail Celeron\u00ae J1900 i Atom&#x2122; E3800<\/li>\n<li>Dwukana\u0142owa obs\u0142uga pami\u0119ci SDRAM DDR3L 1066\/1333MT\/s do 8GB<\/li>\n<li>Obs\u0142uga VGA\/DVI\/DP i LVDS<\/li>\n<li>2 porty SATA II<\/li>\n<li>USB 3.0<\/li>\n<\/ul>\n<h4>Specyfikacja:<\/h4>\n\n<table id=\"tablepress-279\" class=\"tablepress tablepress-id-279\">\n<thead>\n<tr class=\"row-1\">\n\t<th class=\"column-1\"><strong>Specification<\/strong><\/th><td class=\"column-2\"><\/td>\n<\/tr>\n<\/thead>\n<tbody class=\"row-striping row-hover\">\n<tr class=\"row-2\">\n\t<td class=\"column-1\">CPU<\/td><td class=\"column-2\">N\/A<br \/>\n<br \/>\n<\/td>\n<\/tr>\n<tr class=\"row-3\">\n\t<td class=\"column-1\">Format<\/td><td class=\"column-2\">Micro-ATX form factor<br \/>\n<\/td>\n<\/tr>\n<tr class=\"row-4\">\n\t<td class=\"column-1\">Type<\/td><td class=\"column-2\">type 6<\/td>\n<\/tr>\n<tr class=\"row-5\">\n\t<td class=\"column-1\">Display Interface\t<br \/>\n<\/td><td class=\"column-2\">Support HDMI, DVI-I and LVDS interfaces<br \/>\n<br \/>\n<\/td>\n<\/tr>\n<tr class=\"row-6\">\n\t<td class=\"column-1\">Storage<\/td><td class=\"column-2\">SATA: Three SATA ports, eSATA: One SATA port<br \/>\n<br \/>\n<\/td>\n<\/tr>\n<tr class=\"row-7\">\n\t<td class=\"column-1\">Network<\/td><td class=\"column-2\">Single 10BASE-T\/100BASE-TX\/1000BASE Ethernet, Single RJ-45 connector with two LED indicators at rear I\/O panel<br \/>\n<br \/>\n<\/td>\n<\/tr>\n<tr class=\"row-8\">\n\t<td class=\"column-1\">Bus Interface<\/td><td class=\"column-2\">one PCI-E x1, one PCI-E x16, one PCI-E x4 and one PCI-E x4 for ADD2 card<br \/>\n<br \/>\n<\/td>\n<\/tr>\n<tr class=\"row-9\">\n\t<td class=\"column-1\">Serial Interface<\/td><td class=\"column-2\">1x RS232\/422\/485, 2x Rx_Tx HDR<br \/>\n<\/td>\n<\/tr>\n<tr class=\"row-10\">\n\t<td class=\"column-1\">USB<\/td><td class=\"column-2\">USB 2.0 x 5, USB 3.0 x 2<br \/>\n<\/td>\n<\/tr>\n<tr class=\"row-11\">\n\t<td class=\"column-1\">Audio<\/td><td class=\"column-2\">High Definition Audio<br \/>\n<\/td>\n<\/tr>\n<tr class=\"row-12\">\n\t<td class=\"column-1\">Firmware\t<br \/>\n<\/td><td class=\"column-2\">AMI Aptio BIOS (or BIOS on COM Express Module)<br \/>\n<\/td>\n<\/tr>\n<tr class=\"row-13\">\n\t<td class=\"column-1\">Power Requirement\t<br \/>\n<\/td><td class=\"column-2\">ATX 20 pins power connector<br \/>\n<br \/>\n<\/td>\n<\/tr>\n<tr class=\"row-14\">\n\t<td class=\"column-1\">Dimensions<\/td><td class=\"column-2\">243.8(L) x 243.8(W) mm; 9.6\"(L) x 9.6\" (W)<br \/>\n<\/td>\n<\/tr>\n<\/tbody>\n<\/table>\n<!-- #tablepress-279 from cache -->\n","protected":false},"excerpt":{"rendered":"<p>Przemys\u0142owa p\u0142yta g\u0142\u00f3wna Mini-ITX oparta na procesorach z rodziny Intel\u00ae Bay Trail Celeron\u00ae J1900 i ATOM&#x2122; Bay Trail E3800, z wy\u015bwietlaniem (VGA\/DVI\/DP\/LVDS), half-size Mini-PCIe i gniazdem PCIe x1<\/p>\n","protected":false},"featured_media":11472,"template":"","meta":{"_acf_changed":false,"inline_featured_image":false,"_monsterinsights_skip_tracking":false,"_monsterinsights_sitenote_active":false,"_monsterinsights_sitenote_note":"","_monsterinsights_sitenote_category":0},"product_brand":[],"product_cat":[972,1002,985,981],"product_tag":[],"class_list":{"0":"post-6593","1":"product","2":"type-product","3":"status-publish","4":"has-post-thumbnail","6":"product_cat-portwell-pl","7":"product_cat-procesor-intel-atom-pl","8":"product_cat-plyty-mini-itx-niska-moc-pl","9":"product_cat-plyty-typu-embedded-pl","11":"first","12":"instock","13":"shipping-taxable","14":"product-type-simple"},"acf":[],"_links":{"self":[{"href":"https:\/\/quantum.com.pl\/pl\/wp-json\/wp\/v2\/product\/6593","targetHints":{"allow":["GET"]}}],"collection":[{"href":"https:\/\/quantum.com.pl\/pl\/wp-json\/wp\/v2\/product"}],"about":[{"href":"https:\/\/quantum.com.pl\/pl\/wp-json\/wp\/v2\/types\/product"}],"wp:featuredmedia":[{"embeddable":true,"href":"https:\/\/quantum.com.pl\/pl\/wp-json\/wp\/v2\/media\/11472"}],"wp:attachment":[{"href":"https:\/\/quantum.com.pl\/pl\/wp-json\/wp\/v2\/media?parent=6593"}],"wp:term":[{"taxonomy":"product_brand","embeddable":true,"href":"https:\/\/quantum.com.pl\/pl\/wp-json\/wp\/v2\/product_brand?post=6593"},{"taxonomy":"product_cat","embeddable":true,"href":"https:\/\/quantum.com.pl\/pl\/wp-json\/wp\/v2\/product_cat?post=6593"},{"taxonomy":"product_tag","embeddable":true,"href":"https:\/\/quantum.com.pl\/pl\/wp-json\/wp\/v2\/product_tag?post=6593"}],"curies":[{"name":"wp","href":"https:\/\/api.w.org\/{rel}","templated":true}]}}