{"id":6605,"date":"2019-12-09T16:38:59","date_gmt":"2019-12-09T15:38:59","guid":{"rendered":"https:\/\/quantum.com.pl\/?post_type=product&#038;p=6605"},"modified":"2020-05-20T21:17:40","modified_gmt":"2020-05-20T19:17:40","slug":"wade-8078","status":"publish","type":"product","link":"https:\/\/quantum.com.pl\/pl\/product\/wade-8078\/","title":{"rendered":"WADE-8078"},"content":{"rendered":"<h4>P\u0142yta g\u0142\u00f3wna Mini-ITX, Intel Atom E3800 Bay Trail<\/h4>\n<p>&nbsp;<\/p>\n<p>Przemys\u0142owa p\u0142yta g\u0142\u00f3wna Mini-ITX oparta na procesorze Intel\u00ae ATOM&#x2122; Bay Trail z rodziny E3800 z Dual Display (VGA\/HDMI), gniazdem Mini-PCI i PCI-Express x4<\/p>\n<h4>Cechy szczeg\u00f3lne:<\/h4>\n<ul>\n<li>Procesor z rodziny Intel\u00ae ATOM&#x2122; Bay Trail E3800<\/li>\n<li>Jeden 204-pinowy modu\u0142 ECC SO-DIMM jednokana\u0142owo obs\u0142uguje pami\u0119\u0107 DDR3L SDRAM o pojemno\u015bci do 4GB<\/li>\n<li>Dual Display VGA\/HDMI<\/li>\n<li>Jedno gniazdo PCI-Express x4 i jedno gniazdo Mini-PCIe<\/li>\n<\/ul>\n<h4>Specyfikacja:<\/h4>\n\n<table id=\"tablepress-280\" class=\"tablepress tablepress-id-280\">\n<thead>\n<tr class=\"row-1\">\n\t<th class=\"column-1\"><strong>Specyfikacje<\/strong><\/th><td class=\"column-2\"><\/td>\n<\/tr>\n<\/thead>\n<tbody class=\"row-striping row-hover\">\n<tr class=\"row-2\">\n\t<td class=\"column-1\">Technologia<\/td><td class=\"column-2\">x86<br \/>\n<\/td>\n<\/tr>\n<tr class=\"row-3\">\n\t<td class=\"column-1\">Format<\/td><td class=\"column-2\">Mini-ITX<br \/>\n<\/td>\n<\/tr>\n<tr class=\"row-4\">\n\t<td class=\"column-1\">Typ<\/td><td class=\"column-2\">Carrier Type 6<br \/>\n<\/td>\n<\/tr>\n<tr class=\"row-5\">\n\t<td class=\"column-1\">Interfejs wy\u015bwietlacza<br \/>\n<\/td><td class=\"column-2\">G\u0142owica DP, g\u0142owica HDMI, g\u0142owica VGA, LVDS<br \/>\n<\/td>\n<\/tr>\n<tr class=\"row-6\">\n\t<td class=\"column-1\">Magazynowanie<\/td><td class=\"column-2\">1x Type II CF socket, 1x SATA II (3 Gbit\/s), 1x SATA III (6 Gbit\/s)<br \/>\n<\/td>\n<\/tr>\n<tr class=\"row-7\">\n\t<td class=\"column-1\">Sie\u0107<\/td><td class=\"column-2\">2x Gigabit LAN RJ45 jack<br \/>\n<\/td>\n<\/tr>\n<tr class=\"row-8\">\n\t<td class=\"column-1\">Interfejs magistrali<\/td><td class=\"column-2\">1x PCIe x16 slot, , LPC Header, I2C Header<br \/>\n<\/td>\n<\/tr>\n<tr class=\"row-9\">\n\t<td class=\"column-1\">Interfejs szeregowy<\/td><td class=\"column-2\">2x RS-232 pin-header<br \/>\n<\/td>\n<\/tr>\n<tr class=\"row-10\">\n\t<td class=\"column-1\">USB<\/td><td class=\"column-2\">4x USB 3.0<br \/>\n<\/td>\n<\/tr>\n<tr class=\"row-11\">\n\t<td class=\"column-1\">Audio<\/td><td class=\"column-2\">1x LINE-IN\/LINE-OUT jack on rear, Realtek ALC892<br \/>\n<\/td>\n<\/tr>\n<tr class=\"row-12\">\n\t<td class=\"column-1\">R\u00f3\u017cne<\/td><td class=\"column-2\">G\u0142owica GPIO, bateria na p\u0142ycie<br \/>\n<\/td>\n<\/tr>\n<tr class=\"row-13\">\n\t<td class=\"column-1\">Oprogramowanie uk\u0142adowe<br \/>\n<\/td><td class=\"column-2\">BIOS w module COM Express<br \/>\n<\/td>\n<\/tr>\n<tr class=\"row-14\">\n\t<td class=\"column-1\">Wymaganie mocy<br \/>\n<\/td><td class=\"column-2\">8-PIN ATX connector<br \/>\n<\/td>\n<\/tr>\n<tr class=\"row-15\">\n\t<td class=\"column-1\">Moc z W<\/td><td class=\"column-2\">zale\u017cy od u\u017cytej p\u0142yty COM Express<br \/>\n<\/td>\n<\/tr>\n<tr class=\"row-16\">\n\t<td class=\"column-1\">Temperatura operacyjna<\/td><td class=\"column-2\">0\u00b0C do +85\u00b0C<br \/>\n<\/td>\n<\/tr>\n<tr class=\"row-17\">\n\t<td class=\"column-1\">Wymiary<\/td><td class=\"column-2\">170x170 mm<br \/>\n<\/td>\n<\/tr>\n<\/tbody>\n<\/table>\n<!-- #tablepress-280 from cache -->\n<p>&nbsp;<\/p>\n","protected":false},"excerpt":{"rendered":"<p>Przemys\u0142owa p\u0142yta g\u0142\u00f3wna Mini-ITX oparta na procesorze Intel\u00ae ATOM&#x2122; Bay Trail z rodziny E3800 z Dual Display (VGA\/HDMI), gniazdem Mini-PCI i PCI-Express x4<\/p>\n","protected":false},"featured_media":11468,"template":"","meta":{"_acf_changed":false,"inline_featured_image":false,"_monsterinsights_skip_tracking":false,"_monsterinsights_sitenote_active":false,"_monsterinsights_sitenote_note":"","_monsterinsights_sitenote_category":0},"product_brand":[],"product_cat":[972,1002,985,981],"product_tag":[],"class_list":{"0":"post-6605","1":"product","2":"type-product","3":"status-publish","4":"has-post-thumbnail","6":"product_cat-portwell-pl","7":"product_cat-procesor-intel-atom-pl","8":"product_cat-plyty-mini-itx-niska-moc-pl","9":"product_cat-plyty-typu-embedded-pl","11":"first","12":"instock","13":"shipping-taxable","14":"product-type-simple"},"acf":[],"_links":{"self":[{"href":"https:\/\/quantum.com.pl\/pl\/wp-json\/wp\/v2\/product\/6605","targetHints":{"allow":["GET"]}}],"collection":[{"href":"https:\/\/quantum.com.pl\/pl\/wp-json\/wp\/v2\/product"}],"about":[{"href":"https:\/\/quantum.com.pl\/pl\/wp-json\/wp\/v2\/types\/product"}],"wp:featuredmedia":[{"embeddable":true,"href":"https:\/\/quantum.com.pl\/pl\/wp-json\/wp\/v2\/media\/11468"}],"wp:attachment":[{"href":"https:\/\/quantum.com.pl\/pl\/wp-json\/wp\/v2\/media?parent=6605"}],"wp:term":[{"taxonomy":"product_brand","embeddable":true,"href":"https:\/\/quantum.com.pl\/pl\/wp-json\/wp\/v2\/product_brand?post=6605"},{"taxonomy":"product_cat","embeddable":true,"href":"https:\/\/quantum.com.pl\/pl\/wp-json\/wp\/v2\/product_cat?post=6605"},{"taxonomy":"product_tag","embeddable":true,"href":"https:\/\/quantum.com.pl\/pl\/wp-json\/wp\/v2\/product_tag?post=6605"}],"curies":[{"name":"wp","href":"https:\/\/api.w.org\/{rel}","templated":true}]}}