{"id":6628,"date":"2019-12-10T13:58:31","date_gmt":"2019-12-10T12:58:31","guid":{"rendered":"https:\/\/quantum.com.pl\/?post_type=product&#038;p=6628"},"modified":"2020-08-25T23:23:10","modified_gmt":"2020-08-25T21:23:10","slug":"pcom-c210","status":"publish","type":"product","link":"https:\/\/quantum.com.pl\/pl\/product\/pcom-c210\/","title":{"rendered":"PCOM-C210"},"content":{"rendered":"<h4>P\u0142yta no\u015bna oceny wsp\u00f3\u0142czynnika kszta\u0142tu ATX dla modu\u0142u COM Express typu II<\/h4>\n<p><strong>Dane techniczne<\/strong><\/p>\n<ul>\n<li>P\u0142yta no\u015bna COM Express akceptuje modu\u0142y COM Express Portwell Type II<\/li>\n<li>Format ATX &#8211; spe\u0142nia wi\u0119kszo\u015b\u0107 standard\u00f3w monta\u017cowych i zapewnia wi\u0119cej gniazd rozszerze\u0144<\/li>\n<li>Wbudowane prze\u0142\u0105czniki zasilania i resetu s\u0105 przydatne w testowaniu in\u017cynieryjnym lub ocenie bez obudowy<\/li>\n<li>2 EIDE, 4 SATA, 4 PCI, 6 PCI-E x1 i 1 PCI-E x16<\/li>\n<li>Pozwala u\u017cytkownikowi wybra\u0107 g\u0142\u00f3wny BIOS na p\u0142ycie lub z modu\u0142u CPU<\/li>\n<\/ul>\n<p>P\u0142yta no\u015bna oceny wsp\u00f3\u0142czynnika kszta\u0142tu ATX dla modu\u0142u COM Express typu II<\/p>\n<p>&nbsp;<\/p>\n","protected":false},"excerpt":{"rendered":"<p>P\u0142yta no\u015bna oceny wsp\u00f3\u0142czynnika kszta\u0142tu ATX dla modu\u0142u COM Express typu II<\/p>\n","protected":false},"featured_media":11216,"template":"","meta":{"_acf_changed":false,"inline_featured_image":false,"_monsterinsights_skip_tracking":false,"_monsterinsights_sitenote_active":false,"_monsterinsights_sitenote_note":"","_monsterinsights_sitenote_category":0},"product_brand":[],"product_cat":[1042,973,1584,972],"product_tag":[],"class_list":{"0":"post-6628","1":"product","2":"type-product","3":"status-publish","4":"has-post-thumbnail","6":"product_cat-com-express-modul-etx-pl","7":"product_cat-komputer-typu-com","8":"product_cat-komputery-jednoplytkowe-sbc-2","9":"product_cat-portwell-pl","11":"first","12":"instock","13":"shipping-taxable","14":"product-type-simple"},"acf":[],"_links":{"self":[{"href":"https:\/\/quantum.com.pl\/pl\/wp-json\/wp\/v2\/product\/6628","targetHints":{"allow":["GET"]}}],"collection":[{"href":"https:\/\/quantum.com.pl\/pl\/wp-json\/wp\/v2\/product"}],"about":[{"href":"https:\/\/quantum.com.pl\/pl\/wp-json\/wp\/v2\/types\/product"}],"wp:featuredmedia":[{"embeddable":true,"href":"https:\/\/quantum.com.pl\/pl\/wp-json\/wp\/v2\/media\/11216"}],"wp:attachment":[{"href":"https:\/\/quantum.com.pl\/pl\/wp-json\/wp\/v2\/media?parent=6628"}],"wp:term":[{"taxonomy":"product_brand","embeddable":true,"href":"https:\/\/quantum.com.pl\/pl\/wp-json\/wp\/v2\/product_brand?post=6628"},{"taxonomy":"product_cat","embeddable":true,"href":"https:\/\/quantum.com.pl\/pl\/wp-json\/wp\/v2\/product_cat?post=6628"},{"taxonomy":"product_tag","embeddable":true,"href":"https:\/\/quantum.com.pl\/pl\/wp-json\/wp\/v2\/product_tag?post=6628"}],"curies":[{"name":"wp","href":"https:\/\/api.w.org\/{rel}","templated":true}]}}