{"id":6635,"date":"2019-12-10T14:47:25","date_gmt":"2019-12-10T13:47:25","guid":{"rendered":"https:\/\/quantum.com.pl\/?post_type=product&#038;p=6635"},"modified":"2020-08-25T23:23:10","modified_gmt":"2020-08-25T21:23:10","slug":"pcom-c600","status":"publish","type":"product","link":"https:\/\/quantum.com.pl\/pl\/product\/pcom-c600\/","title":{"rendered":"PCOM-C600"},"content":{"rendered":"<h4>COM Express I \/ O Board Type VI z HDMI i Display Port<\/h4>\n<p><strong>Dane techniczne<\/strong><\/p>\n<ul>\n<li>P\u0142yta no\u015bna COM Express jest kompatybilna z modu\u0142ami COM Express Portwell Type II<\/li>\n<li>Format Micro-ATX spe\u0142nia wi\u0119kszo\u015b\u0107 standard\u00f3w monta\u017cowych i zapewnia wi\u0119ksz\u0105 liczb\u0119 rozszerze\u0144 wy\u015bwietlaczy<\/li>\n<li>Wbudowane prze\u0142\u0105czniki zasilania i resetu s\u0105 przydatne w testowaniu lub ocenie in\u017cynieryjnej bez obudowy<\/li>\n<li>Jedno DVI-I, jedno HDMI, jedno PCI-E x1, jedno PCI-E x4, jedno gniazdo PCI-E x4 dla SDVO, jedno PCI-E x16 i dwa porty USB 3.0<\/li>\n<li>Jeden Mini-PCI-E z funkcj\u0105 mSATA<\/li>\n<li>Pozwala u\u017cytkownikowi na wybranie g\u0142\u00f3wnego BIOS na p\u0142ycie lub z modu\u0142u CPU<\/li>\n<\/ul>\n<p>Portwell PCOM-C600 zosta\u0142 zaprojektowany w formacie Micro-ATX ze z\u0142\u0105czami szeregowymi COM Express Type VI, odpowiedni do testowania oceny modu\u0142\u00f3w COM Express Portwell Type 6 na USB 3.0, PCI-E (x16, x4, x1, ADD2) Mini- PCI-E, mSATA, PEG \/ SDVO, HDMI, DVI, LVDS, DP, SATA, LAN, AUDIO itp.<\/p>\n<p>P\u0142yty no\u015bne Portwell micro-ATX to platformy programistyczne, kt\u00f3re umo\u017cliwiaj\u0105 klientom szybkie i \u0142atwe rozpocz\u0119cie projektowania aplikacji zgodnych z konkretnymi danymi. PCOM-C600 zapewnia obs\u0142ug\u0119 COM Express Type 6, a tak\u017ce szerok\u0105 gam\u0119 po\u0142\u0105cze\u0144 urz\u0105dze\u0144 dla \u0142atwo\u015bci i elastyczno\u015bci prototyp\u00f3w oraz rozwoju.<\/p>\n\n<table id=\"tablepress-283\" class=\"tablepress tablepress-id-283\">\n<thead>\n<tr class=\"row-1\">\n\t<th class=\"column-1\"><strong>Specyfication<\/strong><\/th><td class=\"column-2\"><\/td>\n<\/tr>\n<\/thead>\n<tbody class=\"row-striping row-hover\">\n<tr class=\"row-2\">\n\t<td class=\"column-1\">Format<\/td><td class=\"column-2\">Micro-ATX form factor<br \/>\n<br \/>\n<\/td>\n<\/tr>\n<tr class=\"row-3\">\n\t<td class=\"column-1\">Type<\/td><td class=\"column-2\">type 6<br \/>\n<\/td>\n<\/tr>\n<tr class=\"row-4\">\n\t<td class=\"column-1\">Display Interface\t<br \/>\n<br \/>\n<\/td><td class=\"column-2\">Support VGA port, HDMI port<br \/>\n<br \/>\n<br \/>\n<br \/>\n<\/td>\n<\/tr>\n<tr class=\"row-5\">\n\t<td class=\"column-1\">Storage<\/td><td class=\"column-2\">Four SATA ports<br \/>\n<br \/>\n<br \/>\n<\/td>\n<\/tr>\n<tr class=\"row-6\">\n\t<td class=\"column-1\">Network<\/td><td class=\"column-2\">Two 10 GbE Fiber Ethernet ports, One GbE port<br \/>\n<br \/>\n<br \/>\n<\/td>\n<\/tr>\n<tr class=\"row-7\">\n\t<td class=\"column-1\">Bus Interface<\/td><td class=\"column-2\">One PCIe x16 slot, Two PCIe x4 slots<br \/>\n<br \/>\n<br \/>\n<\/td>\n<\/tr>\n<tr class=\"row-8\">\n\t<td class=\"column-1\">Serial Interface<\/td><td class=\"column-2\">1x RS232\/422\/485, 2x Rx_Tx HDR<br \/>\n<br \/>\n<\/td>\n<\/tr>\n<tr class=\"row-9\">\n\t<td class=\"column-1\">USB<\/td><td class=\"column-2\">Four USB 3.0 ports, Two USB 2.0 ports through pin-header<br \/>\n<br \/>\n<\/td>\n<\/tr>\n<tr class=\"row-10\">\n\t<td class=\"column-1\">Audio<\/td><td class=\"column-2\">High Definition Audio<br \/>\n<br \/>\n<\/td>\n<\/tr>\n<tr class=\"row-11\">\n\t<td class=\"column-1\">Miscellaneous<\/td><td class=\"column-2\">N\/A<br \/>\n<\/td>\n<\/tr>\n<tr class=\"row-12\">\n\t<td class=\"column-1\">Firmware<br \/>\n<br \/>\n<\/td><td class=\"column-2\">AMI Aptio BIOS (or BIOS on COM Express Module)<br \/>\n<br \/>\n<br \/>\n<br \/>\n<\/td>\n<\/tr>\n<tr class=\"row-13\">\n\t<td class=\"column-1\">Power Requirement\t<br \/>\n<\/td><td class=\"column-2\">ATX 20 pins power connector<br \/>\n<br \/>\n<br \/>\n<\/td>\n<\/tr>\n<tr class=\"row-14\">\n\t<td class=\"column-1\">Power from W<\/td><td class=\"column-2\">N\/A<br \/>\n<br \/>\n<\/td>\n<\/tr>\n<tr class=\"row-15\">\n\t<td class=\"column-1\">Dimensions<\/td><td class=\"column-2\">243.8(L) x 243.8(W) mm; 9.6\"(L) x 9.6\" (W)<br \/>\n<\/td>\n<\/tr>\n<\/tbody>\n<\/table>\n<!-- #tablepress-283 from cache -->\n","protected":false},"excerpt":{"rendered":"<p>Portwell PCOM-C600 zosta\u0142 zaprojektowany w formacie Micro-ATX ze z\u0142\u0105czami szeregowymi COM Express Type VI, odpowiedni do testowania oceny modu\u0142\u00f3w COM Express Portwell Type 6 na USB 3.0, PCI-E (x16, x4, x1, ADD2) Mini- PCI-E, mSATA, PEG \/ SDVO, HDMI, DVI, LVDS, DP, SATA, LAN, AUDIO itp.<\/p>\n","protected":false},"featured_media":11218,"template":"","meta":{"_acf_changed":false,"inline_featured_image":false,"_monsterinsights_skip_tracking":false,"_monsterinsights_sitenote_active":false,"_monsterinsights_sitenote_note":"","_monsterinsights_sitenote_category":0},"product_brand":[],"product_cat":[1042,973,1584,972],"product_tag":[],"class_list":{"0":"post-6635","1":"product","2":"type-product","3":"status-publish","4":"has-post-thumbnail","6":"product_cat-com-express-modul-etx-pl","7":"product_cat-komputer-typu-com","8":"product_cat-komputery-jednoplytkowe-sbc-2","9":"product_cat-portwell-pl","11":"first","12":"instock","13":"shipping-taxable","14":"product-type-simple"},"acf":[],"_links":{"self":[{"href":"https:\/\/quantum.com.pl\/pl\/wp-json\/wp\/v2\/product\/6635","targetHints":{"allow":["GET"]}}],"collection":[{"href":"https:\/\/quantum.com.pl\/pl\/wp-json\/wp\/v2\/product"}],"about":[{"href":"https:\/\/quantum.com.pl\/pl\/wp-json\/wp\/v2\/types\/product"}],"wp:featuredmedia":[{"embeddable":true,"href":"https:\/\/quantum.com.pl\/pl\/wp-json\/wp\/v2\/media\/11218"}],"wp:attachment":[{"href":"https:\/\/quantum.com.pl\/pl\/wp-json\/wp\/v2\/media?parent=6635"}],"wp:term":[{"taxonomy":"product_brand","embeddable":true,"href":"https:\/\/quantum.com.pl\/pl\/wp-json\/wp\/v2\/product_brand?post=6635"},{"taxonomy":"product_cat","embeddable":true,"href":"https:\/\/quantum.com.pl\/pl\/wp-json\/wp\/v2\/product_cat?post=6635"},{"taxonomy":"product_tag","embeddable":true,"href":"https:\/\/quantum.com.pl\/pl\/wp-json\/wp\/v2\/product_tag?post=6635"}],"curies":[{"name":"wp","href":"https:\/\/api.w.org\/{rel}","templated":true}]}}