{"id":6645,"date":"2019-12-10T15:15:56","date_gmt":"2019-12-10T14:15:56","guid":{"rendered":"https:\/\/quantum.com.pl\/?post_type=product&#038;p=6645"},"modified":"2020-08-25T23:23:11","modified_gmt":"2020-08-25T21:23:11","slug":"pcom-c605","status":"publish","type":"product","link":"https:\/\/quantum.com.pl\/pl\/product\/pcom-c605\/","title":{"rendered":"PCOM-C605"},"content":{"rendered":"<h4>P\u0142ytka no\u015bna modu\u0142u Mini-ITX Com Express<\/h4>\n<p><strong>Dane techniczne<\/strong><\/p>\n<ul>\n<li>P\u0142yta no\u015bna COM Express akceptuje modu\u0142y BGA COM Express Portwell Type VI<\/li>\n<li>Forma Mini-ITX spe\u0142nia wi\u0119kszo\u015b\u0107 standard\u00f3w monta\u017cowych i zapewnia wi\u0119cej gniazd rozszerze\u0144<\/li>\n<\/ul>\n<p>Portwell PCOM-C605 jest zaprojektowany w formacie Mini-ITX ze z\u0142\u0105czami szeregowymi COM Express Type VI, odpowiedni do testowania oceny modu\u0142\u00f3w COM Express Portwell Type VI na PCI-E, PEG, VGA \/ LVDS, USB, SATA i CFEX z SATA i interfejs SPI. Ta nowa wersja karty PCOM-C605 jest w 100% kompatybilna z niedawno wydanym przewodnikiem projektowania no\u015bnik\u00f3w PICMG COM Express Carrier i zapewnia pe\u0142ne zestawienie interfejs\u00f3w I \/ O, narz\u0119dzi do debugowania i urz\u0105dze\u0144 peryferyjnych, takich jak Super I \/ O i audio kod, kt\u00f3ry mo\u017ce by\u0107 wymagany na niestandardowej p\u0142ycie. Pe\u0142ne schematy i rysunki mechaniczne PCOM-C605 s\u0105 dost\u0119pne do testowania, aby umo\u017cliwi\u0107 klientom natychmiastowe rozpocz\u0119cie w\u0142asnego projektu p\u0142yty no\u015bnej. Dost\u0119pny jest r\u00f3wnie\u017c kompletny zestaw startowy, kt\u00f3ry obejmuje wybrany modu\u0142 COM Express, p\u0142ytk\u0119 no\u015bn\u0105 odniesienia PCOM-C605, rozwi\u0105zanie termiczne, dokumentacj\u0119.<\/p>\n\n<table id=\"tablepress-284\" class=\"tablepress tablepress-id-284\">\n<thead>\n<tr class=\"row-1\">\n\t<th class=\"column-1\"><strong>Specyfikacje<\/strong><\/th><td class=\"column-2\"><\/td>\n<\/tr>\n<\/thead>\n<tbody class=\"row-striping row-hover\">\n<tr class=\"row-2\">\n\t<td class=\"column-1\">CPU<\/td><td class=\"column-2\">N\/A<\/td>\n<\/tr>\n<tr class=\"row-3\">\n\t<td class=\"column-1\">Format<\/td><td class=\"column-2\">NANO-ITX<br \/>\n<\/td>\n<\/tr>\n<tr class=\"row-4\">\n\t<td class=\"column-1\">Typ<\/td><td class=\"column-2\">Typ 6<\/td>\n<\/tr>\n<tr class=\"row-5\">\n\t<td class=\"column-1\">Interfejs wy\u015bwietlacza<br \/>\n<\/td><td class=\"column-2\">Obs\u0142uga DisplayPort, pin-header dla interfejsu VGA i LVDS<br \/>\n<\/td>\n<\/tr>\n<tr class=\"row-6\">\n\t<td class=\"column-1\">Magazynowanie <\/td><td class=\"column-2\">Dwa porty SATA, jedno gniazdo kart SD, jedno gniazdo mini PCIe<br \/>\n<\/td>\n<\/tr>\n<tr class=\"row-7\">\n\t<td class=\"column-1\">Sie\u0107<\/td><td class=\"column-2\">Dwa porty GbE<br \/>\n<\/td>\n<\/tr>\n<tr class=\"row-8\">\n\t<td class=\"column-1\">Interfejs szeregowy<\/td><td class=\"column-2\">1x RS232\/422\/485, 2x Rx_Tx HDR<br \/>\n<\/td>\n<\/tr>\n<tr class=\"row-9\">\n\t<td class=\"column-1\">USB<\/td><td class=\"column-2\">Dwa porty USB 3.0, dwa porty USB 2.0 poprzez pin-header<br \/>\n<\/td>\n<\/tr>\n<tr class=\"row-10\">\n\t<td class=\"column-1\">Audio<\/td><td class=\"column-2\">High Definition Audio<br \/>\n<\/td>\n<\/tr>\n<tr class=\"row-11\">\n\t<td class=\"column-1\">Oprogramowanie uk\u0142adowe<br \/>\n<\/td><td class=\"column-2\">AMI Aptio BIOS (lub BIOS w module COM Express)<br \/>\n<\/td>\n<\/tr>\n<tr class=\"row-12\">\n\t<td class=\"column-1\">Wymaganie mocy<br \/>\n<\/td><td class=\"column-2\">20-stykowe z\u0142\u0105cze zasilania ATX<br \/>\n<\/td>\n<\/tr>\n<tr class=\"row-13\">\n\t<td class=\"column-1\">Wymiary<\/td><td class=\"column-2\">120(L) x 120(W)mm; 4.72\u201d(L) x 4.72\u201d(W)<br \/>\n<\/td>\n<\/tr>\n<\/tbody>\n<\/table>\n<!-- #tablepress-284 from cache -->\n","protected":false},"excerpt":{"rendered":"<p>Portwell PCOM-C605 jest zaprojektowany w formacie Mini-ITX ze z\u0142\u0105czami szeregowymi COM Express Type VI, odpowiedni do testowania oceny modu\u0142\u00f3w COM Express Portwell Type VI na PCI-E, PEG, VGA \/ LVDS, USB, SATA i CFEX z SATA i interfejs SPI. Ta nowa wersja karty PCOM-C605 jest w 100% kompatybilna z niedawno wydanym przewodnikiem projektowania no\u015bnik\u00f3w PICMG COM Express Carrier i zapewnia pe\u0142ne zestawienie interfejs\u00f3w I \/ O, narz\u0119dzi do debugowania i urz\u0105dze\u0144 peryferyjnych, takich jak Super I \/ O i audio kod, kt\u00f3ry mo\u017ce by\u0107 wymagany na niestandardowej p\u0142ycie.<\/p>\n","protected":false},"featured_media":11220,"template":"","meta":{"_acf_changed":false,"inline_featured_image":false,"_monsterinsights_skip_tracking":false,"_monsterinsights_sitenote_active":false,"_monsterinsights_sitenote_note":"","_monsterinsights_sitenote_category":0},"product_brand":[],"product_cat":[1042,973,1584,972],"product_tag":[],"class_list":{"0":"post-6645","1":"product","2":"type-product","3":"status-publish","4":"has-post-thumbnail","6":"product_cat-com-express-modul-etx-pl","7":"product_cat-komputer-typu-com","8":"product_cat-komputery-jednoplytkowe-sbc-2","9":"product_cat-portwell-pl","11":"first","12":"instock","13":"shipping-taxable","14":"product-type-simple"},"acf":[],"_links":{"self":[{"href":"https:\/\/quantum.com.pl\/pl\/wp-json\/wp\/v2\/product\/6645","targetHints":{"allow":["GET"]}}],"collection":[{"href":"https:\/\/quantum.com.pl\/pl\/wp-json\/wp\/v2\/product"}],"about":[{"href":"https:\/\/quantum.com.pl\/pl\/wp-json\/wp\/v2\/types\/product"}],"wp:featuredmedia":[{"embeddable":true,"href":"https:\/\/quantum.com.pl\/pl\/wp-json\/wp\/v2\/media\/11220"}],"wp:attachment":[{"href":"https:\/\/quantum.com.pl\/pl\/wp-json\/wp\/v2\/media?parent=6645"}],"wp:term":[{"taxonomy":"product_brand","embeddable":true,"href":"https:\/\/quantum.com.pl\/pl\/wp-json\/wp\/v2\/product_brand?post=6645"},{"taxonomy":"product_cat","embeddable":true,"href":"https:\/\/quantum.com.pl\/pl\/wp-json\/wp\/v2\/product_cat?post=6645"},{"taxonomy":"product_tag","embeddable":true,"href":"https:\/\/quantum.com.pl\/pl\/wp-json\/wp\/v2\/product_tag?post=6645"}],"curies":[{"name":"wp","href":"https:\/\/api.w.org\/{rel}","templated":true}]}}