{"id":6656,"date":"2019-12-10T16:16:26","date_gmt":"2019-12-10T15:16:26","guid":{"rendered":"https:\/\/quantum.com.pl\/?post_type=product&#038;p=6656"},"modified":"2020-08-25T23:23:11","modified_gmt":"2020-08-25T21:23:11","slug":"pcom-c609","status":"publish","type":"product","link":"https:\/\/quantum.com.pl\/pl\/product\/pcom-c609\/","title":{"rendered":"PCOM-C609"},"content":{"rendered":"<h4>P\u0142yta no\u015bna COM Express microATX Form Factor z 2x 10GbE<\/h4>\n<p><strong>Dane techniczne<\/strong><\/p>\n<ul>\n<li>P\u0142ytka no\u015bna COM Express do serii produkt\u00f3w COM Express firmy Portwell typu VI<\/li>\n<li>Oparty na formacie microATX &#8211; spe\u0142nia wymagania wi\u0119kszo\u015bci standard\u00f3w monta\u017cowych<\/li>\n<li>Zapewnia wi\u0119cej mo\u017cliwo\u015bci rozszerzenia i wy\u015bwietlania dla modu\u0142u COM Express<\/li>\n<li>Obs\u0142uga 2x 10 Gigabit Ethernet i 1x Gigabit Ethernet<\/li>\n<\/ul>\n<p>PCOM-C609 jest pierwsz\u0105 p\u0142yt\u0105 operatorsk\u0105 Portwell zaprojektowan\u0105 do obs\u0142ugi funkcji 10 Gigabit Ethernet. w szczeg\u00f3lno\u015bci PCOM-C609 jest p\u0142yt\u0105 no\u015bn\u0105 formatu microATX obs\u0142uguj\u0105c\u0105 interfejsy 10GbE, USB 3.0, PCIe, HDMI, VGA, SATA i TPM. PCOM-C609 jest wyposa\u017cony w z\u0142\u0105cza rz\u0119dowe COM Express typu VI. Przystosowany jest do oceny i testowania z modu\u0142ami COM Express typu VI firmy Portwell.<\/p>\n<p>Portwell oferuje p\u0142ytki no\u015bne w r\u00f3\u017cnych formach, pomagaj\u0105c klientom w opracowywaniu nowych platform dla aplikacji na poziomie p\u0142yty i systemu.<\/p>\n\n<table id=\"tablepress-286\" class=\"tablepress tablepress-id-286\">\n<thead>\n<tr class=\"row-1\">\n\t<th class=\"column-1\">Processor<\/th><th class=\"column-2\">Intel\u00ae  Celeron\u00ae  processor N3350 in FCBGA1296 package, 1.1 GHz (2.4 GHz turbo), 2 MB L2, 6W TDP<br \/>\n<\/th>\n<\/tr>\n<\/thead>\n<tbody class=\"row-striping row-hover\">\n<tr class=\"row-2\">\n\t<td class=\"column-1\">Chipset<\/td><td class=\"column-2\">Integrated<\/td>\n<\/tr>\n<tr class=\"row-3\">\n\t<td class=\"column-1\">BIOS<\/td><td class=\"column-2\">AMI uEFI BIOS <br \/>\n<\/td>\n<\/tr>\n<tr class=\"row-4\">\n\t<td class=\"column-1\">Memory<\/td><td class=\"column-2\">Support  up to 8 GB DDR3L 1600\/1333 MHz memory (non-ECC)  on 2x 204-pin<br \/>\nSODIMM socket<br \/>\n<\/td>\n<\/tr>\n<tr class=\"row-5\">\n\t<td class=\"column-1\">Storage Devices<\/td><td class=\"column-2\">1x SATA III ports<br \/>\n1x M.2 socket (KEY M 2260\/2280) with SATA signal for SSD<\/td>\n<\/tr>\n<tr class=\"row-6\">\n\t<td class=\"column-1\">Watchdog Timer<\/td><td class=\"column-2\">Programmable watchdog timer, time out period from 1 sec to 255 secs.<br \/>\n<\/td>\n<\/tr>\n<tr class=\"row-7\">\n\t<td class=\"column-1\">Hardware Monitoring<\/td><td class=\"column-2\">Temperature (CPU &amp; System)<br \/>\nVoltages (CPU Vcore, 12V, 5V, 3.3V, RAM)<\/td>\n<\/tr>\n<tr class=\"row-8\">\n\t<td class=\"column-1\">Expansion Interface<\/td><td class=\"column-2\">\t1x PCIe x1 slot (Gen2, 5GT\/s)<br \/>\n1x M.2 socket (KEY E 2230) with PCIe x1 and USB(shared) for Wireless <br \/>\n1x full\/half size Mini PCIe socket with PCIe x1 and USB(shared)<\/td>\n<\/tr>\n<tr class=\"row-9\">\n\t<td class=\"column-1\">Audio<\/td><td class=\"column-2\">\tIntel\u00ae High DefinitionAudio interface Realtek\u00ae ALC887 High DefinitionAudio<br \/>\n1x jumbo jack  support Line-out\/Mic-in<\/td>\n<\/tr>\n<tr class=\"row-10\">\n\t<td class=\"column-1\">Ethernet<\/td><td class=\"column-2\">2x RJ45 connectors on rear I\/O (Realtek\u00ae  RTL8111G)<br \/>\n<\/td>\n<\/tr>\n<tr class=\"row-11\">\n\t<td class=\"column-1\">Serial Port<\/td><td class=\"column-2\">2x RS-232\/422\/485 on rear I\/O (selectable by BIOS)<br \/>\n1x RS-232 on rear I\/O<br \/>\n3x RS-232 on pin header (2.00 mm pitch)<\/td>\n<\/tr>\n<tr class=\"row-12\">\n\t<td class=\"column-1\">USB<\/td><td class=\"column-2\">4x USB 3.0 on rear I\/O<br \/>\n4x USB 2.0 on pin header (2.54mm pitch)<\/td>\n<\/tr>\n<tr class=\"row-13\">\n\t<td class=\"column-1\">GPIO<\/td><td class=\"column-2\">8 bit GPI\/GPO<br \/>\n<\/td>\n<\/tr>\n<tr class=\"row-14\">\n\t<td class=\"column-1\">Graphic Controller<\/td><td class=\"column-2\">Integrated Intel\u00ae  Generation 9 Graphics <br \/>\nSupports DirectX 12, OpenGL 4.2, OpenCL 2.0<\/td>\n<\/tr>\n<tr class=\"row-15\">\n\t<td class=\"column-1\">Display Interface<\/td><td class=\"column-2\">LVDS: dual channel 24bit LVDS on board connector, up to 1920x1200<br \/>\nHDMI: resolution up to 3840x2160<br \/>\nVGA: resolution up to 1920 x 1200 , on  rear I\/O <\/td>\n<\/tr>\n<tr class=\"row-16\">\n\t<td class=\"column-1\">Dimension<\/td><td class=\"column-2\">170.0 x 170.0 mm (6.7\" x 6.7\")<br \/>\n<\/td>\n<\/tr>\n<tr class=\"row-17\">\n\t<td class=\"column-1\">Power Supply<\/td><td class=\"column-2\">12V &amp; 19~24V DC input or ATX power input <br \/>\n<\/td>\n<\/tr>\n<tr class=\"row-18\">\n\t<td class=\"column-1\">Environment<\/td><td class=\"column-2\">Operating temperature: 0\u00b0C to 60\u00b0C<br \/>\nStorage temperature: -20\u00b0C to 80\u00b0C<br \/>\nRelative humidity: 5~95%, non-condensing<\/td>\n<\/tr>\n<tr class=\"row-19\">\n\t<td class=\"column-1\">MTBF<\/td><td class=\"column-2\">Over 100,000 hours at 40\u00b0C<br \/>\n<\/td>\n<\/tr>\n<\/tbody>\n<\/table>\n<!-- #tablepress-286 from cache -->\n","protected":false},"excerpt":{"rendered":"<p>PCOM-C609 jest pierwsz\u0105 p\u0142yt\u0105 operatorsk\u0105 Portwell zaprojektowan\u0105 do obs\u0142ugi funkcji 10 Gigabit Ethernet. w szczeg\u00f3lno\u015bci PCOM-C609 jest p\u0142yt\u0105 no\u015bn\u0105 formatu microATX obs\u0142uguj\u0105c\u0105 interfejsy 10GbE, USB 3.0, PCIe, HDMI, VGA, SATA i TPM. PCOM-C609 jest wyposa\u017cony w z\u0142\u0105cza rz\u0119dowe COM Express typu VI.<\/p>\n","protected":false},"featured_media":11222,"template":"","meta":{"_acf_changed":false,"inline_featured_image":false,"_monsterinsights_skip_tracking":false,"_monsterinsights_sitenote_active":false,"_monsterinsights_sitenote_note":"","_monsterinsights_sitenote_category":0},"product_brand":[],"product_cat":[1042,973,1584,972],"product_tag":[],"class_list":{"0":"post-6656","1":"product","2":"type-product","3":"status-publish","4":"has-post-thumbnail","6":"product_cat-com-express-modul-etx-pl","7":"product_cat-komputer-typu-com","8":"product_cat-komputery-jednoplytkowe-sbc-2","9":"product_cat-portwell-pl","11":"first","12":"instock","13":"shipping-taxable","14":"product-type-simple"},"acf":[],"_links":{"self":[{"href":"https:\/\/quantum.com.pl\/pl\/wp-json\/wp\/v2\/product\/6656","targetHints":{"allow":["GET"]}}],"collection":[{"href":"https:\/\/quantum.com.pl\/pl\/wp-json\/wp\/v2\/product"}],"about":[{"href":"https:\/\/quantum.com.pl\/pl\/wp-json\/wp\/v2\/types\/product"}],"wp:featuredmedia":[{"embeddable":true,"href":"https:\/\/quantum.com.pl\/pl\/wp-json\/wp\/v2\/media\/11222"}],"wp:attachment":[{"href":"https:\/\/quantum.com.pl\/pl\/wp-json\/wp\/v2\/media?parent=6656"}],"wp:term":[{"taxonomy":"product_brand","embeddable":true,"href":"https:\/\/quantum.com.pl\/pl\/wp-json\/wp\/v2\/product_brand?post=6656"},{"taxonomy":"product_cat","embeddable":true,"href":"https:\/\/quantum.com.pl\/pl\/wp-json\/wp\/v2\/product_cat?post=6656"},{"taxonomy":"product_tag","embeddable":true,"href":"https:\/\/quantum.com.pl\/pl\/wp-json\/wp\/v2\/product_tag?post=6656"}],"curies":[{"name":"wp","href":"https:\/\/api.w.org\/{rel}","templated":true}]}}