{"id":6667,"date":"2019-12-10T16:39:08","date_gmt":"2019-12-10T15:39:08","guid":{"rendered":"https:\/\/quantum.com.pl\/?post_type=product&#038;p=6667"},"modified":"2020-08-25T23:23:11","modified_gmt":"2020-08-25T21:23:11","slug":"pcom-c640","status":"publish","type":"product","link":"https:\/\/quantum.com.pl\/pl\/product\/pcom-c640\/","title":{"rendered":"PCOM-C640"},"content":{"rendered":"<h4>P\u0142yta no\u015bna Nano-ITX Form Factor COM Express<\/h4>\n<p><strong>Dane techniczne<\/strong><\/p>\n<ul>\n<li>P\u0142ytka no\u015bna COM Express do serii produkt\u00f3w COM Express firmy Portwell typu VI<\/li>\n<li>Oparty na formacie Nano-ITX spe\u0142niaj\u0105cy wymagania wi\u0119kszo\u015bci standard\u00f3w monta\u017cowych<\/li>\n<li>Zapewnia wi\u0119cej mo\u017cliwo\u015bci rozszerzenia i wy\u015bwietlania dla modu\u0142u COM Express<\/li>\n<li>Obs\u0142uguje wiele I \/ O, DisplayPort, RJ45, USB 2.0 i USB 3.0<\/li>\n<li>Obs\u0142uguje szeroki zakres temperatur pracy: -40\u00b0C ~ 80\u00b0C<\/li>\n<\/ul>\n<p>PCOM-C640 firmy Portwell jest p\u0142yt\u0105 no\u015bn\u0105 typu Nano-ITX obs\u0142uguj\u0105c\u0105 potr\u00f3jny wy\u015bwietlacz, Gigabit Ethernet, Audio, USB 3.0 i SATA. PCOM-C640 jest wyposa\u017cony w z\u0142\u0105cza rz\u0119dowe COM Express typu VI i przystosowany jest do oceny i testowania z modu\u0142ami COM Express Portwell typu VI dla system\u00f3w serwerowych 1U.<\/p>\n<p>Portwell oferuje p\u0142ytki no\u015bne w r\u00f3\u017cnych formach, pomagaj\u0105c klientom w opracowywaniu nowych platform dla aplikacji na poziomie p\u0142yty i systemu. Portwell mo\u017ce r\u00f3wnie\u017c dostarczy\u0107 przewodnik po projektowaniu p\u0142yty przewo\u017anika COM Express w celu opracowania w\u0142asnej p\u0142yty przewo\u017anika klienta.<\/p>\n\n<table id=\"tablepress-288\" class=\"tablepress tablepress-id-288\">\n<thead>\n<tr class=\"row-1\">\n\t<th class=\"column-1\"><strong>Specyfikacje<\/strong><\/th><td class=\"column-2\"><\/td>\n<\/tr>\n<\/thead>\n<tbody class=\"row-striping row-hover\">\n<tr class=\"row-2\">\n\t<td class=\"column-1\">CPU<\/td><td class=\"column-2\">\tIntel Atom\u00ae Processor E3815 (1 x 1.46 GHz, 512 KB L2, 5 W)<br \/>\nIntel Atom\u00ae Processor E3825 (2 x 1.33 GHz, 1 MB L2, 6 W)<br \/>\nIntel Atom\u00ae Processor E3826 (2 x 1.46 GHz, 1 MB L2, 7 W)<br \/>\nIntel Atom\u00ae Processor E3827 (2 x 1.75 GHz, 1 MB L2, 8 W)<br \/>\nIntel Atom\u00ae Processor E3845 (4 x 1.91 GHz, 2 MB L2, 10 W)<\/td>\n<\/tr>\n<tr class=\"row-3\">\n\t<td class=\"column-1\">Format<\/td><td class=\"column-2\">Compact<br \/>\n<\/td>\n<\/tr>\n<tr class=\"row-4\">\n\t<td class=\"column-1\">Typ<\/td><td class=\"column-2\">Typ 6<\/td>\n<\/tr>\n<tr class=\"row-5\">\n\t<td class=\"column-1\">Chipset<\/td><td class=\"column-2\">SoC (System-On-Chip)<br \/>\n<\/td>\n<\/tr>\n<tr class=\"row-6\">\n\t<td class=\"column-1\">DRAM<\/td><td class=\"column-2\">Do 8 GB pami\u0119ci DDR3L 1067\/1333 SDRAM na jednym 204-pinowym gnie\u017adzie SO-DIMM<br \/>\n<\/td>\n<\/tr>\n<tr class=\"row-7\">\n\t<td class=\"column-1\">Kontroler graficzny<br \/>\n<\/td><td class=\"column-2\">Intel\u00ae Gen7 HDGraphics obs\u0142uguje DX11.1, OpenGL 3.0 \/ ES2.0<br \/>\n<\/td>\n<\/tr>\n<tr class=\"row-8\">\n\t<td class=\"column-1\">Interfejs wy\u015bwietlacza<br \/>\n<\/td><td class=\"column-2\">1x (obs\u0142uga DP lub HDMI), DP (2560x1600), DVI \/ HDMI (1920x1080), VGA (2560x1600), dwukana\u0142owy 24-bitowy LVDS (2560x1600)<br \/>\n<\/td>\n<\/tr>\n<tr class=\"row-9\">\n\t<td class=\"column-1\">Magazynowanie pami\u0119ci<\/td><td class=\"column-2\">1x Zintegrowana micro-SD 3.0 na module, 2x SATA II (3,0 Gbit \/ s)<br \/>\n<\/td>\n<\/tr>\n<tr class=\"row-10\">\n\t<td class=\"column-1\">Sie\u0107<\/td><td class=\"column-2\">1x Gigabit Ethernet Intel\u00ae I210IT<br \/>\n<\/td>\n<\/tr>\n<tr class=\"row-11\">\n\t<td class=\"column-1\">Interfejs magistrali<br \/>\n<\/td><td class=\"column-2\">3x PCIe x1 Gen2 (opcjonalnie 4x LAN PCIe x1 wy\u0142\u0105czone), 1x PCIe x4 Gen2<br \/>\n<\/td>\n<\/tr>\n<tr class=\"row-12\">\n\t<td class=\"column-1\">Interfejs szeregowy<br \/>\n<\/td><td class=\"column-2\">2x RX\/TX<br \/>\n<\/td>\n<\/tr>\n<tr class=\"row-13\">\n\t<td class=\"column-1\">USB<\/td><td class=\"column-2\">4x USB 2.0, 1x USB 3.0<br \/>\n<\/td>\n<\/tr>\n<tr class=\"row-14\">\n\t<td class=\"column-1\">Audio<\/td><td class=\"column-2\">Intel\u00ae HD Audio<br \/>\n<\/td>\n<\/tr>\n<tr class=\"row-15\">\n\t<td class=\"column-1\">R\u00f3\u017cne<\/td><td class=\"column-2\">GPIO 8bit, Watchdog Timer, procesor monitoruj\u0105cy sprz\u0119t, napi\u0119cie, wentylator i temperatur\u0119<br \/>\n<\/td>\n<\/tr>\n<tr class=\"row-16\">\n\t<td class=\"column-1\">Oprogramowanie uk\u0142adowe<br \/>\n<\/td><td class=\"column-2\">Phoenix UEFI BIOS<br \/>\n<\/td>\n<\/tr>\n<tr class=\"row-17\">\n\t<td class=\"column-1\">Wymaganie mocy<br \/>\n<\/td><td class=\"column-2\">6 V do 16,8 V DC<br \/>\n<\/td>\n<\/tr>\n<tr class=\"row-18\">\n\t<td class=\"column-1\">Moc z W<\/td><td class=\"column-2\">zale\u017cy od u\u017cywanego procesora<br \/>\n<\/td>\n<\/tr>\n<tr class=\"row-19\">\n\t<td class=\"column-1\">Wymiary<\/td><td class=\"column-2\">95x95 mm<br \/>\n<\/td>\n<\/tr>\n<\/tbody>\n<\/table>\n<!-- #tablepress-288 from cache -->\n","protected":false},"excerpt":{"rendered":"<p>PCOM-C640 firmy Portwell jest p\u0142yt\u0105 no\u015bn\u0105 typu Nano-ITX obs\u0142uguj\u0105c\u0105 potr\u00f3jny wy\u015bwietlacz, Gigabit Ethernet, Audio, USB 3.0 i SATA. PCOM-C640 jest wyposa\u017cony w z\u0142\u0105cza rz\u0119dowe COM Express typu VI i przystosowany jest do oceny i testowania z modu\u0142ami COM Express Portwell typu VI dla system\u00f3w serwerowych 1U.<\/p>\n","protected":false},"featured_media":11224,"template":"","meta":{"_acf_changed":false,"inline_featured_image":false,"_monsterinsights_skip_tracking":false,"_monsterinsights_sitenote_active":false,"_monsterinsights_sitenote_note":"","_monsterinsights_sitenote_category":0},"product_brand":[],"product_cat":[1042,973,1584,972],"product_tag":[],"class_list":{"0":"post-6667","1":"product","2":"type-product","3":"status-publish","4":"has-post-thumbnail","6":"product_cat-com-express-modul-etx-pl","7":"product_cat-komputer-typu-com","8":"product_cat-komputery-jednoplytkowe-sbc-2","9":"product_cat-portwell-pl","11":"first","12":"instock","13":"shipping-taxable","14":"product-type-simple"},"acf":[],"_links":{"self":[{"href":"https:\/\/quantum.com.pl\/pl\/wp-json\/wp\/v2\/product\/6667","targetHints":{"allow":["GET"]}}],"collection":[{"href":"https:\/\/quantum.com.pl\/pl\/wp-json\/wp\/v2\/product"}],"about":[{"href":"https:\/\/quantum.com.pl\/pl\/wp-json\/wp\/v2\/types\/product"}],"wp:featuredmedia":[{"embeddable":true,"href":"https:\/\/quantum.com.pl\/pl\/wp-json\/wp\/v2\/media\/11224"}],"wp:attachment":[{"href":"https:\/\/quantum.com.pl\/pl\/wp-json\/wp\/v2\/media?parent=6667"}],"wp:term":[{"taxonomy":"product_brand","embeddable":true,"href":"https:\/\/quantum.com.pl\/pl\/wp-json\/wp\/v2\/product_brand?post=6667"},{"taxonomy":"product_cat","embeddable":true,"href":"https:\/\/quantum.com.pl\/pl\/wp-json\/wp\/v2\/product_cat?post=6667"},{"taxonomy":"product_tag","embeddable":true,"href":"https:\/\/quantum.com.pl\/pl\/wp-json\/wp\/v2\/product_tag?post=6667"}],"curies":[{"name":"wp","href":"https:\/\/api.w.org\/{rel}","templated":true}]}}