{"id":6681,"date":"2019-12-10T16:33:11","date_gmt":"2019-12-10T15:33:11","guid":{"rendered":"https:\/\/quantum.com.pl\/?post_type=product&#038;p=6681"},"modified":"2020-05-20T21:17:21","modified_gmt":"2020-05-20T19:17:21","slug":"wade-8075","status":"publish","type":"product","link":"https:\/\/quantum.com.pl\/pl\/product\/wade-8075\/","title":{"rendered":"WADE-8075"},"content":{"rendered":"<h4>P\u0142yta Mini-ITX, Intel Atom D525, Chipset ICH8M, DDR3 SO-DIMM do 4GB, Dual Display<\/h4>\n<p>&nbsp;<\/p>\n<p>WADE-8075, zbudowany z chipsetem Intel\u00ae ICH8M, wykorzystuje technologie procesora Intel\u00ae ATOM&#x2122; D525, kt\u00f3ra pozwala obs\u0142ugiwa\u0107 pami\u0119\u0107 DDR3, porty Dual Gigabit Ethernet, jedno gniazdo rozszerze\u0144 PCI-Express x1, jedno gniazdo PCI i jedno gniazdo Mini PCI.<\/p>\n<p>WADE-8075 to idealna platforma do zastosowa\u0144 typu POS, loterii, medycyny, gier, aplikacji High Resolution Digital Signage, monitorowania bezpiecze\u0144stwa i aplikacji kioskowych.<\/p>\n<h4>Cechy szczeg\u00f3lne:<\/h4>\n<ul>\n<li>Procesor Intel\u00ae ATOM&#x2122; D525 1.8GHz<\/li>\n<li>Chipset Intel\u00ae ICH8M<\/li>\n<li>Dwa 204-stykowe SO-DIMM jednokana\u0142owo obs\u0142uguj\u0105 pami\u0119\u0107 DDR3 SDRAM do 4GB<\/li>\n<li>Dual Display VGA\/LVDS (24 bity)<\/li>\n<li>Jedno gniazdo PCI-Express x1, jedno gniazdo rozszerze\u0144 PCI i jedno gniazdo Mini-PCIe (z sygna\u0142em USB + PCIE x1)<\/li>\n<li>Trzy porty RS-232 i jeden port RS232\/422\/485<\/li>\n<\/ul>\n","protected":false},"excerpt":{"rendered":"<p>Karta Mini-ITX oparta na Intel\u00ae ATOM&#x2122; D525 z chipsetem ICH8M, 24-bitowym LVDS VGA\/Dual channel, wej\u015bciem DC12V, SO-DIMM DDR3 do 4GB i Dual Gigabit Ethernet.<\/p>\n<p>&nbsp;<\/p>\n","protected":false},"featured_media":11466,"template":"","meta":{"_acf_changed":false,"inline_featured_image":false,"_monsterinsights_skip_tracking":false,"_monsterinsights_sitenote_active":false,"_monsterinsights_sitenote_note":"","_monsterinsights_sitenote_category":0},"product_brand":[],"product_cat":[972,1002,985,981],"product_tag":[],"class_list":{"0":"post-6681","1":"product","2":"type-product","3":"status-publish","4":"has-post-thumbnail","6":"product_cat-portwell-pl","7":"product_cat-procesor-intel-atom-pl","8":"product_cat-plyty-mini-itx-niska-moc-pl","9":"product_cat-plyty-typu-embedded-pl","11":"first","12":"instock","13":"shipping-taxable","14":"product-type-simple"},"acf":[],"_links":{"self":[{"href":"https:\/\/quantum.com.pl\/pl\/wp-json\/wp\/v2\/product\/6681","targetHints":{"allow":["GET"]}}],"collection":[{"href":"https:\/\/quantum.com.pl\/pl\/wp-json\/wp\/v2\/product"}],"about":[{"href":"https:\/\/quantum.com.pl\/pl\/wp-json\/wp\/v2\/types\/product"}],"wp:featuredmedia":[{"embeddable":true,"href":"https:\/\/quantum.com.pl\/pl\/wp-json\/wp\/v2\/media\/11466"}],"wp:attachment":[{"href":"https:\/\/quantum.com.pl\/pl\/wp-json\/wp\/v2\/media?parent=6681"}],"wp:term":[{"taxonomy":"product_brand","embeddable":true,"href":"https:\/\/quantum.com.pl\/pl\/wp-json\/wp\/v2\/product_brand?post=6681"},{"taxonomy":"product_cat","embeddable":true,"href":"https:\/\/quantum.com.pl\/pl\/wp-json\/wp\/v2\/product_cat?post=6681"},{"taxonomy":"product_tag","embeddable":true,"href":"https:\/\/quantum.com.pl\/pl\/wp-json\/wp\/v2\/product_tag?post=6681"}],"curies":[{"name":"wp","href":"https:\/\/api.w.org\/{rel}","templated":true}]}}