{"id":6694,"date":"2019-12-10T16:50:47","date_gmt":"2019-12-10T15:50:47","guid":{"rendered":"https:\/\/quantum.com.pl\/?post_type=product&#038;p=6694"},"modified":"2020-05-20T21:18:57","modified_gmt":"2020-05-20T19:18:57","slug":"wade-8172","status":"publish","type":"product","link":"https:\/\/quantum.com.pl\/pl\/product\/wade-8172\/","title":{"rendered":"WADE-8172"},"content":{"rendered":"<h4>P\u0142yta Mini-ITX, oparta na procesorze Intel\u00ae Celeron\u00ae N3350, z VGA, HDMI, LVDS, Dual GbE, USB 3.0, SATA III, Mini PCIe i M.2<\/h4>\n<p>&nbsp;<\/p>\n<p>WADE-8172 oparta jest na procesorze Intel\u00ae Celeron\u00ae N3350. Dzi\u0119ki dwukana\u0142owej pami\u0119ci DDR3L i bogatym zestawom I\/O, WADE-8172 zapewnia energooszcz\u0119dne rozwi\u0105zania dla punkt\u00f3w sprzeda\u017cy (POS) i aplikacji automatyki przemys\u0142owej.<\/p>\n<h4>Cechy szczeg\u00f3lne:<\/h4>\n<ul>\n<li>Procesor Intel\u00ae Celeron\u00ae N3350<\/li>\n<li>Dwukana\u0142owa obs\u0142uga pami\u0119ci DDR3L 1333\/1600MHz, 2 x SO-DIMM, do 8GB pami\u0119ci systemowej<\/li>\n<li>1 x HDMI, 1 x D-Sub, 1 x Dual Channel 24-bitowy LVDS<\/li>\n<li>4 x USB 3.0, 4 x USB 2.0, 1 x port SATA3<\/li>\n<li>Obs\u0142uga 1x mini-PCIe, 2x gniazdo M.2 (KEY M i KEY E)<\/li>\n<\/ul>\n<h4>Specyfikacja:<\/h4>\n\n<table id=\"tablepress-290\" class=\"tablepress tablepress-id-290\">\n<thead>\n<tr class=\"row-1\">\n\t<th class=\"column-1\"><strong>Specification<\/strong><\/th><td class=\"column-2\"><\/td>\n<\/tr>\n<\/thead>\n<tbody class=\"row-striping row-hover\">\n<tr class=\"row-2\">\n\t<td class=\"column-1\">CPU<\/td><td class=\"column-2\">Intel Atom\u00ae Processor E3815 (1 x 1.46 GHz, 512 KB L2, 5 W)<br \/>\nIntel Atom\u00ae Processor E3825 (2 x 1.33 GHz, 1 MB L2, 6 W)<br \/>\nIntel Atom\u00ae Processor E3826 (2 x 1.46 GHz, 1 MB L2, 7 W)<br \/>\nIntel Atom\u00ae Processor E3827 (2 x 1.75 GHz, 1 MB L2, 8 W)<br \/>\nIntel Atom\u00ae Processor E3845 (4 x 1.91 GHz, 2 MB L2, 10 W)<\/td>\n<\/tr>\n<tr class=\"row-3\">\n\t<td class=\"column-1\">Format<\/td><td class=\"column-2\">Compact<br \/>\n<\/td>\n<\/tr>\n<tr class=\"row-4\">\n\t<td class=\"column-1\">Type<\/td><td class=\"column-2\">Type 6<\/td>\n<\/tr>\n<tr class=\"row-5\">\n\t<td class=\"column-1\">Chipset<\/td><td class=\"column-2\">SoC (System-On-Chip)<br \/>\n<\/td>\n<\/tr>\n<tr class=\"row-6\">\n\t<td class=\"column-1\">DRAM<\/td><td class=\"column-2\">Up to 8GB DDR3L 1067\/1333 SDRAM on one 204pin SO-DIMM socket<br \/>\n<br \/>\n<\/td>\n<\/tr>\n<tr class=\"row-7\">\n\t<td class=\"column-1\">Graphic Controller\t<br \/>\n<\/td><td class=\"column-2\">Intel\u00ae Gen7 HDGraphics supports DX11.1, OpenGL 3.0 \/ ES2.0<br \/>\n<br \/>\n<\/td>\n<\/tr>\n<tr class=\"row-8\">\n\t<td class=\"column-1\">Display Interface\t<br \/>\n<\/td><td class=\"column-2\">1x (support DP or HDMI), DP (2560x1600), DVI\/HDMI (1920x1080) , VGA (2560x1600), dual channel 24bit LVDS (2560x1600)<br \/>\n<br \/>\n<\/td>\n<\/tr>\n<tr class=\"row-9\">\n\t<td class=\"column-1\">Storage<\/td><td class=\"column-2\">1x Integrated micro-SD 3.0 on module, 2x SATA II (3.0 Gbit\/s)<br \/>\n<br \/>\n<\/td>\n<\/tr>\n<tr class=\"row-10\">\n\t<td class=\"column-1\">Network<\/td><td class=\"column-2\">1x Gigabit Ethernet Intel\u00ae I210IT<br \/>\n<\/td>\n<\/tr>\n<tr class=\"row-11\">\n\t<td class=\"column-1\">Bus Interface\t<br \/>\n<\/td><td class=\"column-2\">3x PCIe x1 Gen2 (optional 4x PCIe x1 LAN disabled), 1x PCIe x4 Gen2<br \/>\n<br \/>\n<\/td>\n<\/tr>\n<tr class=\"row-12\">\n\t<td class=\"column-1\">Serial Interface\t<br \/>\n<\/td><td class=\"column-2\">2x RX\/TX<br \/>\n<\/td>\n<\/tr>\n<tr class=\"row-13\">\n\t<td class=\"column-1\">USB<\/td><td class=\"column-2\">4x USB 2.0, 1x USB 3.0<br \/>\n<\/td>\n<\/tr>\n<tr class=\"row-14\">\n\t<td class=\"column-1\">Audio<\/td><td class=\"column-2\">Intel\u00ae HD Audio<br \/>\n<\/td>\n<\/tr>\n<tr class=\"row-15\">\n\t<td class=\"column-1\">Miscellaneous<\/td><td class=\"column-2\">GPIO 8bit,Watchdog Timer,HW monitoring CPU, voltage, fan and temperature<br \/>\n<br \/>\n<\/td>\n<\/tr>\n<tr class=\"row-16\">\n\t<td class=\"column-1\">Firmware\t<br \/>\n<\/td><td class=\"column-2\">Phoenix UEFI BIOS<br \/>\n<\/td>\n<\/tr>\n<tr class=\"row-17\">\n\t<td class=\"column-1\">Power Requirement\t<br \/>\n<\/td><td class=\"column-2\">6 V to 16,8 V DC<br \/>\n<\/td>\n<\/tr>\n<tr class=\"row-18\">\n\t<td class=\"column-1\">Power from W<\/td><td class=\"column-2\">depends on used CPU<br \/>\n<br \/>\n<\/td>\n<\/tr>\n<tr class=\"row-19\">\n\t<td class=\"column-1\">Dimensions<\/td><td class=\"column-2\">95x95 mm<br \/>\n<\/td>\n<\/tr>\n<\/tbody>\n<\/table>\n<!-- #tablepress-290 from cache -->\n<p>&nbsp;<\/p>\n","protected":false},"excerpt":{"rendered":"<p>P\u0142yta Mini-ITX, oparta na Procesorze Intel\u00ae Celeron\u00ae N3350, z VGA, HDMI, LVDS, Dual GbE, USB 3.0, SATA III, Mini PCIe i M.2.<\/p>\n","protected":false},"featured_media":11474,"template":"","meta":{"_acf_changed":false,"inline_featured_image":false,"_monsterinsights_skip_tracking":false,"_monsterinsights_sitenote_active":false,"_monsterinsights_sitenote_note":"","_monsterinsights_sitenote_category":0},"product_brand":[],"product_cat":[972,1005,985,981],"product_tag":[],"class_list":{"0":"post-6694","1":"product","2":"type-product","3":"status-publish","4":"has-post-thumbnail","6":"product_cat-portwell-pl","7":"product_cat-procesor-intel-celeron-i-pentium-pl","8":"product_cat-plyty-mini-itx-niska-moc-pl","9":"product_cat-plyty-typu-embedded-pl","11":"first","12":"instock","13":"shipping-taxable","14":"product-type-simple"},"acf":[],"_links":{"self":[{"href":"https:\/\/quantum.com.pl\/pl\/wp-json\/wp\/v2\/product\/6694","targetHints":{"allow":["GET"]}}],"collection":[{"href":"https:\/\/quantum.com.pl\/pl\/wp-json\/wp\/v2\/product"}],"about":[{"href":"https:\/\/quantum.com.pl\/pl\/wp-json\/wp\/v2\/types\/product"}],"wp:featuredmedia":[{"embeddable":true,"href":"https:\/\/quantum.com.pl\/pl\/wp-json\/wp\/v2\/media\/11474"}],"wp:attachment":[{"href":"https:\/\/quantum.com.pl\/pl\/wp-json\/wp\/v2\/media?parent=6694"}],"wp:term":[{"taxonomy":"product_brand","embeddable":true,"href":"https:\/\/quantum.com.pl\/pl\/wp-json\/wp\/v2\/product_brand?post=6694"},{"taxonomy":"product_cat","embeddable":true,"href":"https:\/\/quantum.com.pl\/pl\/wp-json\/wp\/v2\/product_cat?post=6694"},{"taxonomy":"product_tag","embeddable":true,"href":"https:\/\/quantum.com.pl\/pl\/wp-json\/wp\/v2\/product_tag?post=6694"}],"curies":[{"name":"wp","href":"https:\/\/api.w.org\/{rel}","templated":true}]}}