{"id":6706,"date":"2019-12-10T17:05:25","date_gmt":"2019-12-10T16:05:25","guid":{"rendered":"https:\/\/quantum.com.pl\/?post_type=product&#038;p=6706"},"modified":"2020-05-20T21:18:10","modified_gmt":"2020-05-20T19:18:10","slug":"wade-8171","status":"publish","type":"product","link":"https:\/\/quantum.com.pl\/pl\/product\/wade-8171\/","title":{"rendered":"WADE-8171"},"content":{"rendered":"<h4>P\u0142yta Mini-ITX oparta na procesorze Intel Celeron N3160<\/h4>\n<p>&nbsp;<\/p>\n<p>WADE-8171 jest oparta na procesorze Intel\u00ae Celeron\u00ae N3160. Dzi\u0119ki dwukana\u0142owej pami\u0119ci DDR3L i bogatym zestawom I\/O, WADE-8171 zapewnia energooszcz\u0119dne rozwi\u0105zania dla punkt\u00f3w sprzeda\u017cy (POS) i aplikacji automatyki przemys\u0142owej.<\/p>\n<h4>Cechy szczeg\u00f3lne:<\/h4>\n<ul>\n<li>Procesor Intel\u00ae Celeron\u00ae N3160<\/li>\n<li>Pami\u0119\u0107 DDR3L 1600\/1333 MHz, 2x 204-pinowe gniazda SODIMM do 8GB<\/li>\n<li>Niezale\u017cna funkcja Triple Display VGA, Display Port i dwukana\u0142owy LVDS<\/li>\n<li>Obs\u0142uga 1x PCIe x1, 1x Mini PCIe, 2x porty SATA III i 1x mSATA (wsp\u00f3\u0142dzielone)<\/li>\n<li>Obs\u0142uga 8 port\u00f3w USB (4x USB 3.0 + 4x USB 2.0)<\/li>\n<\/ul>\n<h4>Specyfikacja:<\/h4>\n\n<table id=\"tablepress-291\" class=\"tablepress tablepress-id-291\">\n<thead>\n<tr class=\"row-1\">\n\t<th class=\"column-1\">CPU<\/th><th class=\"column-2\">Intel\u00ae Celeron\u00ae Processor N3060 (2 x 1.60 GHz, 2 MB L2, 6 W)<br \/>\nIntel\u00ae Celeron\u00ae Processor N3160 (4 x 1.60 GHz, 2 MB L2, 6 W)<br \/>\nIntel\u00ae Pentium\u00ae Processor N3710 (4 x 1.60 GHz, 2 MB L2, 6 W)<\/th>\n<\/tr>\n<\/thead>\n<tbody class=\"row-striping row-hover\">\n<tr class=\"row-2\">\n\t<td class=\"column-1\">Format<\/td><td class=\"column-2\">Nano-ITX<br \/>\n<\/td>\n<\/tr>\n<tr class=\"row-3\">\n\t<td class=\"column-1\">Chipset<\/td><td class=\"column-2\">SoC (System-On-Chip)<br \/>\n<\/td>\n<\/tr>\n<tr class=\"row-4\">\n\t<td class=\"column-1\">DRAM<\/td><td class=\"column-2\">Up to 8GB DDR3L 1600 SO-DIMM<br \/>\n<\/td>\n<\/tr>\n<tr class=\"row-5\">\n\t<td class=\"column-1\">Graphic Controller<\/td><td class=\"column-2\">Intel\u00ae Gen 8 Graphics supports DirectX 11.2, OpenGL 4.2 \/ OpenCL 1.2; Video decode HW acceleration support for H.264, H.265, MPEG2, VC1\/WMV, JPEG, VP82, VP<br \/>\n<\/td>\n<\/tr>\n<tr class=\"row-6\">\n\t<td class=\"column-1\">Display Interface<\/td><td class=\"column-2\">LVDS dual channel 24bit LVDS on board connector, up to 1920x1200, CRT 1x DB-15 on board connector, up to 2560x1600, DP 1x DP port on rear I\/O, up to 3840x2160<br \/>\n<\/td>\n<\/tr>\n<tr class=\"row-7\">\n\t<td class=\"column-1\">Storage<\/td><td class=\"column-2\">1x SD socket , 1x SATA III (6.0 Gb\/s), 1x mSATA socket (6Gb\/s), -<br \/>\n<\/td>\n<\/tr>\n<tr class=\"row-8\">\n\t<td class=\"column-1\">Network<\/td><td class=\"column-2\">2x Intel\u00ae I211AT GbE controller<br \/>\n<\/td>\n<\/tr>\n<tr class=\"row-9\">\n\t<td class=\"column-1\">Expansion<\/td><td class=\"column-2\">1x M.2 socket (Type E); 1x full size Mini-PCIe socket<br \/>\n<\/td>\n<\/tr>\n<tr class=\"row-10\">\n\t<td class=\"column-1\">Serial Interface<\/td><td class=\"column-2\">1x RS-232\/422\/485 on board connector (selected by bios)<br \/>\n<\/td>\n<\/tr>\n<tr class=\"row-11\">\n\t<td class=\"column-1\">USB<\/td><td class=\"column-2\">2x USB 3.0 ports on rear I\/O, 2x USB 3.0 ports on board with pitch 3.0 header<br \/>\n<\/td>\n<\/tr>\n<tr class=\"row-12\">\n\t<td class=\"column-1\">Audio<\/td><td class=\"column-2\">HD Audio, Realtek ALC892<br \/>\n<\/td>\n<\/tr>\n<tr class=\"row-13\">\n\t<td class=\"column-1\">Security<\/td><td class=\"column-2\">optional TPM<br \/>\n<\/td>\n<\/tr>\n<tr class=\"row-14\">\n\t<td class=\"column-1\">Miscellaneous<\/td><td class=\"column-2\">GPIO 8bit,Watchdog Timer,Battery on board,HW monitoring temperature &amp; voltage<br \/>\n<\/td>\n<\/tr>\n<tr class=\"row-15\">\n\t<td class=\"column-1\">Firmware<\/td><td class=\"column-2\">AMI UEFI BIOS<br \/>\n<\/td>\n<\/tr>\n<tr class=\"row-16\">\n\t<td class=\"column-1\">Power Requirement<\/td><td class=\"column-2\">DC 12V input<br \/>\n<\/td>\n<\/tr>\n<tr class=\"row-17\">\n\t<td class=\"column-1\">Operating Temperature<\/td><td class=\"column-2\">0\u00b0C to +60\u00b0C<br \/>\n<\/td>\n<\/tr>\n<tr class=\"row-18\">\n\t<td class=\"column-1\">Dimensions<\/td><td class=\"column-2\">120x120 mm<br \/>\n<\/td>\n<\/tr>\n<\/tbody>\n<\/table>\n<!-- #tablepress-291 from cache -->\n","protected":false},"excerpt":{"rendered":"<p>P\u0142yta Mini-ITX typu &#8222;embedded&#8221;, oparta na procesorze Intel\u00ae Celeron\u00ae N3160, z VGA, Display Port, LVDS, Gigabit Ethernet, Audio, USB 3.0, SATA, Mini PCIe i mSATA.<\/p>\n","protected":false},"featured_media":11470,"template":"","meta":{"_acf_changed":false,"inline_featured_image":false,"_monsterinsights_skip_tracking":false,"_monsterinsights_sitenote_active":false,"_monsterinsights_sitenote_note":"","_monsterinsights_sitenote_category":0},"product_brand":[],"product_cat":[972,1005,985,981],"product_tag":[],"class_list":{"0":"post-6706","1":"product","2":"type-product","3":"status-publish","4":"has-post-thumbnail","6":"product_cat-portwell-pl","7":"product_cat-procesor-intel-celeron-i-pentium-pl","8":"product_cat-plyty-mini-itx-niska-moc-pl","9":"product_cat-plyty-typu-embedded-pl","11":"first","12":"instock","13":"shipping-taxable","14":"product-type-simple"},"acf":[],"_links":{"self":[{"href":"https:\/\/quantum.com.pl\/pl\/wp-json\/wp\/v2\/product\/6706","targetHints":{"allow":["GET"]}}],"collection":[{"href":"https:\/\/quantum.com.pl\/pl\/wp-json\/wp\/v2\/product"}],"about":[{"href":"https:\/\/quantum.com.pl\/pl\/wp-json\/wp\/v2\/types\/product"}],"wp:featuredmedia":[{"embeddable":true,"href":"https:\/\/quantum.com.pl\/pl\/wp-json\/wp\/v2\/media\/11470"}],"wp:attachment":[{"href":"https:\/\/quantum.com.pl\/pl\/wp-json\/wp\/v2\/media?parent=6706"}],"wp:term":[{"taxonomy":"product_brand","embeddable":true,"href":"https:\/\/quantum.com.pl\/pl\/wp-json\/wp\/v2\/product_brand?post=6706"},{"taxonomy":"product_cat","embeddable":true,"href":"https:\/\/quantum.com.pl\/pl\/wp-json\/wp\/v2\/product_cat?post=6706"},{"taxonomy":"product_tag","embeddable":true,"href":"https:\/\/quantum.com.pl\/pl\/wp-json\/wp\/v2\/product_tag?post=6706"}],"curies":[{"name":"wp","href":"https:\/\/api.w.org\/{rel}","templated":true}]}}