{"id":6725,"date":"2019-12-10T17:28:37","date_gmt":"2019-12-10T16:28:37","guid":{"rendered":"https:\/\/quantum.com.pl\/?post_type=product&#038;p=6725"},"modified":"2020-05-20T20:53:14","modified_gmt":"2020-05-20T18:53:14","slug":"nano-6062","status":"publish","type":"product","link":"https:\/\/quantum.com.pl\/pl\/product\/nano-6062\/","title":{"rendered":"NANO-6062"},"content":{"rendered":"<h4>P\u0142yta g\u0142\u00f3wna Nano-ITX Intel Atom E3900, obs\u0142uguj\u0105ca temperatur\u0119 przemys\u0142ow\u0105<\/h4>\n<p>&nbsp;<\/p>\n<p>Zbudowana z procesorem Intel\u00ae Atom&#x2122; serii E3900, p\u0142yta Portwell NANO-6062 Nano-ITX typu &#8222;embedded&#8221; nie tylko dzia\u0142a z projektowan\u0105 moc\u0105 ciepln\u0105 (TDP) poni\u017cej 12W dla aplikacji typu &#8222;fanless&#8221;, ale r\u00f3wnie\u017c obs\u0142uguje szeroki zakres temperatur przemys\u0142owych od -40\u00b0C ~ 85\u00b0C i szerokie napi\u0119cie wej\u015bciowe od 12 do 24V dla trudnych zastosowa\u0144.<\/p>\n<p>Obs\u0142uga czterech port\u00f3w USB 3.0 zapewnia szybk\u0105 transmisj\u0119 danych przy niskim zu\u017cyciu energii. Jeden pas PCI Express 2.0 5Gb\/s mo\u017ce by\u0107 u\u017cyty jako 1x pe\u0142nowymiarowy Mini PCIe. Dwa interfejsy SATA 3.0 z pr\u0119dko\u015bci\u0105 do 6Gb\/s (jeden z nich dost\u0119pny jako mSATA, a drugi dla SATA) umo\u017cliwiaj\u0105 szybk\u0105 i elastyczn\u0105 rozbudow\u0119 systemu. Kontrolery Gigabit Ethernet Intel I210-IT zapewniaj\u0105 podw\u00f3jny dost\u0119p do Gigabit Ethernet LAN przez dwa porty RJ45.<\/p>\n<p>NANO-6062 jest idealna dla klient\u00f3w, kt\u00f3rzy chc\u0105 projektowa\u0107 w\u0142asne unikalne systemy. Zapewnia r\u00f3wnie\u017c odpowiedni\u0105 elastyczno\u015b\u0107 dla aplikacji medycznych, sieciowych, panel PC, kiosku i digital signage.<\/p>\n<h4>Cechy szczeg\u00f3lne:<\/h4>\n<ul>\n<li>Procesor Intel\u00ae Atom&#x2122; z serii E3900<\/li>\n<li>Obs\u0142uga DDR3L 1866\/1600 SODIMM do 8GB<\/li>\n<li>Obs\u0142uga Triple Display przez VGA, Display Port i LVDS<\/li>\n<li>Obs\u0142uga jednego gniazda M.2, portu SATA III, Mini PCIe i gniazda mSATA<\/li>\n<li>Obs\u0142uga wej\u015bcia DC 12V-24V<\/li>\n<li>Obs\u0142uga szerokiego zakresu temperatur: od -40\u00b0C do 85\u00b0C<\/li>\n<\/ul>\n<h4>Specyfikacja:<\/h4>\n\n<table id=\"tablepress-293\" class=\"tablepress tablepress-id-293\">\n<thead>\n<tr class=\"row-1\">\n\t<th class=\"column-1\"><strong>Specyfikacje<\/strong><\/th><td class=\"column-2\"><\/td>\n<\/tr>\n<\/thead>\n<tbody class=\"row-striping row-hover\">\n<tr class=\"row-2\">\n\t<td class=\"column-1\">CPU<\/td><td class=\"column-2\">\tIntel\u00ae Broadwell-5650U, 2.2GHz 4MB Cache 2 Core (15W)<br \/>\nIntel\u00ae Broadwell-5350U, 1.8GHz 3MB Cache 2 Core (15W)<br \/>\nIntel\u00ae Broadwell-5010U, 2.1GHz 3MB Cache 2 Core (15W)<\/td>\n<\/tr>\n<tr class=\"row-3\">\n\t<td class=\"column-1\">Format<\/td><td class=\"column-2\">Kompaktowy rozmiar<br \/>\n<\/td>\n<\/tr>\n<tr class=\"row-4\">\n\t<td class=\"column-1\">Typ<\/td><td class=\"column-2\">Typ 6<\/td>\n<\/tr>\n<tr class=\"row-5\">\n\t<td class=\"column-1\">Chipset<\/td><td class=\"column-2\">n\/a<br \/>\n<\/td>\n<\/tr>\n<tr class=\"row-6\">\n\t<td class=\"column-1\">DRAM<\/td><td class=\"column-2\">SDRAM DDR3L-1600\/1333 na gniazdach SODIMM, do 8 GB, brak pami\u0119ci DDR3L, do 4 GB (opcjonalnie)<br \/>\n<\/td>\n<\/tr>\n<tr class=\"row-7\">\n\t<td class=\"column-1\">Kontroler graficzny<br \/>\n<\/td><td class=\"column-2\">Grafika Intel\u00ae HD, obs\u0142uga OpenGL * 4.2, DirectX * 11.1 i OpenCL 2.0<br \/>\n<\/td>\n<\/tr>\n<tr class=\"row-8\">\n\t<td class=\"column-1\">Interfejs wy\u015bwietlacza<br \/>\n<\/td><td class=\"column-2\">Obs\u0142uguje interfejsy Display Port, VGA i LVDS z 3 niezale\u017cnymi wy\u015bwietlaczami, o wysokiej rozdzielczo\u015bci 4K \u201d(38x21) (DP \/ eDP * @ 60Hz)<br \/>\n<\/td>\n<\/tr>\n<tr class=\"row-9\">\n\t<td class=\"column-1\">Magazynowanie pami\u0119ci<\/td><td class=\"column-2\">4x porty SATA do 6,0 Gb \/ s, Intel\u00ae Rapid Storage Technique dla pami\u0119ci PCIe<br \/>\n<\/td>\n<\/tr>\n<tr class=\"row-10\">\n\t<td class=\"column-1\">Sie\u0107<\/td><td class=\"column-2\">Intel\u00ae I218M Gigabit LAN x 1<br \/>\n<\/td>\n<\/tr>\n<tr class=\"row-11\">\n\t<td class=\"column-1\">Interfejs magistrali<\/td><td class=\"column-2\">1x PCI Express x4 do Gen2 (5,0 GT \/ s),<br \/>\n<\/td>\n<\/tr>\n<tr class=\"row-12\">\n\t<td class=\"column-1\">Interfejs szeregowy<\/td><td class=\"column-2\">2 porty szeregowe (TX \/ RX)<br \/>\n<\/td>\n<\/tr>\n<tr class=\"row-13\">\n\t<td class=\"column-1\">USB<\/td><td class=\"column-2\">2x porty USB 3.0 (5 Gb \/ s), 8x porty USB 2.0 (480 Mb \/ s)<br \/>\n<\/td>\n<\/tr>\n<tr class=\"row-14\">\n\t<td class=\"column-1\">Audio<\/td><td class=\"column-2\">Intel\u00ae High Definition Audio<br \/>\n<\/td>\n<\/tr>\n<tr class=\"row-15\">\n\t<td class=\"column-1\">R\u00f3\u017cne<\/td><td class=\"column-2\">ITE8528 CPU, napi\u0119cie i temperatura, Watchdog Timer<br \/>\n<\/td>\n<\/tr>\n<tr class=\"row-16\">\n\t<td class=\"column-1\">Oprogramowanie uk\u0142adowe<br \/>\n<\/td><td class=\"column-2\">AMI Aptio BIOS, obs\u0142uga UEFI 4.0, ACPI 3.0, modu\u0142 wsparcia zgodno\u015bci SMBIOS 2.7<br \/>\n<\/td>\n<\/tr>\n<tr class=\"row-17\">\n\t<td class=\"column-1\">Wymaganie mocy<br \/>\n<\/td><td class=\"column-2\">Typowo: 12V, 5VSB, VBAT, obs\u0142uga trybu AT i ATX<br \/>\n<\/td>\n<\/tr>\n<tr class=\"row-18\">\n\t<td class=\"column-1\">Moc z W<\/td><td class=\"column-2\">15W<br \/>\n<\/td>\n<\/tr>\n<tr class=\"row-19\">\n\t<td class=\"column-1\">Wymiary<\/td><td class=\"column-2\">95 mm (L) x 95 mm (W), 3,7 \"(L) x 3,7\" (W), PCB: 14 warstw<br \/>\n<\/td>\n<\/tr>\n<\/tbody>\n<\/table>\n<!-- #tablepress-293 from cache -->\n","protected":false},"excerpt":{"rendered":"<p>P\u0142yta g\u0142\u00f3wna Nano-ITX typu &#8222;embedded&#8221;, oparta na rodzinie procesor\u00f3w Intel\u00ae Atom&#x2122; E3900, z funkcj\u0105 Triple Display, Gigabit Ethernet, USB 3.0, M.2, SATA III, Mini PCIe i mSATA.<\/p>\n<p>&nbsp;<\/p>\n","protected":false},"featured_media":11422,"template":"","meta":{"_acf_changed":false,"inline_featured_image":false,"_monsterinsights_skip_tracking":false,"_monsterinsights_sitenote_active":false,"_monsterinsights_sitenote_note":"","_monsterinsights_sitenote_category":0},"product_brand":[],"product_cat":[972,986,981],"product_tag":[],"class_list":{"0":"post-6725","1":"product","2":"type-product","3":"status-publish","4":"has-post-thumbnail","6":"product_cat-portwell-pl","7":"product_cat-plyty-nano-itx-pl","8":"product_cat-plyty-typu-embedded-pl","10":"first","11":"instock","12":"shipping-taxable","13":"product-type-simple"},"acf":[],"_links":{"self":[{"href":"https:\/\/quantum.com.pl\/pl\/wp-json\/wp\/v2\/product\/6725","targetHints":{"allow":["GET"]}}],"collection":[{"href":"https:\/\/quantum.com.pl\/pl\/wp-json\/wp\/v2\/product"}],"about":[{"href":"https:\/\/quantum.com.pl\/pl\/wp-json\/wp\/v2\/types\/product"}],"wp:featuredmedia":[{"embeddable":true,"href":"https:\/\/quantum.com.pl\/pl\/wp-json\/wp\/v2\/media\/11422"}],"wp:attachment":[{"href":"https:\/\/quantum.com.pl\/pl\/wp-json\/wp\/v2\/media?parent=6725"}],"wp:term":[{"taxonomy":"product_brand","embeddable":true,"href":"https:\/\/quantum.com.pl\/pl\/wp-json\/wp\/v2\/product_brand?post=6725"},{"taxonomy":"product_cat","embeddable":true,"href":"https:\/\/quantum.com.pl\/pl\/wp-json\/wp\/v2\/product_cat?post=6725"},{"taxonomy":"product_tag","embeddable":true,"href":"https:\/\/quantum.com.pl\/pl\/wp-json\/wp\/v2\/product_tag?post=6725"}],"curies":[{"name":"wp","href":"https:\/\/api.w.org\/{rel}","templated":true}]}}