{"id":6746,"date":"2019-12-10T17:53:08","date_gmt":"2019-12-10T16:53:08","guid":{"rendered":"https:\/\/quantum.com.pl\/?post_type=product&#038;p=6746"},"modified":"2020-05-20T20:52:48","modified_gmt":"2020-05-20T18:52:48","slug":"nano-6061","status":"publish","type":"product","link":"https:\/\/quantum.com.pl\/pl\/product\/nano-6061\/","title":{"rendered":"NANO-6061"},"content":{"rendered":"<h4>P\u0142yta Nano-ITX Intel Celeron N3000 o ultra niskiej mocy<\/h4>\n<p>&nbsp;<\/p>\n<p>NANO-6061 jest zbudowana z procesorami Intel\u00ae Celeron\u00ae i Pentium\u00ae z serii N3000, kt\u00f3re nadaj\u0105 si\u0119 do aplikacji typu &#8222;fanless&#8221; o mocy poni\u017cej 10W, ale jednocze\u015bnie wymagaj\u0105 du\u017cej mocy graficznej. Produkt ten zapewnia doskona\u0142\u0105 moc obliczeniow\u0105 i wysok\u0105 wydajno\u015b\u0107. Nowa architektura integruje mocniejszy silnik grafiki 3D i kontroler pami\u0119ci, dzi\u0119ki czemu jest odpowiedni tak\u017ce do trudnych \u015brodowisk.<\/p>\n<h4>Cechy szczeg\u00f3lne:<\/h4>\n<ul>\n<li>Procesory Intel\u00ae Pentium\/ Celeron Dual\/ Quad Core N3000<\/li>\n<li>Jeden 204-pinowy SODIMM obs\u0142uguje DDR3L do 8GB<\/li>\n<li>Multiple Display przez VGA, DP, dwukana\u0142owy 24-bitowy LVDS<\/li>\n<li>Obs\u0142uguje jedno gniazdo M.2 i jeden port SATA<\/li>\n<li>Obs\u0142uguje jedno gniazdo SD<\/li>\n<li>Obs\u0142uguje wej\u015bcie DC 12V<\/li>\n<\/ul>\n<h4>Specyfikacja:<\/h4>\n\n<table id=\"tablepress-295\" class=\"tablepress tablepress-id-295\">\n<thead>\n<tr class=\"row-1\">\n\t<th class=\"column-1\"><strong>Specyfikacje<\/strong><\/th><td class=\"column-2\"><\/td>\n<\/tr>\n<\/thead>\n<tbody class=\"row-striping row-hover\">\n<tr class=\"row-2\">\n\t<td class=\"column-1\">CPU<\/td><td class=\"column-2\">Intel\u00ae Xeon\u00ae Processor D-1577 (16 x 1.30 GHz \/ 2.10 GHz, 24 MB, 45 W)<br \/>\nIntel\u00ae Xeon\u00ae Processor D-1559 (12 x 1.50 GHz \/ 2.10 GHz, 18 MB, 45 W)<br \/>\nIntel\u00ae Xeon\u00ae Processor D-1548 (8 x 2.00 GHz \/ 2.60 GHz, 12 MB, 45 W)<br \/>\nIntel\u00ae Xeon\u00ae Processor D-1537 (8 x 1.70 GHz \/ 2.30 GHz, 12 MB, 35 W)<br \/>\nIntel\u00ae Xeon\u00ae Processor D-1527 (4 x 2.20 GHz \/ 2.70 GHz, 6 MB, 35 W)<br \/>\nIntel\u00ae Pentium\u00ae Processor D1519 (4 x 1.50 GHz \/ 2.10 GHz, 6 MB, 25 W)<br \/>\nIntel\u00ae Pentium\u00ae Processor D1517 (4 x 1.60 GHz \/ 2.20 GHz, 6 MB, 25 W)<br \/>\nIntel\u00ae Pentium\u00ae Processor D1508 (2 x 2.20 GHz \/ 2.60 GHz, 3 MB, 25 W)<br \/>\nIntel\u00ae Pentium\u00ae Processor D1507 (2 x 1.20 GHz, 3 MB, 20 W)<\/td>\n<\/tr>\n<tr class=\"row-3\">\n\t<td class=\"column-1\">USB<\/td><td class=\"column-2\">7x USB 2.0, 4x USB 3.0<br \/>\n<\/td>\n<\/tr>\n<tr class=\"row-4\">\n\t<td class=\"column-1\">Audio<\/td><td class=\"column-2\">N\/A<\/td>\n<\/tr>\n<tr class=\"row-5\">\n\t<td class=\"column-1\">R\u00f3\u017cne<\/td><td class=\"column-2\">GPIO 8bit, Watchdog Timer, procesor monitoruj\u0105cy sprz\u0119t, napi\u0119cie, wentylator i temperatur\u0119<br \/>\n<\/td>\n<\/tr>\n<tr class=\"row-6\">\n\t<td class=\"column-1\">Oprogramowanie uk\u0142adowe<\/td><td class=\"column-2\">AMI Aptio BIOS<br \/>\n<\/td>\n<\/tr>\n<tr class=\"row-7\">\n\t<td class=\"column-1\">Wymaganie mocy<\/td><td class=\"column-2\">+ 12VDC (nominalny), + 5VDC ~ + 13VDC (szeroki zakres), obs\u0142uga trybu AT<br \/>\n<\/td>\n<\/tr>\n<tr class=\"row-8\">\n\t<td class=\"column-1\">Moc z W<\/td><td class=\"column-2\">zale\u017cy od u\u017cywanego procesora<br \/>\n<\/td>\n<\/tr>\n<tr class=\"row-9\">\n\t<td class=\"column-1\">Temperatura operacyjna<\/td><td class=\"column-2\">-20\u00b0C do 85\u00b0C (zale\u017cnie od procesora)<br \/>\n<\/td>\n<\/tr>\n<tr class=\"row-10\">\n\t<td class=\"column-1\">Rozszerzony zakres temperatury<\/td><td class=\"column-2\">opcjonalnie<\/td>\n<\/tr>\n<tr class=\"row-11\">\n\t<td class=\"column-1\">Interfejs szeregowy<\/td><td class=\"column-2\">1x RX\/TX<br \/>\n<\/td>\n<\/tr>\n<tr class=\"row-12\">\n\t<td class=\"column-1\">Interfejs magistrali<\/td><td class=\"column-2\">8x PCIe Gen2 (konfiguracja x1, x2, x4), 1x PCIe x16 Gen3 (konfiguracja x4, x8, x16)<br \/>\n<\/td>\n<\/tr>\n<tr class=\"row-13\">\n\t<td class=\"column-1\">Sie\u0107<\/td><td class=\"column-2\">1x Gigabit Ethernet Intel\u00ae I219LM<br \/>\n<\/td>\n<\/tr>\n<tr class=\"row-14\">\n\t<td class=\"column-1\">Format<\/td><td class=\"column-2\">podstawowy<\/td>\n<\/tr>\n<tr class=\"row-15\">\n\t<td class=\"column-1\">Typ<\/td><td class=\"column-2\">Typ 6<\/td>\n<\/tr>\n<tr class=\"row-16\">\n\t<td class=\"column-1\">Chipset<\/td><td class=\"column-2\">SoC (System-On-Chip)<br \/>\n<\/td>\n<\/tr>\n<tr class=\"row-17\">\n\t<td class=\"column-1\">DRAM<\/td><td class=\"column-2\">Do 48 GB pami\u0119ci DDR4-2133 ECC SDRAM na trzech gniazdach SO-DIMM<br \/>\n<\/td>\n<\/tr>\n<tr class=\"row-18\">\n\t<td class=\"column-1\">Kontroler graficzny<\/td><td class=\"column-2\">Silicon Motion 2D Graphic Accelerator SM750<br \/>\n<\/td>\n<\/tr>\n<tr class=\"row-19\">\n\t<td class=\"column-1\">Interfejs wy\u015bwietlacza<\/td><td class=\"column-2\">HDMI (1920x1440), VGA (1920x1440)<br \/>\n<\/td>\n<\/tr>\n<tr class=\"row-20\">\n\t<td class=\"column-1\">Magazynowanie pami\u0119ci<\/td><td class=\"column-2\">4x SATA III (6Gbit\/s)<br \/>\n<br \/>\n<\/td>\n<\/tr>\n<tr class=\"row-21\">\n\t<td class=\"column-1\">Wymiary<\/td><td class=\"column-2\">125x95 mm<br \/>\n<br \/>\n<br \/>\n<\/td>\n<\/tr>\n<\/tbody>\n<\/table>\n<!-- #tablepress-295 from cache -->\n","protected":false},"excerpt":{"rendered":"<p>P\u0142yta NANO-6061, oparta na najnowszej serii SoC Intel\u00ae Pentium\/ Celeron Dual\/ Quad Core N3000, z funkcj\u0105 Triple Display, Gigabit Ethernet, Audio, USB 3.0, SATA, M.2 i SD.<\/p>\n","protected":false},"featured_media":11420,"template":"","meta":{"_acf_changed":false,"inline_featured_image":false,"_monsterinsights_skip_tracking":false,"_monsterinsights_sitenote_active":false,"_monsterinsights_sitenote_note":"","_monsterinsights_sitenote_category":0},"product_brand":[],"product_cat":[972,986,981],"product_tag":[],"class_list":{"0":"post-6746","1":"product","2":"type-product","3":"status-publish","4":"has-post-thumbnail","6":"product_cat-portwell-pl","7":"product_cat-plyty-nano-itx-pl","8":"product_cat-plyty-typu-embedded-pl","10":"first","11":"instock","12":"shipping-taxable","13":"product-type-simple"},"acf":[],"_links":{"self":[{"href":"https:\/\/quantum.com.pl\/pl\/wp-json\/wp\/v2\/product\/6746","targetHints":{"allow":["GET"]}}],"collection":[{"href":"https:\/\/quantum.com.pl\/pl\/wp-json\/wp\/v2\/product"}],"about":[{"href":"https:\/\/quantum.com.pl\/pl\/wp-json\/wp\/v2\/types\/product"}],"wp:featuredmedia":[{"embeddable":true,"href":"https:\/\/quantum.com.pl\/pl\/wp-json\/wp\/v2\/media\/11420"}],"wp:attachment":[{"href":"https:\/\/quantum.com.pl\/pl\/wp-json\/wp\/v2\/media?parent=6746"}],"wp:term":[{"taxonomy":"product_brand","embeddable":true,"href":"https:\/\/quantum.com.pl\/pl\/wp-json\/wp\/v2\/product_brand?post=6746"},{"taxonomy":"product_cat","embeddable":true,"href":"https:\/\/quantum.com.pl\/pl\/wp-json\/wp\/v2\/product_cat?post=6746"},{"taxonomy":"product_tag","embeddable":true,"href":"https:\/\/quantum.com.pl\/pl\/wp-json\/wp\/v2\/product_tag?post=6746"}],"curies":[{"name":"wp","href":"https:\/\/api.w.org\/{rel}","templated":true}]}}