{"id":6756,"date":"2019-12-10T18:13:17","date_gmt":"2019-12-10T17:13:17","guid":{"rendered":"https:\/\/quantum.com.pl\/?post_type=product&#038;p=6756"},"modified":"2020-05-20T21:22:56","modified_gmt":"2020-05-20T19:22:56","slug":"nano-6060","status":"publish","type":"product","link":"https:\/\/quantum.com.pl\/pl\/product\/nano-6060\/","title":{"rendered":"NANO-6060"},"content":{"rendered":"<h4>P\u0142yta g\u0142\u00f3wna Nano-ITX Intel Atom E3800 SoC z funkcj\u0105 Dual Display i USB 3.0<\/h4>\n<p>&nbsp;<\/p>\n<p>NANO-ITX, oparta na procesorze z rodziny Intel\u00ae Atom&#x2122; E3800, z funckj\u0105 Dual Display, Gigabit Ethernet, Audio, USB 3.0, micro SD i SATA.<\/p>\n<h4>Cechy szczeg\u00f3lne:<\/h4>\n<ul>\n<li>Procesor z rodziny Intel\u00ae Atom&#x2122; E3800<\/li>\n<li>DDR3L SDRAM do 8GB<\/li>\n<li>Multiple Display przez VGA, DP, dwukana\u0142owy 24-bitowy LVDS<\/li>\n<li>Obs\u0142uguje dwa porty SATA 2.0, jedno gniazdo micro SD i cztery porty USB 3.0<\/li>\n<li>Jedno gniazdo Mini-PCIe i gniazdo PCIe x1 do rozbudowy<\/li>\n<li>Obs\u0142uguje wej\u015bcie DC 12V<\/li>\n<\/ul>\n<h4>Specyfikacja:<\/h4>\n\n<table id=\"tablepress-296\" class=\"tablepress tablepress-id-296\">\n<thead>\n<tr class=\"row-1\">\n\t<th class=\"column-1\"><strong>Specification<\/strong><\/th><td class=\"column-2\"><\/td>\n<\/tr>\n<\/thead>\n<tbody class=\"row-striping row-hover\">\n<tr class=\"row-2\">\n\t<td class=\"column-1\">CPU<\/td><td class=\"column-2\">Intel\u00ae Xeon\u00ae Processor D-1577 (16 x 1.30 GHz \/ 2.10 GHz, 24 MB, 45 W)<br \/>\nIntel\u00ae Xeon\u00ae Processor D-1559 (12 x 1.50 GHz \/ 2.10 GHz, 18 MB, 45 W)<br \/>\nIntel\u00ae Xeon\u00ae Processor D-1548 (8 x 2.00 GHz \/ 2.60 GHz, 12 MB, 45 W)<br \/>\nIntel\u00ae Xeon\u00ae Processor D-1537 (8 x 1.70 GHz \/ 2.30 GHz, 12 MB, 35 W)<br \/>\nIntel\u00ae Xeon\u00ae Processor D-1527 (4 x 2.20 GHz \/ 2.70 GHz, 6 MB, 35 W)<br \/>\nIntel\u00ae Pentium\u00ae Processor D1519 (4 x 1.50 GHz \/ 2.10 GHz, 6 MB, 25 W)<br \/>\nIntel\u00ae Pentium\u00ae Processor D1517 (4 x 1.60 GHz \/ 2.20 GHz, 6 MB, 25 W)<br \/>\nIntel\u00ae Pentium\u00ae Processor D1508 (2 x 2.20 GHz \/ 2.60 GHz, 3 MB, 25 W)<br \/>\nIntel\u00ae Pentium\u00ae Processor D1507 (2 x 1.20 GHz, 3 MB, 20 W)<\/td>\n<\/tr>\n<tr class=\"row-3\">\n\t<td class=\"column-1\">USB<\/td><td class=\"column-2\">7x USB 2.0, 4x USB 3.0<br \/>\n<\/td>\n<\/tr>\n<tr class=\"row-4\">\n\t<td class=\"column-1\">Audio<\/td><td class=\"column-2\">N\/A<\/td>\n<\/tr>\n<tr class=\"row-5\">\n\t<td class=\"column-1\">Miscellaneous<\/td><td class=\"column-2\">GPIO 8bit,Watchdog Timer,HW monitoring CPU, voltage, fan and temperature<br \/>\n<br \/>\n<\/td>\n<\/tr>\n<tr class=\"row-6\">\n\t<td class=\"column-1\">Firmware<\/td><td class=\"column-2\">AMI Aptio BIOS<br \/>\n<\/td>\n<\/tr>\n<tr class=\"row-7\">\n\t<td class=\"column-1\">Power Requirement<\/td><td class=\"column-2\">+12VDC (Nominal), +5VDC ~ +13VDC (Wide range), Support AT mode<br \/>\n<br \/>\n<\/td>\n<\/tr>\n<tr class=\"row-8\">\n\t<td class=\"column-1\">Power from W<\/td><td class=\"column-2\">depends on used CPU<br \/>\n<br \/>\n<\/td>\n<\/tr>\n<tr class=\"row-9\">\n\t<td class=\"column-1\">Operating Temperature<\/td><td class=\"column-2\">-20\u00b0C to 85\u00b0C (processor dependent)<br \/>\n<br \/>\n<\/td>\n<\/tr>\n<tr class=\"row-10\">\n\t<td class=\"column-1\">Extended Temperature<\/td><td class=\"column-2\">optional<\/td>\n<\/tr>\n<tr class=\"row-11\">\n\t<td class=\"column-1\">Serial Interface<\/td><td class=\"column-2\">1x RX\/TX<br \/>\n<\/td>\n<\/tr>\n<tr class=\"row-12\">\n\t<td class=\"column-1\">Bus Interface<\/td><td class=\"column-2\">8x PCIe Gen2 (konfiguracja x1, x2, x4), 1x PCIe x16 Gen3 (konfiguracja x4, x8, x16)<br \/>\n<\/td>\n<\/tr>\n<tr class=\"row-13\">\n\t<td class=\"column-1\">Network<\/td><td class=\"column-2\">1x Gigabit Ethernet Intel\u00ae I219LM<br \/>\n<\/td>\n<\/tr>\n<tr class=\"row-14\">\n\t<td class=\"column-1\">Format<\/td><td class=\"column-2\">basic<\/td>\n<\/tr>\n<tr class=\"row-15\">\n\t<td class=\"column-1\">Type<\/td><td class=\"column-2\">Type 6<\/td>\n<\/tr>\n<tr class=\"row-16\">\n\t<td class=\"column-1\">Chipset<\/td><td class=\"column-2\">SoC (System-On-Chip)<br \/>\n<\/td>\n<\/tr>\n<tr class=\"row-17\">\n\t<td class=\"column-1\">DRAM<\/td><td class=\"column-2\">Up to 48GB DDR4-2133 ECC SDRAM on three SO-DIMM slots<br \/>\n<br \/>\n<\/td>\n<\/tr>\n<tr class=\"row-18\">\n\t<td class=\"column-1\">Graphic Controller<\/td><td class=\"column-2\">Silicon Motion 2D Graphic Accelerator SM750<br \/>\n<\/td>\n<\/tr>\n<tr class=\"row-19\">\n\t<td class=\"column-1\">Display Interface<\/td><td class=\"column-2\">HDMI (1920x1440), VGA (1920x1440)<br \/>\n<\/td>\n<\/tr>\n<tr class=\"row-20\">\n\t<td class=\"column-1\">Storage<\/td><td class=\"column-2\">4x SATA III (6Gbit\/s)<br \/>\n<br \/>\n<\/td>\n<\/tr>\n<tr class=\"row-21\">\n\t<td class=\"column-1\">Dimensions<\/td><td class=\"column-2\">125x95 mm<br \/>\n<br \/>\n<br \/>\n<\/td>\n<\/tr>\n<\/tbody>\n<\/table>\n<!-- #tablepress-296 from cache -->\n","protected":false},"excerpt":{"rendered":"<p>NANO-ITX, oparta na procesorze z rodziny Intel\u00ae Atom&#x2122; E3800, z funckj\u0105 Dual Display, Gigabit Ethernet, Audio, USB 3.0, micro SD i SATA.<\/p>\n<p>&nbsp;<\/p>\n","protected":false},"featured_media":11492,"template":"","meta":{"_acf_changed":false,"inline_featured_image":false,"_monsterinsights_skip_tracking":false,"_monsterinsights_sitenote_active":false,"_monsterinsights_sitenote_note":"","_monsterinsights_sitenote_category":0},"product_brand":[],"product_cat":[972,986,981],"product_tag":[],"class_list":{"0":"post-6756","1":"product","2":"type-product","3":"status-publish","4":"has-post-thumbnail","6":"product_cat-portwell-pl","7":"product_cat-plyty-nano-itx-pl","8":"product_cat-plyty-typu-embedded-pl","10":"first","11":"instock","12":"shipping-taxable","13":"product-type-simple"},"acf":[],"_links":{"self":[{"href":"https:\/\/quantum.com.pl\/pl\/wp-json\/wp\/v2\/product\/6756","targetHints":{"allow":["GET"]}}],"collection":[{"href":"https:\/\/quantum.com.pl\/pl\/wp-json\/wp\/v2\/product"}],"about":[{"href":"https:\/\/quantum.com.pl\/pl\/wp-json\/wp\/v2\/types\/product"}],"wp:featuredmedia":[{"embeddable":true,"href":"https:\/\/quantum.com.pl\/pl\/wp-json\/wp\/v2\/media\/11492"}],"wp:attachment":[{"href":"https:\/\/quantum.com.pl\/pl\/wp-json\/wp\/v2\/media?parent=6756"}],"wp:term":[{"taxonomy":"product_brand","embeddable":true,"href":"https:\/\/quantum.com.pl\/pl\/wp-json\/wp\/v2\/product_brand?post=6756"},{"taxonomy":"product_cat","embeddable":true,"href":"https:\/\/quantum.com.pl\/pl\/wp-json\/wp\/v2\/product_cat?post=6756"},{"taxonomy":"product_tag","embeddable":true,"href":"https:\/\/quantum.com.pl\/pl\/wp-json\/wp\/v2\/product_tag?post=6756"}],"curies":[{"name":"wp","href":"https:\/\/api.w.org\/{rel}","templated":true}]}}