{"id":6766,"date":"2019-12-12T17:50:58","date_gmt":"2019-12-12T16:50:58","guid":{"rendered":"https:\/\/quantum.com.pl\/?post_type=product&#038;p=6766"},"modified":"2020-11-20T09:52:29","modified_gmt":"2020-11-20T08:52:29","slug":"nano-6050","status":"publish","type":"product","link":"https:\/\/quantum.com.pl\/pl\/product\/nano-6050\/","title":{"rendered":"NANO-6050"},"content":{"rendered":"<h4>P\u0142yta Nano-ITX Intel Core 5. generacji<\/h4>\n<p>&nbsp;<\/p>\n<p>NANO-6050 jest zbudowana z energooszcz\u0119dnym procesorem Intel\u00ae Core&#x2122; 5. generacji i wykorzystuje technologie procesor\u00f3w Intel\u00ae Core&#x2122; Mobile, kt\u00f3re mog\u0105 obs\u0142ugiwa\u0107 dwukana\u0142owo pami\u0119\u0107 DDR3L, dwa porty Gigabit Ethernet i trzy interfejsy wy\u015bwietlacza. Portwell NANO-6050 to idealna platforma z wyj\u015bciem graficznym HD dla zastosowa\u0144 POS, kiosku, digital signage i aplikacji transportowych.<\/p>\n<h4>Cechy szczeg\u00f3lne:<\/h4>\n<ul>\n<li>Procesor Intel\u00ae Core&#x2122; 5. generacji<\/li>\n<li>Obs\u0142uga do 8GB pami\u0119ci DDR3L-1333\/1600 SDRAM na jednym 204-pinowym module SODIMM<\/li>\n<li>Triple Display LVDS, 2x Mini DisplayPort (MiniDP)<\/li>\n<li>Obs\u0142uga jednego interfejsu mSATA i jednego interfejsu SATA<\/li>\n<li>Jedno gniazdo Mini PCIe typu half-size<\/li>\n<li>Obs\u0142uga wej\u015bcia DC 12V<\/li>\n<\/ul>\n<h4>Specyfikacja:<\/h4>\n\n<table id=\"tablepress-323\" class=\"tablepress tablepress-id-323\">\n<thead>\n<tr class=\"row-1\">\n\t<th class=\"column-1\">CPU<\/th><th class=\"column-2\">Intel\u00ae Core\u2122 i3-7100U Processor(2 x 2.40 GHz, 3 MB SmartCache, 15 W) <br \/>\n<\/th>\n<\/tr>\n<\/thead>\n<tbody class=\"row-striping row-hover\">\n<tr class=\"row-2\">\n\t<td class=\"column-1\">Format<\/td><td class=\"column-2\">NUC<br \/>\n<\/td>\n<\/tr>\n<tr class=\"row-3\">\n\t<td class=\"column-1\">Chipset<\/td><td class=\"column-2\">SoC (System-On-Chip)<br \/>\n<\/td>\n<\/tr>\n<tr class=\"row-4\">\n\t<td class=\"column-1\">DRAM<br \/>\n<\/td><td class=\"column-2\">Up to 32GB DDR4 2133 MHz SDRAM on two 204, pin SODIMM socket<br \/>\n<\/td>\n<\/tr>\n<tr class=\"row-5\">\n\t<td class=\"column-1\">Storage<\/td><td class=\"column-2\">1x SATA III port 1x M.2 Key M for SSD<br \/>\n<\/td>\n<\/tr>\n<tr class=\"row-6\">\n\t<td class=\"column-1\">USB<\/td><td class=\"column-2\">3x USB 3.0 ports on REAR I\/O 1x USB 3.0 Type-C port on REAR I\/O<br \/>\n<\/td>\n<\/tr>\n<tr class=\"row-7\">\n\t<td class=\"column-1\">Expansion<\/td><td class=\"column-2\">1x M.2 socket (Key E) support WiFi, BT, 3G &amp; 4G<br \/>\n<\/td>\n<\/tr>\n<tr class=\"row-8\">\n\t<td class=\"column-1\">Network<\/td><td class=\"column-2\">1x Intel\u00ae I219LM LAN controller W\/ RJ45 connector on REAR I\/O<br \/>\n<\/td>\n<\/tr>\n<tr class=\"row-9\">\n\t<td class=\"column-1\">Firmware<\/td><td class=\"column-2\">AMI UEFI BIOS<br \/>\n<\/td>\n<\/tr>\n<tr class=\"row-10\">\n\t<td class=\"column-1\">Audio<\/td><td class=\"column-2\">High De\ufb01nition Audio integrated in Intel SoC Realtek ALC233 HDA codec Audio jack with Line-out or Mic -in function on REAR I\/O<br \/>\n<\/td>\n<\/tr>\n<tr class=\"row-11\">\n\t<td class=\"column-1\">Display Interface<\/td><td class=\"column-2\">HDMI(1.4b) Two HDMI port on board connector, resolution up to 4096x2304 DP(1.2) on board connector, resolution up to 4096x2160<br \/>\n<\/td>\n<\/tr>\n<tr class=\"row-12\">\n\t<td class=\"column-1\">Graphic Controller<\/td><td class=\"column-2\">Intel\u00ae HD 620 Graphics supports DirectX 12, OpenGL 4.5<br \/>\n<\/td>\n<\/tr>\n<tr class=\"row-13\">\n\t<td class=\"column-1\">Operating Temperature<\/td><td class=\"column-2\">0\u00b0C to 60\u00b0C<br \/>\n<\/td>\n<\/tr>\n<tr class=\"row-14\">\n\t<td class=\"column-1\">Storage Temperature<\/td><td class=\"column-2\">-40\u00b0C to 80\u00b0C<br \/>\n<\/td>\n<\/tr>\n<tr class=\"row-15\">\n\t<td class=\"column-1\">Power Requirement<\/td><td class=\"column-2\">DC 12 or 19V input<br \/>\n<\/td>\n<\/tr>\n<tr class=\"row-16\">\n\t<td class=\"column-1\">Miscellaneous<\/td><td class=\"column-2\">Super I\/O (Embedded Controller) - NCT5567D Hardware Monitoring - Temperature (CPU &amp; System) Voltage (CPU Vcore,12V, 5V, 3.3V, 1.35V)<br \/>\n<\/td>\n<\/tr>\n<tr class=\"row-17\">\n\t<td class=\"column-1\">Dimensions<\/td><td class=\"column-2\">101.6 x 101.6 mm<br \/>\n<\/td>\n<\/tr>\n<tr class=\"row-18\">\n\t<td class=\"column-1\">MTBF<\/td><td class=\"column-2\">over 100,000 hours at 40oC<br \/>\n<\/td>\n<\/tr>\n<\/tbody>\n<\/table>\n<!-- #tablepress-323 from cache -->\n","protected":false},"excerpt":{"rendered":"<p>P\u0142yta Nano-ITX, oparta na procesorze Intel\u00ae Core&#x2122; 5. generacji, z DDR3L SDRAM, funkcj\u0105 Triple Display, Gigabit Ethernet, Audio, USB 3.0, SATA i mSATA<\/p>\n<p>&nbsp;<\/p>\n","protected":false},"featured_media":11416,"template":"","meta":{"_acf_changed":false,"inline_featured_image":false,"_monsterinsights_skip_tracking":false,"_monsterinsights_sitenote_active":false,"_monsterinsights_sitenote_note":"","_monsterinsights_sitenote_category":0},"product_brand":[],"product_cat":[972,986,981],"product_tag":[],"class_list":{"0":"post-6766","1":"product","2":"type-product","3":"status-publish","4":"has-post-thumbnail","6":"product_cat-portwell-pl","7":"product_cat-plyty-nano-itx-pl","8":"product_cat-plyty-typu-embedded-pl","10":"first","11":"instock","12":"shipping-taxable","13":"product-type-simple"},"acf":[],"_links":{"self":[{"href":"https:\/\/quantum.com.pl\/pl\/wp-json\/wp\/v2\/product\/6766","targetHints":{"allow":["GET"]}}],"collection":[{"href":"https:\/\/quantum.com.pl\/pl\/wp-json\/wp\/v2\/product"}],"about":[{"href":"https:\/\/quantum.com.pl\/pl\/wp-json\/wp\/v2\/types\/product"}],"wp:featuredmedia":[{"embeddable":true,"href":"https:\/\/quantum.com.pl\/pl\/wp-json\/wp\/v2\/media\/11416"}],"wp:attachment":[{"href":"https:\/\/quantum.com.pl\/pl\/wp-json\/wp\/v2\/media?parent=6766"}],"wp:term":[{"taxonomy":"product_brand","embeddable":true,"href":"https:\/\/quantum.com.pl\/pl\/wp-json\/wp\/v2\/product_brand?post=6766"},{"taxonomy":"product_cat","embeddable":true,"href":"https:\/\/quantum.com.pl\/pl\/wp-json\/wp\/v2\/product_cat?post=6766"},{"taxonomy":"product_tag","embeddable":true,"href":"https:\/\/quantum.com.pl\/pl\/wp-json\/wp\/v2\/product_tag?post=6766"}],"curies":[{"name":"wp","href":"https:\/\/api.w.org\/{rel}","templated":true}]}}