{"id":6779,"date":"2019-12-11T11:18:58","date_gmt":"2019-12-11T10:18:58","guid":{"rendered":"https:\/\/quantum.com.pl\/?post_type=product&#038;p=6779"},"modified":"2020-08-25T23:23:08","modified_gmt":"2020-08-25T21:23:08","slug":"pcom-b634vg","status":"publish","type":"product","link":"https:\/\/quantum.com.pl\/pl\/product\/pcom-b634vg\/","title":{"rendered":"PCOM-B634VG"},"content":{"rendered":"<h4>Modu\u0142 procesora Intel VIeon COM Express Type VI<\/h4>\n<p><strong>Dane techniczne<\/strong><\/p>\n<ul>\n<li>Rodzina produkt\u00f3w Procesor D Intel\u00ae Xeon\u00ae (nazwa kodowa Broadwell DE)<\/li>\n<li>Obs\u0142uga do 48 GB pami\u0119ci DDR4-2400 ECC \/ non-ECC SDRAM na trzech gniazdach SODIMM<\/li>\n<li>Obs\u0142uguje interfejs VGA, HDMI i 10GbE<\/li>\n<li>Obs\u0142uga 4x SATA3, 4x USB 3.0, 7x USB 2.0<\/li>\n<li>Obs\u0142uga 1x Gen3 PCIe x16 i 8x Gen2 PCIe x1<\/li>\n<\/ul>\n<p>Portwell PCOM-B634VG zosta\u0142 zaprojektowany z wykorzystaniem rodziny procesor\u00f3w Intel\u00ae Xeon\u00ae D z maksymalnie 16 rdzeniami procesor\u00f3w, 10GbE Ethernet obs\u0142uguj\u0105cych interfejsy KR i KX4 oraz do 48 GB pami\u0119ci DDR4 ECC \/ non-ECC SDRAM, zapewniaj\u0105cej moc obliczeniow\u0105 i doskona\u0142\u0105 wydajno\u015b\u0107 Ethernet. Funkcja Gen3 PCIe x16 obs\u0142uguje szybkie karty I\/O do szerokich zastosowa\u0144. Dzi\u0119ki obs\u0142udze interfejsu VGA i starszego interfejsu klient mo\u017ce \u0142atwo i szybko zaktualizowa\u0107 system.<\/p>\n\n<table id=\"tablepress-299\" class=\"tablepress tablepress-id-299\">\n<thead>\n<tr class=\"row-1\">\n\t<th class=\"column-1\"><strong>Specyfikacje<\/strong><\/th><td class=\"column-2\"><\/td>\n<\/tr>\n<\/thead>\n<tbody class=\"row-striping row-hover\">\n<tr class=\"row-2\">\n\t<td class=\"column-1\">CPU<\/td><td class=\"column-2\">Intel\u00ae Pentium-N3700, 1.6GHz 2MB Cache 4 Core (6W)<br \/>\nIntel\u00ae Celeron-N3150, 1.6GHz 2MB Cache 4 Core (6W)<br \/>\nIntel\u00ae Celeron-N3050, 1.6GHz 2MB Cache 2 Core (6W)<br \/>\nIntel\u00ae Celeron-N3000, 1.04GHz 2MB Cache 2 Core (4W)<\/td>\n<\/tr>\n<tr class=\"row-3\">\n\t<td class=\"column-1\">Format<\/td><td class=\"column-2\">wz\u00f3r kompaktowy<\/td>\n<\/tr>\n<tr class=\"row-4\">\n\t<td class=\"column-1\">Typ<\/td><td class=\"column-2\">typ 6<\/td>\n<\/tr>\n<tr class=\"row-5\">\n\t<td class=\"column-1\">Chipset<\/td><td class=\"column-2\">SoC<\/td>\n<\/tr>\n<tr class=\"row-6\">\n\t<td class=\"column-1\">DRAM<\/td><td class=\"column-2\">Obs\u0142uguje do 8 GB pami\u0119ci DDR3L 1333\/1600 MT \/ s SDRAM na jednym 204-pinowym gnie\u017adzie SO-DIMM<br \/>\n<\/td>\n<\/tr>\n<tr class=\"row-7\">\n\t<td class=\"column-1\">Kontroler graficzny<\/td><td class=\"column-2\">Grafika Intel\u00ae Gen8 obs\u0142uguje DX11.1, OpenGL 4.2 \/ OpenCL 1.2<br \/>\n<\/td>\n<\/tr>\n<tr class=\"row-8\">\n\t<td class=\"column-1\">Interfejs wy\u015bwietlacza<br \/>\n<\/td><td class=\"column-2\">eDP: Rozdzielczo\u015b\u0107 do 3840 x 2160, VGA: Rozdzielczo\u015b\u0107 do 2560 x 1600, LVDS: Rozdzielczo\u015b\u0107 do 1920 x 1200, DP \/ HDMI: Rozdzielczo\u015b\u0107 do 3840 x 2160<br \/>\n<\/td>\n<\/tr>\n<tr class=\"row-9\">\n\t<td class=\"column-1\">Magazynowanie pami\u0119ci<\/td><td class=\"column-2\">2 x SATA 6.0Gb\/s<br \/>\n<\/td>\n<\/tr>\n<tr class=\"row-10\">\n\t<td class=\"column-1\">Sie\u0107<\/td><td class=\"column-2\">Intel\u00ae Ethernet Controller I210IT (NC Sideband Interface, Jumbo frames , 1000Base-T)<br \/>\n<\/td>\n<\/tr>\n<tr class=\"row-11\">\n\t<td class=\"column-1\">Interfejs magistrali<\/td><td class=\"column-2\">PCI Express Gen2 (5.0GT\/s)x 4, x 2, x 1<br \/>\n<\/td>\n<\/tr>\n<tr class=\"row-12\">\n\t<td class=\"column-1\">Interfejs szeregowy<\/td><td class=\"column-2\">2 porty szeregowe (TX \/ RX)<br \/>\n<\/td>\n<\/tr>\n<tr class=\"row-13\">\n\t<td class=\"column-1\">USB<\/td><td class=\"column-2\">8x USB 1.0\/2.0(HS\/FS), 4 x USB3.0(SS)<br \/>\n<\/td>\n<\/tr>\n<tr class=\"row-14\">\n\t<td class=\"column-1\">Audio<\/td><td class=\"column-2\">Intel\u00ae High Definition Audio (2x kana\u0142y 32-bitowe 192 kHz i 32 kana\u0142y 32-bitowe 96 kHz)<br \/>\n<\/td>\n<\/tr>\n<tr class=\"row-15\">\n\t<td class=\"column-1\">R\u00f3\u017cne<\/td><td class=\"column-2\">8 GPIO (4 GPI \/ 4 GPO), wbudowany kontroler ITE8528, napi\u0119cie, wentylator i temperatura<br \/>\n<\/td>\n<\/tr>\n<tr class=\"row-16\">\n\t<td class=\"column-1\">Oprogramowanie uk\u0142adowe<\/td><td class=\"column-2\">AMI Aptio<br \/>\n<\/td>\n<\/tr>\n<tr class=\"row-17\">\n\t<td class=\"column-1\">Wymaganie mocy<\/td><td class=\"column-2\">6 VDC ~ + 18 VDC<br \/>\n<\/td>\n<\/tr>\n<tr class=\"row-18\">\n\t<td class=\"column-1\">Moc z W<\/td><td class=\"column-2\">4-6W<br \/>\n<\/td>\n<\/tr>\n<tr class=\"row-19\">\n\t<td class=\"column-1\">Wymiary<\/td><td class=\"column-2\">95x95mm<br \/>\n<\/td>\n<\/tr>\n<\/tbody>\n<\/table>\n<!-- #tablepress-299 from cache -->\n","protected":false},"excerpt":{"rendered":"<p>Portwell PCOM-B634VG zosta\u0142 zaprojektowany z wykorzystaniem rodziny procesor\u00f3w Intel\u00ae Xeon\u00ae D z maksymalnie 16 rdzeniami procesor\u00f3w, 10GbE Ethernet obs\u0142uguj\u0105cych interfejsy KR i KX4 oraz do 48 GB pami\u0119ci DDR4 ECC \/ non-ECC SDRAM, zapewniaj\u0105cej moc obliczeniow\u0105 i doskona\u0142\u0105 wydajno\u015b\u0107 Ethernet.<\/p>\n","protected":false},"featured_media":11189,"template":"","meta":{"_acf_changed":false,"inline_featured_image":false,"_monsterinsights_skip_tracking":false,"_monsterinsights_sitenote_active":false,"_monsterinsights_sitenote_note":"","_monsterinsights_sitenote_category":0},"product_brand":[],"product_cat":[1042,973,1584,972],"product_tag":[],"class_list":{"0":"post-6779","1":"product","2":"type-product","3":"status-publish","4":"has-post-thumbnail","6":"product_cat-com-express-modul-etx-pl","7":"product_cat-komputer-typu-com","8":"product_cat-komputery-jednoplytkowe-sbc-2","9":"product_cat-portwell-pl","11":"first","12":"instock","13":"shipping-taxable","14":"product-type-simple"},"acf":[],"_links":{"self":[{"href":"https:\/\/quantum.com.pl\/pl\/wp-json\/wp\/v2\/product\/6779","targetHints":{"allow":["GET"]}}],"collection":[{"href":"https:\/\/quantum.com.pl\/pl\/wp-json\/wp\/v2\/product"}],"about":[{"href":"https:\/\/quantum.com.pl\/pl\/wp-json\/wp\/v2\/types\/product"}],"wp:featuredmedia":[{"embeddable":true,"href":"https:\/\/quantum.com.pl\/pl\/wp-json\/wp\/v2\/media\/11189"}],"wp:attachment":[{"href":"https:\/\/quantum.com.pl\/pl\/wp-json\/wp\/v2\/media?parent=6779"}],"wp:term":[{"taxonomy":"product_brand","embeddable":true,"href":"https:\/\/quantum.com.pl\/pl\/wp-json\/wp\/v2\/product_brand?post=6779"},{"taxonomy":"product_cat","embeddable":true,"href":"https:\/\/quantum.com.pl\/pl\/wp-json\/wp\/v2\/product_cat?post=6779"},{"taxonomy":"product_tag","embeddable":true,"href":"https:\/\/quantum.com.pl\/pl\/wp-json\/wp\/v2\/product_tag?post=6779"}],"curies":[{"name":"wp","href":"https:\/\/api.w.org\/{rel}","templated":true}]}}