{"id":6790,"date":"2019-12-11T12:06:56","date_gmt":"2019-12-11T11:06:56","guid":{"rendered":"https:\/\/quantum.com.pl\/?post_type=product&#038;p=6790"},"modified":"2020-11-20T15:45:39","modified_gmt":"2020-11-20T14:45:39","slug":"pcom-b635vg","status":"publish","type":"product","link":"https:\/\/quantum.com.pl\/pl\/product\/pcom-b635vg\/","title":{"rendered":"PCOM-B635VG"},"content":{"rendered":"<h4>Modu\u0142 ekspresowy COM VI oparty na procesorze Intel Core 5. generacji<\/h4>\n<p><strong>Dane techniczne<\/strong><\/p>\n<ul>\n<li>Rodzina procesor\u00f3w Intel\u00ae Core&#x2122; 5. generacji<\/li>\n<li>Obs\u0142uga DDR3L-1600\/1333 ECC SDRAM na dw\u00f3ch gniazdach SODIMM do 16 GB<\/li>\n<li>Obs\u0142uguje jeden interfejs VGA, trzy DisplayPort i jeden Embedded DisplayPort (eDP)<\/li>\n<li>Obs\u0142uga USB 2.0 \/ 3.0, SATA, 7x Gen2 PCIe x1 i 1x Gen3 PCIe x16<\/li>\n<li>Obs\u0142uguje szeroki zakres napi\u0119cia, od 6 V do 18 V<\/li>\n<\/ul>\n<p>Modu\u0142 Port Express PCOM-B635VG typu VI COM Express obs\u0142uguje do 16 GB pami\u0119ci ECC DDR3L-1600\/1333 SDRAM na dw\u00f3ch 204-pinowych gniazdach SODIMM, dzi\u0119ki czemu jest szybszy ni\u017c jego poprzednik. Obs\u0142uguje jeden interfejs PCI Express x16 Gen3 (8,0 GT \/ s) z trzema kontrolerami zintegrowanymi z procesorem w celu zwi\u0119kszenia wydajno\u015bci wideo i mo\u017cliwo\u015bci, kt\u00f3re mo\u017cna skonfigurowa\u0107 do 2 linii PCI Express x8 lub 1 linii PCI Express x8 i 2 linii PCI Express x4. Modu\u0142 PCOM-B635VG obs\u0142uguje trzy niezale\u017cne wy\u015bwietlacze: DisplayPort, HDMI lub DVI i VGA z nawet dwukrotnie wy\u017csz\u0105 wydajno\u015bci\u0105 3D w por\u00f3wnaniu do poprzedniej generacji.<\/p>\n\n<table id=\"tablepress-301\" class=\"tablepress tablepress-id-301\">\n<thead>\n<tr class=\"row-1\">\n\t<th class=\"column-1\"><strong>Specyfikacje<\/strong><\/th><td class=\"column-2\"><\/td>\n<\/tr>\n<\/thead>\n<tbody class=\"row-striping row-hover\">\n<tr class=\"row-2\">\n\t<td class=\"column-1\">CPU<\/td><td class=\"column-2\">Intel\u00ae Core\u2122 i7-6700TE Processor (4 x 2.40 GHz \/ 3.40 GHz, 8 MB SmartCache, 35 W)<br \/>\nIntel\u00ae Core\u2122 i5-6500TE Processor (4 x 2.30 GHz \/ 3.30 GHz, 6 MB SmartCache, 35 W)<br \/>\nIntel\u00ae Core\u2122 i3-6100TE Processor (2 x 2.70 GHz, 4 MB SmartCache, 35 W)<br \/>\nIntel\u00ae Core\u2122 i7-6700T Processor (4 x 2.80 GHz \/ 3.60 GHz, 8 MB SmartCache, 35 W)<br \/>\nIntel\u00ae Core\u2122 i5-7600T Processor (4 x 2.80 GHz \/ 3.70 GHz, 6 MB SmartCache, 35 W)<br \/>\nIntel\u00ae Core\u2122 i5-7400T Processor (4 x 2.40 GHz \/ 3.00 GHz, 6 MB SmartCache, 35 W)<br \/>\nIntel\u00ae Core\u2122 i3-7300T Processor (2 x 3.50 GHz, 4 MB SmartCache, 35 W)<br \/>\nIntel\u00ae Core\u2122 i3-7100T Processor (2 x 3.40 GHz, 3 MB SmartCache, 35 W)<br \/>\nIntel\u00ae Core\u2122 i5-6600T Processor (4 x 2.70 GHz \/ 3.50 GHz, 6 MB SmartCache, 35 W)<br \/>\nIntel\u00ae Core\u2122 i5-6500T Processor (4 x 2.50 GHz \/ 3.10 GHz, 6 MB SmartCache, 35 W)<br \/>\nIntel\u00ae Core\u2122 i5-6400T Processor (4 x 2.20 GHz \/ 2.80 GHz, 6 MB SmartCache, 35 W)<br \/>\nIntel\u00ae Core\u2122 i3-6300T Processor (2 x 3.30 GHz, 4 MB SmartCache, 35 W)<br \/>\nIntel\u00ae Core\u2122 i3-6100T Processor (2 x 3.20 GHz, 3 MB SmartCache, 35 W)<br \/>\nIntel\u00ae Pentium\u00ae Processor G4400T (2 x 2.90 GHz, 3 MB SmartCache, 35 W)<br \/>\nIntel\u00ae Pentium\u00ae Processor G4500T (2 x 3.00 GHz, 3 MB SmartCache, 35 W)<br \/>\nIntel\u00ae Pentium\u00ae Processor G4560T (2 x 2.90 GHz, 3 MB, 35 W)<\/td>\n<\/tr>\n<tr class=\"row-3\">\n\t<td class=\"column-1\">Format<\/td><td class=\"column-2\">Podstawowy<\/td>\n<\/tr>\n<tr class=\"row-4\">\n\t<td class=\"column-1\">Typ<\/td><td class=\"column-2\">Typ 6<\/td>\n<\/tr>\n<tr class=\"row-5\">\n\t<td class=\"column-1\">Chipset<\/td><td class=\"column-2\">Intel\u00ae Q170, H110, C236<br \/>\n<\/td>\n<\/tr>\n<tr class=\"row-6\">\n\t<td class=\"column-1\">DRAM<\/td><td class=\"column-2\">Do 32 GB pami\u0119ci DDR4-2133 na dw\u00f3ch 204-pinowych gniazdach SO-DIMM, bez ECC \/ ECC<br \/>\n<\/td>\n<\/tr>\n<tr class=\"row-7\">\n\t<td class=\"column-1\">Kontroler graficzny<\/td><td class=\"column-2\">Grafika Intel\u00ae HD 630 (Kaby Lake) Grafika Intel\u00ae HD Gen9 510\/530 (Skylake), Obs\u0142uga DX 11\/12, OpenGL 4.3 \/ 4.4, ES 2.0, OpenCL 2.x<br \/>\n<\/td>\n<\/tr>\n<tr class=\"row-8\">\n\t<td class=\"column-1\">Interfejs wy\u015bwietlacza<\/td><td class=\"column-2\">VGA (1920 x 1200 przy 60 Hz) 3x DDI HDMI \/ DP (1 opcjonalny) DP 3840 x 2160 przy 60 Hz HDMI 3840 x 2160 przy 60 Hz<br \/>\n<\/td>\n<\/tr>\n<tr class=\"row-9\">\n\t<td class=\"column-1\">Magazynowanie pami\u0119ci<\/td><td class=\"column-2\">4x SATA III (6Gbit\/s)<br \/>\n<\/td>\n<\/tr>\n<tr class=\"row-10\">\n\t<td class=\"column-1\">Sie\u0107<\/td><td class=\"column-2\">1x Gigabit Ethernet Intel\u00ae I219LM<br \/>\n<\/td>\n<\/tr>\n<tr class=\"row-11\">\n\t<td class=\"column-1\">Interfejs magistrali<\/td><td class=\"column-2\">8x PCIe x1 Gen3 (cztery x 1 mo\u017cna skonfigurowa\u0107 na linii x4), 1x PCIe x16 Gen3<br \/>\n<\/td>\n<\/tr>\n<tr class=\"row-12\">\n\t<td class=\"column-1\">Interfejs szeregowy<\/td><td class=\"column-2\">1x RX\/TX<br \/>\n<\/td>\n<\/tr>\n<tr class=\"row-13\">\n\t<td class=\"column-1\">USB<\/td><td class=\"column-2\">8x USB 2.0, 4x USB 3.0<br \/>\n<\/td>\n<\/tr>\n<tr class=\"row-14\">\n\t<td class=\"column-1\">Audio<\/td><td class=\"column-2\">Intel\u00ae HD Audio<br \/>\n<\/td>\n<\/tr>\n<tr class=\"row-15\">\n\t<td class=\"column-1\">R\u00f3\u017cne<\/td><td class=\"column-2\">GPIO 8bit, Watchdog Timer, procesor monitoruj\u0105cy sprz\u0119t, napi\u0119cie, wentylator i temperatur\u0119<br \/>\n<\/td>\n<\/tr>\n<tr class=\"row-16\">\n\t<td class=\"column-1\">Oprogramowanie uk\u0142adowe<\/td><td class=\"column-2\">AMI Aptio BIOS<br \/>\n<\/td>\n<\/tr>\n<tr class=\"row-17\">\n\t<td class=\"column-1\">Wymagania mocy<\/td><td class=\"column-2\">12VDC, 5V STBY, VBAT, obs\u0142uga trybu AT i ATX<br \/>\n<\/td>\n<\/tr>\n<tr class=\"row-18\">\n\t<td class=\"column-1\">Moc <\/td><td class=\"column-2\">zale\u017cy od u\u017cywanego procesora<br \/>\n<\/td>\n<\/tr>\n<tr class=\"row-19\">\n\t<td class=\"column-1\">Temperatura operacyjna<\/td><td class=\"column-2\">0\u00b0C do +60\u00b0C<br \/>\n<\/td>\n<\/tr>\n<tr class=\"row-20\">\n\t<td class=\"column-1\">Zakres rozszerzonej temperatury<\/td><td class=\"column-2\">opcjonalnie<\/td>\n<\/tr>\n<tr class=\"row-21\">\n\t<td class=\"column-1\">Wymiary<\/td><td class=\"column-2\">125x95 mm<br \/>\n<\/td>\n<\/tr>\n<\/tbody>\n<\/table>\n\n","protected":false},"excerpt":{"rendered":"<p>Modu\u0142 Port Express PCOM-B635VG typu VI COM Express obs\u0142uguje do 16 GB pami\u0119ci ECC DDR3L-1600\/1333 SDRAM na dw\u00f3ch 204-pinowych gniazdach SODIMM, dzi\u0119ki czemu jest szybszy ni\u017c jego poprzednik. Obs\u0142uguje jeden interfejs PCI Express x16 Gen3 (8,0 GT \/ s) z trzema kontrolerami zintegrowanymi z procesorem w celu zwi\u0119kszenia wydajno\u015bci wideo i mo\u017cliwo\u015bci, kt\u00f3re mo\u017cna skonfigurowa\u0107 do 2 linii PCI Express x8 lub 1 linii PCI Express x8 i 2 linii PCI Express x4.<\/p>\n","protected":false},"featured_media":11187,"template":"","meta":{"_acf_changed":false,"inline_featured_image":false,"_monsterinsights_skip_tracking":false,"_monsterinsights_sitenote_active":false,"_monsterinsights_sitenote_note":"","_monsterinsights_sitenote_category":0},"product_brand":[],"product_cat":[1042,973,1584,972],"product_tag":[],"class_list":{"0":"post-6790","1":"product","2":"type-product","3":"status-publish","4":"has-post-thumbnail","6":"product_cat-com-express-modul-etx-pl","7":"product_cat-komputer-typu-com","8":"product_cat-komputery-jednoplytkowe-sbc-2","9":"product_cat-portwell-pl","11":"first","12":"instock","13":"shipping-taxable","14":"product-type-simple"},"acf":[],"_links":{"self":[{"href":"https:\/\/quantum.com.pl\/pl\/wp-json\/wp\/v2\/product\/6790","targetHints":{"allow":["GET"]}}],"collection":[{"href":"https:\/\/quantum.com.pl\/pl\/wp-json\/wp\/v2\/product"}],"about":[{"href":"https:\/\/quantum.com.pl\/pl\/wp-json\/wp\/v2\/types\/product"}],"wp:featuredmedia":[{"embeddable":true,"href":"https:\/\/quantum.com.pl\/pl\/wp-json\/wp\/v2\/media\/11187"}],"wp:attachment":[{"href":"https:\/\/quantum.com.pl\/pl\/wp-json\/wp\/v2\/media?parent=6790"}],"wp:term":[{"taxonomy":"product_brand","embeddable":true,"href":"https:\/\/quantum.com.pl\/pl\/wp-json\/wp\/v2\/product_brand?post=6790"},{"taxonomy":"product_cat","embeddable":true,"href":"https:\/\/quantum.com.pl\/pl\/wp-json\/wp\/v2\/product_cat?post=6790"},{"taxonomy":"product_tag","embeddable":true,"href":"https:\/\/quantum.com.pl\/pl\/wp-json\/wp\/v2\/product_tag?post=6790"}],"curies":[{"name":"wp","href":"https:\/\/api.w.org\/{rel}","templated":true}]}}