{"id":6801,"date":"2019-12-11T12:29:45","date_gmt":"2019-12-11T11:29:45","guid":{"rendered":"https:\/\/quantum.com.pl\/?post_type=product&#038;p=6801"},"modified":"2020-11-20T15:46:07","modified_gmt":"2020-11-20T14:46:07","slug":"pcom-b636vg","status":"publish","type":"product","link":"https:\/\/quantum.com.pl\/pl\/product\/pcom-b636vg\/","title":{"rendered":"PCOM-B636VG"},"content":{"rendered":"<h4>Intel Celeron Quad Core N3000 oparty na module COM Express typu VI<\/h4>\n<p><strong>Dane techniczne<\/strong><\/p>\n<ul>\n<li>Procesor Intel\u00ae Pentium \/ Celeron Dual \/ Quad Core N3000<\/li>\n<li>Obs\u0142uga pami\u0119ci SDRAM DDR3L-1600\/1333 w gniazdach SODIMM, do 8 GB<\/li>\n<li>Obs\u0142uga VGA, LVDS i interfejsu Display-port<\/li>\n<li>Obs\u0142uga USB 2.0 \/ 3.0, SATA, 4 PCIE x1 i 1 PCIEx4<\/li>\n<li>Obs\u0142uga pami\u0119ci eMMC 4.51<\/li>\n<li>Obs\u0142uga funkcji I2C \/ Smart Battery<\/li>\n<\/ul>\n<p>Portwell PCOM-B636VG zosta\u0142 zaprojektowany z procesorem Intel\u00ae Celeron\u00ae i Pentium\u00ae z serii N3000 o bardzo niskim poborze mocy z wy\u017csz\u0105 wydajno\u015bci\u0105 pami\u0119ci i zaawansowanym kontrolerem graficznym, kt\u00f3re oferuj\u0105 lepsz\u0105 rozdzielczo\u015b\u0107 wy\u015bwietlania i efektywne zu\u017cycie energii odpowiednie dla systemu HMI.<\/p>\n\n<table id=\"tablepress-303\" class=\"tablepress tablepress-id-303\">\n<thead>\n<tr class=\"row-1\">\n\t<th class=\"column-1\"><strong>Specyfikacje<\/strong><\/th><td class=\"column-2\"><\/td>\n<\/tr>\n<\/thead>\n<tbody class=\"row-striping row-hover\">\n<tr class=\"row-2\">\n\t<td class=\"column-1\">CPU<\/td><td class=\"column-2\">\tIntel\u00ae Core\u2122 i7-7600U Processor (2 x 2.80 GHz \/ 3.90 GHz, 4 MB SmartCache, 15 W)<br \/>\nIntel\u00ae Core\u2122 i5-7300U Processor (2 x 2.60 GHz \/ 3.50 GHz, 3 MB SmartCache, 15 W)<br \/>\nIntel\u00ae Core\u2122 i3-7100U Processor (2 x 2.40 GHz, 3 MB SmartCache, 15 W)<br \/>\nIntel\u00ae Celeron\u00ae Processor 3965U (2 x 2.20 GHz, 2 MB SmartCache, 10 W)<br \/>\nIntel\u00ae Core\u2122 i7-6600U Processor (2 x 2.60 GHz \/ 3.40 GHz, 4 MB SmartCache, 15 W)<br \/>\nIntel\u00ae Core\u2122 i5-6300U Processor (2 x 2.40 GHz \/ 3.00 GHz, 3 MB SmartCache, 15 W)<br \/>\nIntel\u00ae Core\u2122 i3-6100U Processor (2 x 2.30 GHz, 3 MB SmartCache, 15 W)<br \/>\nIntel\u00ae Celeron\u00ae Processor 3955U (2 x 2.0 GHz, 2 MB SmartCache, 10 W)<\/td>\n<\/tr>\n<tr class=\"row-3\">\n\t<td class=\"column-1\">Wymiary<\/td><td class=\"column-2\">95x95 mm<br \/>\n<\/td>\n<\/tr>\n<tr class=\"row-4\">\n\t<td class=\"column-1\">Technologia<\/td><td class=\"column-2\">x86<\/td>\n<\/tr>\n<tr class=\"row-5\">\n\t<td class=\"column-1\">Format<\/td><td class=\"column-2\">kompaktowy<\/td>\n<\/tr>\n<tr class=\"row-6\">\n\t<td class=\"column-1\">Typ<\/td><td class=\"column-2\">Typ 6<\/td>\n<\/tr>\n<tr class=\"row-7\">\n\t<td class=\"column-1\">Chipset<\/td><td class=\"column-2\">SoC<\/td>\n<\/tr>\n<tr class=\"row-8\">\n\t<td class=\"column-1\">DRAM<\/td><td class=\"column-2\">Do 32 GB pami\u0119ci DDR4 na dw\u00f3ch 204-pinowych gniazdach SO-DIMM, bez ECC<br \/>\n<\/td>\n<\/tr>\n<tr class=\"row-9\">\n\t<td class=\"column-1\">Kontroler graficzny<\/td><td class=\"column-2\">Grafika Intel\u00ae HD Gen9 Graphics 520, obs\u0142uguj\u0105ca DX 11\/12, OpenGL 4.3 \/ 4.4, ES 2.0, OpenCL 2.x<br \/>\n<\/td>\n<\/tr>\n<tr class=\"row-10\">\n\t<td class=\"column-1\">Interfejs wy\u015bwietlacza<\/td><td class=\"column-2\">2x (obs\u0142uga DP lub HDMI), DP (3840x2160), DVI \/ HDMI (3840x2160), VGA (1920x1200), dwukana\u0142owy 24-bitowy LVDS (1920x1200)<br \/>\n<\/td>\n<\/tr>\n<tr class=\"row-11\">\n\t<td class=\"column-1\">Magazynowanie pami\u0119ci<\/td><td class=\"column-2\">eMMC na p\u0142ycie (opcjonalnie), 2x SATA III (6 Gbit \/ s)<br \/>\n<\/td>\n<\/tr>\n<tr class=\"row-12\">\n\t<td class=\"column-1\">Sie\u0107<\/td><td class=\"column-2\">1x Gigabit Ethernet Intel\u00ae I219LM<br \/>\n<\/td>\n<\/tr>\n<tr class=\"row-13\">\n\t<td class=\"column-1\">Interfejs magistrali<\/td><td class=\"column-2\">5x PCIe x1 Gen3 (cztery x 1 mo\u017cna skonfigurowa\u0107 na linii x4), 1x PCIe x4 Gen3<br \/>\n<\/td>\n<\/tr>\n<tr class=\"row-14\">\n\t<td class=\"column-1\">Interfejs szeregowy<\/td><td class=\"column-2\">1x RX\/TX<br \/>\n<\/td>\n<\/tr>\n<tr class=\"row-15\">\n\t<td class=\"column-1\">USB<\/td><td class=\"column-2\">7x USB 2.0, 3x USB 3.0<br \/>\n<\/td>\n<\/tr>\n<tr class=\"row-16\">\n\t<td class=\"column-1\">Audio<\/td><td class=\"column-2\">Intel\u00ae HD Audio<br \/>\n<\/td>\n<\/tr>\n<tr class=\"row-17\">\n\t<td class=\"column-1\">R\u00f3\u017cne<\/td><td class=\"column-2\">GPIO 8bit, Watchdog Timer, procesor monitoruj\u0105cy sprz\u0119t, napi\u0119cie, wentylator i temperatur\u0119<br \/>\n<\/td>\n<\/tr>\n<tr class=\"row-18\">\n\t<td class=\"column-1\">Oprogramowanie uk\u0142adowe<\/td><td class=\"column-2\">AMI Aptio BIOS<br \/>\n<\/td>\n<\/tr>\n<tr class=\"row-19\">\n\t<td class=\"column-1\">Wymagania mocy<\/td><td class=\"column-2\">12VDC, 5V STBY, VBAT, obs\u0142uga trybu AT i ATX<br \/>\n<\/td>\n<\/tr>\n<tr class=\"row-20\">\n\t<td class=\"column-1\">Moc<\/td><td class=\"column-2\">zale\u017cy od u\u017cywanego procesora<br \/>\n<\/td>\n<\/tr>\n<tr class=\"row-21\">\n\t<td class=\"column-1\">Temperatura operacyjna<\/td><td class=\"column-2\">0\u00b0C do +60\u00b0C<br \/>\n<\/td>\n<\/tr>\n<\/tbody>\n<\/table>\n\n","protected":false},"excerpt":{"rendered":"<p>Portwell PCOM-B636VG zosta\u0142 zaprojektowany z procesorem Intel\u00ae Celeron\u00ae i Pentium\u00ae z serii N3000 o bardzo niskim poborze mocy z wy\u017csz\u0105 wydajno\u015bci\u0105 pami\u0119ci i zaawansowanym kontrolerem graficznym, kt\u00f3re oferuj\u0105 lepsz\u0105 rozdzielczo\u015b\u0107 wy\u015bwietlania i efektywne zu\u017cycie energii odpowiednie dla systemu HMI.<\/p>\n","protected":false},"featured_media":11191,"template":"","meta":{"_acf_changed":false,"inline_featured_image":false,"_monsterinsights_skip_tracking":false,"_monsterinsights_sitenote_active":false,"_monsterinsights_sitenote_note":"","_monsterinsights_sitenote_category":0},"product_brand":[],"product_cat":[1042,973,1584,972],"product_tag":[],"class_list":{"0":"post-6801","1":"product","2":"type-product","3":"status-publish","4":"has-post-thumbnail","6":"product_cat-com-express-modul-etx-pl","7":"product_cat-komputer-typu-com","8":"product_cat-komputery-jednoplytkowe-sbc-2","9":"product_cat-portwell-pl","11":"first","12":"instock","13":"shipping-taxable","14":"product-type-simple"},"acf":[],"_links":{"self":[{"href":"https:\/\/quantum.com.pl\/pl\/wp-json\/wp\/v2\/product\/6801","targetHints":{"allow":["GET"]}}],"collection":[{"href":"https:\/\/quantum.com.pl\/pl\/wp-json\/wp\/v2\/product"}],"about":[{"href":"https:\/\/quantum.com.pl\/pl\/wp-json\/wp\/v2\/types\/product"}],"wp:featuredmedia":[{"embeddable":true,"href":"https:\/\/quantum.com.pl\/pl\/wp-json\/wp\/v2\/media\/11191"}],"wp:attachment":[{"href":"https:\/\/quantum.com.pl\/pl\/wp-json\/wp\/v2\/media?parent=6801"}],"wp:term":[{"taxonomy":"product_brand","embeddable":true,"href":"https:\/\/quantum.com.pl\/pl\/wp-json\/wp\/v2\/product_brand?post=6801"},{"taxonomy":"product_cat","embeddable":true,"href":"https:\/\/quantum.com.pl\/pl\/wp-json\/wp\/v2\/product_cat?post=6801"},{"taxonomy":"product_tag","embeddable":true,"href":"https:\/\/quantum.com.pl\/pl\/wp-json\/wp\/v2\/product_tag?post=6801"}],"curies":[{"name":"wp","href":"https:\/\/api.w.org\/{rel}","templated":true}]}}