{"id":6812,"date":"2019-12-11T13:03:01","date_gmt":"2019-12-11T12:03:01","guid":{"rendered":"https:\/\/quantum.com.pl\/?post_type=product&#038;p=6812"},"modified":"2020-08-25T23:23:09","modified_gmt":"2020-08-25T21:23:09","slug":"pcom-b637vg","status":"publish","type":"product","link":"https:\/\/quantum.com.pl\/pl\/product\/pcom-b637vg\/","title":{"rendered":"PCOM-B637VG"},"content":{"rendered":"<div class=\"jhH5U r-i2X0G8ZQZJrs\" data-rtid=\"i2X0G8ZQZJrs\">\n<div id=\"tw-ob\" class=\"tw-src-ltr\">\n<div class=\"oSioSc\">\n<div id=\"tw-target\">\n<div id=\"kAz1tf\" class=\"g9WsWb\">\n<div id=\"tw-target-text-container\" class=\"tw-ta-container tw-nfl\">\n<div class=\"jhH5U r-i2X0G8ZQZJrs\" data-rtid=\"i2X0G8ZQZJrs\">\n<div id=\"tw-ob\" class=\"tw-src-ltr\">\n<div class=\"oSioSc\">\n<div id=\"tw-target\">\n<div id=\"kAz1tf\" class=\"g9WsWb\">\n<div id=\"tw-target-text-container\" class=\"tw-ta-container tw-nfl\">\n<h4 id=\"tw-target-text\" class=\"tw-data-text tw-text-large tw-ta\" dir=\"ltr\" data-placeholder=\"T\u0142umaczenie\"><span lang=\"pl\" tabindex=\"0\">Modu\u0142 ekspresowy COM VI VI generacji oparty na rdzeniu Intel Core<\/span><\/h4>\n<p><strong>Dane techniczne<\/strong><\/p>\n<ul>\n<li>Rodzina procesor\u00f3w Intel\u00ae Core &#x2122; 6. generacji (wcze\u015bniej Skylake)<\/li>\n<li>Obs\u0142uga DDR4-2133 ECC \/ Non-ECC SODIMM do 32 GB<\/li>\n<li>Obs\u0142uga 1x Gen3 PCIe x16, 8x Gen3 PCIe x1 (Opcja 1x Gen3 PCIe x4)<\/li>\n<li>Obs\u0142uga 4x SATA3 i 4x USB 3.0<\/li>\n<li>Obs\u0142uga VGA dla starszych aplikacji<\/li>\n<li>Obs\u0142uga TPM, I2C, SMBus i UART<\/li>\n<\/ul>\n<p>PCOM-B637VG to pierwszy modu\u0142 Portwell zaprojektowany z procesorem stacjonarnym, zawieraj\u0105cy rodzin\u0119 procesor\u00f3w Intel\u00ae Core&#x2122; sz\u00f3stej generacji (wcze\u015bniej Skylake). Portwell PCOM-B637VG zapewnia nowe zaawansowane funkcje, w tym wysok\u0105 wydajno\u015b\u0107 w przyst\u0119pnej cenie, obs\u0142ug\u0119 pami\u0119ci DDR4 ECC i non-ECC, Gen3 PCIe obs\u0142uguj\u0105cy wi\u0119ksz\u0105 wydajno\u015b\u0107 PCIe, kluczowy dla aplikacji sieciowych i medycznych.<\/p>\n\n<table id=\"tablepress-305\" class=\"tablepress tablepress-id-305\">\n<thead>\n<tr class=\"row-1\">\n\t<th class=\"column-1\"><strong>Specyfikacje<\/strong><\/th><td class=\"column-2\"><\/td>\n<\/tr>\n<\/thead>\n<tbody class=\"row-striping row-hover\">\n<tr class=\"row-2\">\n\t<td class=\"column-1\">CPU<\/td><td class=\"column-2\">Intel\u00ae Core\u2122 i7-7820EQ Processor (4 x 3.00 GHz \/ 3.70 GHz, 8 MB, 45 W)<br \/>\nIntel\u00ae Core\u2122 i5-7440EQ Processor (4 x 2.90 GHz \/ 3.60 GHz, 6 MB, 45 W)<br \/>\nIntel\u00ae Core\u2122 i5-7442EQ Processor (4 x 2.10 GHz \/ 2.90 GHz, 6 MB, 25 W)<br \/>\nIntel\u00ae Core\u2122 i3-7100E Processor (2 x 2.90 GHz, 3 MB, 35 W)<br \/>\nIntel\u00ae Core\u2122 i3-7102E Processor (2 x 2.10 GHz, 3 MB, 25 W)<br \/>\nIntel\u00ae Core\u2122 i7-6820EQ Processor (4 x 2.80 GHz \/ 3.50 GHz, 8 MB SmartCache, 45 W)<br \/>\nIntel\u00ae Core\u2122 i7-6822EQ Processor (4 x 2.00 GHz \/ 2.80 GHz, 8 MB SmartCache, 25 W)<br \/>\nIntel\u00ae Core\u2122 i5-6440EQ Processor (4 x 2.70 GHz \/ 3.40 GHz, 6 MB SmartCache, 45 W)<br \/>\nIntel\u00ae Core\u2122 i5-6442EQ Processor (4 x 1.90 GHz \/ 2.70 GHz, 6 MB SmartCache, 25 W)<br \/>\nIntel\u00ae Core\u2122 i3-6100E Processor (2 x 2.70 GHz, 3 MB SmartCache, 35 W)<br \/>\nIntel\u00ae Core\u2122 i3-6102E Processor (2 x 1.90 GHz, 3 MB SmartCache, 25 W)<br \/>\nIntel\u00ae Celeron\u00ae Processor G3900E (2 x 2.40 GHz, 2 MB SmartCache, 35 W)<br \/>\nIntel\u00ae Celeron\u00ae Processor G3902E (2 x 1.60 GHz, 2 MB SmartCache, 25 W)<\/td>\n<\/tr>\n<tr class=\"row-3\">\n\t<td class=\"column-1\">Typ<\/td><td class=\"column-2\">Typ 6<\/td>\n<\/tr>\n<tr class=\"row-4\">\n\t<td class=\"column-1\">Format<\/td><td class=\"column-2\">podstawowy<\/td>\n<\/tr>\n<tr class=\"row-5\">\n\t<td class=\"column-1\">Chipset<\/td><td class=\"column-2\">Intel\u00ae QM170 \/ CM236 \/ QM175 \/ CM238<br \/>\n<\/td>\n<\/tr>\n<tr class=\"row-6\">\n\t<td class=\"column-1\">DRAM<\/td><td class=\"column-2\">Do 32 GB pami\u0119ci DDR4-2133, dwa gniazda SO-DIMM, Non-ECC \/ ECC<br \/>\n<\/td>\n<\/tr>\n<tr class=\"row-7\">\n\t<td class=\"column-1\">Magazynowanie pami\u0119ci<\/td><td class=\"column-2\">4x SATA III (6Gbit\/s)<br \/>\n<\/td>\n<\/tr>\n<tr class=\"row-8\">\n\t<td class=\"column-1\">Kontroler graficzny<\/td><td class=\"column-2\">Intel\u00ae HD Graphics 510 (w zale\u017cno\u015bci od procesora) Intel\u00ae HD Graphics 530 (w zale\u017cno\u015bci od procesora)<br \/>\n<\/td>\n<\/tr>\n<tr class=\"row-9\">\n\t<td class=\"column-1\">Oprogramowanie uk\u0142adowe<\/td><td class=\"column-2\">AMI Aptio5 BIOS<br \/>\n<\/td>\n<\/tr>\n<tr class=\"row-10\">\n\t<td class=\"column-1\">Wsparcie systemu operacyjnego<br \/>\n<\/td><td class=\"column-2\">Windows 7, Windows 10, Linux<br \/>\n<\/td>\n<\/tr>\n<tr class=\"row-11\">\n\t<td class=\"column-1\">USB<\/td><td class=\"column-2\">8x USB 2.0, 4x USB 3.0<br \/>\n<\/td>\n<\/tr>\n<tr class=\"row-12\">\n\t<td class=\"column-1\">Interfejs szeregowy<\/td><td class=\"column-2\">2x RX\/TX<br \/>\n<\/td>\n<\/tr>\n<tr class=\"row-13\">\n\t<td class=\"column-1\">Interfejs wy\u015bwietlacza<br \/>\n<\/td><td class=\"column-2\">VGA (1920 x 1200 przy 60 Hz) LVDS (1920 x 1200 przy 60 Hz) 3 DDI HDMI \/ DP (1 opcja) DP 3840 x 2160 przy 60 Hz HDMI 3840 x 2160 przy 60 Hz<br \/>\n<\/td>\n<\/tr>\n<tr class=\"row-14\">\n\t<td class=\"column-1\">Sie\u0107<\/td><td class=\"column-2\">1x Gigabit Ethernet Intel\u00ae I219LM<br \/>\n<\/td>\n<\/tr>\n<tr class=\"row-15\">\n\t<td class=\"column-1\">Interfejs magistrali<br \/>\n<\/td><td class=\"column-2\">8x PCIe x1 Gen3 (cztery x 1 mo\u017cna skonfigurowa\u0107 na linii x4), 1x PCIe x16 Gen3<br \/>\n<\/td>\n<\/tr>\n<tr class=\"row-16\">\n\t<td class=\"column-1\">Audio<\/td><td class=\"column-2\">Intel\u00ae HD Audio<br \/>\n<\/td>\n<\/tr>\n<tr class=\"row-17\">\n\t<td class=\"column-1\">Temperatura operacyjna<\/td><td class=\"column-2\">0\u00b0C do +60\u00b0C<br \/>\n<\/td>\n<\/tr>\n<tr class=\"row-18\">\n\t<td class=\"column-1\">Rozszerzona temperatura<\/td><td class=\"column-2\">kontrola na \u017c\u0105danie<br \/>\n<\/td>\n<\/tr>\n<tr class=\"row-19\">\n\t<td class=\"column-1\">Temperatura magazynowania pami\u0119ci<br \/>\n<\/td><td class=\"column-2\">-40\u00b0C do +85\u00b0C<br \/>\n<\/td>\n<\/tr>\n<tr class=\"row-20\">\n\t<td class=\"column-1\">Wymagania mocy<br \/>\n<\/td><td class=\"column-2\">12VDC, 5V STBY, VBAT, obs\u0142uga trybu AT i ATX<br \/>\n<\/td>\n<\/tr>\n<tr class=\"row-21\">\n\t<td class=\"column-1\">Moc<\/td><td class=\"column-2\">zale\u017cy od u\u017cywanego procesora<br \/>\n<\/td>\n<\/tr>\n<tr class=\"row-22\">\n\t<td class=\"column-1\">Wymiary<\/td><td class=\"column-2\">125x95 mm<br \/>\n<\/td>\n<\/tr>\n<tr class=\"row-23\">\n\t<td class=\"column-1\">Certyfikaty<\/td><td class=\"column-2\">CE<\/td>\n<\/tr>\n<tr class=\"row-24\">\n\t<td class=\"column-1\">R\u00f3\u017cne<\/td><td class=\"column-2\">GPIO 8bit Watchdog Timer HW monitoruje procesor, napi\u0119cie, wentylator i temperatur\u0119<br \/>\n<\/td>\n<\/tr>\n<\/tbody>\n<\/table>\n<!-- #tablepress-305 from cache -->\n<\/div>\n<\/div>\n<\/div>\n<\/div>\n<\/div>\n<\/div>\n<\/div>\n<\/div>\n<\/div>\n<\/div>\n<\/div>\n<\/div>\n","protected":false},"excerpt":{"rendered":"<p>PCOM-B637VG to pierwszy modu\u0142 Portwell zaprojektowany z procesorem stacjonarnym, zawieraj\u0105cy rodzin\u0119 procesor\u00f3w Intel\u00ae Core&#x2122; sz\u00f3stej generacji (wcze\u015bniej Skylake). Portwell PCOM-B637VG zapewnia nowe zaawansowane funkcje, w tym wysok\u0105 wydajno\u015b\u0107 w przyst\u0119pnej cenie, obs\u0142ug\u0119 pami\u0119ci DDR4 ECC i non-ECC, Gen3 PCIe obs\u0142uguj\u0105cy wi\u0119ksz\u0105 wydajno\u015b\u0107 PCIe, kluczowy dla aplikacji sieciowych i medycznych.<\/p>\n","protected":false},"featured_media":11196,"template":"","meta":{"_acf_changed":false,"inline_featured_image":false,"_monsterinsights_skip_tracking":false,"_monsterinsights_sitenote_active":false,"_monsterinsights_sitenote_note":"","_monsterinsights_sitenote_category":0},"product_brand":[],"product_cat":[1042,973,1584,972],"product_tag":[],"class_list":{"0":"post-6812","1":"product","2":"type-product","3":"status-publish","4":"has-post-thumbnail","6":"product_cat-com-express-modul-etx-pl","7":"product_cat-komputer-typu-com","8":"product_cat-komputery-jednoplytkowe-sbc-2","9":"product_cat-portwell-pl","11":"first","12":"instock","13":"shipping-taxable","14":"product-type-simple"},"acf":[],"_links":{"self":[{"href":"https:\/\/quantum.com.pl\/pl\/wp-json\/wp\/v2\/product\/6812","targetHints":{"allow":["GET"]}}],"collection":[{"href":"https:\/\/quantum.com.pl\/pl\/wp-json\/wp\/v2\/product"}],"about":[{"href":"https:\/\/quantum.com.pl\/pl\/wp-json\/wp\/v2\/types\/product"}],"wp:featuredmedia":[{"embeddable":true,"href":"https:\/\/quantum.com.pl\/pl\/wp-json\/wp\/v2\/media\/11196"}],"wp:attachment":[{"href":"https:\/\/quantum.com.pl\/pl\/wp-json\/wp\/v2\/media?parent=6812"}],"wp:term":[{"taxonomy":"product_brand","embeddable":true,"href":"https:\/\/quantum.com.pl\/pl\/wp-json\/wp\/v2\/product_brand?post=6812"},{"taxonomy":"product_cat","embeddable":true,"href":"https:\/\/quantum.com.pl\/pl\/wp-json\/wp\/v2\/product_cat?post=6812"},{"taxonomy":"product_tag","embeddable":true,"href":"https:\/\/quantum.com.pl\/pl\/wp-json\/wp\/v2\/product_tag?post=6812"}],"curies":[{"name":"wp","href":"https:\/\/api.w.org\/{rel}","templated":true}]}}