{"id":6823,"date":"2019-12-11T13:22:58","date_gmt":"2019-12-11T12:22:58","guid":{"rendered":"https:\/\/quantum.com.pl\/?post_type=product&#038;p=6823"},"modified":"2020-08-25T23:23:09","modified_gmt":"2020-08-25T21:23:09","slug":"pcom-b638vg","status":"publish","type":"product","link":"https:\/\/quantum.com.pl\/pl\/product\/pcom-b638vg\/","title":{"rendered":"PCOM-B638VG"},"content":{"rendered":"<h4>Kompaktowy modu\u0142 VI COM COM VI klasy VI \/ si\u00f3dmej generacji<\/h4>\n<p><strong>Dane techniczne<\/strong><\/p>\n<ul>\n<li>Rodzina procesor\u00f3w Intel\u00ae Core &#x2122; 6. \/ 7. generacji (wcze\u015bniej Skylake \/ Kaby Lake)<\/li>\n<li>Obs\u0142uga DDR4-2133 non-ECC SODIMM do 32 GB<\/li>\n<li>Obs\u0142uga VGA i LVDS dla starszych aplikacji<\/li>\n<li>Obs\u0142uga Gen3 PCIe, SATA3, USB 3.0, OTG<\/li>\n<li>Obs\u0142uga I2C, GPIO i SMBus<\/li>\n<li>Niskoprofilowe rozwi\u0105zanie o wysokiej wydajno\u015bci i niskim zu\u017cyciu energii<\/li>\n<\/ul>\n<p>Zaprojektowany z rodzin\u0105 procesor\u00f3w Intel\u00ae Core&#x2122; 6. \/ 7. generacji (wcze\u015bniej Skylake \/ Kaby Lake), PCOM-B638VG oferuje obs\u0142ug\u0119 pami\u0119ci DDR4, interfejs Gene PCIe i 30% szybsz\u0105 wydajno\u015b\u0107 graficzn\u0105. W szczeg\u00f3lno\u015bci, Gen3 PCIe obs\u0142uguje wi\u0119ksz\u0105 wydajno\u015b\u0107 PCIe, kluczow\u0105 dla aplikacji sieciowych i medycznych. Ponadto ulepszona funkcja graficzna obs\u0142uguje wydajno\u015b\u0107 4K. Obs\u0142uga OTG zapewnia klientom wi\u0119ksz\u0105 elastyczno\u015b\u0107 w tworzeniu aplikacji pasuj\u0105cych do r\u00f3\u017cnych rozwi\u0105za\u0144 w u\u017cytkowaniu.<\/p>\n\n<table id=\"tablepress-307\" class=\"tablepress tablepress-id-307\">\n<thead>\n<tr class=\"row-1\">\n\t<th class=\"column-1\"><strong>Specyfikacje<\/strong><\/th><td class=\"column-2\"><\/td>\n<\/tr>\n<\/thead>\n<tbody class=\"row-striping row-hover\">\n<tr class=\"row-2\">\n\t<td class=\"column-1\">Rodzaj mocy wej\u015bciowej<br \/>\n<\/td><td class=\"column-2\">N\/A<\/td>\n<\/tr>\n<tr class=\"row-3\">\n\t<td class=\"column-1\">Procesor<\/td><td class=\"column-2\">AMD Ryzen V-series<br \/>\n<\/td>\n<\/tr>\n<tr class=\"row-4\">\n\t<td class=\"column-1\">BIOS<\/td><td class=\"column-2\">AMI BIOS, architektura UEFI<br \/>\n<\/td>\n<\/tr>\n<tr class=\"row-5\">\n\t<td class=\"column-1\">Pami\u0119\u0107 systemowa<br \/>\n<\/td><td class=\"column-2\">Dwukana\u0142owe gniazdo poziome SO-DIMM DDR4 (do 16 GB)<br \/>\n<\/td>\n<\/tr>\n<tr class=\"row-6\">\n\t<td class=\"column-1\">Urz\u0105dzenie pami\u0119ci masowej<br \/>\n<\/td><td class=\"column-2\">2x SATAIII<br \/>\n<\/td>\n<\/tr>\n<tr class=\"row-7\">\n\t<td class=\"column-1\">Zegar nadzoruj\u0105cy<br \/>\n<\/td><td class=\"column-2\">Programowalny przez S \/ W od 1 sekundy ~ 255 min<br \/>\n<\/td>\n<\/tr>\n<tr class=\"row-8\">\n\t<td class=\"column-1\">Monitorowanie Hareware<br \/>\n<\/td><td class=\"column-2\">I2C control<br \/>\n<\/td>\n<\/tr>\n<tr class=\"row-9\">\n\t<td class=\"column-1\">Interfejs rozszerze\u0144<br \/>\n<\/td><td class=\"column-2\">1x interfejs PCIe x8 z uk\u0142adu SoC<br \/>\n1x interfejs PCIe x4 z uk\u0142adu SoC<\/td>\n<\/tr>\n<tr class=\"row-10\">\n\t<td class=\"column-1\">Audio<\/td><td class=\"column-2\">Interfejs audio wysokiej rozdzielczo\u015bci<br \/>\n<\/td>\n<\/tr>\n<tr class=\"row-11\">\n\t<td class=\"column-1\">Ethernet<\/td><td class=\"column-2\">N\/A<\/td>\n<\/tr>\n<tr class=\"row-12\">\n\t<td class=\"column-1\">USB<\/td><td class=\"column-2\">2x USB 2.0<br \/>\n4x USB 3.0<\/td>\n<\/tr>\n<tr class=\"row-13\">\n\t<td class=\"column-1\">Kontroler graficzny<\/td><td class=\"column-2\">AMD Radeon \u2122 GFX9 z maksymalnie 11 jednostkami obliczeniowymi<br \/>\n<\/td>\n<\/tr>\n<tr class=\"row-14\">\n\t<td class=\"column-1\">Interfejs wy\u015bwietlacza<br \/>\n<\/td><td class=\"column-2\">2x DDI<br \/>\nObs\u0142uga dw\u00f3ch monitor\u00f3w (DP \/ eDP \/ LVDS \/ HDMI \/ VGA)<\/td>\n<\/tr>\n<tr class=\"row-15\">\n\t<td class=\"column-1\">Wymiary<\/td><td class=\"column-2\">125 mm x 95 mm (4.92\" x 3.74\")<br \/>\n<\/td>\n<\/tr>\n<tr class=\"row-16\">\n\t<td class=\"column-1\">\u015arodowisko<\/td><td class=\"column-2\">Temperatura pracy: 0\u00b0C ~ 60\u00b0C z pasywnym ch\u0142odzeniem<br \/>\nTemperatura przechowywania: -40\u00b0C ~ 85\u00b0C<br \/>\nWilgotno\u015b\u0107 pracy: 5% ~ 95%, bez kondensacji<br \/>\nZgodny z RoHS<\/td>\n<\/tr>\n<tr class=\"row-17\">\n\t<td class=\"column-1\">MTBF<\/td><td class=\"column-2\">Ponad 120 000 godzin w 40\u00b0C<br \/>\n<\/td>\n<\/tr>\n<tr class=\"row-18\">\n\t<td class=\"column-1\">Certyfikat EMI<br \/>\n<\/td><td class=\"column-2\">CE, FCC klasa B<br \/>\n<\/td>\n<\/tr>\n<\/tbody>\n<\/table>\n<!-- #tablepress-307 from cache -->\n","protected":false},"excerpt":{"rendered":"<p>Zaprojektowany z rodzin\u0105 procesor\u00f3w Intel\u00ae Core&#x2122; 6. \/ 7. generacji (wcze\u015bniej Skylake \/ Kaby Lake), PCOM-B638VG oferuje obs\u0142ug\u0119 pami\u0119ci DDR4, interfejs Gene PCIe i 30% szybsz\u0105 wydajno\u015b\u0107 graficzn\u0105. W szczeg\u00f3lno\u015bci, Gen3 PCIe obs\u0142uguje wi\u0119ksz\u0105 wydajno\u015b\u0107 PCIe, kluczow\u0105 dla aplikacji sieciowych i medycznych.<\/p>\n","protected":false},"featured_media":11193,"template":"","meta":{"_acf_changed":false,"inline_featured_image":false,"_monsterinsights_skip_tracking":false,"_monsterinsights_sitenote_active":false,"_monsterinsights_sitenote_note":"","_monsterinsights_sitenote_category":0},"product_brand":[],"product_cat":[1042,973,1584,972],"product_tag":[],"class_list":{"0":"post-6823","1":"product","2":"type-product","3":"status-publish","4":"has-post-thumbnail","6":"product_cat-com-express-modul-etx-pl","7":"product_cat-komputer-typu-com","8":"product_cat-komputery-jednoplytkowe-sbc-2","9":"product_cat-portwell-pl","11":"first","12":"instock","13":"shipping-taxable","14":"product-type-simple"},"acf":[],"_links":{"self":[{"href":"https:\/\/quantum.com.pl\/pl\/wp-json\/wp\/v2\/product\/6823","targetHints":{"allow":["GET"]}}],"collection":[{"href":"https:\/\/quantum.com.pl\/pl\/wp-json\/wp\/v2\/product"}],"about":[{"href":"https:\/\/quantum.com.pl\/pl\/wp-json\/wp\/v2\/types\/product"}],"wp:featuredmedia":[{"embeddable":true,"href":"https:\/\/quantum.com.pl\/pl\/wp-json\/wp\/v2\/media\/11193"}],"wp:attachment":[{"href":"https:\/\/quantum.com.pl\/pl\/wp-json\/wp\/v2\/media?parent=6823"}],"wp:term":[{"taxonomy":"product_brand","embeddable":true,"href":"https:\/\/quantum.com.pl\/pl\/wp-json\/wp\/v2\/product_brand?post=6823"},{"taxonomy":"product_cat","embeddable":true,"href":"https:\/\/quantum.com.pl\/pl\/wp-json\/wp\/v2\/product_cat?post=6823"},{"taxonomy":"product_tag","embeddable":true,"href":"https:\/\/quantum.com.pl\/pl\/wp-json\/wp\/v2\/product_tag?post=6823"}],"curies":[{"name":"wp","href":"https:\/\/api.w.org\/{rel}","templated":true}]}}