{"id":6856,"date":"2019-12-11T20:20:12","date_gmt":"2019-12-11T19:20:12","guid":{"rendered":"https:\/\/quantum.com.pl\/?post_type=product&#038;p=6856"},"modified":"2020-08-25T23:23:09","modified_gmt":"2020-08-25T21:23:09","slug":"pcom-b641vg","status":"publish","type":"product","link":"https:\/\/quantum.com.pl\/pl\/product\/pcom-b641vg\/","title":{"rendered":"PCOM-B641VG"},"content":{"rendered":"<h4>Kompaktowy modu\u0142 Express COM Express VI typu Intel Atom E3900<\/h4>\n<p><strong>Dane techniczne<\/strong><\/p>\n<ul>\n<li>Rodzina produkt\u00f3w procesor Intel\u00ae Atom&#x2122; E3900 (wcze\u015bniej Apollo Lake)<\/li>\n<li>Obs\u0142uga pami\u0119ci SDRAM DDR3L 1600\/1866 MT \/ s na dw\u00f3ch 204-pinowych gniazdach SODIMM do 32 GB<\/li>\n<li>Obs\u0142uga VGA, LVDS i DisplayPort<\/li>\n<li>Obs\u0142uga USB 3.0, USB 2.0, SATA, 4x PCIe x1 lub 1x PCIe x4<\/li>\n<li>Obs\u0142uga pami\u0119ci eMMC<\/li>\n<li>Obs\u0142uguje szeroki zakres temperatur od -40\u00b0C do 85\u00b0C<\/li>\n<li>Obs\u0142uga funkcji I2C \/ inteligentnej baterii<\/li>\n<\/ul>\n<p>Portwell PCOM-B641VG, modu\u0142 COM Express Compact typu 6 (95 mm x 95 mm) oparty na rodzinie produkt\u00f3w 1439 nm Intel\u00ae Atom&#x2122; E3900 (6 W ~ 12 W), oferuje wiele cennych funkcji, w tym szeroki zakres opcjonalnych I \/ O. Poza tym elastyczno\u015b\u0107 taka jak Gen2 PCI Express, umo\u017cliwiaj\u0105ca wi\u0119ksze kompetencje medialne, takie jak przyspieszone DRM (Digital Rights Management) do kodowania i dekodowania. Chocia\u017c jest idealny do zastosowa\u0144 wymagaj\u0105cych niskiej mocy i bez wentylatora, modu\u0142 COM Express Compact PCOM-B641VG Type 6 obs\u0142uguje r\u00f3wnie\u017c szeroki zakres temperatur przemys\u0142owych od -40\u00b0C do 85\u00b0C. Przystosowany jest do warunk\u00f3w wymagaj\u0105cych du\u017cej wytrzyma\u0142o\u015bci.<\/p>\n\n<table id=\"tablepress-313\" class=\"tablepress tablepress-id-313\">\n<thead>\n<tr class=\"row-1\">\n\t<th class=\"column-1\"><strong>Specyfikacje<\/strong><\/th><td class=\"column-2\"><\/td>\n<\/tr>\n<\/thead>\n<tbody class=\"row-striping row-hover\">\n<tr class=\"row-2\">\n\t<td class=\"column-1\">Wsp\u00f3\u0142czynnik kszta\u0142tu (mm)<br \/>\n<\/td><td class=\"column-2\">Rozmiar podstawowy (125 x 95 mm)<br \/>\n<\/td>\n<\/tr>\n<tr class=\"row-3\">\n\t<td class=\"column-1\">Typ<\/td><td class=\"column-2\">COM Express Type VI<br \/>\n<\/td>\n<\/tr>\n<tr class=\"row-4\">\n\t<td class=\"column-1\">Procesor \/ Zegar \/ Pami\u0119\u0107 podr\u0119czna<br \/>\n<\/td><td class=\"column-2\">Intel\u00ae 8th Generation Core\u2122 35W Desktop processor<br \/>\ni7-8700T\/ i5-8500T\/ i3-8100T\/ G5400T\/ G4900T<br \/>\n<\/td>\n<\/tr>\n<tr class=\"row-5\">\n\t<td class=\"column-1\">Chipset<\/td><td class=\"column-2\">Q370\/C246<br \/>\n<\/td>\n<\/tr>\n<tr class=\"row-6\">\n\t<td class=\"column-1\">Pami\u0119\u0107<\/td><td class=\"column-2\">DDR4-2400MT \/ s<br \/>\nNon-ECC \/ ECC<br \/>\n2 kana\u0142 pami\u0119ci<\/td>\n<\/tr>\n<tr class=\"row-7\">\n\t<td class=\"column-1\">USB <\/td><td class=\"column-2\">4x USB 3.1 Gen2<br \/>\n8x USB 2.0<\/td>\n<\/tr>\n<tr class=\"row-8\">\n\t<td class=\"column-1\">PCI Express<\/td><td class=\"column-2\">1 port PCIe x16 Gen3<br \/>\n8 port\u00f3w PCIe x1 Gen3<\/td>\n<\/tr>\n<tr class=\"row-9\">\n\t<td class=\"column-1\">Ethernet<\/td><td class=\"column-2\">Intel\u00ae I219LM<br \/>\n<\/td>\n<\/tr>\n<tr class=\"row-10\">\n\t<td class=\"column-1\">Audio<\/td><td class=\"column-2\">Intel\u00ae High definition Audio<br \/>\n<\/td>\n<\/tr>\n<tr class=\"row-11\">\n\t<td class=\"column-1\">Kontroler graficzny<\/td><td class=\"column-2\">Intel\u00ae UHD Graphics 630<br \/>\n<\/td>\n<\/tr>\n<tr class=\"row-12\">\n\t<td class=\"column-1\">P\u0142yta no\u015bna<\/td><td class=\"column-2\">PCOM-C605 (Type 6)<br \/>\n<\/td>\n<\/tr>\n<tr class=\"row-13\">\n\t<td class=\"column-1\">Obs\u0142uga rozszerzonej temperatury<\/td><td class=\"column-2\">0~60C support<br \/>\n<\/td>\n<\/tr>\n<\/tbody>\n<\/table>\n<!-- #tablepress-313 from cache -->\n","protected":false},"excerpt":{"rendered":"<p>Portwell PCOM-B641VG, modu\u0142 COM Express Compact typu 6 (95 mm x 95 mm) oparty na rodzinie produkt\u00f3w 1439 nm Intel\u00ae Atom&#x2122; E3900 (6 W ~ 12 W), oferuje wiele cennych funkcji, w tym szeroki zakres opcjonalnych I \/ O.<\/p>\n","protected":false},"featured_media":11202,"template":"","meta":{"_acf_changed":false,"inline_featured_image":false,"_monsterinsights_skip_tracking":false,"_monsterinsights_sitenote_active":false,"_monsterinsights_sitenote_note":"","_monsterinsights_sitenote_category":0},"product_brand":[],"product_cat":[1042,973,1584,972],"product_tag":[],"class_list":{"0":"post-6856","1":"product","2":"type-product","3":"status-publish","4":"has-post-thumbnail","6":"product_cat-com-express-modul-etx-pl","7":"product_cat-komputer-typu-com","8":"product_cat-komputery-jednoplytkowe-sbc-2","9":"product_cat-portwell-pl","11":"first","12":"instock","13":"shipping-taxable","14":"product-type-simple"},"acf":[],"_links":{"self":[{"href":"https:\/\/quantum.com.pl\/pl\/wp-json\/wp\/v2\/product\/6856","targetHints":{"allow":["GET"]}}],"collection":[{"href":"https:\/\/quantum.com.pl\/pl\/wp-json\/wp\/v2\/product"}],"about":[{"href":"https:\/\/quantum.com.pl\/pl\/wp-json\/wp\/v2\/types\/product"}],"wp:featuredmedia":[{"embeddable":true,"href":"https:\/\/quantum.com.pl\/pl\/wp-json\/wp\/v2\/media\/11202"}],"wp:attachment":[{"href":"https:\/\/quantum.com.pl\/pl\/wp-json\/wp\/v2\/media?parent=6856"}],"wp:term":[{"taxonomy":"product_brand","embeddable":true,"href":"https:\/\/quantum.com.pl\/pl\/wp-json\/wp\/v2\/product_brand?post=6856"},{"taxonomy":"product_cat","embeddable":true,"href":"https:\/\/quantum.com.pl\/pl\/wp-json\/wp\/v2\/product_cat?post=6856"},{"taxonomy":"product_tag","embeddable":true,"href":"https:\/\/quantum.com.pl\/pl\/wp-json\/wp\/v2\/product_tag?post=6856"}],"curies":[{"name":"wp","href":"https:\/\/api.w.org\/{rel}","templated":true}]}}