{"id":6879,"date":"2019-12-12T12:37:19","date_gmt":"2019-12-12T11:37:19","guid":{"rendered":"https:\/\/quantum.com.pl\/?post_type=product&#038;p=6879"},"modified":"2020-08-25T23:23:09","modified_gmt":"2020-08-25T21:23:09","slug":"pcom-b651g","status":"publish","type":"product","link":"https:\/\/quantum.com.pl\/pl\/product\/pcom-b651g\/","title":{"rendered":"PCOM-B651G"},"content":{"rendered":"<h4>Procesor Intel\u00ae Core&#x2122; Coffee Lake-H oparty na module COM Express Type VI z DDR4 SO-DIMM, DDI, eDP, Gigabit Ethernet, SATA 3.0 i USB 3.1<\/h4>\n<p><strong>Dane techniczne<\/strong><\/p>\n<ul>\n<li>Coffee Lake-H to procesor Intel\u00ae Core&#x2122; 8. generacji z 14 nm, a nowa budowa zapewnia najlepsz\u0105 wydajno\u015b\u0107<\/li>\n<li>Znajdziesz rozwi\u0105zanie mobilne, ale o wysokiej wydajno\u015bci i \u015brednim TDP<\/li>\n<li>Obs\u0142uguje szybszy interfejs I \/ O na 24 liniach PCIe Gen3<\/li>\n<\/ul>\n<p>PCOM-B651G \u0142\u0105czy trzy wa\u017cne czynniki, w tym obs\u0142ug\u0119 pami\u0119ci DDR4, obs\u0142ug\u0119 PCIe Gen3 i obs\u0142ug\u0119 USB 3.1 Gen2. DDR4 jest trendem, obs\u0142uguj\u0105cym zar\u00f3wno ECC, jak i Non-ECC z t\u0105 sam\u0105 definicj\u0105 pin\u00f3w. Innymi s\u0142owy, klient mo\u017ce korzysta\u0107 zar\u00f3wno z pami\u0119ci ECC, jak i non-ECC, w zale\u017cno\u015bci od zastosowania. Aby to osi\u0105gn\u0105\u0107, wszystkie PCK SKU s\u0105 rozwa\u017cane na etapie opracowywania, aby upewni\u0107 si\u0119, \u017ce klient posiada r\u00f3\u017cne modele spe\u0142niaj\u0105ce dane wymagania dotycz\u0105ce koszt\u00f3w, wydajno\u015bci i rodzaju pami\u0119ci. Obs\u0142uga PCIe Gen 3 zapewnia wi\u0119ksz\u0105 szybko\u015b\u0107 PCIe, dzi\u0119ki czemu wydajno\u015b\u0107 karty rozszerze\u0144 PCIe b\u0119dzie lepsza. Ma to kluczowe znaczenie dla aplikacji sieciowych i medycznych. Zwi\u0119kszona wydajno\u015b\u0107 grafiki zapewnia obs\u0142ug\u0119 4K.<\/p>\n","protected":false},"excerpt":{"rendered":"<p>PCOM-B651G \u0142\u0105czy trzy wa\u017cne czynniki, w tym obs\u0142ug\u0119 pami\u0119ci DDR4, obs\u0142ug\u0119 PCIe Gen3 i obs\u0142ug\u0119 USB 3.1 Gen2. DDR4 jest trendem, obs\u0142uguj\u0105cym zar\u00f3wno ECC, jak i Non-ECC z t\u0105 sam\u0105 definicj\u0105 pin\u00f3w.<\/p>\n","protected":false},"featured_media":11204,"template":"","meta":{"_acf_changed":false,"inline_featured_image":false,"_monsterinsights_skip_tracking":false,"_monsterinsights_sitenote_active":false,"_monsterinsights_sitenote_note":"","_monsterinsights_sitenote_category":0},"product_brand":[],"product_cat":[1042,973,1584,972],"product_tag":[],"class_list":{"0":"post-6879","1":"product","2":"type-product","3":"status-publish","4":"has-post-thumbnail","6":"product_cat-com-express-modul-etx-pl","7":"product_cat-komputer-typu-com","8":"product_cat-komputery-jednoplytkowe-sbc-2","9":"product_cat-portwell-pl","11":"first","12":"instock","13":"shipping-taxable","14":"product-type-simple"},"acf":[],"_links":{"self":[{"href":"https:\/\/quantum.com.pl\/pl\/wp-json\/wp\/v2\/product\/6879","targetHints":{"allow":["GET"]}}],"collection":[{"href":"https:\/\/quantum.com.pl\/pl\/wp-json\/wp\/v2\/product"}],"about":[{"href":"https:\/\/quantum.com.pl\/pl\/wp-json\/wp\/v2\/types\/product"}],"wp:featuredmedia":[{"embeddable":true,"href":"https:\/\/quantum.com.pl\/pl\/wp-json\/wp\/v2\/media\/11204"}],"wp:attachment":[{"href":"https:\/\/quantum.com.pl\/pl\/wp-json\/wp\/v2\/media?parent=6879"}],"wp:term":[{"taxonomy":"product_brand","embeddable":true,"href":"https:\/\/quantum.com.pl\/pl\/wp-json\/wp\/v2\/product_brand?post=6879"},{"taxonomy":"product_cat","embeddable":true,"href":"https:\/\/quantum.com.pl\/pl\/wp-json\/wp\/v2\/product_cat?post=6879"},{"taxonomy":"product_tag","embeddable":true,"href":"https:\/\/quantum.com.pl\/pl\/wp-json\/wp\/v2\/product_tag?post=6879"}],"curies":[{"name":"wp","href":"https:\/\/api.w.org\/{rel}","templated":true}]}}