{"id":6905,"date":"2019-12-12T14:58:03","date_gmt":"2019-12-12T13:58:03","guid":{"rendered":"https:\/\/quantum.com.pl\/?post_type=product&#038;p=6905"},"modified":"2020-08-25T23:23:10","modified_gmt":"2020-08-25T21:23:10","slug":"pcom-b700g","status":"publish","type":"product","link":"https:\/\/quantum.com.pl\/pl\/product\/pcom-b700g\/","title":{"rendered":"PCOM-B700G"},"content":{"rendered":"<h4>Procesor Intel Xeon D Type 7 COM Express Module<\/h4>\n<p><strong>Dane techniczne<\/strong><\/p>\n<ul>\n<li>Procesor Intel\u00ae Xeon\u00ae z serii D-1500<\/li>\n<li>Obs\u0142uga pami\u0119ci DDR4 ECC \/ non-ECC SDRAM na trzech gniazdach SODIMM, do 48 GB<\/li>\n<li>Obs\u0142uguje dwa interfejsy 10GbE i jeden GbE<\/li>\n<li>Obs\u0142uga 4x USB 3.0 \/ 2.0, 2x SATA III, 8x PCIe x1 Gen2, 1x PCIe x16 Gen3<\/li>\n<li>Obs\u0142uguje szeroki zakres temperatur od -40\u00b0C do 85\u00b0C (wybrane jednostki SKU)<\/li>\n<\/ul>\n<p>Portwell PCOM-B700G, modu\u0142 podstawowy typu 7 COM Express (125 mm x 95 mm), zosta\u0142 zaprojektowany z rodziny produkt\u00f3w D-1500 z procesorem Intel\u00ae Xeon\u00ae. W szczeg\u00f3lno\u015bci, pinout Type 7 specyfikacji COM Express 3.0, w por\u00f3wnaniu do pinout Type 6, oferuje wszystkie interfejsy graficzne dla maksymalnie czterech port\u00f3w 10GbE i \u0142\u0105cznie 32 linii PCIe, idealnych do zastosowa\u0144 w mikro serwerach. Wymagaj\u0105 niskiego poziomu zu\u017cycia energii przy jednocze\u015bnie wysokiej wydajno\u015bci obliczeniowej i przepustowo\u015bci komunikacji. PCOM-B700G firmy Portwell posiada dwie karty 10GbE KR, jedn\u0105 GbE, DDR4 ECC \/ non-ECC i Gen3 PCIe obs\u0142uguj\u0105ce szybk\u0105 kart\u0119 I\/O. Ponadto modu\u0142 PCOM-B700G Type 7 COM Express firmy Portwell obs\u0142uguje r\u00f3wnie\u017c szeroki zakres temperatur przemys\u0142owych -40\u00b0C ~ 85\u00b0C (wybrane jednostki SKU).<\/p>\n\n<table id=\"tablepress-321\" class=\"tablepress tablepress-id-321\">\n<thead>\n<tr class=\"row-1\">\n\t<th class=\"column-1\">CPU<\/th><th class=\"column-2\">Intel Atom\u00ae D2550 Processor (2 x 1.86 GHz, 1024 KB L2, 10 W)<br \/>\n<\/th>\n<\/tr>\n<\/thead>\n<tbody class=\"row-striping row-hover\">\n<tr class=\"row-2\">\n\t<td class=\"column-1\">Format<\/td><td class=\"column-2\">NANO-ITX<br \/>\n<\/td>\n<\/tr>\n<tr class=\"row-3\">\n\t<td class=\"column-1\">Chipset<\/td><td class=\"column-2\">Intel\u00ae NM10 chipset<br \/>\n<\/td>\n<\/tr>\n<tr class=\"row-4\">\n\t<td class=\"column-1\">DRAM<\/td><td class=\"column-2\">1x up to 4GB DDR3 800\/1066 MHz SDRAM SODIMM<br \/>\n<\/td>\n<\/tr>\n<tr class=\"row-5\">\n\t<td class=\"column-1\">Graphic Controller<\/td><td class=\"column-2\">Intel\u00ae GMA 3650<br \/>\n<\/td>\n<\/tr>\n<tr class=\"row-6\">\n\t<td class=\"column-1\">Display Interface<\/td><td class=\"column-2\">DP (2560x1600), VGA (1920x1200), singel channel LVDS (1440x900)<br \/>\n<\/td>\n<\/tr>\n<tr class=\"row-7\">\n\t<td class=\"column-1\">Storage<\/td><td class=\"column-2\">1x CF-SATA (supports CF and CF-SATA card)<br \/>\n1x SATA supports 3Gb\/s data transfer rate<\/td>\n<\/tr>\n<tr class=\"row-8\">\n\t<td class=\"column-1\">Network<\/td><td class=\"column-2\">1x RJ45 Intel\u00ae 82583V Gigabit Ethernet controller<br \/>\n<\/td>\n<\/tr>\n<tr class=\"row-9\">\n\t<td class=\"column-1\">Expansion<\/td><td class=\"column-2\">1x PCI Expressx1 slot (Gen 1, 2.5 GT\/s)<br \/>\n1x Mini-PCIe slot (Gen 1, 2.5 GT\/s)<\/td>\n<\/tr>\n<tr class=\"row-10\">\n\t<td class=\"column-1\">Bus Interface<\/td><td class=\"column-2\">LPC, SPI, SMBus<br \/>\n<\/td>\n<\/tr>\n<tr class=\"row-11\">\n\t<td class=\"column-1\">Serial Interface<\/td><td class=\"column-2\">1x RS232\/422\/485 on board connector<br \/>\n<\/td>\n<\/tr>\n<tr class=\"row-12\">\n\t<td class=\"column-1\">USB<\/td><td class=\"column-2\">2x USB 2.0 ports on rear I\/O<br \/>\n4x USB 2.0 ports on board with pitch 2.0 header<\/td>\n<\/tr>\n<tr class=\"row-13\">\n\t<td class=\"column-1\">Audio<\/td><td class=\"column-2\">Realtek ALC886-GR HDA codec<br \/>\n<\/td>\n<\/tr>\n<tr class=\"row-14\">\n\t<td class=\"column-1\">Security<\/td><td class=\"column-2\">NA<\/td>\n<\/tr>\n<tr class=\"row-15\">\n\t<td class=\"column-1\">Miscellaneous<\/td><td class=\"column-2\">On board programmable 8-bit Digital I\/Os<br \/>\n<\/td>\n<\/tr>\n<tr class=\"row-16\">\n\t<td class=\"column-1\">Firmware<\/td><td class=\"column-2\">Phoenix uFEI BIOS (SPI ROM)<br \/>\n<\/td>\n<\/tr>\n<tr class=\"row-17\">\n\t<td class=\"column-1\">Power Requirement<\/td><td class=\"column-2\">DC 12V input<br \/>\n<\/td>\n<\/tr>\n<tr class=\"row-18\">\n\t<td class=\"column-1\">Power from W<\/td><td class=\"column-2\">depends on used CPU<br \/>\n<\/td>\n<\/tr>\n<tr class=\"row-19\">\n\t<td class=\"column-1\">Operating Temperature<\/td><td class=\"column-2\">0\u00b0C to +55\u00b0C<br \/>\n<\/td>\n<\/tr>\n<tr class=\"row-20\">\n\t<td class=\"column-1\">Storage Temperature<\/td><td class=\"column-2\">-20\u00b0C to +85\u00b0C<br \/>\n<\/td>\n<\/tr>\n<tr class=\"row-21\">\n\t<td class=\"column-1\">Dimensions<\/td><td class=\"column-2\">120x120 mm<br \/>\n<\/td>\n<\/tr>\n<\/tbody>\n<\/table>\n<!-- #tablepress-321 from cache -->\n","protected":false},"excerpt":{"rendered":"<p>Portwell PCOM-B700G, modu\u0142 podstawowy typu 7 COM Express (125 mm x 95 mm), zosta\u0142 zaprojektowany z rodziny produkt\u00f3w D-1500 z procesorem Intel\u00ae Xeon\u00ae.<\/p>\n","protected":false},"featured_media":11206,"template":"","meta":{"_acf_changed":false,"inline_featured_image":false,"_monsterinsights_skip_tracking":false,"_monsterinsights_sitenote_active":false,"_monsterinsights_sitenote_note":"","_monsterinsights_sitenote_category":0},"product_brand":[],"product_cat":[1042,973,1584,972],"product_tag":[],"class_list":{"0":"post-6905","1":"product","2":"type-product","3":"status-publish","4":"has-post-thumbnail","6":"product_cat-com-express-modul-etx-pl","7":"product_cat-komputer-typu-com","8":"product_cat-komputery-jednoplytkowe-sbc-2","9":"product_cat-portwell-pl","11":"first","12":"instock","13":"shipping-taxable","14":"product-type-simple"},"acf":[],"_links":{"self":[{"href":"https:\/\/quantum.com.pl\/pl\/wp-json\/wp\/v2\/product\/6905","targetHints":{"allow":["GET"]}}],"collection":[{"href":"https:\/\/quantum.com.pl\/pl\/wp-json\/wp\/v2\/product"}],"about":[{"href":"https:\/\/quantum.com.pl\/pl\/wp-json\/wp\/v2\/types\/product"}],"wp:featuredmedia":[{"embeddable":true,"href":"https:\/\/quantum.com.pl\/pl\/wp-json\/wp\/v2\/media\/11206"}],"wp:attachment":[{"href":"https:\/\/quantum.com.pl\/pl\/wp-json\/wp\/v2\/media?parent=6905"}],"wp:term":[{"taxonomy":"product_brand","embeddable":true,"href":"https:\/\/quantum.com.pl\/pl\/wp-json\/wp\/v2\/product_brand?post=6905"},{"taxonomy":"product_cat","embeddable":true,"href":"https:\/\/quantum.com.pl\/pl\/wp-json\/wp\/v2\/product_cat?post=6905"},{"taxonomy":"product_tag","embeddable":true,"href":"https:\/\/quantum.com.pl\/pl\/wp-json\/wp\/v2\/product_tag?post=6905"}],"curies":[{"name":"wp","href":"https:\/\/api.w.org\/{rel}","templated":true}]}}