{"id":6924,"date":"2019-12-12T18:07:59","date_gmt":"2019-12-12T17:07:59","guid":{"rendered":"https:\/\/quantum.com.pl\/?post_type=product&#038;p=6924"},"modified":"2020-11-20T09:50:27","modified_gmt":"2020-11-20T08:50:27","slug":"nano-6040","status":"publish","type":"product","link":"https:\/\/quantum.com.pl\/pl\/product\/nano-6040\/","title":{"rendered":"NANO-6040"},"content":{"rendered":"<h4>P\u0142yta g\u0142\u00f3wna Nano-ITX Tunnel Creek z procesorem Intel Atom E6X0T i chipsetem EG20T<\/h4>\n<p>&nbsp;<\/p>\n<p>NANO-6040 przyjmuje najnowsze szerokotemperaturowe procesory Intel\u00ae Atom, kt\u00f3re s\u0105 przeznaczone dla ma\u0142ych urz\u0105dze\u0144 o bardzo niskiej mocy. Nowa architektura integruje silnik graficzny 3D i kontroler pami\u0119ci. Produkt jest odpowiedni do wymagaj\u0105cego \u015brodowiska. P\u0142yta ze z\u0142\u0105czem magistrali CAN na pok\u0142adzie s\u0142u\u017cy do zastosowa\u0144 pojazdowych.<\/p>\n<h4>Cechy szczeg\u00f3lne:<\/h4>\n<ul>\n<li>Procesor Intel\u00ae Atom&#x2122; E6X0T, chipset Intel\u00ae EG20T<\/li>\n<li>Obs\u0142uga zestawu uruchomieniowego Intel\u00ae Boot Loader (BLDK)<\/li>\n<li>Niezale\u017cna funkcja Dual Display: VGA i 18\/24 bity LVDS<\/li>\n<li>Jedno gniazdo SD, dwa porty SATA, jeden Gigabit Ethernet<\/li>\n<li>Obs\u0142uga funkcji iTPM dla bezpieczniejszych platform<\/li>\n<li>Jedno gniazdo Mini-PCIE i gniazdo PCIE x1 do rozszerzenia<\/li>\n<li>Obs\u0142uga wej\u015bcia DC 12V<\/li>\n<\/ul>\n<h4>Specyfikacja:<\/h4>\n\n<table id=\"tablepress-324\" class=\"tablepress tablepress-id-324\">\n<thead>\n<tr class=\"row-1\">\n\t<th class=\"column-1\">CPU<\/th><th class=\"column-2\">Intel\u00ae Celeron\u00ae Processor N3350 (2 x 1.10 GHz, 2 MB L2, 6 W)<br \/>\nIntel\u00ae Pentium\u00ae Processor N4200 (4 x 1.10 GHz, 2 MB L2, 6 W)<br \/>\nIntel\u00ae Celeron\u00ae Processor J3455 (4 x 1.50 GHz, 2 MB, 10W)<\/th>\n<\/tr>\n<\/thead>\n<tbody class=\"row-striping row-hover\">\n<tr class=\"row-2\">\n\t<td class=\"column-1\">DRAM<\/td><td class=\"column-2\">Up to 8GB DDR3L 1333\/1600\/1866 MH\/z SDRAM on two 204, pin SODIMM socket<br \/>\n<\/td>\n<\/tr>\n<tr class=\"row-3\">\n\t<td class=\"column-1\">Chipset<\/td><td class=\"column-2\">SoC (System-On-Chip)<br \/>\n<\/td>\n<\/tr>\n<tr class=\"row-4\">\n\t<td class=\"column-1\">Firmware<\/td><td class=\"column-2\">AMI UEFI BIOS<br \/>\n<\/td>\n<\/tr>\n<tr class=\"row-5\">\n\t<td class=\"column-1\">USB<\/td><td class=\"column-2\">4x USB 3.0 ports on REAR I\/O, 2x USB 2.0 ports on board with pitch 2.0 header<br \/>\n<\/td>\n<\/tr>\n<tr class=\"row-6\">\n\t<td class=\"column-1\">Network<\/td><td class=\"column-2\">One Realtek RTL8111H W\/ RJ45 connector on REAR I\/O<br \/>\n<\/td>\n<\/tr>\n<tr class=\"row-7\">\n\t<td class=\"column-1\">Serial Interface<\/td><td class=\"column-2\">1x RS-232 with RJ45 connector on REAR I\/O<br \/>\n<\/td>\n<\/tr>\n<tr class=\"row-8\">\n\t<td class=\"column-1\">Audio<\/td><td class=\"column-2\">High De\ufb01nition Audio integrated in Intel SoC, Realtek ALC255 HDA codec, Audio jack with Line-out or Mic -in function on REAR I\/O<br \/>\n<\/td>\n<\/tr>\n<tr class=\"row-9\">\n\t<td class=\"column-1\">Expansion<\/td><td class=\"column-2\">1x M.2 socket (E+A key) support WiFi, BT, 3G &amp; 4G<br \/>\n<\/td>\n<\/tr>\n<tr class=\"row-10\">\n\t<td class=\"column-1\">Storage<\/td><td class=\"column-2\">1x SATA III port, 1x Micro-SD 3.0 socket, Support Onboard eMMC 5.0 (32G\/64G)<br \/>\n<\/td>\n<\/tr>\n<tr class=\"row-11\">\n\t<td class=\"column-1\">Display Interface<\/td><td class=\"column-2\">HDMI(1.4b) on board connector, resolution up to 3840 x2160, DP(1.2) on board connector, resolution up to 4096x2160<br \/>\n<\/td>\n<\/tr>\n<tr class=\"row-12\">\n\t<td class=\"column-1\">Graphic Controller<\/td><td class=\"column-2\">Intel\u00ae Gen 9 Graphics supports DirectX 12, OpenGL 4.2 \/ OpenCL 2.0, Video decode HW acceleration support for H.264, H.265, MPEG2, VC-1\/WMV9, JPEG, VP8, and VP9<br \/>\n<\/td>\n<\/tr>\n<tr class=\"row-13\">\n\t<td class=\"column-1\">Format<\/td><td class=\"column-2\">NUC<\/td>\n<\/tr>\n<tr class=\"row-14\">\n\t<td class=\"column-1\">Power Requirement<\/td><td class=\"column-2\">Wide DC in 12-19V<br \/>\n<\/td>\n<\/tr>\n<tr class=\"row-15\">\n\t<td class=\"column-1\">Operating Temperature<\/td><td class=\"column-2\">0\u00b0C to 60\u00b0C<br \/>\n<\/td>\n<\/tr>\n<tr class=\"row-16\">\n\t<td class=\"column-1\">Storage Temperature<\/td><td class=\"column-2\">-40\u00b0C to 80\u00b0C<br \/>\n<\/td>\n<\/tr>\n<tr class=\"row-17\">\n\t<td class=\"column-1\">Dimensions<\/td><td class=\"column-2\">101.6 x 101.6 mm<br \/>\n<\/td>\n<\/tr>\n<tr class=\"row-18\">\n\t<td class=\"column-1\">Miscellaneous<\/td><td class=\"column-2\">Temperature (CPU &amp; System), Voltage (CPU Vcore,12V, 5V, 3.3V, 1.35V)<br \/>\n<\/td>\n<\/tr>\n<\/tbody>\n<\/table>\n<!-- #tablepress-324 from cache -->\n<p>&nbsp;<\/p>\n","protected":false},"excerpt":{"rendered":"<p>P\u0142yta NANO-ITX typu &#8222;embedded&#8221; i &#8222;fanless&#8221;, oparta na procesorze Intel\u00ae Atom&#x2122; E6X0T, z funkcj\u0105 Dual Display, Gigabit Ethernet, Audio, USB, CAN, SD i SATA.<\/p>\n<p>&nbsp;<\/p>\n","protected":false},"featured_media":11414,"template":"","meta":{"_acf_changed":false,"inline_featured_image":false,"_monsterinsights_skip_tracking":false,"_monsterinsights_sitenote_active":false,"_monsterinsights_sitenote_note":"","_monsterinsights_sitenote_category":0},"product_brand":[],"product_cat":[972,986,981],"product_tag":[],"class_list":{"0":"post-6924","1":"product","2":"type-product","3":"status-publish","4":"has-post-thumbnail","6":"product_cat-portwell-pl","7":"product_cat-plyty-nano-itx-pl","8":"product_cat-plyty-typu-embedded-pl","10":"first","11":"instock","12":"shipping-taxable","13":"product-type-simple"},"acf":[],"_links":{"self":[{"href":"https:\/\/quantum.com.pl\/pl\/wp-json\/wp\/v2\/product\/6924","targetHints":{"allow":["GET"]}}],"collection":[{"href":"https:\/\/quantum.com.pl\/pl\/wp-json\/wp\/v2\/product"}],"about":[{"href":"https:\/\/quantum.com.pl\/pl\/wp-json\/wp\/v2\/types\/product"}],"wp:featuredmedia":[{"embeddable":true,"href":"https:\/\/quantum.com.pl\/pl\/wp-json\/wp\/v2\/media\/11414"}],"wp:attachment":[{"href":"https:\/\/quantum.com.pl\/pl\/wp-json\/wp\/v2\/media?parent=6924"}],"wp:term":[{"taxonomy":"product_brand","embeddable":true,"href":"https:\/\/quantum.com.pl\/pl\/wp-json\/wp\/v2\/product_brand?post=6924"},{"taxonomy":"product_cat","embeddable":true,"href":"https:\/\/quantum.com.pl\/pl\/wp-json\/wp\/v2\/product_cat?post=6924"},{"taxonomy":"product_tag","embeddable":true,"href":"https:\/\/quantum.com.pl\/pl\/wp-json\/wp\/v2\/product_tag?post=6924"}],"curies":[{"name":"wp","href":"https:\/\/api.w.org\/{rel}","templated":true}]}}