{"id":6946,"date":"2019-12-12T18:49:08","date_gmt":"2019-12-12T17:49:08","guid":{"rendered":"https:\/\/quantum.com.pl\/?post_type=product&#038;p=6946"},"modified":"2020-05-20T21:20:22","modified_gmt":"2020-05-20T19:20:22","slug":"wux-7300u","status":"publish","type":"product","link":"https:\/\/quantum.com.pl\/pl\/product\/wux-7300u\/","title":{"rendered":"WUX-7300U"},"content":{"rendered":"<h4>P\u0142yta PC o wymiarach 4&#215;4 cale, oparta na procesorze Intel\u00ae Kaby Lake-U Core-i5 7. generacji<\/h4>\n<p>&nbsp;<\/p>\n<p>Produkt WUX-7300 zosta\u0142 zaprojektowany z procesorem Intel Kaby Lake Core-i i5-7300U i3-7100U i oferuje DDR4 do 32 GB, Gigabit Ethernet, interfejs rozszerzenia M.2 i wsparcie dla szerokiego zakresu napi\u0119cia wej\u015bciowego od 12 do 19 V.<\/p>\n<p>Seria WUX-7X00, p\u0142yta mini PC o wymiarach 4&#215;4 cale, mo\u017ce by\u0107 idealnym elementem do projektowania ultrakompaktowych system\u00f3w komputerowych typu &#8222;embedded&#8221; z mo\u017cliwo\u015bci\u0105 konfiguracji dla szerokiej gamy aplikacji, takich jak: medycyna, automatyka przemys\u0142owa, aplikacje IoT, digital signage, handel detaliczny, itp.<\/p>\n<h4>Cechy szczeg\u00f3lne:<\/h4>\n<ul>\n<li>Procesor Intel\u00ae Kaby Lake-U Core-i5 (w przypadku procesora Core-i3, sprawd\u017a WUX-7100U)<\/li>\n<li>Obs\u0142uguje pami\u0119\u0107 DDR4 2133 non-ECC SDRAM na dw\u00f3ch gniazdach SODIMM, do 32GB<\/li>\n<li>Obs\u0142uguje dwa gniazda M.2 (E &amp; M Key), jedno na SSD, jedno na &#8222;wireless&#8221;<\/li>\n<li>1x M.2 (E &amp; A key), 1x SATA III, 1x microSD 3.0<\/li>\n<li>Obs\u0142uga Gigabit Ethernet<\/li>\n<li>Obs\u0142uga 3x USB 3.0 (tylne I\/O) i 1x USB 3.0 typu C (tylneI \/O)<\/li>\n<li>Obs\u0142uguje szeroki zakres napi\u0119cia wej\u015bciowego od 12 V do 19 V<\/li>\n<\/ul>\n<h4>Specyfikacja:<\/h4>\n\n<table id=\"tablepress-326\" class=\"tablepress tablepress-id-326\">\n<thead>\n<tr class=\"row-1\">\n\t<th class=\"column-1\"><strong>Specification<\/strong><\/th><td class=\"column-2\"><\/td>\n<\/tr>\n<\/thead>\n<tbody class=\"row-striping row-hover\">\n<tr class=\"row-2\">\n\t<td class=\"column-1\">CPU<\/td><td class=\"column-2\">Intel Atom\u00ae Processor C3308 (2 x 1.60 GHz \/ 2.10 GHz, 4 MB, 9.5 W)<br \/>\nIntel Atom\u00ae Processor C3858 (12 x 2.00 GHz \/ 2.00 GHz, 12 MB, 25 W)<br \/>\nIntel Atom\u00ae Processor C3808 (12 x 2.00 GHz \/ 2.00 GHz, 12 MB, 25 W)<br \/>\nIntel Atom\u00ae Processor C3758 (8 x 2.20 GHz \/ 2.20 GHz, 16 MB, 25 W)<br \/>\nIntel Atom\u00ae Processor C3708 (8 x 1.70 GHz \/ 1.70 GHz, 16 MB, 17 W)<br \/>\nIntel Atom\u00ae Processor C3558 (4 x 2.20 GHz \/ 2.20 GHz, 8 MB, 16 W)<br \/>\nIntel Atom\u00ae Processor C3538 (4 x 2.10 GHz \/ 2.10 GHz, 8 MB, 15 W)<br \/>\nIntel Atom\u00ae Processor C3508 (4 x 1.60 GHz \/ 1.60 GHz, 8 MB, 11.5 W)<br \/>\nIntel Atom\u00ae Processor C3338 (2 x 1.50 GHz \/ 2.20 GHz, 4 MB, 9 W)<br \/>\nIntel Atom\u00ae Processor C3958 (16 x 2.00 GHz \/ 2.00 GHz, 16 MB, 31 W)<\/td>\n<\/tr>\n<tr class=\"row-3\">\n\t<td class=\"column-1\">Extended Temperature<\/td><td class=\"column-2\">Wide-Temp (-40\u00b0C to +85\u00b0C) Support on Selected SKUs<br \/>\n<br \/>\n<\/td>\n<\/tr>\n<tr class=\"row-4\">\n\t<td class=\"column-1\">Power from W<\/td><td class=\"column-2\">depends on used CPU<br \/>\n<\/td>\n<\/tr>\n<tr class=\"row-5\">\n\t<td class=\"column-1\">Power Requirement<\/td><td class=\"column-2\">12VDC, 5V STBY, VBAT, Support AT and ATX mode<br \/>\n<\/td>\n<\/tr>\n<tr class=\"row-6\">\n\t<td class=\"column-1\">USB<\/td><td class=\"column-2\">4 x USB3.0\/2.0<br \/>\n<\/td>\n<\/tr>\n<tr class=\"row-7\">\n\t<td class=\"column-1\">Bus Interface<\/td><td class=\"column-2\">1 x PCIe x8, 12 x PCIe x1<br \/>\n<\/td>\n<\/tr>\n<tr class=\"row-8\">\n\t<td class=\"column-1\">Network<\/td><td class=\"column-2\">4 x KR(10GbE), Intel\u00ae I210IT<br \/>\n<\/td>\n<\/tr>\n<tr class=\"row-9\">\n\t<td class=\"column-1\">Storage<\/td><td class=\"column-2\">2x SATA III<br \/>\n<\/td>\n<\/tr>\n<tr class=\"row-10\">\n\t<td class=\"column-1\">DRAM<\/td><td class=\"column-2\">Up to 48GB DDR4-2133 ECC\/Non-ECC SDRAM on three SO-DIMM Sockets<br \/>\n<br \/>\n<\/td>\n<\/tr>\n<tr class=\"row-11\">\n\t<td class=\"column-1\">Chipset<\/td><td class=\"column-2\">SoC (System-On-Chip)<br \/>\n<\/td>\n<\/tr>\n<tr class=\"row-12\">\n\t<td class=\"column-1\">Type<\/td><td class=\"column-2\">Type 7<\/td>\n<\/tr>\n<tr class=\"row-13\">\n\t<td class=\"column-1\">Format<\/td><td class=\"column-2\">basic<\/td>\n<\/tr>\n<tr class=\"row-14\">\n\t<td class=\"column-1\">Dimensions<\/td><td class=\"column-2\">125x95 mm<br \/>\n<\/td>\n<\/tr>\n<\/tbody>\n<\/table>\n<!-- #tablepress-326 from cache -->\n<p>&nbsp;<\/p>\n","protected":false},"excerpt":{"rendered":"<p>P\u0142yta PC o wymiarach 4&#215;4 cale (wielko\u015b\u0107 p\u0142yty Intel\u00ae NUC), oparta na procesorze Intel\u00ae Kaby Lake-U Core-i5 7. generacji, z DDR4 SDRAM, Gigabit Ethernet, M.2 (E &amp; M key), USB 3.0 i wej\u015bciem DC 12~19V<\/p>\n","protected":false},"featured_media":11482,"template":"","meta":{"_acf_changed":false,"inline_featured_image":false,"_monsterinsights_skip_tracking":false,"_monsterinsights_sitenote_active":false,"_monsterinsights_sitenote_note":"","_monsterinsights_sitenote_category":0},"product_brand":[],"product_cat":[972,989,981],"product_tag":[],"class_list":{"0":"post-6946","1":"product","2":"type-product","3":"status-publish","4":"has-post-thumbnail","6":"product_cat-portwell-pl","7":"product_cat-plyty-nuc-pl","8":"product_cat-plyty-typu-embedded-pl","10":"first","11":"instock","12":"shipping-taxable","13":"product-type-simple"},"acf":[],"_links":{"self":[{"href":"https:\/\/quantum.com.pl\/pl\/wp-json\/wp\/v2\/product\/6946","targetHints":{"allow":["GET"]}}],"collection":[{"href":"https:\/\/quantum.com.pl\/pl\/wp-json\/wp\/v2\/product"}],"about":[{"href":"https:\/\/quantum.com.pl\/pl\/wp-json\/wp\/v2\/types\/product"}],"wp:featuredmedia":[{"embeddable":true,"href":"https:\/\/quantum.com.pl\/pl\/wp-json\/wp\/v2\/media\/11482"}],"wp:attachment":[{"href":"https:\/\/quantum.com.pl\/pl\/wp-json\/wp\/v2\/media?parent=6946"}],"wp:term":[{"taxonomy":"product_brand","embeddable":true,"href":"https:\/\/quantum.com.pl\/pl\/wp-json\/wp\/v2\/product_brand?post=6946"},{"taxonomy":"product_cat","embeddable":true,"href":"https:\/\/quantum.com.pl\/pl\/wp-json\/wp\/v2\/product_cat?post=6946"},{"taxonomy":"product_tag","embeddable":true,"href":"https:\/\/quantum.com.pl\/pl\/wp-json\/wp\/v2\/product_tag?post=6946"}],"curies":[{"name":"wp","href":"https:\/\/api.w.org\/{rel}","templated":true}]}}