{"id":6956,"date":"2019-12-12T19:43:50","date_gmt":"2019-12-12T18:43:50","guid":{"rendered":"https:\/\/quantum.com.pl\/?post_type=product&#038;p=6956"},"modified":"2020-05-20T21:20:43","modified_gmt":"2020-05-20T19:20:43","slug":"wux-7100u","status":"publish","type":"product","link":"https:\/\/quantum.com.pl\/pl\/product\/wux-7100u\/","title":{"rendered":"WUX-7100U"},"content":{"rendered":"<h4>P\u0142yta PC o wymiarach 4\u00d74 cale, oparta na procesorze Intel\u00ae Kaby Lake-U Core-i3 7. generacji<\/h4>\n<p>&nbsp;<\/p>\n<p>Produkt WUX-7100 zosta\u0142 zaprojektowany z procesorem Intel Kaby Lake Core-i i5-7300U\/ i3-7100U i oferuje DDR4 do 32 GB, Gigabit Ethernet, interfejs rozszerze\u0144 M.2 i wsparcie dla szerokiego zakresu napi\u0119cia wej\u015bciowego od 12 do 19 V.<\/p>\n<p>Seria WUX-7X00, p\u0142yta mini PC o wymiarach 4\u00d74 cale, mo\u017ce by\u0107 idealnym elementem do projektowania ultrakompaktowych system\u00f3w komputerowych typu \u201eembedded\u201d z mo\u017cliwo\u015bci\u0105 konfiguracji dla szerokiej gamy aplikacji, takich jak: medycyna, automatyka przemys\u0142owa, aplikacje IoT, digital signage, handel detaliczny, itp.<\/p>\n<h4>Cechy szczeg\u00f3lne:<\/h4>\n<ul>\n<li>Procesor Intel\u00ae Kaby Lake-U Core-i3 (w przypadku procesora Core-i5, sprawd\u017a WUX-7300U)<\/li>\n<li>Obs\u0142uguje pami\u0119\u0107 DDR4 2133 non-ECC SDRAM na dw\u00f3ch gniazdach SODIMM, do 32 GB<\/li>\n<li>Obs\u0142uguje dwa gniazda M.2 (E &amp; M Key), jedno na SSD, jedno &#8222;wireless&#8221;<\/li>\n<li>1x M.2 (E &amp; M Key), 1x SATA III, 1x microSD 3.0<\/li>\n<li>Obs\u0142uga Gigabit Ethernet<\/li>\n<li>Obs\u0142uga 3x USB 3.0 (tylne I\/O) i 1x USB 3.0 typu C (tylne I\/O)<\/li>\n<li>Obs\u0142uguje szeroki zakres napi\u0119cia wej\u015bciowego od 12 V do 19 V<\/li>\n<\/ul>\n<h4>Specyfikacja:<\/h4>\n\n<table id=\"tablepress-327\" class=\"tablepress tablepress-id-327\">\n<thead>\n<tr class=\"row-1\">\n\t<th class=\"column-1\"><strong>Specyfikacje<\/strong><\/th><td class=\"column-2\"><\/td>\n<\/tr>\n<\/thead>\n<tbody class=\"row-striping row-hover\">\n<tr class=\"row-2\">\n\t<td class=\"column-1\">Format<\/td><td class=\"column-2\">Micro-ATX form factor<br \/>\n<\/td>\n<\/tr>\n<tr class=\"row-3\">\n\t<td class=\"column-1\">Typ <\/td><td class=\"column-2\">Typ 6<\/td>\n<\/tr>\n<tr class=\"row-4\">\n\t<td class=\"column-1\">Interfejs wy\u015bwietlacza<\/td><td class=\"column-2\">Obs\u0142uga wy\u015bwietlania Play port, interfejsy HDMI, DVI-I i LVDS<br \/>\n<\/td>\n<\/tr>\n<tr class=\"row-5\">\n\t<td class=\"column-1\">Magazynowanie pami\u0119ci<\/td><td class=\"column-2\">Jedno gniazdo kart SATA, jedno CF<br \/>\n<\/td>\n<\/tr>\n<tr class=\"row-6\">\n\t<td class=\"column-1\">Sie\u0107<\/td><td class=\"column-2\">Pojedyncze z\u0142\u0105cze Ethernet 10BASE-T \/ 100BASE-TX \/ 1000BASE, Pojedyncze z\u0142\u0105cze RJ-45 z dwoma wska\u017anikami LED na tylnym panelu I\/O<br \/>\n<\/td>\n<\/tr>\n<tr class=\"row-7\">\n\t<td class=\"column-1\">Interfejs magistrali<\/td><td class=\"column-2\">Jedno gniazdo rozszerze\u0144 PCI Express x1 i jedno gniazdo PCI Express x4<br \/>\n<\/td>\n<\/tr>\n<tr class=\"row-8\">\n\t<td class=\"column-1\">Interfejs szeregowy<\/td><td class=\"column-2\">2x Rx_Tx HDR<br \/>\n<\/td>\n<\/tr>\n<tr class=\"row-9\">\n\t<td class=\"column-1\">USB<\/td><td class=\"column-2\">USB 2.0 x 4, USB 3.0 x 2<br \/>\n<\/td>\n<\/tr>\n<tr class=\"row-10\">\n\t<td class=\"column-1\">Audio<\/td><td class=\"column-2\">High Definition Audio<br \/>\n<\/td>\n<\/tr>\n<tr class=\"row-11\">\n\t<td class=\"column-1\">Oprogramowanie uk\u0142adowe<\/td><td class=\"column-2\">AMI Aptio BIOS (lub BIOS w module COM Express)<br \/>\n<\/td>\n<\/tr>\n<tr class=\"row-12\">\n\t<td class=\"column-1\">Wymagania mocy<\/td><td class=\"column-2\">20-stykowe z\u0142\u0105cze zasilania ATX<br \/>\n<\/td>\n<\/tr>\n<tr class=\"row-13\">\n\t<td class=\"column-1\">Wymiary<\/td><td class=\"column-2\">243.8(L) x 243.8(W) mm; 9.6\"(L) x 9.6\" (W)<br \/>\n<\/td>\n<\/tr>\n<\/tbody>\n<\/table>\n<!-- #tablepress-327 from cache -->\n","protected":false},"excerpt":{"rendered":"<p>P\u0142yta PC o wymiarach 4\u00d74 cale, oparta na procesorze Intel\u00ae Kaby Lake-U Core-i3 7. generacji, z DDR4 SDRAM, Gigabit Ethernet, M.2 (E &amp; M key), USB 3.0, 12 ~ 19V Wej\u015bcie DC<\/p>\n","protected":false},"featured_media":11484,"template":"","meta":{"_acf_changed":false,"inline_featured_image":false,"_monsterinsights_skip_tracking":false,"_monsterinsights_sitenote_active":false,"_monsterinsights_sitenote_note":"","_monsterinsights_sitenote_category":0},"product_brand":[],"product_cat":[972,989,981],"product_tag":[],"class_list":{"0":"post-6956","1":"product","2":"type-product","3":"status-publish","4":"has-post-thumbnail","6":"product_cat-portwell-pl","7":"product_cat-plyty-nuc-pl","8":"product_cat-plyty-typu-embedded-pl","10":"first","11":"instock","12":"shipping-taxable","13":"product-type-simple"},"acf":[],"_links":{"self":[{"href":"https:\/\/quantum.com.pl\/pl\/wp-json\/wp\/v2\/product\/6956","targetHints":{"allow":["GET"]}}],"collection":[{"href":"https:\/\/quantum.com.pl\/pl\/wp-json\/wp\/v2\/product"}],"about":[{"href":"https:\/\/quantum.com.pl\/pl\/wp-json\/wp\/v2\/types\/product"}],"wp:featuredmedia":[{"embeddable":true,"href":"https:\/\/quantum.com.pl\/pl\/wp-json\/wp\/v2\/media\/11484"}],"wp:attachment":[{"href":"https:\/\/quantum.com.pl\/pl\/wp-json\/wp\/v2\/media?parent=6956"}],"wp:term":[{"taxonomy":"product_brand","embeddable":true,"href":"https:\/\/quantum.com.pl\/pl\/wp-json\/wp\/v2\/product_brand?post=6956"},{"taxonomy":"product_cat","embeddable":true,"href":"https:\/\/quantum.com.pl\/pl\/wp-json\/wp\/v2\/product_cat?post=6956"},{"taxonomy":"product_tag","embeddable":true,"href":"https:\/\/quantum.com.pl\/pl\/wp-json\/wp\/v2\/product_tag?post=6956"}],"curies":[{"name":"wp","href":"https:\/\/api.w.org\/{rel}","templated":true}]}}