{"id":6966,"date":"2019-12-12T19:59:00","date_gmt":"2019-12-12T18:59:00","guid":{"rendered":"https:\/\/quantum.com.pl\/?post_type=product&#038;p=6966"},"modified":"2020-05-20T21:20:01","modified_gmt":"2020-05-20T19:20:01","slug":"wux-3350","status":"publish","type":"product","link":"https:\/\/quantum.com.pl\/pl\/product\/wux-3350\/","title":{"rendered":"WUX-3350"},"content":{"rendered":"<h4>P\u0142yta mini PC o wymiarach 4\u00d74 cale, oparta na procesorach Intel Pentium i Celeron (Apollo Lake)<\/h4>\n<p>&nbsp;<\/p>\n<p>Seria WUX-3350 (WUX-3350, WUX-3455, WUX-4200) to p\u0142yty mini PC o wymiarach 4&#215;4 cale (wielko\u015b\u0107 p\u0142yty Intel\u00ae NUC). WUX-3350 zosta\u0142a zaprojektowana z procesorem Intel\u00ae Pentium\u00ae N4200 i procesorem Intel\u00ae Celeron\u00ae N3350\/J3455 (nazwa kodowa Apollo Lake) i oferuje dwukana\u0142ow\u0105 pami\u0119\u0107 DDR3L do 8GB, Gigabit Ethernet, interfejs rozszerzaj\u0105cy M.2 oraz obs\u0142ug\u0119 szerokiego zakresu napi\u0119cia wej\u015bciowego od 12 do 19V.<\/p>\n<p>Seria WUX-3350 mo\u017ce stanowi\u0107 idealny element konstrukcyjny do projektowania ultrakompaktowych system\u00f3w komputerowych typu &#8222;embedded&#8221; z mo\u017cliwo\u015bci\u0105 konfiguracji dla szerokiej gamy zastosowa\u0144.<\/p>\n<h4>Cechy szczeg\u00f3lne:<\/h4>\n<ul>\n<li>Procesor Intel\u00ae Pentium\u00ae N4200, procesor Intel\u00ae Celeron\u00ae N3350\/J3455<\/li>\n<li>Do 8GB pami\u0119ci SDRAM DDR3L 1866\/1600 MHz<\/li>\n<li>Dual Displays przez HDMI i DisplayPort<\/li>\n<li>1x M.2 (E &amp; A key), 1x SATA III, 1x microSD 3.0<\/li>\n<li>eMMC 5.0 flash, 32GB (opcja: 64GB)<\/li>\n<li>Obs\u0142uga Gigabit Ethernet<\/li>\n<li>Obs\u0142uga 4x USB 3.0 lub 2x USB 2.0<\/li>\n<li>Obs\u0142uguje szeroki zakres napi\u0119cia wej\u015bciowego od 12 V do 19 V<\/li>\n<\/ul>\n<h4>Specyfikacja:<\/h4>\n\n<table id=\"tablepress-328\" class=\"tablepress tablepress-id-328\">\n<thead>\n<tr class=\"row-1\">\n\t<th class=\"column-1\"><strong>Specification<\/strong><\/th><td class=\"column-2\"><\/td>\n<\/tr>\n<\/thead>\n<tbody class=\"row-striping row-hover\">\n<tr class=\"row-2\">\n\t<td class=\"column-1\">Format<\/td><td class=\"column-2\">Micro-ATX form factor<br \/>\n<\/td>\n<\/tr>\n<tr class=\"row-3\">\n\t<td class=\"column-1\">Type<\/td><td class=\"column-2\">Type 6<\/td>\n<\/tr>\n<tr class=\"row-4\">\n\t<td class=\"column-1\">Display Interface<\/td><td class=\"column-2\">Support Display Play port, HDMI, DVI-I and LVDS interfaces<br \/>\n<br \/>\n<\/td>\n<\/tr>\n<tr class=\"row-5\">\n\t<td class=\"column-1\">Storage<\/td><td class=\"column-2\">One SATA, One CF card slot<br \/>\n<br \/>\n<\/td>\n<\/tr>\n<tr class=\"row-6\">\n\t<td class=\"column-1\">Network<\/td><td class=\"column-2\">Single 10BASE-T\/100BASE-TX\/1000BASE Ethernet, Single RJ-45 connector with two LED indicators at rear I\/O panel<br \/>\n<br \/>\n<\/td>\n<\/tr>\n<tr class=\"row-7\">\n\t<td class=\"column-1\">Bus Interface<\/td><td class=\"column-2\">One PCI Express x1 and one PCI Express x4 expansion slots<br \/>\n<br \/>\n<\/td>\n<\/tr>\n<tr class=\"row-8\">\n\t<td class=\"column-1\">Serial Interface<\/td><td class=\"column-2\">2x Rx_Tx HDR<br \/>\n<\/td>\n<\/tr>\n<tr class=\"row-9\">\n\t<td class=\"column-1\">USB<\/td><td class=\"column-2\">USB 2.0 x 4, USB 3.0 x 2<br \/>\n<\/td>\n<\/tr>\n<tr class=\"row-10\">\n\t<td class=\"column-1\">Audio<\/td><td class=\"column-2\">High Definition Audio<br \/>\n<\/td>\n<\/tr>\n<tr class=\"row-11\">\n\t<td class=\"column-1\">Firmware<\/td><td class=\"column-2\">AMI Aptio BIOS (or BIOS on COM Express Module)<br \/>\n<br \/>\n<\/td>\n<\/tr>\n<tr class=\"row-12\">\n\t<td class=\"column-1\">Power Requirement<\/td><td class=\"column-2\">ATX 20 pins power connector<br \/>\n<br \/>\n<\/td>\n<\/tr>\n<tr class=\"row-13\">\n\t<td class=\"column-1\">Dimensions<\/td><td class=\"column-2\">243.8(L) x 243.8(W) mm; 9.6\"(L) x 9.6\" (W)<br \/>\n<\/td>\n<\/tr>\n<\/tbody>\n<\/table>\n<!-- #tablepress-328 from cache -->\n","protected":false},"excerpt":{"rendered":"<p>P\u0142yta mini PC o wymiarach 4\u00d74 cale (forma p\u0142yty Intel\u00ae NUC), oparta na procesorze Intel\u00ae Pentium\u00ae N4200 i Celeron\u00ae N3350\/J3455 (o nazwie kodowej Apollo Lake), z DDR3L SDRAM, Gigabit Ethernet, M.2 (E &amp; M key), portem COM i wej\u015bciem 12~19V DC<\/p>\n","protected":false},"featured_media":11480,"template":"","meta":{"_acf_changed":false,"inline_featured_image":false,"_monsterinsights_skip_tracking":false,"_monsterinsights_sitenote_active":false,"_monsterinsights_sitenote_note":"","_monsterinsights_sitenote_category":0},"product_brand":[],"product_cat":[972,989,981],"product_tag":[],"class_list":{"0":"post-6966","1":"product","2":"type-product","3":"status-publish","4":"has-post-thumbnail","6":"product_cat-portwell-pl","7":"product_cat-plyty-nuc-pl","8":"product_cat-plyty-typu-embedded-pl","10":"first","11":"instock","12":"shipping-taxable","13":"product-type-simple"},"acf":[],"_links":{"self":[{"href":"https:\/\/quantum.com.pl\/pl\/wp-json\/wp\/v2\/product\/6966","targetHints":{"allow":["GET"]}}],"collection":[{"href":"https:\/\/quantum.com.pl\/pl\/wp-json\/wp\/v2\/product"}],"about":[{"href":"https:\/\/quantum.com.pl\/pl\/wp-json\/wp\/v2\/types\/product"}],"wp:featuredmedia":[{"embeddable":true,"href":"https:\/\/quantum.com.pl\/pl\/wp-json\/wp\/v2\/media\/11480"}],"wp:attachment":[{"href":"https:\/\/quantum.com.pl\/pl\/wp-json\/wp\/v2\/media?parent=6966"}],"wp:term":[{"taxonomy":"product_brand","embeddable":true,"href":"https:\/\/quantum.com.pl\/pl\/wp-json\/wp\/v2\/product_brand?post=6966"},{"taxonomy":"product_cat","embeddable":true,"href":"https:\/\/quantum.com.pl\/pl\/wp-json\/wp\/v2\/product_cat?post=6966"},{"taxonomy":"product_tag","embeddable":true,"href":"https:\/\/quantum.com.pl\/pl\/wp-json\/wp\/v2\/product_tag?post=6966"}],"curies":[{"name":"wp","href":"https:\/\/api.w.org\/{rel}","templated":true}]}}