{"id":6976,"date":"2019-12-13T09:01:53","date_gmt":"2019-12-13T08:01:53","guid":{"rendered":"https:\/\/quantum.com.pl\/?post_type=product&#038;p=6976"},"modified":"2020-08-25T23:23:10","modified_gmt":"2020-08-25T21:23:10","slug":"pcom-b701","status":"publish","type":"product","link":"https:\/\/quantum.com.pl\/pl\/product\/pcom-b701\/","title":{"rendered":"PCOM-B701"},"content":{"rendered":"<h4>Modu\u0142 Express Card COM 7 oparty na procesorze Intel Atom C3000<\/h4>\n<p><strong>Dane techniczne<\/strong><\/p>\n<ul>\n<li>Rodzina produkt\u00f3w procesor Intel\u00ae Atom\u00ae C3000 (wcze\u015bniej Denverton)<\/li>\n<li>Obs\u0142uga pami\u0119ci DDR4-2133 ECC \/ non-ECC SDRAM na trzech gniazdach SODIMM, do 48 GB<\/li>\n<li>Obs\u0142uguje cztery interfejsy 10GbE<\/li>\n<li>Obs\u0142uga 4x USB 3.0 \/ 2.0, 2x SATA III, 12x PCIe x1 Gen2, 1x PCIe x8 Gen3<\/li>\n<li>Obs\u0142uguje szeroki zakres temperatur od -40\u00b0C do 85\u00b0C<\/li>\n<\/ul>\n<p>Portwell PCOM-B701, modu\u0142 podstawowy typu 7 COM Express (125 mm x 95 mm) zosta\u0142 zaprojektowany z wykorzystaniem rodziny produkt\u00f3w z procesorem Intel\u00ae Atom\u00ae C3000 (o nazwie kodowej Denverton). Pinout Type 7 specyfikacji COM Express 3.0, w por\u00f3wnaniu do pinout Type 6, oferuje wszystkie interfejsy graficznr dla maksymalnie czterech port\u00f3w 10GbE i \u0142\u0105cznie 32 linii PCIe, idealnych do zastosowa\u0144 w mikro serwerach. Wymagaj\u0105 one niskiej mocy przy jednoczesnym wsparciu wysokiej wydajno\u015bci obliczeniowej i przepustowo\u015bci komunikacji. PCOM-B701 ma cztery porty 10GbE KR, obs\u0142ug\u0119 pami\u0119ci DDR4 ECC \/ non-ECC oraz Gen3 PCIe obs\u0142uguj\u0105cy szybk\u0105 kart\u0119 I\/O.<\/p>\n\n<table id=\"tablepress-329\" class=\"tablepress tablepress-id-329\">\n<thead>\n<tr class=\"row-1\">\n\t<th class=\"column-1\"><strong>Specyfikacje<\/strong><\/th><td class=\"column-2\"><\/td>\n<\/tr>\n<\/thead>\n<tbody class=\"row-striping row-hover\">\n<tr class=\"row-2\">\n\t<td class=\"column-1\">Procesor<\/td><td class=\"column-2\">Intel Atom\u00ae Processor N2600 (2 x 1.60 GHz, 1 MB L2, 3.5 W)<br \/>\nIntel Atom\u00ae Processor N2800 (2 x 1.86 GHz, 1 MB L2, 6.5 W)<\/td>\n<\/tr>\n<tr class=\"row-3\">\n\t<td class=\"column-1\">Wymiary<\/td><td class=\"column-2\">84x55 mm<br \/>\n<\/td>\n<\/tr>\n<tr class=\"row-4\">\n\t<td class=\"column-1\">Technologia<\/td><td class=\"column-2\">x86<\/td>\n<\/tr>\n<tr class=\"row-5\">\n\t<td class=\"column-1\">Format<\/td><td class=\"column-2\">Mini<\/td>\n<\/tr>\n<tr class=\"row-6\">\n\t<td class=\"column-1\">Typ<\/td><td class=\"column-2\">Typ 10<\/td>\n<\/tr>\n<tr class=\"row-7\">\n\t<td class=\"column-1\">Chipset<\/td><td class=\"column-2\">Intel\u00ae NM10 (2.1 W)<br \/>\n<\/td>\n<\/tr>\n<tr class=\"row-8\">\n\t<td class=\"column-1\">DRAM<\/td><td class=\"column-2\">Do 2 GB pami\u0119ci DDR3 1067 SDRAM bez ECC, lutowane na p\u0142ycie<br \/>\n<\/td>\n<\/tr>\n<tr class=\"row-9\">\n\t<td class=\"column-1\">Kontroler graficzny<\/td><td class=\"column-2\">Intel\u00ae Graphics Media Accelerator 3650\/3600, obs\u0142uga DX9, OGL3.0<br \/>\n<\/td>\n<\/tr>\n<tr class=\"row-10\">\n\t<td class=\"column-1\">Interfejs wy\u015bwietlacza<\/td><td class=\"column-2\">1x (obs\u0142uga DP lub HDMI), DP (1600x1200), DVI \/ HDMI (1600x1200), dwukana\u0142owy 18-bitowy LVDS (1366x768)<br \/>\n<\/td>\n<\/tr>\n<tr class=\"row-11\">\n\t<td class=\"column-1\">Magazynowanie pami\u0119ci<\/td><td class=\"column-2\">Wbudowany dysk SSD nano, do 32 GB, 2x SATA II (3,0 Gbit \/ s)<br \/>\n<\/td>\n<\/tr>\n<tr class=\"row-12\">\n\t<td class=\"column-1\">Sie\u0107<\/td><td class=\"column-2\">1x Gigabit Ethernet Intel\u00ae 82583V<br \/>\n<\/td>\n<\/tr>\n<tr class=\"row-13\">\n\t<td class=\"column-1\">Interfejs magistrali<\/td><td class=\"column-2\">Do 4x linii PCIe x1 Gen1 (cztery x 1 mo\u017cna skonfigurowa\u0107 na linii x4)<br \/>\n<\/td>\n<\/tr>\n<tr class=\"row-14\">\n\t<td class=\"column-1\">Interfejs szeregowy<\/td><td class=\"column-2\">-<\/td>\n<\/tr>\n<tr class=\"row-15\">\n\t<td class=\"column-1\">USB<\/td><td class=\"column-2\">8x USB 2.0<br \/>\n<\/td>\n<\/tr>\n<tr class=\"row-16\">\n\t<td class=\"column-1\">Audio<\/td><td class=\"column-2\">Intel\u00ae HD Audio<br \/>\n<\/td>\n<\/tr>\n<tr class=\"row-17\">\n\t<td class=\"column-1\">R\u00f3\u017cne<\/td><td class=\"column-2\">Zegar nadzoruj\u0105cy<\/td>\n<\/tr>\n<tr class=\"row-18\">\n\t<td class=\"column-1\">Oprogramowanie uk\u0142adowe<\/td><td class=\"column-2\">Phoenix UEFI BIOS<br \/>\n<\/td>\n<\/tr>\n<tr class=\"row-19\">\n\t<td class=\"column-1\">Wymagania mocy<\/td><td class=\"column-2\">Szeroki zakres 4,75 ~ 20VDC, 5V STBY, VBAT<br \/>\n<\/td>\n<\/tr>\n<\/tbody>\n<\/table>\n<!-- #tablepress-329 from cache -->\n","protected":false},"excerpt":{"rendered":"<p>Portwell PCOM-B701, modu\u0142 podstawowy typu 7 COM Express (125 mm x 95 mm) zosta\u0142 zaprojektowany z wykorzystaniem rodziny produkt\u00f3w z procesorem Intel\u00ae Atom\u00ae C3000 (o nazwie kodowej Denverton).<\/p>\n","protected":false},"featured_media":11210,"template":"","meta":{"_acf_changed":false,"inline_featured_image":false,"_monsterinsights_skip_tracking":false,"_monsterinsights_sitenote_active":false,"_monsterinsights_sitenote_note":"","_monsterinsights_sitenote_category":0},"product_brand":[],"product_cat":[1042,973,1584,972],"product_tag":[],"class_list":{"0":"post-6976","1":"product","2":"type-product","3":"status-publish","4":"has-post-thumbnail","6":"product_cat-com-express-modul-etx-pl","7":"product_cat-komputer-typu-com","8":"product_cat-komputery-jednoplytkowe-sbc-2","9":"product_cat-portwell-pl","11":"first","12":"instock","13":"shipping-taxable","14":"product-type-simple"},"acf":[],"_links":{"self":[{"href":"https:\/\/quantum.com.pl\/pl\/wp-json\/wp\/v2\/product\/6976","targetHints":{"allow":["GET"]}}],"collection":[{"href":"https:\/\/quantum.com.pl\/pl\/wp-json\/wp\/v2\/product"}],"about":[{"href":"https:\/\/quantum.com.pl\/pl\/wp-json\/wp\/v2\/types\/product"}],"wp:featuredmedia":[{"embeddable":true,"href":"https:\/\/quantum.com.pl\/pl\/wp-json\/wp\/v2\/media\/11210"}],"wp:attachment":[{"href":"https:\/\/quantum.com.pl\/pl\/wp-json\/wp\/v2\/media?parent=6976"}],"wp:term":[{"taxonomy":"product_brand","embeddable":true,"href":"https:\/\/quantum.com.pl\/pl\/wp-json\/wp\/v2\/product_brand?post=6976"},{"taxonomy":"product_cat","embeddable":true,"href":"https:\/\/quantum.com.pl\/pl\/wp-json\/wp\/v2\/product_cat?post=6976"},{"taxonomy":"product_tag","embeddable":true,"href":"https:\/\/quantum.com.pl\/pl\/wp-json\/wp\/v2\/product_tag?post=6976"}],"curies":[{"name":"wp","href":"https:\/\/api.w.org\/{rel}","templated":true}]}}