{"id":6987,"date":"2019-12-13T09:20:18","date_gmt":"2019-12-13T08:20:18","guid":{"rendered":"https:\/\/quantum.com.pl\/?post_type=product&#038;p=6987"},"modified":"2020-11-20T15:55:50","modified_gmt":"2020-11-20T14:55:50","slug":"pcom-ca00","status":"publish","type":"product","link":"https:\/\/quantum.com.pl\/pl\/product\/pcom-ca00\/","title":{"rendered":"PCOM-CA00"},"content":{"rendered":"<h4>P\u0142yta no\u015bna Micro-ATX COM Express do modu\u0142u typu 10<\/h4>\n<p><strong>Dane techniczne<\/strong><\/p>\n<ul>\n<li>P\u0142yta no\u015bna COM Express akceptuje modu\u0142y BGA COM Express Portwell Type 10<\/li>\n<li>Format Micro-ATX spe\u0142nia wi\u0119kszo\u015b\u0107 standard\u00f3w monta\u017cowych i zapewnia wi\u0119cej rozszerze\u0144<\/li>\n<li>Wbudowane prze\u0142\u0105czniki zasilania i resetu s\u0105 przydatne w testowaniu in\u017cynieryjnym lub w ocenie bez obudowy<\/li>\n<li>Jeden port DVI-I, jeden port HDMI, jeden PCI-E x1 i jeden PCI-E x4<\/li>\n<li>Pozwala na wybranie g\u0142\u00f3wnego BIOS na p\u0142ycie lub z modu\u0142u CPU<\/li>\n<\/ul>\n<p>P\u0142ytka no\u015bna formatu Micro-ATX dla modu\u0142u COM Express typu 10 dla wbudowanego modu\u0142u procesora (BGA)<\/p>\n\n<table id=\"tablepress-331\" class=\"tablepress tablepress-id-331\">\n<thead>\n<tr class=\"row-1\">\n\t<th class=\"column-1\"><strong>Specyfikacje<\/strong><\/th><td class=\"column-2\"><\/td>\n<\/tr>\n<\/thead>\n<tbody class=\"row-striping row-hover\">\n<tr class=\"row-2\">\n\t<td class=\"column-1\">Procesor<\/td><td class=\"column-2\">Rodzina procesor\u00f3w Intel\u00ae AtomTM E3800, technologia procesowa 22 nm<br \/>\nCzterordzeniowy procesor Intel\u00ae Atom \u2122 E3845 1,91 GHz 2 MB pami\u0119ci podr\u0119cznej<br \/>\nDwurdzeniowy procesor 1 MB Intel\u00ae Atom \u2122 E3827 1,75 GHz<br \/>\nDwurdzeniowy procesor 1 MB Intel\u00ae Atom \u2122 E3825 1,33 GHz Cache<br \/>\nJednordzeniowy procesor CPU 1 MB Intel\u00ae Atom \u2122 E3815 1,46 GHz<\/td>\n<\/tr>\n<tr class=\"row-3\">\n\t<td class=\"column-1\">Format<\/td><td class=\"column-2\">Modu\u0142 Mini COM Express<br \/>\n<\/td>\n<\/tr>\n<tr class=\"row-4\">\n\t<td class=\"column-1\">Typ <\/td><td class=\"column-2\">Typ 10<\/td>\n<\/tr>\n<tr class=\"row-5\">\n\t<td class=\"column-1\">Chipset<\/td><td class=\"column-2\">SoC<\/td>\n<\/tr>\n<tr class=\"row-6\">\n\t<td class=\"column-1\">DRAM<\/td><td class=\"column-2\">Obs\u0142uguje wbudowan\u0105 pami\u0119\u0107 DDR3L 1066\/1333 MT \/ s SDRAM, do 4 GB<br \/>\n<\/td>\n<\/tr>\n<tr class=\"row-7\">\n\t<td class=\"column-1\">Kontroler graficzny<\/td><td class=\"column-2\">Grafika Intel\u00ae Gen7 obs\u0142uguje DX 11.1, OpenGL 3.0 \/ ES 2.0<br \/>\n<\/td>\n<\/tr>\n<tr class=\"row-8\">\n\t<td class=\"column-1\">Interfejs wy\u015bwietlacza<\/td><td class=\"column-2\">eDP: Rozdzielczo\u015b\u0107 do 2560 x 1600, DP: Rozdzielczo\u015b\u0107 do 2560 x 1600<br \/>\n<\/td>\n<\/tr>\n<tr class=\"row-9\">\n\t<td class=\"column-1\">Magazynowanie pami\u0119ci<\/td><td class=\"column-2\">2x SATA 3.0Gb\/s<br \/>\n<\/td>\n<\/tr>\n<tr class=\"row-10\">\n\t<td class=\"column-1\">Sie\u0107<\/td><td class=\"column-2\">Jedna sie\u0107 LAN GbE (Intel\u00ae i210)<br \/>\n<\/td>\n<\/tr>\n<tr class=\"row-11\">\n\t<td class=\"column-1\">Interfejs magistrali<\/td><td class=\"column-2\">4x PCI Express x1 Gen1 (2,5GT \/ s), z kt\u00f3rych mo\u017cna skonfigurowa\u0107 do jednego PCI Express x4 Gen1 lub 3x PCI Express x1 + 1x GbE LAN (Intel i210)<br \/>\n<\/td>\n<\/tr>\n<tr class=\"row-12\">\n\t<td class=\"column-1\">Interfejs szeregowy<\/td><td class=\"column-2\">2 porty szeregowe (TX \/ RX)<br \/>\n<\/td>\n<\/tr>\n<tr class=\"row-13\">\n\t<td class=\"column-1\">USB<\/td><td class=\"column-2\">4x USB 2.0, 1x USB 3.0<br \/>\n<\/td>\n<\/tr>\n<tr class=\"row-14\">\n\t<td class=\"column-1\">Audio<\/td><td class=\"column-2\">Intel\u00ae High Definition Audio (2x kana\u0142y 32-bitowe 192 kHz i 32 kana\u0142y 32-bitowe 96 kHz)<br \/>\n<\/td>\n<\/tr>\n<tr class=\"row-15\">\n\t<td class=\"column-1\">R\u00f3\u017cne<\/td><td class=\"column-2\">GPIO, Watchdog Timer, temperatura<br \/>\n<\/td>\n<\/tr>\n<tr class=\"row-16\">\n\t<td class=\"column-1\">Oprogramowanie uk\u0142adowe<\/td><td class=\"column-2\">Phoenix BIOS, obs\u0142uga UEFI 2.0, ACPI 3.0, modu\u0142 wsparcia zgodno\u015bci SMBIOS 2.7<br \/>\n<\/td>\n<\/tr>\n<tr class=\"row-17\">\n\t<td class=\"column-1\">Wymagania mocy<\/td><td class=\"column-2\">Obs\u0142uga szerokiego napi\u0119cia wej\u015bciowego 6 V ~ 19 V<br \/>\n<\/td>\n<\/tr>\n<tr class=\"row-18\">\n\t<td class=\"column-1\">Moc<\/td><td class=\"column-2\">5-10W<br \/>\n<\/td>\n<\/tr>\n<tr class=\"row-19\">\n\t<td class=\"column-1\">Wymiary<\/td><td class=\"column-2\">84mm (L) x 55mm (W)<br \/>\n<\/td>\n<\/tr>\n<\/tbody>\n<\/table>\n\n","protected":false},"excerpt":{"rendered":"<p>P\u0142ytka no\u015bna formatu Micro-ATX dla modu\u0142u COM Express typu 10 dla wbudowanego modu\u0142u procesora (BGA)<\/p>\n","protected":false},"featured_media":11228,"template":"","meta":{"_acf_changed":false,"inline_featured_image":false,"_monsterinsights_skip_tracking":false,"_monsterinsights_sitenote_active":false,"_monsterinsights_sitenote_note":"","_monsterinsights_sitenote_category":0},"product_brand":[],"product_cat":[1042,973,1584,972],"product_tag":[],"class_list":{"0":"post-6987","1":"product","2":"type-product","3":"status-publish","4":"has-post-thumbnail","6":"product_cat-com-express-modul-etx-pl","7":"product_cat-komputer-typu-com","8":"product_cat-komputery-jednoplytkowe-sbc-2","9":"product_cat-portwell-pl","11":"first","12":"instock","13":"shipping-taxable","14":"product-type-simple"},"acf":[],"_links":{"self":[{"href":"https:\/\/quantum.com.pl\/pl\/wp-json\/wp\/v2\/product\/6987","targetHints":{"allow":["GET"]}}],"collection":[{"href":"https:\/\/quantum.com.pl\/pl\/wp-json\/wp\/v2\/product"}],"about":[{"href":"https:\/\/quantum.com.pl\/pl\/wp-json\/wp\/v2\/types\/product"}],"wp:featuredmedia":[{"embeddable":true,"href":"https:\/\/quantum.com.pl\/pl\/wp-json\/wp\/v2\/media\/11228"}],"wp:attachment":[{"href":"https:\/\/quantum.com.pl\/pl\/wp-json\/wp\/v2\/media?parent=6987"}],"wp:term":[{"taxonomy":"product_brand","embeddable":true,"href":"https:\/\/quantum.com.pl\/pl\/wp-json\/wp\/v2\/product_brand?post=6987"},{"taxonomy":"product_cat","embeddable":true,"href":"https:\/\/quantum.com.pl\/pl\/wp-json\/wp\/v2\/product_cat?post=6987"},{"taxonomy":"product_tag","embeddable":true,"href":"https:\/\/quantum.com.pl\/pl\/wp-json\/wp\/v2\/product_tag?post=6987"}],"curies":[{"name":"wp","href":"https:\/\/api.w.org\/{rel}","templated":true}]}}