{"id":6998,"date":"2019-12-13T09:49:39","date_gmt":"2019-12-13T08:49:39","guid":{"rendered":"https:\/\/quantum.com.pl\/?post_type=product&#038;p=6998"},"modified":"2020-11-20T15:40:11","modified_gmt":"2020-11-20T14:40:11","slug":"pcom-b21a","status":"publish","type":"product","link":"https:\/\/quantum.com.pl\/pl\/product\/pcom-b21a\/","title":{"rendered":"PCOM-B21A"},"content":{"rendered":"<h4>Modu\u0142 Com Express Intel 10 Cedarview typu Atom N2800<\/h4>\n<p><strong>Dane techniczne<\/strong><\/p>\n<ul>\n<li>Wbudowany procesor Intel\u00ae Atom&#x2122; N2600 \/ N2800 i platforma NM10, kt\u00f3ra zapewnia op\u0142acalne rozwi\u0105zania z technologi\u0105 niskiego poboru mocy i procesor\u00f3w dwurdzeniowych<\/li>\n<li>Obs\u0142uguje cztery linie PCI Express, cztery linie x 1 mo\u017cna skonfigurowa\u0107 na jedn\u0105 lini\u0119 x 4<\/li>\n<li>Obs\u0142uguje jedn\u0105 pami\u0119\u0107 SDRAM DDR3 1067MT \/ s, do 2 GB<\/li>\n<li>Obs\u0142uguje osiem USB 2.0<\/li>\n<li>Obs\u0142uguje podw\u00f3jne niezale\u017cne wy\u015bwietlacze LVDS i DP<\/li>\n<\/ul>\n<p>Oparty na Intel\u00ae Cedarview Type 10 Mini-COM Express ze specyfikacj\u0105 PICMG COM.0 R2.1<\/p>\n\n<table id=\"tablepress-333\" class=\"tablepress tablepress-id-333\">\n<thead>\n<tr class=\"row-1\">\n\t<th class=\"column-1\"><strong>Specyfikacje<\/strong><\/th><td class=\"column-2\"><\/td>\n<\/tr>\n<\/thead>\n<tbody class=\"row-striping row-hover\">\n<tr class=\"row-2\">\n\t<td class=\"column-1\">Procesor<\/td><td class=\"column-2\">Procesor Intel Atom\u00ae Apollo Lake N3350, 2 rdzenie, 1,1 GHz, 2 MB pami\u0119ci podr\u0119cznej<br \/>\nProcesor Intel Atom\u00ae Apollo Lake N4200, 4 rdzenie, 1,1 GHz, 2 MB pami\u0119ci podr\u0119cznej<br \/>\nProcesor Intel Atom\u00ae Apollo Lake E3930, 2 rdzenie, 1,3 GHz, 2 MB pami\u0119ci podr\u0119cznej<br \/>\nProcesor Intel Atom\u00ae Apollo Lake E3940, 4 rdzenie, 1,6 GHz, 2 MB pami\u0119ci podr\u0119cznej<br \/>\nProcesor Intel Atom\u00ae Apollo Lake E3950, 4 rdzenie, 1,6 GHz, 2 MB pami\u0119ci podr\u0119cznej<\/td>\n<\/tr>\n<tr class=\"row-3\">\n\t<td class=\"column-1\">Format<\/td><td class=\"column-2\">Compact<\/td>\n<\/tr>\n<tr class=\"row-4\">\n\t<td class=\"column-1\">Typ <\/td><td class=\"column-2\">Typ 10<\/td>\n<\/tr>\n<tr class=\"row-5\">\n\t<td class=\"column-1\">Chipset<\/td><td class=\"column-2\">SoC<\/td>\n<\/tr>\n<tr class=\"row-6\">\n\t<td class=\"column-1\">DRAM<\/td><td class=\"column-2\">LPDDR4-2400 MT \/ s wbudowanej pami\u0119ci do 8 GB<br \/>\n<\/td>\n<\/tr>\n<tr class=\"row-7\">\n\t<td class=\"column-1\">Kontroler graficzny<\/td><td class=\"column-2\">Intel\u00ae HD Graphics 500<br \/>\n<\/td>\n<\/tr>\n<tr class=\"row-8\">\n\t<td class=\"column-1\">Interfejs wy\u015bwietlacza<\/td><td class=\"column-2\">LVDS do 1920 x 1200 przy 60 Hz, eDP 1,3 do 3840 x 2160 przy 60 Hz, DP 1,2 do 4096 x 2160 przy 60 Hz, HDMI 1,4b do 3840 x 2160 przy 30 Hz<br \/>\n<\/td>\n<\/tr>\n<tr class=\"row-9\">\n\t<td class=\"column-1\">Magazynowanie pami\u0119ci<\/td><td class=\"column-2\">2x SATA III<br \/>\n<\/td>\n<\/tr>\n<tr class=\"row-10\">\n\t<td class=\"column-1\">Sie\u0107<\/td><td class=\"column-2\">Intel\u00ae Ethernet Controller I210IT<br \/>\n<\/td>\n<\/tr>\n<tr class=\"row-11\">\n\t<td class=\"column-1\">Interfejs magistrali<\/td><td class=\"column-2\">1 x PCIe x4<br \/>\n<\/td>\n<\/tr>\n<tr class=\"row-12\">\n\t<td class=\"column-1\">Interfejs szeregowy<\/td><td class=\"column-2\">2 porty szeregowe (TX i RX)<br \/>\n<\/td>\n<\/tr>\n<tr class=\"row-13\">\n\t<td class=\"column-1\">USB<\/td><td class=\"column-2\">8x USB 2.0 or 4x USB 2.0 + 3x USB 3.0<br \/>\n<\/td>\n<\/tr>\n<tr class=\"row-14\">\n\t<td class=\"column-1\">Audio<\/td><td class=\"column-2\">Intel\u00ae High Definition Audio<br \/>\n<\/td>\n<\/tr>\n<tr class=\"row-15\">\n\t<td class=\"column-1\">R\u00f3\u017cne<\/td><td class=\"column-2\">8 GPIO (4 GPI \/ 4 GPO), wbudowany kontroler ITE8528, napi\u0119cie, wentylator i temperatura<br \/>\n<\/td>\n<\/tr>\n<tr class=\"row-16\">\n\t<td class=\"column-1\">Oprogramowanie ukadowe<\/td><td class=\"column-2\">AMI Aptio5 UEFI BIOS<br \/>\n<\/td>\n<\/tr>\n<tr class=\"row-17\">\n\t<td class=\"column-1\">Wymagania mocy<\/td><td class=\"column-2\">4.5V do 20V<br \/>\n<\/td>\n<\/tr>\n<tr class=\"row-18\">\n\t<td class=\"column-1\">Moc<\/td><td class=\"column-2\">6-12W<br \/>\n<\/td>\n<\/tr>\n<tr class=\"row-19\">\n\t<td class=\"column-1\">Wymiary<\/td><td class=\"column-2\">84mm x 55mm (3.34\u201d x 2.17\u201d)<br \/>\n<\/td>\n<\/tr>\n<\/tbody>\n<\/table>\n<!-- #tablepress-333 from cache -->\n","protected":false},"excerpt":{"rendered":"<p>Oparty na Intel\u00ae Cedarview Type 10 Mini-COM Express ze specyfikacj\u0105 PICMG COM.0 R2.1<\/p>\n","protected":false},"featured_media":11178,"template":"","meta":{"_acf_changed":false,"inline_featured_image":false,"_monsterinsights_skip_tracking":false,"_monsterinsights_sitenote_active":false,"_monsterinsights_sitenote_note":"","_monsterinsights_sitenote_category":0},"product_brand":[],"product_cat":[1042,973,1584,972],"product_tag":[],"class_list":{"0":"post-6998","1":"product","2":"type-product","3":"status-publish","4":"has-post-thumbnail","6":"product_cat-com-express-modul-etx-pl","7":"product_cat-komputer-typu-com","8":"product_cat-komputery-jednoplytkowe-sbc-2","9":"product_cat-portwell-pl","11":"first","12":"instock","13":"shipping-taxable","14":"product-type-simple"},"acf":[],"_links":{"self":[{"href":"https:\/\/quantum.com.pl\/pl\/wp-json\/wp\/v2\/product\/6998","targetHints":{"allow":["GET"]}}],"collection":[{"href":"https:\/\/quantum.com.pl\/pl\/wp-json\/wp\/v2\/product"}],"about":[{"href":"https:\/\/quantum.com.pl\/pl\/wp-json\/wp\/v2\/types\/product"}],"wp:featuredmedia":[{"embeddable":true,"href":"https:\/\/quantum.com.pl\/pl\/wp-json\/wp\/v2\/media\/11178"}],"wp:attachment":[{"href":"https:\/\/quantum.com.pl\/pl\/wp-json\/wp\/v2\/media?parent=6998"}],"wp:term":[{"taxonomy":"product_brand","embeddable":true,"href":"https:\/\/quantum.com.pl\/pl\/wp-json\/wp\/v2\/product_brand?post=6998"},{"taxonomy":"product_cat","embeddable":true,"href":"https:\/\/quantum.com.pl\/pl\/wp-json\/wp\/v2\/product_cat?post=6998"},{"taxonomy":"product_tag","embeddable":true,"href":"https:\/\/quantum.com.pl\/pl\/wp-json\/wp\/v2\/product_tag?post=6998"}],"curies":[{"name":"wp","href":"https:\/\/api.w.org\/{rel}","templated":true}]}}