{"id":7008,"date":"2019-12-13T10:09:44","date_gmt":"2019-12-13T09:09:44","guid":{"rendered":"https:\/\/quantum.com.pl\/?post_type=product&#038;p=7008"},"modified":"2020-08-25T23:23:10","modified_gmt":"2020-08-25T21:23:10","slug":"pcom-ba00","status":"publish","type":"product","link":"https:\/\/quantum.com.pl\/pl\/product\/pcom-ba00\/","title":{"rendered":"PCOM-BA00"},"content":{"rendered":"<h4>Modu\u0142 Intel Express COM 10 typu 10 oparty na SoC Intel Atom E3800<\/h4>\n<p><strong>Dane techniczne<\/strong><\/p>\n<ul>\n<li>Seria procesor\u00f3w Intel\u00ae Atom&#x2122; E3800 z obs\u0142ug\u0105 przemys\u0142ow\u0105<\/li>\n<li>Wbudowana pami\u0119\u0107 DDR3L SDRAM, non-ECC do 4 GB, obs\u0142uga ECC (opcjonalnie)<\/li>\n<li>Trzy linie PCI Express (opcjonalnie cztery)<\/li>\n<li>Obs\u0142uguje jeden USB 3.0, cztery USB 2.0<\/li>\n<li>Obs\u0142uga pami\u0119ci NANDrive wed\u0142ug kana\u0142u SATA<\/li>\n<\/ul>\n<p>Portwell PCOM-BA00 jest modu\u0142em Mini COM Express typu 10 o wymiarach 84 mm x 55 mm zaprojektowanym z procesorami Intel\u00ae Atom&#x2122; E3800 obs\u0142uguj\u0105cymi DDR3L SDRAM, NANDrive, eDP \/ LVDS \/ DDI, USB 3.0, PCI Express i podw\u00f3jny wy\u015bwietlacz. Dzi\u0119ki niskiemu zu\u017cyciu energii, obs\u0142udze w szerokim zakresie temperatur, wi\u0119kszej wydajno\u015bci obliczeniowej i op\u0142acalno\u015bci, PCOM-BA00 jest idealnym rozwi\u0105zaniem dla r\u00f3\u017cnych zastosowa\u0144, takich jak automatyzacja, wojsko, sie\u0107 i transport.<\/p>\n\n<table id=\"tablepress-335\" class=\"tablepress tablepress-id-335\">\n<thead>\n<tr class=\"row-1\">\n\t<th class=\"column-1\"><strong>Specyfikacje<\/strong><\/th><td class=\"column-2\"><\/td>\n<\/tr>\n<\/thead>\n<tbody class=\"row-striping row-hover\">\n<tr class=\"row-2\">\n\t<td class=\"column-1\">Form Factor<br \/>\n<\/td><td class=\"column-2\">Modu\u0142 COM Express typu 10<br \/>\n<\/td>\n<\/tr>\n<tr class=\"row-3\">\n\t<td class=\"column-1\">Rodzaj mocy wej\u015bciowej<br \/>\n<\/td><td class=\"column-2\">Typ 10 Pin out z wej\u015bciem DC<br \/>\n<\/td>\n<\/tr>\n<tr class=\"row-4\">\n\t<td class=\"column-1\">Procesor<\/td><td class=\"column-2\">\tAMD G-Series (Steppe Eagle) FP3 APU<br \/>\nTDP:<br \/>\nLX-210 (GX-210KL), 2CU, 1GHz, 4.5W<\/td>\n<\/tr>\n<tr class=\"row-5\">\n\t<td class=\"column-1\">BIOS<\/td><td class=\"column-2\">AMI BIOS, architektura UEFI<br \/>\n1x SPI ROM obs\u0142ugiwany dla BIOS F \/ W i oddzielne ustawienia domy\u015blne BIOS.<br \/>\nG\u0142\u00f3wny uk\u0142ad BIOS obs\u0142uguje opcj\u0119 zworki \/ zabezpieczenia BOM dla zabezpieczenia przed zapisem<\/td>\n<\/tr>\n<tr class=\"row-6\">\n\t<td class=\"column-1\">Pami\u0119\u0107 systemowa<br \/>\n<\/td><td class=\"column-2\">LPDDR3 SDRAM 4 GB pami\u0119ci na p\u0142ycie<br \/>\nObs\u0142uga maksymalnej pr\u0119dko\u015bci DDR3-1666<\/td>\n<\/tr>\n<tr class=\"row-7\">\n\t<td class=\"column-1\">Urz\u0105dzenie pami\u0119ci masowej<br \/>\n<\/td><td class=\"column-2\">SATA\u2162<br \/>\n<\/td>\n<\/tr>\n<tr class=\"row-8\">\n\t<td class=\"column-1\">Interfejs rozszerze\u0144<br \/>\n<\/td><td class=\"column-2\"><br \/>\n1x interfejs PCIe x8 z uk\u0142adu SoC<br \/>\n3x interfejs PCIe x1 z uk\u0142adu SoC<\/td>\n<\/tr>\n<tr class=\"row-9\">\n\t<td class=\"column-1\">Audio<\/td><td class=\"column-2\">Interfejs audio wysokiej rozdzielczo\u015bci<br \/>\n<\/td>\n<\/tr>\n<tr class=\"row-10\">\n\t<td class=\"column-1\">Ethernet<\/td><td class=\"column-2\">1x Gigabit LAN<br \/>\n<\/td>\n<\/tr>\n<tr class=\"row-11\">\n\t<td class=\"column-1\">USB<\/td><td class=\"column-2\">8x USB 2.0<br \/>\n2x USB 3.0<\/td>\n<\/tr>\n<tr class=\"row-12\">\n\t<td class=\"column-1\">Kontroler graficzny<\/td><td class=\"column-2\">N\/A<\/td>\n<\/tr>\n<tr class=\"row-13\">\n\t<td class=\"column-1\">Interfejs wy\u015bwietlacza<\/td><td class=\"column-2\">1x VGA<br \/>\n2x DDI Interface<\/td>\n<\/tr>\n<tr class=\"row-14\">\n\t<td class=\"column-1\">Wymiary<\/td><td class=\"column-2\">84 (L) x 55 (W) x 2.0 (Est.)mm<br \/>\n<\/td>\n<\/tr>\n<tr class=\"row-15\">\n\t<td class=\"column-1\">\u015arodowisko<\/td><td class=\"column-2\">Temperatura pracy: 0\u00b0C ~ 60\u00b0C z pasywnym ch\u0142odzeniem<br \/>\nTemperatura przechowywania: -40\u00b0C ~ 85\u00b0C<br \/>\nWilgotno\u015b\u0107 pracy: 5% ~ 95%, bez kondensacji<br \/>\nZgodny z RoHS<\/td>\n<\/tr>\n<tr class=\"row-16\">\n\t<td class=\"column-1\">MTBF<\/td><td class=\"column-2\">N\/A<\/td>\n<\/tr>\n<tr class=\"row-17\">\n\t<td class=\"column-1\">Certyfikat EMI<br \/>\n<\/td><td class=\"column-2\">CE, FCC Class B<br \/>\n<\/td>\n<\/tr>\n<\/tbody>\n<\/table>\n<!-- #tablepress-335 from cache -->\n","protected":false},"excerpt":{"rendered":"<p>Portwell PCOM-BA00 jest modu\u0142em Mini COM Express typu 10 o wymiarach 84 mm x 55 mm zaprojektowanym z procesorami Intel\u00ae Atom&#x2122; E3800 obs\u0142uguj\u0105cymi DDR3L SDRAM, NANDrive, eDP \/ LVDS \/ DDI, USB 3.0, PCI Express i podw\u00f3jny wy\u015bwietlacz.<\/p>\n","protected":false},"featured_media":11214,"template":"","meta":{"_acf_changed":false,"inline_featured_image":false,"_monsterinsights_skip_tracking":false,"_monsterinsights_sitenote_active":false,"_monsterinsights_sitenote_note":"","_monsterinsights_sitenote_category":0},"product_brand":[],"product_cat":[1042,973,1584,972],"product_tag":[],"class_list":{"0":"post-7008","1":"product","2":"type-product","3":"status-publish","4":"has-post-thumbnail","6":"product_cat-com-express-modul-etx-pl","7":"product_cat-komputer-typu-com","8":"product_cat-komputery-jednoplytkowe-sbc-2","9":"product_cat-portwell-pl","11":"first","12":"instock","13":"shipping-taxable","14":"product-type-simple"},"acf":[],"_links":{"self":[{"href":"https:\/\/quantum.com.pl\/pl\/wp-json\/wp\/v2\/product\/7008","targetHints":{"allow":["GET"]}}],"collection":[{"href":"https:\/\/quantum.com.pl\/pl\/wp-json\/wp\/v2\/product"}],"about":[{"href":"https:\/\/quantum.com.pl\/pl\/wp-json\/wp\/v2\/types\/product"}],"wp:featuredmedia":[{"embeddable":true,"href":"https:\/\/quantum.com.pl\/pl\/wp-json\/wp\/v2\/media\/11214"}],"wp:attachment":[{"href":"https:\/\/quantum.com.pl\/pl\/wp-json\/wp\/v2\/media?parent=7008"}],"wp:term":[{"taxonomy":"product_brand","embeddable":true,"href":"https:\/\/quantum.com.pl\/pl\/wp-json\/wp\/v2\/product_brand?post=7008"},{"taxonomy":"product_cat","embeddable":true,"href":"https:\/\/quantum.com.pl\/pl\/wp-json\/wp\/v2\/product_cat?post=7008"},{"taxonomy":"product_tag","embeddable":true,"href":"https:\/\/quantum.com.pl\/pl\/wp-json\/wp\/v2\/product_tag?post=7008"}],"curies":[{"name":"wp","href":"https:\/\/api.w.org\/{rel}","templated":true}]}}